{"id":16774,"date":"2026-04-24T16:38:21","date_gmt":"2026-04-24T13:38:21","guid":{"rendered":"https:\/\/excursionsworld.com\/?post_type=product&#038;p=16774\/"},"modified":"2026-04-24T18:09:18","modified_gmt":"2026-04-24T15:09:18","slug":"kas-kaputas-plage-antalya","status":"publish","type":"product","link":"https:\/\/excursionsworld.com\/tours\/kas-kaputas-beach-antalya\/","title":{"rendered":"Excursion \u00e0 Ka\u015f et \u00e0 la plage de Kaputa\u015f au d\u00e9part d\u2019Antalya"},"content":{"rendered":"<h2><span style=\"color: #000000;\"><strong>\ud83c\udfd9\ufe0f\u00a0Aper\u00e7u<\/strong><\/span><\/h2>\n<p dir=\"ltr\">Passez une journ\u00e9e enti\u00e8re \u00e0 explorer les plus beaux endroits le long de la c\u00f4te sud de la Turquie ! D\u00e9part de <span class=\"hover:entity-accent entity-underline inline cursor-pointer align-baseline\"><span class=\"whitespace-normal\">Antalya<\/span><\/span>, promenez-vous dans les charmantes rues de Kalkan, baignez-vous dans les eaux turquoise cristallines de la plage de Kaputa\u015f, et profitez d'une journ\u00e9e de d\u00e9tente dans la ville pittoresque de Ka\u015f. Cette excursion combine parfaitement nature, histoire et charme c\u00f4tier.<\/p>\n<h3 dir=\"ltr\"><span style=\"color: #000000;\"><strong>Inclus :<\/strong><\/span><\/h3>\n<div dir=\"ltr\"><strong><span style=\"color: #00ff00;\">\u2713<\/span><\/strong> Prise en charge et retour \u00e0 l'h\u00f4tel<br \/>\n<strong><span style=\"color: #00ff00;\">\u2713 <\/span><\/strong>Guide<br \/>\n<strong><span style=\"color: #00ff00;\">\u2713 <\/span><\/strong>Billet d'entr\u00e9e \u00e0 la plage de Kaputa\u015f<br \/>\n<strong><span style=\"color: #00ff00;\">\u2713 <\/span><\/strong>Visite du tombeau royal<br \/>\n<strong><span style=\"color: #00ff00;\">\u2713 <\/span><\/strong>Visite du th\u00e9\u00e2tre antique<br \/>\n<strong><span style=\"color: #00ff00;\">\u2713 <\/span><\/strong>Assurance<\/div>\n<div dir=\"ltr\"><strong><span style=\"color: #00ff00;\">\u2713 <\/span><\/strong>D\u00e9jeuner<\/div>\n<h3 dir=\"ltr\"><span style=\"color: #000000;\">Non inclus :<\/span><\/h3>\n<div dir=\"ltr\"><span style=\"color: #ff0000;\"><strong>\u2717\u00a0<\/strong><\/span> Boissons<br \/>\n<span style=\"color: #ff0000;\"><strong>\u2717 <\/strong><\/span>D\u00e9penses personnelles<\/div>\n<h2 dir=\"ltr\"><span style=\"color: #000000;\"><strong>\ud83c\udf1f Points forts de la visite<\/strong><\/span><\/h2>\n<p dir=\"ltr\">\ud83d\udd39 Route panoramique le long de la c\u00f4te m\u00e9diterran\u00e9enne<br data-start=\"895\" data-end=\"898\" \/>\ud83d\udd39 Arr\u00eat panoramique surplombant <span class=\"hover:entity-accent entity-underline inline cursor-pointer align-baseline\"><span class=\"whitespace-normal\">\u00cele de Meise<\/span><\/span><br data-start=\"965\" data-end=\"968\" \/>\ud83d\udd39 2\u20133 heures de temps libre \u00e0 Ka\u015f<br data-start=\"1000\" data-end=\"1003\" \/>Plage de Kaputa\u015f (2\u20132,5 heures)<br data-start=\"1045\" data-end=\"1048\" \/>\ud83d\udd39 Visite des charmantes rues de Kalkan<br data-start=\"1085\" data-end=\"1088\" \/>\ud83d\udd39 Exp\u00e9rience culinaire authentique<\/p>\n<h2 dir=\"ltr\">\ud83d\udcd6 <strong>Description compl\u00e8te<\/strong><\/h2>\n<div data-start=\"1155\" data-end=\"1349\">Votre journ\u00e9e commence par une prise en charge confortable \u00e0 votre h\u00f4tel \u00e0 <span style=\"color: #0000ff;\"><a style=\"color: #0000ff;\" href=\"https:\/\/tr.wikipedia.org\/wiki\/Antalya\">Antalya<\/a>,<\/span> suivie d'une route panoramique le long de la c\u00f4te m\u00e9diterran\u00e9enne. En chemin, un court arr\u00eat sera pr\u00e9vu pour se reposer et prendre des photos.<\/div>\n<div data-start=\"1351\" data-end=\"1599\">Le premier point d'orgue est un point de vue panoramique donnant sur l'\u00eele de Meis, offrant de superbes opportunit\u00e9s de photos. Vous continuerez ensuite vers Ka\u015f, une charmante ville c\u00f4ti\u00e8re connue pour ses rues \u00e9troites, ses boutiques, ses ruines antiques et son atmosph\u00e8re d\u00e9tendue.<\/div>\n<div data-start=\"1601\" data-end=\"1747\">Apr\u00e8s une br\u00e8ve introduction, vous aurez 2 \u00e0 3 heures de temps libre pour explorer Ka\u015f \u00e0 votre rythme, d\u00e9jeuner, prendre des photos ou acheter des souvenirs.<\/div>\n<div data-start=\"1749\" data-end=\"2050\">Ensuite, vous visiterez la c\u00e9l\u00e8bre plage de Kaputa\u015f, l'une des plages les plus embl\u00e9matiques de Turquie. Entour\u00e9e de falaises et r\u00e9put\u00e9e pour ses eaux turquoise vibrantes, c'est l'endroit id\u00e9al pour nager, se d\u00e9tendre et profiter de la beaut\u00e9 naturelle. Vous y passerez environ 2 \u00e0 2,5 heures avant de retourner \u00e0 Antalya.<\/div>\n<h3 dir=\"ltr\"><span style=\"color: #000000;\"><strong>\ud83d\uddfa\ufe0f Itin\u00e9raire de la visite<\/strong><\/span><\/h3>\n<p dir=\"ltr\">\ud83d\udd39 07:00 \u2013 Prise en charge \u00e0 l'h\u00f4tel \u00e0 Antalya<br data-start=\"2125\" data-end=\"2128\" \/>\ud83d\udd39 Travers\u00e9e c\u00f4ti\u00e8re pittoresque avec une courte pause<br data-start=\"2170\" data-end=\"2173\" \/>\ud83d\udd39 Arr\u00eat panoramique pr\u00e8s de l'\u00eele de Meis<br data-start=\"2207\" data-end=\"2210\" \/>\ud83d\udd39 Arriv\u00e9e \u00e0 Ka\u015f et br\u00e8ve orientation<br data-start=\"2247\" data-end=\"2250\" \/>\ud83d\udd39 2\u20133 heures de temps libre \u00e0 Ka\u015f<br data-start=\"2279\" data-end=\"2282\" \/>\ud83d\udd39 Transfert \u00e0 la plage de Kaputa\u015f<br data-start=\"2310\" data-end=\"2313\" \/>\ud83d\udd39 Natation et d\u00e9tente (2\u20132,5 heures)<br data-start=\"2351\" data-end=\"2354\" \/>16h00 \u2013 D\u00e9part de Kaputa\u015f<br data-start=\"2387\" data-end=\"2390\" \/>\ud83d\udd39 19:00 \u2013 20:00 Retour aux h\u00f4tels d'Antalya<\/p>\n<h3 dir=\"ltr\"><span style=\"color: #000000;\"><strong>\u2139\ufe0f Informations utiles<\/strong><\/span><\/h3>\n<p dir=\"ltr\">Dur\u00e9e de la visite : environ 10-11 heures<br \/>\n\ud83d\udd39 D\u00e9jeuner inclus (poisson, poulet ou boulettes de viande), boissons en suppl\u00e9ment.<br \/>\n\ud83d\udd39 Nombreux restaurants et caf\u00e9s locaux disponibles \u00e0 Ka\u015f pendant le temps libre.<br \/>\n\ud83d\udd39 Les enfants de moins de 5 ans voyageant gratuitement n'ont pas de si\u00e8ge s\u00e9par\u00e9 dans le bus. Si le bus est plein, ils s'assoient sur les genoux d'un adulte, ou un si\u00e8ge s\u00e9par\u00e9 peut \u00eatre r\u00e9serv\u00e9<\/p>\n<h3 dir=\"ltr\"><span style=\"color: #000000;\"><strong>\ud83c\udf92 Ce qu'il faut apporter<\/strong><\/span><\/h3>\n<p dir=\"ltr\">Maillot de bain et serviette de bain<br \/>\n\ud83d\udd39 Chaussures et v\u00eatements confortables<br \/>\nProtection solaire (chapeau, cr\u00e8me solaire, lunettes de soleil)<br \/>\n\ud83d\udd39 Argent liquide pour les boissons et les d\u00e9penses personnelles<\/p>\n<h3 dir=\"ltr\"><span style=\"color: #000000;\"><strong>\ud83d\udeab Ne convient pas pour<\/strong><\/span><\/h3>\n<p dir=\"ltr\">\ud83d\udd39 Personnes \u00e0 mobilit\u00e9 r\u00e9duite<br \/>\n\ud83d\udd39 Les jeunes enfants et les nourrissons en raison de la longueur du trajet<\/p>\n<h2 dir=\"ltr\"><span style=\"color: #000000;\"><strong>\ud83d\udcb8 Prix et r\u00e9servation<\/strong><\/span><\/h2>\n<p dir=\"ltr\"><strong>\ud83d\udd39 R\u00e9server maintenant, payer le jour de la visite<\/strong><br \/>\n\ud83d\udd39 Contactez-nous via WhatsApp, Telegram, Viber, ou remplissez le formulaire de r\u00e9servation ci-dessous. \ud83d\udc47\ud83c\udffc<\/p>\n<p>\u00c0 la recherche d'alternatives ? Parcourir <a href=\"https:\/\/excursionsworld.com\/fr\/excursions-a-antalya\/\">plus de visites \u00e0 Antalya<\/a>.<\/p>","protected":false},"excerpt":{"rendered":"<section class=\"text-token-text-primary w-full focus:outline-none [--shadow-height:45px] has-data-writing-block:pointer-events-none has-data-writing-block:-mt-(--shadow-height) has-data-writing-block:pt-(--shadow-height) [&amp;:has([data-writing-block])&gt;*]:pointer-events-auto [content-visibility:auto] supports-[content-visibility:auto]:[contain-intrinsic-size:auto_100lvh] R6Vx5W_threadScrollVars scroll-mb-[calc(var(--scroll-root-safe-area-inset-bottom,0px)+var(--thread-response-height))] scroll-mt-[calc(var(--header-height)+min(200px,max(70px,20svh)))]\" dir=\"auto\" data-turn-id=\"request-6967a54b-d690-8327-ae0f-541feafe2984-2\" data-testid=\"conversation-turn-100\" data-scroll-anchor=\"false\" data-turn=\"assistant\">\n<div class=\"text-base my-auto mx-auto pb-10 [--thread-content-margin:var(--thread-content-margin-xs,calc(var(--spacing)*4))] @w-sm\/main:[--thread-content-margin:var(--thread-content-margin-sm,calc(var(--spacing)*6))] @w-lg\/main:[--thread-content-margin:var(--thread-content-margin-lg,calc(var(--spacing)*16))] px-(--thread-content-margin)\">\n<div class=\"[--thread-content-max-width:40rem] @w-lg\/main:[--thread-content-max-width:48rem] mx-auto max-w-(--thread-content-max-width) flex-1 group\/turn-messages focus-visible:outline-hidden relative flex w-full min-w-0 flex-col agent-turn\">\n<div class=\"flex max-w-full flex-col gap-4 grow\">\n<div class=\"min-h-8 text-message relative flex w-full flex-col items-end gap-2 text-start break-words whitespace-normal outline-none keyboard-focused:focus-ring [.text-message+&amp;]:mt-1\" dir=\"auto\" tabindex=\"0\" data-message-author-role=\"assistant\" data-message-id=\"999871b4-0439-4617-8c5a-3a6f30bbf967\" data-message-model-slug=\"gpt-5-3\" data-turn-start-message=\"true\">\n<div class=\"flex w-full flex-col gap-1 empty:hidden\">\n<div class=\"markdown prose dark:prose-invert w-full wrap-break-word light markdown-new-styling\">\n<p data-start=\"0\" data-end=\"177\" data-is-last-node=\"\" data-is-only-node=\"\">Ka\u015f &amp; Kaputa\u015f Beach tour from Antalya with hotel pickup, free time in Ka\u015f, swimming at Kaputa\u015f Beach, and scenic Mediterranean coastal views.<\/p>\n<\/div>\n<\/div>\n<\/div>\n<\/div>\n<div class=\"z-0 flex min-h-[46px] justify-start\"><\/div>\n<div class=\"mt-3 w-full empty:hidden\">\n<div class=\"text-center\"><\/div>\n<\/div>\n<\/div>\n<\/div>\n<\/section>\n<div class=\"pointer-events-none -mt-px h-px translate-y-[calc(var(--scroll-root-safe-area-inset-bottom)-14*var(--spacing))]\" aria-hidden=\"true\"><\/div>\n","protected":false},"featured_media":14102,"comment_status":"open","ping_status":"closed","template":"","meta":[],"product_brand":[],"product_cat":[125],"product_tag":[107],"class_list":{"0":"post-16774","1":"product","2":"type-product","3":"status-publish","4":"has-post-thumbnail","6":"tour_phys-antalya-tours","7":"product_cat-antalya-tours","8":"product_tag-antalya","9":"pa_destination-antalya-tours","11":"first","12":"instock","13":"sale","14":"shipping-taxable","15":"purchasable","16":"product-type-tour_phys"},"aioseo_notices":[],"_links":{"self":[{"href":"https:\/\/excursionsworld.com\/fr\/wp-json\/wp\/v2\/product\/16774","targetHints":{"allow":["GET"]}}],"collection":[{"href":"https:\/\/excursionsworld.com\/fr\/wp-json\/wp\/v2\/product"}],"about":[{"href":"https:\/\/excursionsworld.com\/fr\/wp-json\/wp\/v2\/types\/product"}],"replies":[{"embeddable":true,"href":"https:\/\/excursionsworld.com\/fr\/wp-json\/wp\/v2\/comments?post=16774"}],"wp:featuredmedia":[{"embeddable":true,"href":"https:\/\/excursionsworld.com\/fr\/wp-json\/wp\/v2\/media\/14102"}],"wp:attachment":[{"href":"https:\/\/excursionsworld.com\/fr\/wp-json\/wp\/v2\/media?parent=16774"}],"wp:term":[{"taxonomy":"product_brand","embeddable":true,"href":"https:\/\/excursionsworld.com\/fr\/wp-json\/wp\/v2\/product_brand?post=16774"},{"taxonomy":"product_cat","embeddable":true,"href":"https:\/\/excursionsworld.com\/fr\/wp-json\/wp\/v2\/product_cat?post=16774"},{"taxonomy":"product_tag","embeddable":true,"href":"https:\/\/excursionsworld.com\/fr\/wp-json\/wp\/v2\/product_tag?post=16774"}],"curies":[{"name":"wp","href":"https:\/\/api.w.org\/{rel}","templated":true}]}}