{"id":16791,"date":"2026-04-26T17:41:13","date_gmt":"2026-04-26T14:41:13","guid":{"rendered":"https:\/\/excursionsworld.com\/?post_type=product&#038;p=16791\/"},"modified":"2026-04-26T18:31:43","modified_gmt":"2026-04-26T15:31:43","slug":"alanya-bateau-pirate","status":"publish","type":"product","link":"https:\/\/excursionsworld.com\/tours\/alanya-pirate-boat\/","title":{"rendered":"Excursion en bateau pirate \u00e0 Alanya \u2013 Viking | Tout compris"},"content":{"rendered":"<h2><span style=\"color: #000000;\"><strong>\ud83c\udff4\u200d\u2620\ufe0f Vue d'ensemble<\/strong><\/span><\/h2>\n<p>Rejoignez la croisi\u00e8re en bateau pirate \u00e0 <strong><a href=\"https:\/\/en.wikipedia.org\/wiki\/Alanya\" target=\"_blank\" rel=\"noopener\">Alanya<\/a>\u2013 <\/strong>Viking | Tout Inclus et d\u00e9couvrez l'une des fa\u00e7ons les plus agr\u00e9ables de parcourir la c\u00f4te d'Alanya. Naviguez \u00e0 bord d'un grand bateau de style pirate, profitez de divertissements anim\u00e9s, de pauses baignade rafra\u00eechissantes et admirez les vues panoramiques sur la M\u00e9diterran\u00e9e. Cette aventure maritime tout compris est parfaite pour ceux qui recherchent le plaisir, le confort et des moments inoubliables sur l'eau.<\/p>\n<h3><span style=\"color: #000000;\"><strong>Inclus :<\/strong><\/span><\/h3>\n<p><span style=\"color: #339966;\"><strong>\u2713<\/strong> <\/span>Prise en charge et retour \u00e0 l'h\u00f4tel f<br \/>\n<span style=\"color: #339966;\"><strong>\u2713<\/strong> <\/span>Guide professionnel<br \/>\n<span style=\"color: #339966;\"><strong>\u2713<\/strong> <\/span>D\u00e9jeuner (poulet grill\u00e9, riz et salades)<br \/>\n<span style=\"color: #339966;\"><strong>\u2713<\/strong> <\/span>Boissons non alcoolis\u00e9es (eau, Coca, Fanta, etc.)<br \/>\n<span style=\"color: #339966;\"><strong>\u2713<\/strong> <\/span>F\u00eate de la mousse et animations<br \/>\n<span style=\"color: #339966;\"><strong>\u2713<\/strong> <\/span>Gilets de sauvetage<br \/>\n<span style=\"color: #339966;\"><strong>\u2713<\/strong> <\/span>Assurance<\/p>\n<h3><span style=\"color: #000000;\"><strong>Non inclus :<\/strong><\/span><\/h3>\n<p><strong><span style=\"color: #ff0000;\">\u2717<\/span> <\/strong>Boissons alcoolis\u00e9es<br \/>\n<strong><span style=\"color: #ff0000;\">\u2717<\/span> <\/strong>Photos et vid\u00e9os<br \/>\n<strong><span style=\"color: #ff0000;\">\u2717<\/span> <\/strong>D\u00e9penses personnelles<\/p>\n<h2><span style=\"color: #000000;\"><strong>\ud83c\udf1f Points forts de la visite<\/strong><\/span><\/h2>\n<p>\ud83d\udd39 Croisi\u00e8re le long de la c\u00f4te de <span class=\"hover:entity-accent entity-underline inline cursor-pointer align-baseline\"><span class=\"whitespace-normal\">Alanya<\/span><\/span> avec vue sur la Tour Rouge et les remparts<br data-start=\"1059\" data-end=\"1062\" \/>\ud83d\udd39 D\u00e9couvrez des grottes marines c\u00e9l\u00e8bres dont la Grotte des Pirates, la Grotte des Amoureux, la Grotte Phosphorescente et la Grotte du Diable<br data-start=\"1147\" data-end=\"1150\" \/>\ud83d\udd39 Profitez de plusieurs arr\u00eats baignade dans les eaux claires de la M\u00e9diterran\u00e9e<br data-start=\"1211\" data-end=\"1214\" \/>\ud83d\udd39 F\u00eate de mousse ludique et divertissement \u00e0 bord<br data-start=\"1264\" data-end=\"1267\" \/>\ud83d\udd39 Possibilit\u00e9 de voir des dauphins ou des tortues de mer<\/p>\n<h2><span style=\"color: #000000;\"><strong>\ud83d\udcd6 Description compl\u00e8te<\/strong><\/span><\/h2>\n<div data-start=\"1345\" data-end=\"1581\">Votre journ\u00e9e commence par une prise en charge pratique \u00e0 votre h\u00f4tel et un transfert vers le port d'Alanya. Une fois \u00e0 bord du bateau pirate Viking, vous trouverez des ponts spacieux, des zones ombrag\u00e9es et des installations \u00e0 bord con\u00e7ues pour votre confort tout au long du voyage.<\/div>\n<div data-start=\"1583\" data-end=\"1877\">La croisi\u00e8re commence vers 10h00, longeant les sites les plus embl\u00e9matiques d'Alanya tels que la Tour Rouge, l'ancien chantier naval et les impressionnantes murailles du ch\u00e2teau. L'itin\u00e9raire continue le long de la c\u00f4te pittoresque, avec un arr\u00eat pr\u00e8s de c\u00e9l\u00e8bres grottes marines o\u00f9 vous pourrez admirer des formations rocheuses uniques depuis la mer.<\/div>\n<div data-start=\"1879\" data-end=\"2192\">Tout au long du voyage, vous profiterez de plusieurs pauses baignade dans diff\u00e9rents endroits, y compris la c\u00e9l\u00e8bre plage d'Ula\u015f, o\u00f9 les eaux calmes offrent un endroit id\u00e9al pour se d\u00e9tendre et se rafra\u00eechir. Un d\u00e9jeuner fra\u00eechement pr\u00e9par\u00e9 et des boissons non alcoolis\u00e9es \u00e0 volont\u00e9 sont servis \u00e0 bord, tandis que la musique et le divertissement cr\u00e9ent une atmosph\u00e8re anim\u00e9e.<\/div>\n<div data-start=\"2194\" data-end=\"2447\">En point culminant de la visite, la f\u00eate de la mousse apporte \u00e9nergie et divertissement sur le pont, rendant cette exp\u00e9rience particuli\u00e8rement agr\u00e9able pour les groupes et les familles. Le bateau retourne au port dans l'apr\u00e8s-midi, suivi d'un transfert confortable vers votre h\u00f4tel.<\/div>\n<h3><span style=\"color: #000000;\"><strong>\ud83d\uddfa\ufe0f Itin\u00e9raire de la visite<\/strong><\/span><\/h3>\n<p>\ud83d\udd39 Prise en charge \u00e0 partir des h\u00f4tels\/appartements d'Alanya<br data-start=\"2524\" data-end=\"2527\" \/>\ud83d\udd39 Transfert vers le port d'Alanya<br data-start=\"2556\" data-end=\"2559\" \/>\ud83d\udd39 D\u00e9part \u00e0 10h00<br data-start=\"2583\" data-end=\"2586\" \/>Croisi\u00e8re c\u00f4ti\u00e8re le long de la Tour Rouge et de l'ancien chantier naval<br data-start=\"2635\" data-end=\"2638\" \/>Pause baignade pr\u00e8s de la zone du chantier naval<br data-start=\"2678\" data-end=\"2681\" \/>\ud83d\udd39 Route des grottes marines (Pirates, Amoureux, Phosphores, Diables)<br data-start=\"2737\" data-end=\"2740\" \/>\ud83d\udd39 D\u00e9jeuner servi \u00e0 bord<br data-start=\"2764\" data-end=\"2767\" \/>\ud83d\udd39 Pause baignade \u00e0 la plage d'Ula\u015f<br data-start=\"2798\" data-end=\"2801\" \/>\ud83d\udd39 Arr\u00eats de baignade suppl\u00e9mentaires<br data-start=\"2825\" data-end=\"2828\" \/>\ud83d\udd39 Retour au port d'Alanya (~15:00)<br data-start=\"2864\" data-end=\"2867\" \/>\ud83d\udd39 D\u00e9pose \u00e0 l'h\u00f4tel<\/p>\n<h3><span style=\"color: #000000;\"><strong>\u2139\ufe0f Informations utiles<\/strong><\/span><\/h3>\n<p>Dur\u00e9e : environ 5-6 heures<br \/>\n\ud83d\udd39 \u00c9quipage et guides anglophones<br \/>\n\ud83d\udd39 Convient aux familles, aux couples et aux groupes<br \/>\n\ud83d\udd39 Les enfants de moins de 5 ans voyagent gratuitement (ils partagent le m\u00eame si\u00e8ge que leurs parents)<br \/>\n\ud83d\udd39 Bateaux pirates en bois confortables \u00e0 3 ponts<\/p>\n<h2><span style=\"color: #000000;\"><strong>\ud83c\udf92 Ce qu'il faut apporter<\/strong><\/span><\/h2>\n<p>Maillot de bain et serviette de bain<br \/>\nCr\u00e8me solaire, lunettes de soleil et chapeau<br \/>\nAppareil photo ou t\u00e9l\u00e9phone<br \/>\n\ud83d\udd39 Un peu d'argent pour les extras<\/p>\n<h3><span style=\"color: #000000;\"><strong>\ud83d\udeab Ne convient pas pour<\/strong><\/span><\/h3>\n<p>\ud83d\udd39 Les h\u00f4tes souffrant d'un grave mal des transports<br \/>\n\ud83d\udd39 Femmes enceintes<\/p>\n<h2 dir=\"ltr\">\ud83d\udcb8\u00a0<strong>Prix et r\u00e9servation<\/strong><\/h2>\n<p dir=\"ltr\"><strong>\ud83d\udd39 R\u00e9server maintenant, payer le jour de la visite<\/strong><br \/>\n\ud83d\udd39 Contactez-nous via WhatsApp, Telegram, Viber, ou remplissez le formulaire de r\u00e9servation ci-dessous. \ud83d\udc47\ud83c\udffc<\/p>\n<p>\u00c0 la recherche d'alternatives ? Parcourir <a href=\"https:\/\/excursionsworld.com\/fr\/excursions-a-alanya\/\">plus de visites \u00e0 Alanya<\/a>.<\/p>","protected":false},"excerpt":{"rendered":"<p>Excursion en bateau pirate \u00e0 Alanya Wiking tout compris : arr\u00eats baignade, grottes marines, f\u00eate mousse, d\u00e9jeuner et boissons non alcoolis\u00e9es inclus. Transfert depuis l'h\u00f4tel. R\u00e9servez maintenant, payez le jour m\u00eame.<\/p>","protected":false},"featured_media":16792,"comment_status":"open","ping_status":"closed","template":"","meta":[],"product_brand":[],"product_cat":[128],"product_tag":[111],"class_list":{"0":"post-16791","1":"product","2":"type-product","3":"status-publish","4":"has-post-thumbnail","6":"tour_phys-alanya-tours","7":"tour_phys-pirate-boat-tours","8":"product_cat-alanya-tours","9":"product_tag-alanya","10":"pa_destination-alanya-tours","11":"pa_kategori-pirate-boat-tours","13":"first","14":"instock","15":"sale","16":"shipping-taxable","17":"purchasable","18":"product-type-tour_phys"},"aioseo_notices":[],"_links":{"self":[{"href":"https:\/\/excursionsworld.com\/fr\/wp-json\/wp\/v2\/product\/16791","targetHints":{"allow":["GET"]}}],"collection":[{"href":"https:\/\/excursionsworld.com\/fr\/wp-json\/wp\/v2\/product"}],"about":[{"href":"https:\/\/excursionsworld.com\/fr\/wp-json\/wp\/v2\/types\/product"}],"replies":[{"embeddable":true,"href":"https:\/\/excursionsworld.com\/fr\/wp-json\/wp\/v2\/comments?post=16791"}],"wp:featuredmedia":[{"embeddable":true,"href":"https:\/\/excursionsworld.com\/fr\/wp-json\/wp\/v2\/media\/16792"}],"wp:attachment":[{"href":"https:\/\/excursionsworld.com\/fr\/wp-json\/wp\/v2\/media?parent=16791"}],"wp:term":[{"taxonomy":"product_brand","embeddable":true,"href":"https:\/\/excursionsworld.com\/fr\/wp-json\/wp\/v2\/product_brand?post=16791"},{"taxonomy":"product_cat","embeddable":true,"href":"https:\/\/excursionsworld.com\/fr\/wp-json\/wp\/v2\/product_cat?post=16791"},{"taxonomy":"product_tag","embeddable":true,"href":"https:\/\/excursionsworld.com\/fr\/wp-json\/wp\/v2\/product_tag?post=16791"}],"curies":[{"name":"wp","href":"https:\/\/api.w.org\/{rel}","templated":true}]}}