{"id":16801,"date":"2026-04-27T13:36:54","date_gmt":"2026-04-27T10:36:54","guid":{"rendered":"https:\/\/excursionsworld.com\/?post_type=product&#038;p=16801\/"},"modified":"2026-04-27T16:07:14","modified_gmt":"2026-04-27T13:07:14","slug":"olympos-porto-genoese-bateau-kemer","status":"publish","type":"product","link":"https:\/\/excursionsworld.com\/tours\/olympos-porto-genoese-boat-kemer\/","title":{"rendered":"Olympos &amp; Porto Genoese bateau depuis Kemer avec Phaselis"},"content":{"rendered":"<h2 dir=\"ltr\" data-pm-slice=\"1 1 []\"><span style=\"color: #000000;\"><strong>\ud83c\udff4\u200d\u2620\ufe0f Vue d'ensemble<\/strong><\/span><\/h2>\n<p dir=\"ltr\">D\u00e9couvrez la beaut\u00e9 intacte du littoral de Kemer sur <strong data-start=\"299\" data-end=\"379\">Olympos &amp; Porto Genoese Excursion en Bateau depuis<\/strong>\u00a0<a href=\"https:\/\/en.wikipedia.org\/wiki\/Kemer,_Antalya\" target=\"_blank\" rel=\"noopener\">Kemer. <\/a>\u2014 Cette exp\u00e9rience d'une journ\u00e9e compl\u00e8te vous emm\u00e8ne dans certaines des baies les plus pittoresques et pr\u00e9serv\u00e9es de la M\u00e9diterran\u00e9e, combinant baignade, d\u00e9tente et vues imprenables sur la nature. Id\u00e9al pour les voyageurs \u00e0 la recherche d'une excursion en bateau paisible et authentique, loin des itin\u00e9raires fr\u00e9quent\u00e9s.<\/p>\n<h3><strong>Inclus :<\/strong><\/h3>\n<div dir=\"ltr\"><strong><span style=\"color: #00ff00;\">\u2713<\/span><\/strong> Prise en charge et retour \u00e0 l'h\u00f4tel<\/div>\n<div dir=\"ltr\"><strong><span style=\"color: #00ff00;\">\u2713 <\/span><\/strong>Excursion en bateau le long de la c\u00f4te de Kemer<br \/>\n<strong><span style=\"color: #00ff00;\">\u2713 <\/span><\/strong>Assurance<br \/>\n<strong><span style=\"color: #00ff00;\">\u2713 <\/span><\/strong>Guide<br \/>\n<strong><span style=\"color: #00ff00;\">\u2713 <\/span><\/strong>D\u00e9jeuner<\/div>\n<h3 dir=\"ltr\">Non inclus :<\/h3>\n<p dir=\"ltr\"><span style=\"color: #ff0000;\"><strong>\u2717 <\/strong><\/span>Photos et vid\u00e9os<br \/>\n<span style=\"color: #ff0000;\"><strong>\u2717 <\/strong><\/span>Boissons<\/p>\n<h3 data-section-id=\"gnzuxm\" data-start=\"738\" data-end=\"764\"><span role=\"text\"><strong data-start=\"742\" data-end=\"764\">\ud83c\udf1f Points forts de la visite<\/strong><\/span><\/h3>\n<p>\ud83d\udd39 D\u00e9part depuis la marina de Kemer pour une croisi\u00e8re c\u00f4ti\u00e8re pittoresque<br data-start=\"806\" data-end=\"809\" \/>\ud83d\udd39 Arr\u00eat photo \u00e0 la Grotte des Pirates<br data-start=\"837\" data-end=\"840\" \/>\ud83d\udd39 Natation \u00e0 la baie de Phaselis (environnement antique)<br data-start=\"890\" data-end=\"893\" \/>\ud83d\udd39 Arr\u00eat baignade dans la baie de Tekirova Teketa\u015f<br data-start=\"933\" data-end=\"936\" \/>\ud83d\udd39 Temps libre et baignade \u00e0 la baie d'Olympos<br data-start=\"976\" data-end=\"979\" \/>Pause baignade dans la baie de Porto Genoese<br data-start=\"1017\" data-end=\"1020\" \/>Vues panoramiques aux Trois \u00celes (arr\u00eat photo)<br data-start=\"1068\" data-end=\"1071\" \/><strong>\ud83d\udd39<\/strong>Dernier arr\u00eat baignade \u00e0 la baie d'Alacasu avec acc\u00e8s \u00e0 la rive rocheuse depuis le bateau<br data-start=\"1116\" data-end=\"1119\" \/>\ud83d\udd39 Ambiance relaxante loin des bateaux de f\u00eate<\/p>\n<h2 data-section-id=\"1jizkbc\" data-start=\"1172\" data-end=\"1199\"><span role=\"text\"><strong data-start=\"1176\" data-end=\"1199\">\ud83d\udcd6 Olympos, Phaselis &amp; Porto Genoese excursion en bateau depuis Kemer<\/strong><\/span><\/h2>\n<div data-start=\"1201\" data-end=\"1421\">Votre journ\u00e9e commence par une prise en charge confortable \u00e0 votre h\u00f4tel \u00e0 Kemer et dans les environs, suivie d'un court transfert vers la marina de Kemer. \u00c0 10h00, vous monterez \u00e0 bord du bateau et commencerez votre voyage le long du magnifique littoral.<\/div>\n<div data-start=\"1423\" data-end=\"1530\">Peu apr\u00e8s le d\u00e9part, vous passerez devant la c\u00e9l\u00e8bre Grotte des Pirates, o\u00f9 le bateau ralentit pour un arr\u00eat photo.<\/div>\n<div data-start=\"1532\" data-end=\"1731\">La premi\u00e8re pause baignade a lieu dans la baie de Phaselis, entour\u00e9e par la nature et des paysages historiques. La visite se poursuit ensuite vers la baie de Tekirova Teketa\u015f, un endroit plus calme et moins fr\u00e9quent\u00e9, id\u00e9al pour la baignade.<\/div>\n<div data-start=\"1733\" data-end=\"1948\">Ensuite, vous arriverez \u00e0 la baie d'Olympos, o\u00f9 vous pourrez profiter de la baignade et de la d\u00e9tente dans un cadre naturel unique. Ensuite, le bateau se dirigera vers la baie de Porto Genoese, l'une des baies les plus pr\u00e9serv\u00e9es et paisibles de la r\u00e9gion.<\/div>\n<div data-start=\"1950\" data-end=\"2180\">Sur le chemin du retour, vous passerez devant les Trois \u00celes pour un arr\u00eat photo panoramique (pas de baignade \u00e0 cause des courants). La derni\u00e8re escale est la baie d'Alacasu, o\u00f9 le bateau jette l'ancre pr\u00e8s du rivage, permettant aux clients de nager et d'acc\u00e9der \u00e0 la plage.<\/div>\n<div data-start=\"2182\" data-end=\"2280\">La visite se termine par un retour \u00e0 la marina de Kemer vers 17h00, suivi d'un transfert vers votre h\u00f4tel.<\/div>\n<h3 data-section-id=\"1e4kph\" data-start=\"2506\" data-end=\"2532\"><span role=\"text\"><strong data-start=\"2510\" data-end=\"2532\">\ud83d\uddfa\ufe0f Itin\u00e9raire de la visite<\/strong><\/span><\/h3>\n<div data-start=\"2534\" data-end=\"3008\">\ud83d\udd39 Prise en charge aux h\u00f4tels de Kemer<br data-start=\"2564\" data-end=\"2567\" \/>\ud83d\udd39 Transfert vers la marina de Kemer<br data-start=\"2594\" data-end=\"2597\" \/>\ud83d\udd39 10h00 \u2013 D\u00e9part<br data-start=\"2617\" data-end=\"2620\" \/>\ud83d\udd39 Grotte des Pirates \u2013 arr\u00eat photo<br data-start=\"2647\" data-end=\"2650\" \/>\ud83d\udd39 Baie de Phaselis \u2013 pause baignade (30 min)<br data-start=\"2694\" data-end=\"2697\" \/>\ud83d\udd39 Baie de Tekirova Teketa\u015f \u2013 pause baignade (30 min)<br data-start=\"2749\" data-end=\"2752\" \/>\ud83d\udd39 Baie d'Olympos \u2013 baignade &amp; temps libre (45 min)<br data-start=\"2798\" data-end=\"2801\" \/>\ud83d\udd39 Baie g\u00e9noise de Porto \u2013 pause baignade (45 min)<br data-start=\"2847\" data-end=\"2850\" \/>\ud83d\udd39 Trois \u00celes \u2013 arr\u00eat photo panoramique<br data-start=\"2889\" data-end=\"2892\" \/>\ud83d\udd39 Baie d'Alacasu \u2013 arr\u00eat baignade avec acc\u00e8s rive rocheuse (30 min)<\/div>\n<div data-start=\"2534\" data-end=\"3008\">17h00 \u2013 Retour \u00e0 la Marina de Kemer<br data-start=\"2977\" data-end=\"2980\" \/>\ud83d\udd39 Retour \u00e0 l'h\u00f4tel<\/div>\n<h3 data-section-id=\"x7plk0\" data-start=\"201\" data-end=\"230\"><span role=\"text\"><strong data-start=\"205\" data-end=\"230\">\u2139\ufe0f Informations utiles<\/strong><\/span><\/h3>\n<p data-start=\"232\" data-end=\"517\">\ud83d\udd39 Tour duration: approximately 7-8 hours<br data-start=\"271\" data-end=\"274\" \/>\ud83d\udd39 Heure de d\u00e9part : 10h00<br data-start=\"301\" data-end=\"304\" \/>\ud83d\udd39 Convient \u00e0 tous les groupes d'\u00e2ge<br data-start=\"334\" data-end=\"337\" \/>\ud83d\udd39 Ambiance d\u00e9tendue avec divertissement l\u00e9ger \u00e0 bord et musique<br data-start=\"392\" data-end=\"395\" \/>\ud83d\udd39 Le programme de la visite peut changer en fonction des conditions m\u00e9t\u00e9orologiques et maritimes<br data-start=\"461\" data-end=\"464\" \/>Le bateau dispose de zones ombrag\u00e9es et de bains de soleil<\/p>\n<h2 dir=\"ltr\"><span style=\"color: #000000;\"><strong>\ud83c\udf92 Ce qu'il faut apporter<\/strong><\/span><\/h2>\n<p dir=\"ltr\">Maillot de bain et serviette de bain<br \/>\n\ud83d\udd39 Cr\u00e8me solaire et lunettes de soleil<br \/>\n\ud83d\udd39 Chapeau ou casquette<br \/>\n\ud83d\udd39 \u00c9tui pour t\u00e9l\u00e9phone ou appareil photo \u00e9tanche<br \/>\n\ud83d\udd39 Un peu d'argent liquide pour les d\u00e9penses personnelles<\/p>\n<h3 dir=\"ltr\"><strong>\ud83d\udeab Ne convient pas pour<\/strong><\/h3>\n<p dir=\"ltr\">\ud83d\udd39 Personnes sujettes \u00e0 un mal de mer s\u00e9v\u00e8re<br \/>\n\ud83d\udd39 Voyageurs \u00e0 mobilit\u00e9 r\u00e9duite<\/p>\n<h2 dir=\"ltr\"><span style=\"color: #000000;\"><strong>\ud83d\udcb8 Prix et r\u00e9servation<\/strong><\/span><\/h2>\n<p dir=\"ltr\"><strong>\ud83d\udd39 R\u00e9server maintenant, payer le jour de la visite<\/strong><br \/>\n\ud83d\udd39 Contactez-nous via WhatsApp, Telegram, Viber, ou remplissez le formulaire de r\u00e9servation ci-dessous. \ud83d\udc47\ud83c\udffd<\/p>\n<p>\u00c0 la recherche d'alternatives ? Parcourir <a href=\"https:\/\/excursionsworld.com\/fr\/excursions-a-kemer\/\">Plus de visites \u00e0 Kemer<\/a>.<\/p>","protected":false},"excerpt":{"rendered":"<p>Excursion en bateau \u00e0 Kemer vers les baies d'Olympos et de Porto Genoese avec arr\u00eat \u00e0 Phaselis. Baignades, d\u00e9jeuner, transfert \u00e0 l'h\u00f4tel inclus. R\u00e9servez maintenant, payez plus tard.<\/p>","protected":false},"featured_media":16802,"comment_status":"open","ping_status":"closed","template":"","meta":[],"product_brand":[],"product_cat":[124,130],"product_tag":[105],"class_list":{"0":"post-16801","1":"product","2":"type-product","3":"status-publish","4":"has-post-thumbnail","6":"tour_phys-kemer-tours","7":"tour_phys-pirate-boat-tours","8":"product_cat-kemer-tours","9":"product_cat-pirate-boat-tours","10":"product_tag-kemer","11":"pa_destination-kemer-tours","12":"pa_kategori-pirate-boat-tours","14":"first","15":"instock","16":"sale","17":"featured","18":"shipping-taxable","19":"purchasable","20":"product-type-tour_phys"},"aioseo_notices":[],"_links":{"self":[{"href":"https:\/\/excursionsworld.com\/fr\/wp-json\/wp\/v2\/product\/16801","targetHints":{"allow":["GET"]}}],"collection":[{"href":"https:\/\/excursionsworld.com\/fr\/wp-json\/wp\/v2\/product"}],"about":[{"href":"https:\/\/excursionsworld.com\/fr\/wp-json\/wp\/v2\/types\/product"}],"replies":[{"embeddable":true,"href":"https:\/\/excursionsworld.com\/fr\/wp-json\/wp\/v2\/comments?post=16801"}],"wp:featuredmedia":[{"embeddable":true,"href":"https:\/\/excursionsworld.com\/fr\/wp-json\/wp\/v2\/media\/16802"}],"wp:attachment":[{"href":"https:\/\/excursionsworld.com\/fr\/wp-json\/wp\/v2\/media?parent=16801"}],"wp:term":[{"taxonomy":"product_brand","embeddable":true,"href":"https:\/\/excursionsworld.com\/fr\/wp-json\/wp\/v2\/product_brand?post=16801"},{"taxonomy":"product_cat","embeddable":true,"href":"https:\/\/excursionsworld.com\/fr\/wp-json\/wp\/v2\/product_cat?post=16801"},{"taxonomy":"product_tag","embeddable":true,"href":"https:\/\/excursionsworld.com\/fr\/wp-json\/wp\/v2\/product_tag?post=16801"}],"curies":[{"name":"wp","href":"https:\/\/api.w.org\/{rel}","templated":true}]}}