{"id":16808,"date":"2026-04-29T20:14:38","date_gmt":"2026-04-29T17:14:38","guid":{"rendered":"https:\/\/excursionsworld.com\/?post_type=product&#038;p=16808\/"},"modified":"2026-04-29T20:30:37","modified_gmt":"2026-04-29T17:30:37","slug":"olympos-porto-genoese-bateau-antalya","status":"publish","type":"product","link":"https:\/\/excursionsworld.com\/tours\/antalya-boat-trip-olympos-porto-genoese-phaselis\/","title":{"rendered":"Olympos &amp; Porto Genoese bateau depuis Antalya avec Phaselis"},"content":{"rendered":"<h2 dir=\"ltr\" data-pm-slice=\"1 1 []\"><span style=\"color: #000000;\"><strong>\ud83c\udff4\u200d\u2620\ufe0f Vue d'ensemble<\/strong><\/span><\/h2>\n<p dir=\"ltr\">Explorez la c\u00f4te immacul\u00e9e de Kemer sur <strong data-start=\"67\" data-end=\"132\">Olympos &amp; Croisi\u00e8re g\u00e9noise de Porto <a href=\"https:\/\/en.wikipedia.org\/wiki\/Antalya\">Antalya<\/a> avec la baie de Phaselis<\/strong>. Cette exp\u00e9rience en bateau d'une journ\u00e9e compl\u00e8te combine des lieux de baignade aux eaux cristallines, une nature intacte et des vues panoramiques sur la M\u00e9diterran\u00e9e. En commen\u00e7ant par un transfert confortable depuis Antalya, c'est une escapade id\u00e9ale pour les voyageurs cherchant \u00e0 profiter d'une journ\u00e9e relaxante et m\u00e9morable en mer.<\/p>\n<h3><strong>Inclus :<\/strong><\/h3>\n<div dir=\"ltr\"><strong><span style=\"color: #00ff00;\">\u2713<\/span><\/strong> Prise en charge et retour \u00e0 l'h\u00f4tel<\/div>\n<div dir=\"ltr\"><strong><span style=\"color: #00ff00;\">\u2713 <\/span><\/strong>Excursion en bateau le long de la c\u00f4te de Kemer<br \/>\n<strong><span style=\"color: #00ff00;\">\u2713 <\/span><\/strong>Assurance<br \/>\n<strong><span style=\"color: #00ff00;\">\u2713 <\/span><\/strong>Guide<br \/>\n<strong><span style=\"color: #00ff00;\">\u2713 <\/span><\/strong>D\u00e9jeuner<\/div>\n<h3 dir=\"ltr\">Non inclus :<\/h3>\n<p dir=\"ltr\"><span style=\"color: #ff0000;\"><strong>\u2717 <\/strong><\/span>Photos et vid\u00e9os<br \/>\n<span style=\"color: #ff0000;\"><strong>\u2717 <\/strong><\/span>Boissons<\/p>\n<h3 data-section-id=\"gnzuxm\" data-start=\"738\" data-end=\"764\"><span role=\"text\"><strong data-start=\"742\" data-end=\"764\">\ud83c\udf1f Points forts de la visite<\/strong><\/span><\/h3>\n<p>\ud83d\udd39 Transfert confortable d'Antalya \u00e0 la marina de Kemer<br data-start=\"661\" data-end=\"664\" \/>\ud83d\udd39 Croisi\u00e8re panoramique le long de la c\u00f4te m\u00e9diterran\u00e9enne<br data-start=\"714\" data-end=\"717\" \/>\ud83d\udd39 Arr\u00eat photo \u00e0 la c\u00e9l\u00e8bre Grotte des Pirates<br data-start=\"756\" data-end=\"759\" \/>\ud83d\udd39 Pause baignade dans la baie de Phaselis entour\u00e9e de ruines antiques<br data-start=\"820\" data-end=\"823\" \/>\ud83d\udd39 Arr\u00eat baignade dans la baie de Tekirova Teketa\u015f<br data-start=\"859\" data-end=\"862\" \/>\ud83d\udd39 Temps libre et baignade \u00e0 la baie d'Olympos<br data-start=\"902\" data-end=\"905\" \/>\ud83d\udd39 Baignade relaxante dans la baie de Porto Genoese<br data-start=\"942\" data-end=\"945\" \/>\ud83d\udd39 Arr\u00eat photo panoramique aux Trois \u00celes<br data-start=\"989\" data-end=\"992\" \/>\ud83d\udd39 Dernier arr\u00eat baignade \u00e0 la baie d'Alacasu avec acc\u00e8s par rivage rocailleux<\/p>\n<h2 data-section-id=\"1jizkbc\" data-start=\"1172\" data-end=\"1199\"><span role=\"text\"><strong data-start=\"1176\" data-end=\"1199\">\ud83d\udcd6 Olympos, Phaselis &amp; Porto Genoese excursion en bateau depuis Kemer<\/strong><\/span><\/h2>\n<div data-start=\"1127\" data-end=\"1372\">Votre journ\u00e9e commence par une prise en charge matinale depuis votre h\u00f4tel \u00e0 Antalya et un transfert confortable vers le port de Kemer. \u00c0 votre arriv\u00e9e, vous monterez \u00e0 bord du bateau et partirez \u00e0 10h00 pour un voyage pittoresque le long de la c\u00f4te.<\/div>\n<div data-start=\"1374\" data-end=\"1598\">Peu de temps apr\u00e8s le d\u00e9part, vous passerez devant l'embl\u00e9matique Grotte des Pirates, o\u00f9 le bateau ralentira pour une courte s\u00e9ance photo. La premi\u00e8re escale baignade se fera dans la baie de Phaselis, un lieu unique o\u00f9 les eaux turquoise rencontrent une histoire antique.<\/div>\n<div data-start=\"1600\" data-end=\"1789\">La croisi\u00e8re se poursuit vers la baie de Tekirova Teketa\u015f, connue pour son atmosph\u00e8re paisible et ses eaux claires. Vous vous dirigerez ensuite vers la baie d'Olympos, offrant du temps libre pour nager et vous d\u00e9tendre dans un cadre naturel.<\/div>\n<div data-start=\"1791\" data-end=\"2035\">Ensuite, profitez d'une baignade rafra\u00eechissante dans la baie de Porto Genoese, l'un des endroits les plus sauvages et tranquilles de la c\u00f4te. Sur le chemin du retour, le bateau passe devant les Trois \u00celes pour un arr\u00eat photo panoramique (la baignade n'est pas autoris\u00e9e en raison des courants marins).<\/div>\n<div data-start=\"2037\" data-end=\"2183\">Le dernier arr\u00eat est \u00e0 la baie d'Alacasu, o\u00f9 le bateau jette l'ancre pr\u00e8s du rivage rocheux, offrant aux clients la possibilit\u00e9 de nager et d'acc\u00e9der \u00e0 la terre.<\/div>\n<div data-start=\"2185\" data-end=\"2283\">Le bateau retourne \u00e0 la marina de Kemer vers 17h00, suivi d'un transfert vers votre h\u00f4tel \u00e0 Antalya.<\/div>\n<h3 data-section-id=\"1e4kph\" data-start=\"2506\" data-end=\"2532\"><span role=\"text\"><strong data-start=\"2510\" data-end=\"2532\">\ud83d\uddfa\ufe0f Itin\u00e9raire de la visite<\/strong><\/span><\/h3>\n<div data-start=\"2534\" data-end=\"3008\">\ud83d\udd39 Prise en charge \u00e0 partir des h\u00f4tels d'Antalya<br data-start=\"2346\" data-end=\"2349\" \/>\ud83d\udd39 Transfert vers la marina de Kemer<br data-start=\"2376\" data-end=\"2379\" \/>\ud83d\udd39 10h00 \u2013 D\u00e9part<br data-start=\"2399\" data-end=\"2402\" \/>\ud83d\udd39 Grotte des Pirates \u2013 arr\u00eat photo<br data-start=\"2429\" data-end=\"2432\" \/>\ud83d\udd39 Baie de Phaselis \u2013 pause baignade (30 min)<br data-start=\"2473\" data-end=\"2476\" \/>\ud83d\udd39 Baie de Tekirova Teketa\u015f \u2013 pause baignade (30 min)<br data-start=\"2525\" data-end=\"2528\" \/>\ud83d\udd39 Baie d'Olympos \u2013 baignade &amp; temps libre (45 min)<br data-start=\"2574\" data-end=\"2577\" \/>\ud83d\udd39 Baie g\u00e9noise de Porto \u2013 pause baignade (45 min)<br data-start=\"2623\" data-end=\"2626\" \/>\ud83d\udd39 Trois \u00celes \u2013 arr\u00eat photo panoramique<br data-start=\"2665\" data-end=\"2668\" \/>\ud83d\udd39 Baie d'Alacasu \u2013 arr\u00eat baignade avec acc\u00e8s rive rocheuse (30 min)<br data-start=\"2731\" data-end=\"2734\" \/>17h00 \u2013 Retour \u00e0 la Marina de Kemer<br data-start=\"2767\" data-end=\"2770\" \/>\ud83d\udd39 Transfert de retour vers les h\u00f4tels d'Antalya<\/div>\n<h3 data-section-id=\"x7plk0\" data-start=\"201\" data-end=\"230\"><span role=\"text\"><strong data-start=\"205\" data-end=\"230\">\u2139\ufe0f Informations utiles<\/strong><\/span><\/h3>\n<p data-start=\"232\" data-end=\"517\">Dur\u00e9e de la visite : environ 7 \u00e0 8 heures (transferts inclus)<br data-start=\"2904\" data-end=\"2907\" \/>\ud83d\udd39 Heure de d\u00e9part du bateau : 10h00<br data-start=\"2939\" data-end=\"2942\" \/>\ud83d\udd39 Convient \u00e0 tous les groupes d'\u00e2ge<br data-start=\"2972\" data-end=\"2975\" \/>\ud83d\udd39 Ambiance d\u00e9tendue avec musique douce et divertissements l\u00e9gers<br data-start=\"3036\" data-end=\"3039\" \/>L'itin\u00e9raire peut changer en fonction des conditions m\u00e9t\u00e9orologiques et maritimes<br data-start=\"3102\" data-end=\"3105\" \/>\ud83d\udd39 Le bateau dispose d'espaces ombrag\u00e9s et de ponts solarium<\/p>\n<h2 dir=\"ltr\"><span style=\"color: #000000;\"><strong>\ud83c\udf92 Ce qu'il faut apporter<\/strong><\/span><\/h2>\n<p dir=\"ltr\">Maillot de bain et serviette de bain<br \/>\n\ud83d\udd39 Cr\u00e8me solaire et lunettes de soleil<br \/>\n\ud83d\udd39 Chapeau ou casquette<br \/>\n\ud83d\udd39 \u00c9tui pour t\u00e9l\u00e9phone ou appareil photo \u00e9tanche<br \/>\n\ud83d\udd39 Un peu d'argent liquide pour les d\u00e9penses personnelles<\/p>\n<h3 dir=\"ltr\"><strong>\ud83d\udeab Ne convient pas pour<\/strong><\/h3>\n<p dir=\"ltr\">\ud83d\udd39 Personnes sujettes \u00e0 un mal de mer s\u00e9v\u00e8re<br \/>\n\ud83d\udd39 Voyageurs \u00e0 mobilit\u00e9 r\u00e9duite<\/p>\n<h2 dir=\"ltr\"><span style=\"color: #000000;\"><strong>\ud83d\udcb8 Prix et r\u00e9servation<\/strong><\/span><\/h2>\n<p dir=\"ltr\"><strong>\ud83d\udd39 R\u00e9server maintenant, payer le jour de la visite<\/strong><br \/>\n\ud83d\udd39 Contactez-nous via WhatsApp, Telegram, Viber, ou remplissez le formulaire de r\u00e9servation ci-dessous. \ud83d\udc47\ud83c\udffd<\/p>\n<p>\u00c0 la recherche d'alternatives ? <a href=\"https:\/\/excursionsworld.com\/fr\/excursions-a-antalya\/\">Explorer plus de visites \u00e0 Antalya.<\/a><\/p>","protected":false},"excerpt":{"rendered":"<p>Excursion en bateau d'Antalya \u00e0 Olympos, Phaselis et Porto Genoese. Baignade dans des baies cristallines, d\u00e9jeuner \u00e0 bord et transfert \u00e0 l'h\u00f4tel inclus. R\u00e9servez maintenant.<\/p>","protected":false},"featured_media":16802,"comment_status":"open","ping_status":"closed","template":"","meta":[],"product_brand":[],"product_cat":[125],"product_tag":[107],"class_list":{"0":"post-16808","1":"product","2":"type-product","3":"status-publish","4":"has-post-thumbnail","6":"tour_phys-antalya-tours","7":"tour_phys-pirate-boat-tours","8":"product_cat-antalya-tours","9":"product_tag-antalya","10":"pa_destination-antalya-tours","11":"pa_kategori-pirate-boat-tours","13":"first","14":"instock","15":"sale","16":"featured","17":"shipping-taxable","18":"purchasable","19":"product-type-tour_phys"},"aioseo_notices":[],"_links":{"self":[{"href":"https:\/\/excursionsworld.com\/fr\/wp-json\/wp\/v2\/product\/16808","targetHints":{"allow":["GET"]}}],"collection":[{"href":"https:\/\/excursionsworld.com\/fr\/wp-json\/wp\/v2\/product"}],"about":[{"href":"https:\/\/excursionsworld.com\/fr\/wp-json\/wp\/v2\/types\/product"}],"replies":[{"embeddable":true,"href":"https:\/\/excursionsworld.com\/fr\/wp-json\/wp\/v2\/comments?post=16808"}],"wp:featuredmedia":[{"embeddable":true,"href":"https:\/\/excursionsworld.com\/fr\/wp-json\/wp\/v2\/media\/16802"}],"wp:attachment":[{"href":"https:\/\/excursionsworld.com\/fr\/wp-json\/wp\/v2\/media?parent=16808"}],"wp:term":[{"taxonomy":"product_brand","embeddable":true,"href":"https:\/\/excursionsworld.com\/fr\/wp-json\/wp\/v2\/product_brand?post=16808"},{"taxonomy":"product_cat","embeddable":true,"href":"https:\/\/excursionsworld.com\/fr\/wp-json\/wp\/v2\/product_cat?post=16808"},{"taxonomy":"product_tag","embeddable":true,"href":"https:\/\/excursionsworld.com\/fr\/wp-json\/wp\/v2\/product_tag?post=16808"}],"curies":[{"name":"wp","href":"https:\/\/api.w.org\/{rel}","templated":true}]}}