{"id":16522,"date":"2026-02-27T19:24:17","date_gmt":"2026-02-27T16:24:17","guid":{"rendered":"https:\/\/excursionsworld.com\/?page_id=16522"},"modified":"2026-02-27T22:39:08","modified_gmt":"2026-02-27T19:39:08","slug":"o-nas","status":"publish","type":"page","link":"https:\/\/excursionsworld.com\/pl\/about-us\/","title":{"rendered":"O nas"},"content":{"rendered":"<div data-elementor-type=\"wp-page\" data-elementor-id=\"16522\" class=\"elementor elementor-16522\">\n\t\t\t\t<div class=\"elementor-element elementor-element-cce95a4 e-flex e-con-boxed e-con e-parent\" data-id=\"cce95a4\" data-element_type=\"container\" data-e-type=\"container\">\n\t\t\t\t\t<div class=\"e-con-inner\">\n\t\t\t\t<div class=\"elementor-element elementor-element-f8692a1 elementor-widget elementor-widget-text-editor\" data-id=\"f8692a1\" data-element_type=\"widget\" data-e-type=\"widget\" data-widget_type=\"text-editor.default\">\n\t\t\t\t<div class=\"elementor-widget-container\">\n\t\t\t\t\t\t\t\t\t<style>\n    \/* Ana kapsay\u0131c\u0131 ve d\u0131\u015f bo\u015fluk s\u0131f\u0131rlama *\/\n    .about-main-wrapper {\n        font-family: 'Segoe UI', Roboto, sans-serif;\n        color: #333;\n        line-height: 1.6;\n        width: 100%;\n        margin-top: -45px !important; \/* Ba\u015fl\u0131\u011fa tam yana\u015fmas\u0131 i\u00e7in *\/\n        padding: 0;\n    }\n\n    .container-inner {\n        width: 100%;\n        max-width: 1200px;\n        margin: 0 auto;\n        padding: 0;\n    }\n\n    \/* Our Story Metni - Tam Geni\u015flik *\/\n    .intro-block {\n        padding: 0 10px;\n        text-align: center;\n        margin-bottom: 25px;\n    }\n\n    .intro-block h2 {\n        color: #1f3c88;\n        font-size: 26px;\n        font-weight: 700;\n        margin-bottom: 10px;\n    }\n\n    \/* Mavi Kutular *\/\n    .info-card {\n        background: #eef4f8; \n        padding: 25px 15px;\n        border-radius: 10px;\n        margin-bottom: 15px;\n        width: 100%;\n        box-sizing: border-box;\n        border: 1px solid #dce6ed;\n    }\n\n    \/* Ba\u015fl\u0131k i\u00e7i ikon stili *\/\n    .card-title {\n        color: #1f3c88;\n        font-size: 22px;\n        font-weight: 700;\n        margin-bottom: 12px;\n        display: flex;\n        align-items: center;\n        justify-content: center;\n        gap: 10px; \/* \u0130kon ve metin aras\u0131 bo\u015fluk *\/\n    }\n\n    .title-icon {\n        font-size: 24px; \/* Ba\u015fl\u0131k b\u00fcy\u00fckl\u00fc\u011f\u00fcnde *\/\n        font-style: normal;\n    }\n\n    \/* Why Us B\u00f6l\u00fcm\u00fc \u0130konlar\u0131 (\u00dcstte duran b\u00fcy\u00fck ikonlar) *\/\n    .card-icon-large {\n        font-size: 55px;\n        margin-bottom: 15px;\n        display: block;\n        text-align: center;\n    }\n\n    .card-text {\n        text-align: center;\n        font-size: 15px;\n        margin: 0;\n    }\n\n    \/* MOB\u0130L AYARLAR *\/\n    @media (max-width: 768px) {\n        .about-main-wrapper {\n            margin-top: -55px !important;\n        }\n        .intro-block {\n            padding: 0 5px;\n        }\n        .info-card {\n            padding: 20px 10px;\n        }\n        .card-title {\n            font-size: 20px;\n        }\n    }\n\n    .legal-footer-box {\n        text-align: center;\n        padding: 30px 10px;\n        margin-top: 20px;\n    }\n<\/style>\n\n<div class=\"about-main-wrapper\">\n    <div class=\"container-inner\">\n        \n        <div class=\"intro-block\">\n            <h2>Nasza historia i do\u015bwiadczenie<\/h2>\n            <p><strong>Excursions World<\/strong> to najwa\u017cniejsza cyfrowa brama do Morza \u015ar\u00f3dziemnego, w kt\u00f3rej dziesi\u0119ciolecia g\u0142\u0119boko zakorzenionego do\u015bwiadczenia turystycznego spotykaj\u0105 si\u0119 z nowoczesn\u0105, skoncentrowan\u0105 na go\u015bciach wizj\u0105. Z siedzib\u0105 w samym sercu Antalyi, nasza platforma dzia\u0142a jako oficjalny internetowy kana\u0142 rezerwacji i marketingu dla <strong>GINZA TRAVEL (licencja T\u00dcRSAB nr: 4179)<\/strong>, jedno z najbardziej szanowanych i uznanych biur podr\u00f3\u017cy w regionie.<\/p>\n            <p>Naszymi operacjami cyfrowymi zarz\u0105dza oddany zesp\u00f3\u0142 profesjonalist\u00f3w, kt\u00f3rych celem jest zapewnienie najbardziej przejrzystych, niezawodnych i szybkich rezerwacji dla podr\u00f3\u017cnych z ca\u0142ego \u015bwiata.<\/p>\n        <\/div>\n\n        <div class=\"info-card\">\n            <h3 class=\"card-title\"><i class=\"title-icon\">\ud83c\udfaf<\/i>Nasza misja<\/h3>\n            <p class=\"card-text\">Aby zaprezentowa\u0107 niezr\u00f3wnane pi\u0119kno, histori\u0119 i kultur\u0119 region\u00f3w Morza \u015ar\u00f3dziemnego i Egejskiego, zapewniaj\u0105c naszym go\u015bciom najbardziej komfortowe, bezpieczne i niezapomniane wspomnienia z podr\u00f3\u017cy.<\/p>\n        <\/div>\n\n        <div class=\"info-card\">\n            <h3 class=\"card-title\"><i class=\"title-icon\">\ud83d\udc41\ufe0f<\/i>Nasza wizja<\/h3>\n            <p class=\"card-text\">By\u0107 najbardziej zaufanym cyfrowym partnerem turystycznym w regionie poprzez p\u0142ynne po\u0142\u0105czenie nowoczesnej technologii z tradycyjn\u0105 tureck\u0105 go\u015bcinno\u015bci\u0105 i doskona\u0142o\u015bci\u0105 operacyjn\u0105 Ginza Travel.<\/p>\n        <\/div>\n\n        <h2 style=\"color: #1f3c88; font-size: 26px; font-weight: 700; text-align: center; margin: 35px 0 20px 0;\">Dlaczego Excursions World?<\/h2>\n\n        <div class=\"info-card\">\n            <span class=\"card-icon-large\">\ud83d\udee1\ufe0f<\/span>\n            <h3 class=\"card-title\">Oficjalna gwarancja prawna<\/h3>\n            <p class=\"card-text\">Ka\u017cda wycieczka i us\u0142uga zarezerwowana za po\u015brednictwem naszej platformy jest obj\u0119ta pe\u0142n\u0105 gwarancj\u0105 prawn\u0105 i operacyjn\u0105 Ginza Travel, certyfikowanego cz\u0142onka T\u00dcRSAB.<\/p>\n        <\/div>\n\n        <div class=\"info-card\">\n            <span class=\"card-icon-large\">\ud83d\udcb3<\/span>\n            <h3 class=\"card-title\">Bezpieczny system \u201cPay on Tour\u201d<\/h3>\n            <p class=\"card-text\">Priorytetem jest dla nas Tw\u00f3j spok\u00f3j. Oferujemy rezerwacj\u0119 bez ryzyka, bez konieczno\u015bci dokonywania przedp\u0142aty online - wystarczy zarezerwowa\u0107 miejsce i zap\u0142aci\u0107 w dniu rezerwacji.<\/p>\n        <\/div>\n\n        <div class=\"info-card\">\n            <span class=\"card-icon-large\">\ud83d\udccd<\/span>\n            <h3 class=\"card-title\">Bezkonkurencyjna wiedza lokalna<\/h3>\n            <p class=\"card-text\">Wsp\u00f3\u0142pracujemy wy\u0142\u0105cznie z profesjonalnymi lokalnymi przewodnikami i zespo\u0142ami ekspert\u00f3w, kt\u00f3rzy znaj\u0105 ka\u017cdy zak\u0105tek Kemer i Antalyi.<\/p>\n        <\/div>\n\n        <div class=\"info-card\">\n            <span class=\"card-icon-large\">\ud83c\udfa7<\/span>\n            <h3 class=\"card-title\">Wsparcie Premium 24\/7<\/h3>\n            <p class=\"card-text\">Nasz profesjonalny zesp\u00f3\u0142 wsparcia jest zawsze dost\u0119pny, aby pom\u00f3c przed, w trakcie i po podr\u00f3\u017cy.<\/p>\n        <\/div>\n\n        <div class=\"legal-footer-box\">\n            <h3 style=\"color:#1f3c88; font-weight:700;\">Partnerstwo operacyjne i zaufanie<\/h3>\n            <p>Wszystkie dzia\u0142ania s\u0105 organizowane, zarz\u0105dzane i w pe\u0142ni ubezpieczone przez:<\/p>\n            <p><strong>GINZA TRAVEL (Licencja nr: 4179)<\/strong><br>\n            Adres: Merkez Mah. Atat\u00fcrk Cad. No:3 Kemer \/ Antalya, Turcja<\/p>\n        <\/div>\n\n    <\/div>\n<\/div>\t\t\t\t\t\t\t\t<\/div>\n\t\t\t\t<\/div>\n\t\t\t\t\t<\/div>\n\t\t\t\t<\/div>\n\t\t\t\t<\/div>","protected":false},"excerpt":{"rendered":"<p>\n    \/* Ana kapsay\u0131c\u0131 ve d\u0131\u015f bo\u015fluk s\u0131f\u0131rlama *\/<br \/>\n    .about-main-wrapper {<br \/>\n        font-family: \u2018Segoe UI\u2019, <\/p>","protected":false},"author":2,"featured_media":0,"parent":0,"menu_order":0,"comment_status":"closed","ping_status":"closed","template":"","meta":{"footnotes":""},"class_list":["post-16522","page","type-page","status-publish","hentry"],"aioseo_notices":[],"_links":{"self":[{"href":"https:\/\/excursionsworld.com\/pl\/wp-json\/wp\/v2\/pages\/16522","targetHints":{"allow":["GET"]}}],"collection":[{"href":"https:\/\/excursionsworld.com\/pl\/wp-json\/wp\/v2\/pages"}],"about":[{"href":"https:\/\/excursionsworld.com\/pl\/wp-json\/wp\/v2\/types\/page"}],"author":[{"embeddable":true,"href":"https:\/\/excursionsworld.com\/pl\/wp-json\/wp\/v2\/users\/2"}],"replies":[{"embeddable":true,"href":"https:\/\/excursionsworld.com\/pl\/wp-json\/wp\/v2\/comments?post=16522"}],"version-history":[{"count":0,"href":"https:\/\/excursionsworld.com\/pl\/wp-json\/wp\/v2\/pages\/16522\/revisions"}],"wp:attachment":[{"href":"https:\/\/excursionsworld.com\/pl\/wp-json\/wp\/v2\/media?parent=16522"}],"curies":[{"name":"wp","href":"https:\/\/api.w.org\/{rel}","templated":true}]}}