{"id":12742,"date":"2025-05-08T16:15:35","date_gmt":"2025-05-08T13:15:35","guid":{"rendered":"https:\/\/excursionsworld.com\/?post_type=product&#038;p=12742"},"modified":"2026-04-02T23:13:58","modified_gmt":"2026-04-02T20:13:58","slug":"wycieczka-akwarium-antalya-kemer","status":"publish","type":"product","link":"https:\/\/excursionsworld.com\/tours\/antalya-tunnel-aquarium-tour-kemer\/","title":{"rendered":"Wycieczka do Akwarium w Antalyi z Kemeru \u2013 Podwodna Przygoda"},"content":{"rendered":"<h3 dir=\"ltr\" data-pm-slice=\"1 1 []\"><span style=\"color: #000000;\"><strong>Przegl\u0105d<\/strong><\/span><\/h3>\n<p dir=\"ltr\">Zanurz si\u0119 w podwodnym \u015bwiecie podczas p\u00f3\u0142dniowej wycieczki do Antalya Aquarium z Kemer i okolic! Poznaj akwarium tunelowe i Snow World. Idealna dla rodzin, ta ~4-godzinna wycieczka zachwyci\u0142a ponad 500 go\u015bci!<\/p>\n<h3 dir=\"ltr\"><span style=\"color: #000000;\"><strong>W zestawie:<\/strong><\/span><\/h3>\n<p dir=\"ltr\"><span style=\"color: #00ff00;\"><strong>\u2713<\/strong> <\/span>Odbi\u00f3r i dow\u00f3z do hotelu<br \/>\n<span style=\"color: #00ff00;\"><strong>\u2713<\/strong> <\/span>Ubezpieczenie<br \/>\n<span style=\"color: #00ff00;\"><strong>\u2713<\/strong> <\/span>Wygodny klimatyzowany autobus<br \/>\n<span style=\"color: #00ff00;\"><strong>\u2713<\/strong> <\/span>Bilet wst\u0119pu do akwarium w Antalyi<\/p>\n<h3 dir=\"ltr\"><span style=\"color: #000000;\"><strong>Nie zawiera:<\/strong><\/span><\/h3>\n<p dir=\"ltr\"><span style=\"color: #ff0000;\"><strong>\u2717<\/strong><\/span> Napoje<br \/>\n<span style=\"color: #ff0000;\"><strong>\u2717 <\/strong><\/span>Wydatki osobiste<\/p>\n<h3 dir=\"ltr\"><span style=\"color: #000000;\"><strong>Najwa\u017cniejsze wydarzenia<\/strong><\/span><\/h3>\n<p dir=\"ltr\">131-metrowe akwarium tunelowe z rekinami<br \/>\nEgzotyczne ryby i stworzenia morskie<br \/>\nTematyczne eksponaty akwariowe<br \/>\nZimowa kraina czar\u00f3w w Snow World<br \/>\nTransfer z Kemer<\/p>\n<h3 dir=\"ltr\"><span style=\"color: #000000;\"><strong>Pe\u0142ny opis<\/strong><\/span><\/h3>\n<p dir=\"ltr\">Wyrusz na p\u00f3\u0142dniow\u0105 przygod\u0119 z Kemer do Antalya Aquarium z wygodnym transferem. Spaceruj po akwarium tunelowym, w kt\u00f3rym rekiny p\u0142ywaj\u0105 nad g\u0142ow\u0105, a \u017cywe ryby tworz\u0105 podwodny spektakl. Prze\u017cyj zimow\u0105 ucieczk\u0119 w Snow World, bawi\u0105c si\u0119 na \u015bniegu. Po 1,5-2 godzinach zwiedzania wr\u00f3\u0107 do hotelu z \u017cywymi wspomnieniami.<\/p>\n<h3 dir=\"ltr\"><span style=\"color: #000000;\"><strong>\ud83d\uddfa\ufe0f Plan podr\u00f3\u017cy<\/strong><\/span><\/h3>\n<p dir=\"ltr\">Odbi\u00f3r z Kemer i okolic<br \/>\n\ud83d\udd39 Przyjazd do Antalya Aquarium<br \/>\nCzas wolny w akwarium i Snow World (1,5-2 godziny)<br \/>\nPowr\u00f3t do hotelu<\/p>\n<h3 dir=\"ltr\"><span style=\"color: #000000;\"><strong>\u2139\ufe0f Przydatne informacje<\/strong><\/span><\/h3>\n<div dir=\"ltr\">Czas trwania: ~4 godziny (wycieczka p\u00f3\u0142dniowa)<br \/>\nOdpowiedni dla os\u00f3b o podstawowej mobilno\u015bci<br \/>\nNiska aktywno\u015b\u0107 fizyczna<br \/>\nFotografowanie z lamp\u0105 b\u0142yskow\u0105 w akwarium jest zabronione.<\/div>\n<div dir=\"ltr\">Swobodnie podr\u00f3\u017cuj\u0105ce dzieci nie maj\u0105 oddzielnego miejsca w autobusie. Je\u015bli autobus jest pe\u0142ny, siadaj\u0105 na kolanach osoby doros\u0142ej lub mo\u017cna zarezerwowa\u0107 osobne miejsce.<\/div>\n<h3 dir=\"ltr\"><span style=\"color: #000000;\"><strong>Co zabra\u0107 ze sob\u0105<\/strong><\/span><\/h3>\n<p dir=\"ltr\">Got\u00f3wka na wydatki<br \/>\nWygodne buty<br \/>\nAparat fotograficzny (bez lampy b\u0142yskowej w akwarium)<\/p>\n<div dir=\"ltr\">\n<h3 dir=\"ltr\"><span style=\"color: #000000;\"><strong>Nieodpowiednie dla<\/strong><\/span><\/h3>\n<p dir=\"ltr\">Osoby o ograniczonej sprawno\u015bci ruchowej (d\u0142ugie spacery)<br \/>\nNiemowl\u0119ta poni\u017cej 2 lat (czas trwania wycieczki)<\/p>\n<\/div>\n<h3 data-start=\"2974\" data-end=\"3001\">Cena i rezerwacja<\/h3>\n<p data-start=\"3003\" data-end=\"3127\"><strong>Zarezerwuj teraz, zap\u0142a\u0107 w dniu wycieczki<\/strong><br data-start=\"3042\" data-end=\"3045\" \/>Skontaktuj si\u0119 z nami przez WhatsApp, Telegram lub Viber, aby uzyska\u0107 rezerwacje i szczeg\u00f3\u0142y \ud83d\udc47\ud83c\udffc<\/p>","protected":false},"excerpt":{"rendered":"<p>Zarezerwuj <b>Wycieczka do akwarium w Kemer Antalya<\/b>! P\u00f3\u0142 dnia <b>podr\u00f3\u017c<\/b> aby zobaczy\u0107 131m <strong>akwarium tunelowe<\/strong>, Snow World i egzotyczne ryby. Zabawa dla ca\u0142ej rodziny <b>wycieczka<\/b>.<\/p>","protected":false},"featured_media":12743,"comment_status":"open","ping_status":"closed","template":"","meta":[],"product_brand":[],"product_cat":[124],"product_tag":[105],"class_list":{"0":"post-12742","1":"product","2":"type-product","3":"status-publish","4":"has-post-thumbnail","6":"tour_phys-kemer-tours","7":"product_cat-kemer-tours","8":"product_tag-kemer","9":"pa_destination-kemer-tours","11":"first","12":"instock","13":"sale","14":"shipping-taxable","15":"purchasable","16":"product-type-tour_phys"},"aioseo_notices":[],"_links":{"self":[{"href":"https:\/\/excursionsworld.com\/pl\/wp-json\/wp\/v2\/product\/12742","targetHints":{"allow":["GET"]}}],"collection":[{"href":"https:\/\/excursionsworld.com\/pl\/wp-json\/wp\/v2\/product"}],"about":[{"href":"https:\/\/excursionsworld.com\/pl\/wp-json\/wp\/v2\/types\/product"}],"replies":[{"embeddable":true,"href":"https:\/\/excursionsworld.com\/pl\/wp-json\/wp\/v2\/comments?post=12742"}],"wp:featuredmedia":[{"embeddable":true,"href":"https:\/\/excursionsworld.com\/pl\/wp-json\/wp\/v2\/media\/12743"}],"wp:attachment":[{"href":"https:\/\/excursionsworld.com\/pl\/wp-json\/wp\/v2\/media?parent=12742"}],"wp:term":[{"taxonomy":"product_brand","embeddable":true,"href":"https:\/\/excursionsworld.com\/pl\/wp-json\/wp\/v2\/product_brand?post=12742"},{"taxonomy":"product_cat","embeddable":true,"href":"https:\/\/excursionsworld.com\/pl\/wp-json\/wp\/v2\/product_cat?post=12742"},{"taxonomy":"product_tag","embeddable":true,"href":"https:\/\/excursionsworld.com\/pl\/wp-json\/wp\/v2\/product_tag?post=12742"}],"curies":[{"name":"wp","href":"https:\/\/api.w.org\/{rel}","templated":true}]}}