{"id":12867,"date":"2025-05-10T11:36:33","date_gmt":"2025-05-10T08:36:33","guid":{"rendered":"https:\/\/excursionsworld.com\/?post_type=product&#038;p=12867"},"modified":"2026-04-24T00:20:33","modified_gmt":"2026-04-23T21:20:33","slug":"wycieczka-konna-kemer","status":"publish","type":"product","link":"https:\/\/excursionsworld.com\/tours\/kemer-horseback-riding-tour\/","title":{"rendered":"Wycieczka Konna w Kemer \u2013 Jazda Konna po Przyrodzie"},"content":{"rendered":"<h2 dir=\"ltr\" data-pm-slice=\"1 1 []\"><span style=\"color: #000000;\"><strong>Przegl\u0105d<\/strong><\/span><\/h2>\n<p dir=\"ltr\">Wyrusz na spokojn\u0105 przeja\u017cd\u017ck\u0119 konn\u0105 z <a href=\"https:\/\/en.wikipedia.org\/wiki\/Kemer,_Antalya\" target=\"_blank\" rel=\"noopener\">Kemer<\/a> i okolice! Ciesz si\u0119 godzin\u0105 jazdy po le\u015bnych \u015bcie\u017ckach, z mo\u017cliwo\u015bci\u0105 przed\u0142u\u017cenia do 2 lub 3 godzin. Idealna dla pocz\u0105tkuj\u0105cych i mi\u0142o\u015bnik\u00f3w przyrody, ta wycieczka trwaj\u0105ca oko\u0142o 2-3 godziny obejmuje transfery.<\/p>\n<h3 dir=\"ltr\"><strong><span style=\"color: #000000;\">W zestawie:<\/span><\/strong><\/h3>\n<p dir=\"ltr\"><span style=\"color: #00ff00;\"><strong>\u2713<\/strong> <\/span>Odbi\u00f3r i dow\u00f3z do hotelu<br \/>\n<span style=\"color: #00ff00;\"><strong>\u2713<\/strong> <\/span>1-godzinna jazda konna<br \/>\n<span style=\"color: #00ff00;\"><strong>\u2713<\/strong> <\/span>Profesjonalny przewodnik, wyszkolone konie<br \/>\n<span style=\"color: #00ff00;\"><strong>\u2713<\/strong> <\/span>Pe\u0142ne ubezpieczenie<br \/>\n<span style=\"color: #00ff00;\"><strong>\u2713<\/strong> <\/span>Wygodny transport<br \/>\n<span style=\"color: #00ff00;\"><strong>\u2713<\/strong> <\/span>Opcjonalne p\u0142ywanie w basenie na ranczu<\/p>\n<h3 dir=\"ltr\"><span style=\"color: #000000;\"><strong>Nie zawiera:<\/strong><\/span><\/h3>\n<p dir=\"ltr\"><span style=\"color: #ff0000;\"><strong>\u2717<\/strong><\/span> Napoje<br \/>\n<span style=\"color: #ff0000;\"><strong>\u2717<\/strong><\/span>Wydatki osobiste<\/p>\n<h2 dir=\"ltr\"><span style=\"color: #000000;\"><strong>Najwa\u017cniejsze wydarzenia<\/strong><\/span><\/h2>\n<p dir=\"ltr\">1-godzinna przeja\u017cd\u017cka przez lasy sosnowe<br \/>\nOdpowiedni dla wszystkich poziom\u00f3w umiej\u0119tno\u015bci<br \/>\nPrzyjazne konie i do\u015bwiadczeni przewodnicy<br \/>\nOpcjonalne 2- lub 3-godzinne przeja\u017cd\u017cki<br \/>\nOrze\u017awiaj\u0105ca k\u0105piel w basenie na ranczu<\/p>\n<h2 dir=\"ltr\"><span style=\"color: #000000;\"><strong>Pe\u0142ny opis<\/strong><\/span><\/h2>\n<p dir=\"ltr\">Rozpocznij dzie\u0144 od transferu z Kemer lub okolic na lokalne ranczo. Po kr\u00f3tkiej odprawie, wsi\u0105d\u017a na konia i wyrusz na 1-godzinn\u0105 przeja\u017cd\u017ck\u0119 malowniczymi g\u00f3rskimi szlakami, w otoczeniu sosen i odg\u0142os\u00f3w natury. Niezale\u017cnie od tego, czy jeste\u015b pocz\u0105tkuj\u0105cym, czy do\u015bwiadczonym je\u017ad\u017acem, wyszkolone konie i profesjonalni przewodnicy zapewniaj\u0105 bezpiecze\u0144stwo i przyjemno\u015b\u0107. Za dodatkow\u0105 op\u0142at\u0105 mo\u017cna przed\u0142u\u017cy\u0107 przeja\u017cd\u017ck\u0119 do 2 lub 3 godzin. Po powrocie na ranczo mo\u017cna och\u0142odzi\u0107 si\u0119 w basenie (opcjonalnie) przed powrotem do hotelu, wype\u0142nionego urokiem natury.<\/p>\n<h3 dir=\"ltr\"><span style=\"color: #000000;\"><strong>\ud83d\uddfa\ufe0f Plan podr\u00f3\u017cy<\/strong><\/span><\/h3>\n<p dir=\"ltr\">Odbi\u00f3r z Kemer i okolic<br \/>\n\ud83d\udd39 Przybycie na ranczo<br \/>\nOdprawa i instrukta\u017c jazdy konnej<br \/>\n1-godzinna przeja\u017cd\u017cka szlakiem<br \/>\nOpcjonalne p\u0142ywanie na ranczu<br \/>\nPowr\u00f3t do hotelu<\/p>\n<h3 dir=\"ltr\"><span style=\"color: #000000;\"><strong>\u2139\ufe0f Przydatne informacje<\/strong><\/span><\/h3>\n<p dir=\"ltr\">Czas trwania: ~2-3 godziny (kr\u00f3tka wycieczka, w tym transfery)<br \/>\nNiska aktywno\u015b\u0107 fizyczna (jazda konna i opcjonalnie p\u0142ywanie)<br \/>\nNie jest wymagane do\u015bwiadczenie w je\u017adzie konnej; szkolenie zapewnione<br \/>\nOpcjonalne 2- lub 3-godzinne przeja\u017cd\u017cki dost\u0119pne za dodatkow\u0105 op\u0142at\u0105.<br \/>\nKaski zapewniaj\u0105ce bezpiecze\u0144stwo<\/p>\n<h3 dir=\"ltr\"><span style=\"color: #000000;\"><strong>Nieodpowiednie dla<\/strong><\/span><\/h3>\n<p dir=\"ltr\">Dzieci poni\u017cej 6 lat<br \/>\nOsoby z powa\u017cnymi schorzeniami plec\u00f3w lub szyi<br \/>\nKobiety w ci\u0105\u017cy<\/p>\n<h2 dir=\"ltr\"><span style=\"color: #000000;\"><strong>Co zabra\u0107 ze sob\u0105<\/strong><\/span><\/h2>\n<p dir=\"ltr\">Okulary przeciws\u0142oneczne i filtr przeciws\u0142oneczny<br \/>\nStr\u00f3j k\u0105pielowy i r\u0119cznik (do p\u0142ywania)<br \/>\nGot\u00f3wka na napoje lub dodatkowe us\u0142ugi<\/p>\n<h2 dir=\"ltr\"><span style=\"color: #000000;\"><strong>Cena i rezerwacja<\/strong><\/span><\/h2>\n<p dir=\"ltr\"><strong>Zarezerwuj teraz - zap\u0142a\u0107 w dniu wycieczki<\/strong><br \/>\nSkontaktuj si\u0119 z nami przez WhatsApp, Telegram, Viber lub wype\u0142nij poni\u017cszy formularz rezerwacji. \ud83d\udc47\ud83c\udffc<\/p>\n<p>Szukasz alternatyw? Przegl\u0105daj <a href=\"https:\/\/excursionsworld.com\/pl\/kemer-wycieczki\/\">wi\u0119cej wycieczek po Kemer<\/a>.<\/p>","protected":false},"excerpt":{"rendered":"<p>Ciesz si\u0119<b> Jazda konna w Kemer<\/b> <b>trasa<\/b>! Enjoy <b>malownicze \u015bcie\u017cki przyrodnicze<\/b> przez lasy sosnowe. <b>Odpowiedni dla pocz\u0105tkuj\u0105cych!<\/b> Opcjonalny czas na basenie na ranczu. <b>Transfer<\/b> w zestawie.<\/p>","protected":false},"featured_media":12868,"comment_status":"open","ping_status":"closed","template":"","meta":[],"product_brand":[],"product_cat":[124],"product_tag":[105],"class_list":{"0":"post-12867","1":"product","2":"type-product","3":"status-publish","4":"has-post-thumbnail","6":"tour_phys-kemer-tours","7":"product_cat-kemer-tours","8":"product_tag-kemer","9":"pa_destination-kemer-tours","11":"first","12":"instock","13":"sale","14":"featured","15":"shipping-taxable","16":"purchasable","17":"product-type-tour_phys"},"aioseo_notices":[],"_links":{"self":[{"href":"https:\/\/excursionsworld.com\/pl\/wp-json\/wp\/v2\/product\/12867","targetHints":{"allow":["GET"]}}],"collection":[{"href":"https:\/\/excursionsworld.com\/pl\/wp-json\/wp\/v2\/product"}],"about":[{"href":"https:\/\/excursionsworld.com\/pl\/wp-json\/wp\/v2\/types\/product"}],"replies":[{"embeddable":true,"href":"https:\/\/excursionsworld.com\/pl\/wp-json\/wp\/v2\/comments?post=12867"}],"wp:featuredmedia":[{"embeddable":true,"href":"https:\/\/excursionsworld.com\/pl\/wp-json\/wp\/v2\/media\/12868"}],"wp:attachment":[{"href":"https:\/\/excursionsworld.com\/pl\/wp-json\/wp\/v2\/media?parent=12867"}],"wp:term":[{"taxonomy":"product_brand","embeddable":true,"href":"https:\/\/excursionsworld.com\/pl\/wp-json\/wp\/v2\/product_brand?post=12867"},{"taxonomy":"product_cat","embeddable":true,"href":"https:\/\/excursionsworld.com\/pl\/wp-json\/wp\/v2\/product_cat?post=12867"},{"taxonomy":"product_tag","embeddable":true,"href":"https:\/\/excursionsworld.com\/pl\/wp-json\/wp\/v2\/product_tag?post=12867"}],"curies":[{"name":"wp","href":"https:\/\/api.w.org\/{rel}","templated":true}]}}