{"id":12885,"date":"2025-05-10T13:28:00","date_gmt":"2025-05-10T10:28:00","guid":{"rendered":"https:\/\/excursionsworld.com\/?post_type=product&#038;p=12885"},"modified":"2026-04-24T00:20:34","modified_gmt":"2026-04-23T21:20:34","slug":"pokaz-delfinow-plywanie-kemer","status":"publish","type":"product","link":"https:\/\/excursionsworld.com\/tours\/dolphin-show-swim-kemer\/","title":{"rendered":"Pokaz Delfin\u00f3w i P\u0142ywanie z Delfinami w Kemer \u2013 Zabawa dla Rodziny"},"content":{"rendered":"<h2 dir=\"ltr\"><span style=\"color: #000000;\"><strong>Przegl\u0105d<\/strong><\/span><\/h2>\n<p dir=\"ltr\">Zanurz si\u0119 w rado\u015b\u0107 z wycieczk\u0105 na pokaz delfin\u00f3w z <a href=\"https:\/\/en.wikipedia.org\/wiki\/Kemer,_Antalya\" target=\"_blank\" rel=\"noopener\">Kemer<\/a> i okolice! Ciesz si\u0119 50-minutowym pokazem akrobatycznych delfin\u00f3w i opcjonaln\u0105 k\u0105piel\u0105. Wycieczka, idealna dla rodzin, trwa oko\u0142o 3-4 godzin i obejmuje transfery.<\/p>\n<h3 dir=\"ltr\"><span style=\"color: #000000;\"><strong>W zestawie<\/strong>:<\/span><\/h3>\n<p dir=\"ltr\"><span style=\"color: #00ff00;\"><strong>\u2713<\/strong><\/span> Odbi\u00f3r i dow\u00f3z do hotelu<br \/>\n<span style=\"color: #00ff00;\"><strong>\u2713 <\/strong><\/span>Bilet wst\u0119pu na pokaz delfin\u00f3w<br \/>\n<span style=\"color: #00ff00;\"><strong>\u2713 <\/strong><\/span>Wygodny klimatyzowany autobus<br \/>\n<span style=\"color: #00ff00;\"><strong>\u2713 <\/strong><\/span>Pe\u0142ne ubezpieczenie<br \/>\n<span style=\"color: #00ff00;\"><strong>\u2713 <\/strong><\/span>Przewodnik<\/p>\n<h3 dir=\"ltr\"><span style=\"color: #000000;\"><strong>Nie zawiera:<\/strong><\/span><\/h3>\n<p dir=\"ltr\"><span style=\"color: #ff0000;\"><strong>\u2717<\/strong> <\/span>Wydatki osobiste, zdj\u0119cia i filmy<br \/>\n<span style=\"color: #ff0000;\"><strong>\u2717<\/strong> <\/span>Napoje<br \/>\n<span style=\"color: #ff0000;\"><strong>\u2717<\/strong> <\/span>P\u0142ywanie z delfinami (dodatkowa op\u0142ata)<\/p>\n<h2 dir=\"ltr\"><span style=\"color: #000000;\"><strong>Najwa\u017cniejsze wydarzenia<\/strong><\/span><\/h2>\n<p dir=\"ltr\">50-minutowy pokaz delfin\u00f3w ze skokami i sztuczkami<br \/>\nZabawa i edukacja dla wszystkich grup wiekowych<br \/>\n\ud83d\udd39 Zabawne delfiny i wykwalifikowani trenerzy<br \/>\nOpcjonalne p\u0142ywanie z delfinami<br \/>\nRozrywka przyjazna rodzinie<\/p>\n<h2 dir=\"ltr\"><span style=\"color: #000000;\"><strong>Pe\u0142ny opis<\/strong><\/span><\/h2>\n<p dir=\"ltr\">Wyrusz na wspania\u0142\u0105 przygod\u0119 z transferem z hotelu Kemer lub pobliskich obszar\u00f3w do jednego z najlepszych delfinari\u00f3w w Antalyi. Zapraszamy na 50-minutowy pokaz, podczas kt\u00f3rego sprytne delfiny wykonuj\u0105 zapieraj\u0105ce dech w piersiach skoki, ta\u0144ce i figlarne sztuczki wraz ze swoimi trenerami. Choreografia urzeka zar\u00f3wno dzieci, jak i doros\u0142ych, \u0142\u0105cz\u0105c zabaw\u0119 z fascynuj\u0105cym wgl\u0105dem w \u017cycie morskie. Aby uzyska\u0107 bli\u017csze spotkanie, zdecyduj si\u0119 na p\u0142ywanie z delfinami (dodatkowa op\u0142ata, wymagana rezerwacja). Po pokazie, ciesz si\u0119 wolnym czasem i wr\u00f3\u0107 do hotelu u\u015bmiechni\u0119ty po tym serdecznym do\u015bwiadczeniu.<\/p>\n<h3 dir=\"ltr\"><span style=\"color: #000000;\"><strong>\ud83d\uddfa\ufe0f Plan podr\u00f3\u017cy<\/strong><\/span><\/h3>\n<p dir=\"ltr\">Odbi\u00f3r z Kemer i okolic<br \/>\n\ud83d\udd39 Przyjazd do delfinarium<br \/>\n\ud83d\udd39 Pokaz delfin\u00f3w (50 minut)<br \/>\nCzas wolny i opcjonalne p\u0142ywanie z delfinami<br \/>\nPowr\u00f3t do hotelu<\/p>\n<h3 dir=\"ltr\"><span style=\"color: #000000;\"><strong>\u2139\ufe0f Przydatne informacje<\/strong><\/span><\/h3>\n<p dir=\"ltr\">Czas trwania: ~3-4 godziny (kr\u00f3tka wycieczka, w tym transfery)<br \/>\nNiska aktywno\u015b\u0107 fizyczna (ogl\u0105danie i chodzenie)<\/p>\n<h2 dir=\"ltr\"><span style=\"color: #000000;\"><strong>Co zabra\u0107 ze sob\u0105<\/strong><\/span><\/h2>\n<p dir=\"ltr\">Okulary przeciws\u0142oneczne<br \/>\nAparat fotograficzny lub smartfon<br \/>\nGot\u00f3wka na napoje lub dodatkowe us\u0142ugi<br \/>\nWygodna odzie\u017c<\/p>\n<h3 dir=\"ltr\"><span style=\"color: #000000;\"><strong>Nieodpowiednie dla<\/strong><\/span><\/h3>\n<p dir=\"ltr\">Osoby z powa\u017cnymi alergiami na zwierz\u0119ta<br \/>\nGo\u015bcie ze znacznymi ograniczeniami ruchowymi (prosimy o wcze\u015bniejszy kontakt)<\/p>\n<div class=\"elementor-element elementor-element-884d539 e-con-full e-flex e-con e-child\" data-id=\"884d539\" data-element_type=\"container\">\n<div id=\"description\" class=\"elementor-element elementor-element-337037cc elementor-widget elementor-widget-thim-ekits-tours-content\" data-id=\"337037cc\" data-element_type=\"widget\" data-widget_type=\"thim-ekits-tours-content.default\">\n<div class=\"elementor-widget-container\">\n<div class=\"thim-ekit-single-tour__content\">\n<h2>Cena i rezerwacja<\/h2>\n<p><strong>Zarezerwuj teraz, zap\u0142a\u0107 w dniu wycieczki<\/strong><br \/>Skontaktuj si\u0119 z nami przez WhatsApp, Telegram, Viber lub wype\u0142nij poni\u017cszy formularz rezerwacji \ud83d\udc47\ud83c\udffc<\/p>\n<\/div>\n<\/div>\n<\/div>\n<\/div>\n<p>Szukasz alternatyw? Przegl\u0105daj <a href=\"https:\/\/excursionsworld.com\/pl\/kemer-wycieczki\/\">wi\u0119cej wycieczek po Kemer<\/a>.<\/p>","protected":false},"excerpt":{"rendered":"<p>Idealny <b>rodzinna wycieczka<\/b>! Ciesz si\u0119 50-minutowym <b>Pokaz delfin\u00f3w w Kemer<\/b> lub zdecydowa\u0107 si\u0119 na magiczny <b>p\u0142ywa\u0107 z delfinami<\/b>! Niezapomniane morskie <b>wycieczka<\/b>. <b>Transfer<\/b> w zestawie.<\/p>","protected":false},"featured_media":12886,"comment_status":"open","ping_status":"closed","template":"","meta":[],"product_brand":[],"product_cat":[124],"product_tag":[105],"class_list":{"0":"post-12885","1":"product","2":"type-product","3":"status-publish","4":"has-post-thumbnail","6":"tour_phys-kemer-tours","7":"product_cat-kemer-tours","8":"product_tag-kemer","9":"pa_destination-kemer-tours","11":"first","12":"instock","13":"sale","14":"featured","15":"shipping-taxable","16":"purchasable","17":"product-type-tour_phys"},"aioseo_notices":[],"_links":{"self":[{"href":"https:\/\/excursionsworld.com\/pl\/wp-json\/wp\/v2\/product\/12885","targetHints":{"allow":["GET"]}}],"collection":[{"href":"https:\/\/excursionsworld.com\/pl\/wp-json\/wp\/v2\/product"}],"about":[{"href":"https:\/\/excursionsworld.com\/pl\/wp-json\/wp\/v2\/types\/product"}],"replies":[{"embeddable":true,"href":"https:\/\/excursionsworld.com\/pl\/wp-json\/wp\/v2\/comments?post=12885"}],"wp:featuredmedia":[{"embeddable":true,"href":"https:\/\/excursionsworld.com\/pl\/wp-json\/wp\/v2\/media\/12886"}],"wp:attachment":[{"href":"https:\/\/excursionsworld.com\/pl\/wp-json\/wp\/v2\/media?parent=12885"}],"wp:term":[{"taxonomy":"product_brand","embeddable":true,"href":"https:\/\/excursionsworld.com\/pl\/wp-json\/wp\/v2\/product_brand?post=12885"},{"taxonomy":"product_cat","embeddable":true,"href":"https:\/\/excursionsworld.com\/pl\/wp-json\/wp\/v2\/product_cat?post=12885"},{"taxonomy":"product_tag","embeddable":true,"href":"https:\/\/excursionsworld.com\/pl\/wp-json\/wp\/v2\/product_tag?post=12885"}],"curies":[{"name":"wp","href":"https:\/\/api.w.org\/{rel}","templated":true}]}}