{"id":12893,"date":"2025-05-10T13:52:10","date_gmt":"2025-05-10T10:52:10","guid":{"rendered":"https:\/\/excursionsworld.com\/?post_type=product&#038;p=12893"},"modified":"2026-04-23T05:58:44","modified_gmt":"2026-04-23T02:58:44","slug":"wedkowanie-piknik-kemer-ulupinar","status":"publish","type":"product","link":"https:\/\/excursionsworld.com\/tours\/kemer-fishing-picnic-tour-ulupinar\/","title":{"rendered":"W\u0119dkowanie i Piknik w Kemer \u2013 P\u00f3\u0142dniowa Wycieczka do Ulup\u0131nar"},"content":{"rendered":"<h2 dir=\"ltr\" data-pm-slice=\"1 1 []\"><span style=\"color: #000000;\"><strong>Przegl\u0105d<\/strong><\/span><\/h2>\n<p dir=\"ltr\">Ucieknij od zgie\u0142ku dzi\u0119ki wycieczce z piknikiem i w\u0119dkowaniem w Ulup\u0131nar od <a href=\"https:\/\/en.wikipedia.org\/wiki\/Kemer,_Antalya\" target=\"_blank\" rel=\"noopener\">Kemer<\/a> i okolice! Ciesz si\u0119 relaksuj\u0105cym dniem nad rzek\u0105, \u0142owi\u0105c ryby i delektuj\u0105c si\u0119 pysznym lunchem na \u0142onie natury. Wycieczka odpowiednia dla wszystkich grup wiekowych trwa oko\u0142o 5-6 godzin.<\/p>\n<h3 dir=\"ltr\"><span style=\"color: #000000;\"><strong>W zestawie<\/strong><\/span>:<\/h3>\n<p dir=\"ltr\"><span style=\"color: #00ff00;\"><strong>\u2713<\/strong> <\/span>Odbi\u00f3r i dow\u00f3z do hotelu<br \/>\n<span style=\"color: #00ff00;\"><strong>\u2713 <\/strong><\/span>Profesjonalny przewodnik<br \/>\n<span style=\"color: #00ff00;\"><strong>\u2713 <\/strong><\/span>Pe\u0142ne ubezpieczenie<br \/>\n<span style=\"color: #00ff00;\"><strong>\u2713 <\/strong><\/span>Wygodny klimatyzowany autobus<br \/>\n<span style=\"color: #00ff00;\"><strong>\u2713 <\/strong><\/span>Lunch i napoje nad rzek\u0105<br \/>\n<span style=\"color: #00ff00;\"><strong>\u2713 <\/strong><\/span>Sprz\u0119t w\u0119dkarski<\/p>\n<h3 dir=\"ltr\"><span style=\"color: #000000;\"><strong>Nie zawiera:<\/strong><\/span><\/h3>\n<p dir=\"ltr\"><span style=\"color: #ff0000;\"><strong>\u2717<\/strong> <\/span>Wydatki osobiste, zdj\u0119cia i filmy<\/p>\n<h2 dir=\"ltr\"><span style=\"color: #000000;\"><strong>Najwa\u017cniejsze wydarzenia<\/strong><\/span><\/h2>\n<p dir=\"ltr\">Spokojny piknik nad ch\u0142odnymi wodami Ulup\u0131nar<br \/>\n1,5 godziny w\u0119dkowania z opcj\u0105 gotowania z\u0142owionych ryb<br \/>\nZacienione obszary relaksacyjne<br \/>\nMalownicza przyroda idealna dla rodzin i par<br \/>\nRelaks na \u015bwie\u017cym powietrzu<\/p>\n<h2 dir=\"ltr\"><span style=\"color: #000000;\"><strong>Pe\u0142ny opis<\/strong><\/span><\/h2>\n<p dir=\"ltr\">Zanurz si\u0119 w spokoju dzi\u0119ki transferowi z Kemer lub pobliskich obszar\u00f3w do Ulup\u0131nar, s\u0142yn\u0105cego z ch\u0142odnych strumieni i bujnych krajobraz\u00f3w. W restauracji nad rzek\u0105 mo\u017cesz wybra\u0107 si\u0119 na 1,5-godzinn\u0105 sesj\u0119 w\u0119dkowania w wyznaczonych basenach lub po prostu zrelaksowa\u0107 si\u0119 w zacienionym miejscu piknikowym. Z\u0142ap ryby, kt\u00f3re mog\u0105 by\u0107 \u015bwie\u017co przygotowane dla Ciebie. Ciesz si\u0119 pysznym lunchem nad rzek\u0105, zanurzaj\u0105c si\u0119 w atmosferze sosen i szumi\u0105cej wody. Ta przyjazna rodzinom wycieczka \u0142\u0105czy w sobie natur\u0119 i relaks, a do hotelu wr\u00f3cisz wypocz\u0119ty.<\/p>\n<h3 dir=\"ltr\"><span style=\"color: #000000;\"><strong>\ud83d\uddfa\ufe0f Plan podr\u00f3\u017cy<\/strong><\/span><\/h3>\n<p dir=\"ltr\">Odbi\u00f3r z Kemer i okolic<br \/>\n\ud83d\udd39 Przyjazd do restauracji Ulup\u0131nar<br \/>\nOdprawa w\u0119dkarska<br \/>\n1,5 godziny w\u0119dkowania lub czasu wolnego<br \/>\nLunch nad rzek\u0105<br \/>\nPowr\u00f3t do hotelu<\/p>\n<h3 dir=\"ltr\"><span style=\"color: #000000;\"><strong>\u2139\ufe0f Przydatne informacje<\/strong><\/span><\/h3>\n<p dir=\"ltr\">Czas trwania: ~5-6 godzin (wycieczka p\u00f3\u0142dniowa)<br \/>\nNiska aktywno\u015b\u0107 fizyczna (w\u0119dkarstwo lub relaks)<br \/>\nW\u0119dkowanie jest opcjonalne; mo\u017cna po prostu cieszy\u0107 si\u0119 piknikiem.<br \/>\nZ\u0142owione ryby mog\u0105 by\u0107 gotowane<br \/>\nWycieczka dost\u0119pna codziennie w sezonie letnim<br \/>\nOdpowiedni dla wszystkich grup wiekowych<\/p>\n<h2 dir=\"ltr\">Co zabra\u0107 ze sob\u0105<\/h2>\n<p dir=\"ltr\">Okulary przeciws\u0142oneczne i filtr przeciws\u0142oneczny<br \/>\nKamera (opcjonalnie)<\/p>\n<h3 dir=\"ltr\"><span style=\"color: #000000;\"><strong>Nieodpowiednie dla<\/strong><\/span><\/h3>\n<p dir=\"ltr\">Go\u015bcie z powa\u017cnymi problemami z poruszaniem si\u0119<br \/>\nOsoby, kt\u00f3re nie lubi\u0105 aktywno\u015bci na \u015bwie\u017cym powietrzu<\/p>\n<h2 dir=\"ltr\"><span style=\"color: #000000;\"><strong>Cena i rezerwacja<\/strong><\/span><\/h2>\n<p dir=\"ltr\"><strong>Zarezerwuj teraz - zap\u0142a\u0107 w dniu wycieczki<\/strong><br \/>\nSkontaktuj si\u0119 z nami przez WhatsApp, Telegram, Viber lub wype\u0142nij poni\u017cszy formularz rezerwacji. \ud83d\udc47\ud83c\udffc<\/p>\n<p>Szukasz alternatyw? Przegl\u0105daj <a href=\"https:\/\/excursionsworld.com\/pl\/urun-kategori\/kemer-wycieczki\/\">wi\u0119cej wycieczek po Kemer<\/a>.<\/p>","protected":false},"excerpt":{"rendered":"<p>Zarezerwuj sw\u00f3j najlepszy <b>wycieczka jednodniowa<\/b>! Enjoy <b>W\u0119dkowanie i piknik w Kemer<\/b> <b>wycieczka<\/b> w spokoju <b>Ulup\u0131nar<\/b> nad rzek\u0105. Ryba (ugotuj swoj\u0105 <b>po\u0142\u00f3w<\/b>!), zrelaksowa\u0107 si\u0119, zje\u015b\u0107 lunch i wypi\u0107 napoje.<\/p>","protected":false},"featured_media":12894,"comment_status":"open","ping_status":"closed","template":"","meta":[],"product_brand":[],"product_cat":[124],"product_tag":[105],"class_list":{"0":"post-12893","1":"product","2":"type-product","3":"status-publish","4":"has-post-thumbnail","6":"tour_phys-kemer-tours","7":"product_cat-kemer-tours","8":"product_tag-kemer","9":"pa_destination-kemer-tours","11":"first","12":"instock","13":"sale","14":"featured","15":"shipping-taxable","16":"purchasable","17":"product-type-tour_phys"},"aioseo_notices":[],"_links":{"self":[{"href":"https:\/\/excursionsworld.com\/pl\/wp-json\/wp\/v2\/product\/12893","targetHints":{"allow":["GET"]}}],"collection":[{"href":"https:\/\/excursionsworld.com\/pl\/wp-json\/wp\/v2\/product"}],"about":[{"href":"https:\/\/excursionsworld.com\/pl\/wp-json\/wp\/v2\/types\/product"}],"replies":[{"embeddable":true,"href":"https:\/\/excursionsworld.com\/pl\/wp-json\/wp\/v2\/comments?post=12893"}],"wp:featuredmedia":[{"embeddable":true,"href":"https:\/\/excursionsworld.com\/pl\/wp-json\/wp\/v2\/media\/12894"}],"wp:attachment":[{"href":"https:\/\/excursionsworld.com\/pl\/wp-json\/wp\/v2\/media?parent=12893"}],"wp:term":[{"taxonomy":"product_brand","embeddable":true,"href":"https:\/\/excursionsworld.com\/pl\/wp-json\/wp\/v2\/product_brand?post=12893"},{"taxonomy":"product_cat","embeddable":true,"href":"https:\/\/excursionsworld.com\/pl\/wp-json\/wp\/v2\/product_cat?post=12893"},{"taxonomy":"product_tag","embeddable":true,"href":"https:\/\/excursionsworld.com\/pl\/wp-json\/wp\/v2\/product_tag?post=12893"}],"curies":[{"name":"wp","href":"https:\/\/api.w.org\/{rel}","templated":true}]}}