{"id":12915,"date":"2025-05-10T15:55:17","date_gmt":"2025-05-10T12:55:17","guid":{"rendered":"https:\/\/excursionsworld.com\/?post_type=product&#038;p=12915"},"modified":"2026-04-24T00:20:35","modified_gmt":"2026-04-23T21:20:35","slug":"lot-paralotnia-tandem-adrasan-kemer","status":"publish","type":"product","link":"https:\/\/excursionsworld.com\/tours\/kemer-tandem-paragliding-adrasan\/","title":{"rendered":"Kemer Lot Paralotni\u0105 Tandem w Adrasan \u2013 Podniebna Przygoda"},"content":{"rendered":"<h2 dir=\"ltr\" data-pm-slice=\"1 1 []\"><span style=\"color: #000000;\"><strong>Przegl\u0105d<\/strong><\/span><\/h2>\n<p dir=\"ltr\">Do\u015bwiadcz dreszczyku emocji paralotniarstwa nad wybrze\u017cem Adrasanu podczas p\u00f3\u0142dniowej wycieczki z <a href=\"https:\/\/en.wikipedia.org\/wiki\/Kemer,_Antalya\" target=\"_blank\" rel=\"noopener\">Kemer<\/a> i okolice! Wznie\u015b si\u0119 na wysoko\u015b\u0107 985 metr\u00f3w, podziwiaj widoki na Morze \u015ar\u00f3dziemne i pop\u0142ywaj na pla\u017cy Adrasan. Ta przygoda trwaj\u0105ca oko\u0142o 4-5 godzin jest idealna dla poszukiwaczy mocnych wra\u017ce\u0144.<\/p>\n<h3 dir=\"ltr\"><span style=\"color: #000000;\"><strong>W zestawie:<\/strong><\/span><\/h3>\n<p dir=\"ltr\"><span style=\"color: #00ff00;\"><strong>\u2713<\/strong> <\/span>Odbi\u00f3r i dow\u00f3z do hotelu<br \/>\n<span style=\"color: #00ff00;\"><strong>\u2713<\/strong> <\/span>Profesjonalni piloci, certyfikowany sprz\u0119t<br \/>\n<span style=\"color: #00ff00;\"><strong>\u2713<\/strong> <\/span>Lot paralotni\u0105 (25-35 minut)<br \/>\n<span style=\"color: #00ff00;\"><strong>\u2713<\/strong> <\/span>Pe\u0142ne ubezpieczenie<br \/>\n<span style=\"color: #00ff00;\"><strong>\u2713<\/strong> <\/span>Przerwa na p\u0142ywanie na pla\u017cy Adrasan<\/p>\n<h3 dir=\"ltr\"><span style=\"color: #000000;\"><strong>Nie zawiera:<\/strong><\/span><\/h3>\n<p dir=\"ltr\"><span style=\"color: #ff0000;\"><strong>\u2717<\/strong><\/span> Wydatki osobiste<br \/>\n<span style=\"color: #ff0000;\"><strong>\u2717 <\/strong><\/span>Zdj\u0119cia i filmy (opcjonalnie)<br \/>\n<span style=\"color: #ff0000;\"><strong>\u2717 <\/strong><\/span>Napoje<\/p>\n<h2 dir=\"ltr\"><span style=\"color: #000000;\"><strong>Najwa\u017cniejsze wydarzenia<\/strong><\/span><\/h2>\n<p dir=\"ltr\">Lot z wysoko\u015bci 985 m nad zatok\u0105 Adrasan<br \/>\nWspania\u0142e widoki na morze i g\u00f3ry<br \/>\nBezpieczny lot z do\u015bwiadczonymi pilotami<br \/>\n\u0141agodne l\u0105dowanie na pla\u017cy Adrasan<br \/>\nRelaksuj\u0105ca k\u0105piel po locie<\/p>\n<h2 dir=\"ltr\"><span style=\"color: #000000;\"><strong>Pe\u0142ny opis<\/strong><\/span><\/h2>\n<p dir=\"ltr\">Rozpocznij swoj\u0105 przygod\u0119 od wygodnego transferu z Kemer lub pobliskich obszar\u00f3w do punktu startowego w Adrasan na wysoko\u015bci 985 m. Po dok\u0142adnej odprawie bezpiecze\u0144stwa profesjonalni piloci przygotuj\u0105 Ci\u0119 do lotu. Szybuj nad turkusowymi wodami zatoki Adrasan, bujnymi dolinami i surowymi szczytami przez 25-35 minut, ch\u0142on\u0105c pi\u0119kno Morza \u015ar\u00f3dziemnego. Wyl\u0105duj mi\u0119kko na pla\u017cy Adrasan, gdzie mo\u017cesz pop\u0142ywa\u0107 w krystalicznych wodach i zrelaksowa\u0107 si\u0119. Wr\u00f3\u0107 do hotelu podekscytowany lotem i morzem.<\/p>\n<h3 dir=\"ltr\"><span style=\"color: #000000;\"><strong>\ud83d\uddfa\ufe0f Plan podr\u00f3\u017cy<\/strong><\/span><\/h3>\n<p dir=\"ltr\">Odbi\u00f3r z Kemer i okolic<br \/>\n\ud83d\udd39 Przybycie do punktu startowego Adrasan (985 m)<br \/>\nOdprawa i konfiguracja sprz\u0119tu<br \/>\nLot paralotni\u0105 (25-35 minut)<br \/>\nL\u0105dowanie i p\u0142ywanie na pla\u017cy Adrasan<br \/>\nPowr\u00f3t do hotelu<\/p>\n<h3 dir=\"ltr\"><span style=\"color: #000000;\"><strong>\u2139\ufe0f Przydatne informacje<\/strong><\/span><\/h3>\n<p dir=\"ltr\">Czas trwania: ~4-5 godzin (wycieczka p\u00f3\u0142dniowa)<br \/>\nUmiarkowana aktywno\u015b\u0107 fizyczna<br \/>\nMinimalny wiek: 5 lat; maksymalna waga: 110 kg<br \/>\nLoty zale\u017c\u0105 od warunk\u00f3w pogodowych i wietrznych.<br \/>\nPodanie nazwy i adresu hotelu podczas rezerwacji<br \/>\nPakiety foto\/wideo dost\u0119pne po wyl\u0105dowaniu<\/p>\n<h2 dir=\"ltr\"><span style=\"color: #000000;\"><strong>Co zabra\u0107 ze sob\u0105<\/strong><\/span><\/h2>\n<p dir=\"ltr\">Obuwie sportowe (nie sanda\u0142y ani klapki)<br \/>\nOkulary przeciws\u0142oneczne i filtr przeciws\u0142oneczny<br \/>\nStr\u00f3j k\u0105pielowy i r\u0119cznik<br \/>\nWoda lub lekkie napoje<br \/>\nGot\u00f3wka za zdj\u0119cia lub dodatkowe us\u0142ugi<\/p>\n<h3 dir=\"ltr\"><span style=\"color: #000000;\"><strong>Nieodpowiednie dla<\/strong><\/span><\/h3>\n<p dir=\"ltr\">Kobiety w ci\u0105\u017cy<br \/>\nDzieci poni\u017cej 5 roku \u017cycia<br \/>\nOsoby z chorobami serca lub epilepsj\u0105<br \/>\nOsoby o wadze powy\u017cej 110 kg<\/p>\n<h2 dir=\"ltr\"><span style=\"color: #000000;\"><strong>Cena i rezerwacja<\/strong><\/span><\/h2>\n<p dir=\"ltr\"><strong>Zarezerwuj teraz - zap\u0142a\u0107 w dniu wycieczki<\/strong><br \/>\nSkontaktuj si\u0119 z nami przez WhatsApp, Telegram, Viber lub wype\u0142nij poni\u017cszy formularz rezerwacji. \ud83d\udc47\ud83c\udffc<\/p>\n<p>Szukasz alternatyw? Przegl\u0105daj <a href=\"https:\/\/excursionsworld.com\/pl\/kemer-wycieczki\/\">wi\u0119cej wycieczek po Kemer<\/a>.<\/p>","protected":false},"excerpt":{"rendered":"<p>Paralotniarstwo w tandemie w Adrasan z Kemer z do\u015bwiadczonymi pilotami. Szybuj nad turkusowymi zatokami i wyl\u0105duj na pla\u017cy. Obejmuje transfer do hotelu i pe\u0142ne wskaz\u00f3wki.<\/p>","protected":false},"featured_media":12841,"comment_status":"open","ping_status":"closed","template":"","meta":[],"product_brand":[],"product_cat":[124],"product_tag":[105],"class_list":{"0":"post-12915","1":"product","2":"type-product","3":"status-publish","4":"has-post-thumbnail","6":"tour_phys-kemer-tours","7":"product_cat-kemer-tours","8":"product_tag-kemer","9":"pa_destination-kemer-tours","11":"first","12":"instock","13":"sale","14":"featured","15":"shipping-taxable","16":"purchasable","17":"product-type-tour_phys"},"aioseo_notices":[],"_links":{"self":[{"href":"https:\/\/excursionsworld.com\/pl\/wp-json\/wp\/v2\/product\/12915","targetHints":{"allow":["GET"]}}],"collection":[{"href":"https:\/\/excursionsworld.com\/pl\/wp-json\/wp\/v2\/product"}],"about":[{"href":"https:\/\/excursionsworld.com\/pl\/wp-json\/wp\/v2\/types\/product"}],"replies":[{"embeddable":true,"href":"https:\/\/excursionsworld.com\/pl\/wp-json\/wp\/v2\/comments?post=12915"}],"wp:featuredmedia":[{"embeddable":true,"href":"https:\/\/excursionsworld.com\/pl\/wp-json\/wp\/v2\/media\/12841"}],"wp:attachment":[{"href":"https:\/\/excursionsworld.com\/pl\/wp-json\/wp\/v2\/media?parent=12915"}],"wp:term":[{"taxonomy":"product_brand","embeddable":true,"href":"https:\/\/excursionsworld.com\/pl\/wp-json\/wp\/v2\/product_brand?post=12915"},{"taxonomy":"product_cat","embeddable":true,"href":"https:\/\/excursionsworld.com\/pl\/wp-json\/wp\/v2\/product_cat?post=12915"},{"taxonomy":"product_tag","embeddable":true,"href":"https:\/\/excursionsworld.com\/pl\/wp-json\/wp\/v2\/product_tag?post=12915"}],"curies":[{"name":"wp","href":"https:\/\/api.w.org\/{rel}","templated":true}]}}