{"id":12918,"date":"2025-05-10T17:50:54","date_gmt":"2025-05-10T14:50:54","guid":{"rendered":"https:\/\/excursionsworld.com\/?post_type=product&#038;p=12918"},"modified":"2026-04-24T01:34:40","modified_gmt":"2026-04-23T22:34:40","slug":"zachod-kolejka-tahtali-kemer","status":"publish","type":"product","link":"https:\/\/excursionsworld.com\/tours\/sunset-cable-car-tahtali-kemer\/","title":{"rendered":"Kemer Kolejka linowa o zachodzie s\u0142o\u0144ca na g\u00f3r\u0119 Tahtali \u2013 Olympos Teleferik"},"content":{"rendered":"<h2 dir=\"ltr\" data-pm-slice=\"1 1 []\"><span style=\"color: #000000;\"><strong>\ud83c\udfd4\ufe0f Przegl\u0105d<\/strong><\/span><\/h2>\n<p dir=\"ltr\">Wyrusz w niezapomnian\u0105 podr\u00f3\u017c na szczyt g\u00f3ry Tahtal\u0131, aby zobaczy\u0107 zach\u00f3d s\u0142o\u0144ca na wysoko\u015bci 2365 metr\u00f3w. Wjed\u017a jedn\u0105 z najd\u0142u\u017cszych kolejek linowych na \u015bwiecie i podziwiaj wspania\u0142e widoki na Morze \u015ar\u00f3dziemne i g\u00f3ry Taurus. Idealny na romantyczny wiecz\u00f3r lub spokojny wypoczynek na \u0142onie natury!<\/p>\n<h3 dir=\"ltr\"><span style=\"color: #000000;\"><strong>W zestawie:<\/strong><\/span><\/h3>\n<p dir=\"ltr\"><span style=\"color: #00ff00;\"><strong>\u2713<\/strong><\/span> Odbi\u00f3r i dow\u00f3z do hotelu<br \/>\n<span style=\"color: #00ff00;\"><strong>\u2713 <\/strong><\/span>Ubezpieczenie<br \/>\n<span style=\"color: #00ff00;\"><strong>\u2713 <\/strong><\/span>Bilet na kolejk\u0119 linow\u0105<br \/>\n<span style=\"color: #00ff00;\"><strong>\u2713 <\/strong><\/span>Kolacja z muzyk\u0105 na \u017cywo<\/p>\n<h3 dir=\"ltr\"><span style=\"color: #000000;\"><strong>Nie zawiera:<\/strong><\/span><\/h3>\n<p dir=\"ltr\"><span style=\"color: #ff0000;\"><strong>\u2717<\/strong><\/span> Napoje<br \/>\n<span style=\"color: #ff0000;\"><strong>\u2717 <\/strong><\/span>Wydatki osobiste<br \/>\n<span style=\"color: #ff0000;\"><strong>\u2717 <\/strong><\/span>Zdj\u0119cia i filmy<\/p>\n<h2 dir=\"ltr\"><span style=\"color: #000000;\"><strong>Najwa\u017cniejsze atrakcje wycieczki<\/strong><\/span><\/h2>\n<p dir=\"ltr\">\ud83d\udd39 Wjazd kolejk\u0105 linow\u0105 (12 minut) na szczyt Tahtal\u0131<br \/>\nNiezapomniany zach\u00f3d s\u0142o\u0144ca z panoramicznym widokiem na morze i g\u00f3ry<br \/>\nKolacja z muzyk\u0105 na \u017cywo w kawiarni na szczycie<br \/>\nRomantyczna i spokojna atmosfera ponad chmurami<br \/>\nDogodne transfery do hoteli<br \/>\nIdealny dla par i mi\u0142o\u015bnik\u00f3w przyrody<\/p>\n<h2 dir=\"ltr\"><span style=\"color: #000000;\"><strong>Pe\u0142ny opis<\/strong><\/span><\/h2>\n<div dir=\"ltr\">Wycieczka rozpoczyna si\u0119 od transferu z hotelu w Antalyi do dolnej stacji kolejki linowej na wysoko\u015bci 726 metr\u00f3w. Stamt\u0105d mo\u017cesz cieszy\u0107 si\u0119 12-minutow\u0105 przeja\u017cd\u017ck\u0105 na szczyt g\u00f3ry Tahtal\u0131 (2365 metr\u00f3w) jedn\u0105 z najd\u0142u\u017cszych kolejek linowych na \u015bwiecie.<\/div>\n<div dir=\"ltr\">Na szczycie mo\u017cna podziwia\u0107 zapieraj\u0105ce dech w piersiach widoki na wybrze\u017ce Morza \u015ar\u00f3dziemnego i g\u00f3ry Taurus. Gdy zachodzi s\u0142o\u0144ce, niebo zmienia si\u0119 w \u017cywe odcienie, tworz\u0105c magiczn\u0105 atmosfer\u0119. R\u00f3b wspania\u0142e zdj\u0119cia, oddychaj \u015bwie\u017cym g\u00f3rskim powietrzem i zrelaksuj si\u0119.<\/div>\n<div dir=\"ltr\">Po zachodzie s\u0142o\u0144ca mo\u017cna delektowa\u0107 si\u0119 pyszn\u0105 kolacj\u0105 przy muzyce na \u017cywo w kawiarni na szczycie. Nast\u0119pnie zjed\u017a kolejk\u0105 linow\u0105 i wr\u00f3\u0107 do hotelu z cennymi wspomnieniami.<\/div>\n<h3 dir=\"ltr\"><span style=\"color: #000000;\"><strong>\ud83d\uddfa\ufe0f Plan podr\u00f3\u017cy<\/strong><\/span><\/h3>\n<p dir=\"ltr\">Odbi\u00f3r z hotelu w Antalyi<br \/>\n\ud83d\udd39 Przyjazd do dolnej stacji kolejki linowej<br \/>\nWjazd kolejk\u0105 linow\u0105 na szczyt Tahtal\u0131 (12 minut)<br \/>\nPodziwianie zachodu s\u0142o\u0144ca i panoramicznych widok\u00f3w<br \/>\nKolacja z muzyk\u0105 na \u017cywo<br \/>\n\ud83d\udd39 Zjazd kolejk\u0105 linow\u0105<br \/>\nPowr\u00f3t do hotelu<\/p>\n<h3 dir=\"ltr\"><span style=\"color: #000000;\"><strong>\u2139\ufe0f Przydatne informacje<\/strong><\/span><\/h3>\n<p dir=\"ltr\">Czas trwania: ~4-5 godz.<br \/>\nCzas zachodu s\u0142o\u0144ca r\u00f3\u017cni si\u0119 w zale\u017cno\u015bci od pory roku<br \/>\nPogoda na szczycie mo\u017ce by\u0107 ch\u0142odniejsza ni\u017c w mie\u015bcie<br \/>\nSwobodnie podr\u00f3\u017cuj\u0105ce dzieci nie maj\u0105 oddzielnego miejsca w autobusie; siedz\u0105 na kolanach osoby doros\u0142ej, chyba \u017ce miejsce jest zarezerwowane.<br \/>\nDzieci poni\u017cej 6. roku \u017cycia podr\u00f3\u017cuj\u0105ce bezp\u0142atnie nie maj\u0105 oddzielnego miejsca w autobusie. W razie potrzeby zarezerwuj miejsce<\/p>\n<h2 dir=\"ltr\"><span style=\"color: #000000;\"><strong>Co zabra\u0107 ze sob\u0105<\/strong><\/span><\/h2>\n<p dir=\"ltr\">Lekka kurtka (na szczycie mo\u017ce by\u0107 ch\u0142odno)<br \/>\nWygodne buty<br \/>\nAparat fotograficzny lub smartfon<br \/>\nGot\u00f3wka na wydatki osobiste<\/p>\n<h3 dir=\"ltr\"><span style=\"color: #000000;\"><strong>Nieodpowiednie dla<\/strong><\/span><\/h3>\n<p dir=\"ltr\">Osoby z l\u0119kiem wysoko\u015bci<br \/>\nPodr\u00f3\u017cni o ograniczonej sprawno\u015bci ruchowej<\/p>\n<h4 dir=\"ltr\"><span style=\"color: #000000;\"><strong>Cena i rezerwacja<\/strong><\/span><\/h4>\n<p dir=\"ltr\"><strong>Zarezerwuj teraz - zap\u0142a\u0107 w dniu wycieczki<\/strong><br \/>\nSkontaktuj si\u0119 z nami przez WhatsApp, Telegram, Viber lub wype\u0142nij poni\u017cszy formularz rezerwacji. \ud83d\udc47\ud83c\udffc<\/p>\n<p>Szukasz alternatyw? Przegl\u0105daj <a href=\"https:\/\/excursionsworld.com\/pl\/kemer-wycieczki\/\">wi\u0119cej wycieczek po Kemerze <a href=\"https:\/\/en.wikipedia.org\/wiki\/Olympos,_Antalya\" target=\"_blank\" rel=\"noopener\">Olympos<\/a><\/a>.<\/p>","protected":false},"excerpt":{"rendered":"<p>Zarezerwuj <b>Romantyczna wycieczka o zachodzie s\u0142o\u0144ca<\/b>! Jazda <b>Kolejka linowa Tahtal\u0131<\/b> do <b>2365m<\/b> dla magicznego <b>widoki<\/b> i cieszy\u0107 si\u0119 <b>kolacja<\/b> z <b>muzyka na \u017cywo<\/b> na szczycie. Kemer<b>\u00a0transfer<\/b> w zestawie.<\/p>","protected":false},"featured_media":12625,"comment_status":"open","ping_status":"closed","template":"","meta":[],"product_brand":[],"product_cat":[124],"product_tag":[105],"class_list":{"0":"post-12918","1":"product","2":"type-product","3":"status-publish","4":"has-post-thumbnail","6":"tour_phys-kemer-tours","7":"product_cat-kemer-tours","8":"product_tag-kemer","9":"pa_destination-kemer-tours","11":"first","12":"instock","13":"sale","14":"shipping-taxable","15":"purchasable","16":"product-type-tour_phys"},"aioseo_notices":[],"_links":{"self":[{"href":"https:\/\/excursionsworld.com\/pl\/wp-json\/wp\/v2\/product\/12918","targetHints":{"allow":["GET"]}}],"collection":[{"href":"https:\/\/excursionsworld.com\/pl\/wp-json\/wp\/v2\/product"}],"about":[{"href":"https:\/\/excursionsworld.com\/pl\/wp-json\/wp\/v2\/types\/product"}],"replies":[{"embeddable":true,"href":"https:\/\/excursionsworld.com\/pl\/wp-json\/wp\/v2\/comments?post=12918"}],"wp:featuredmedia":[{"embeddable":true,"href":"https:\/\/excursionsworld.com\/pl\/wp-json\/wp\/v2\/media\/12625"}],"wp:attachment":[{"href":"https:\/\/excursionsworld.com\/pl\/wp-json\/wp\/v2\/media?parent=12918"}],"wp:term":[{"taxonomy":"product_brand","embeddable":true,"href":"https:\/\/excursionsworld.com\/pl\/wp-json\/wp\/v2\/product_brand?post=12918"},{"taxonomy":"product_cat","embeddable":true,"href":"https:\/\/excursionsworld.com\/pl\/wp-json\/wp\/v2\/product_cat?post=12918"},{"taxonomy":"product_tag","embeddable":true,"href":"https:\/\/excursionsworld.com\/pl\/wp-json\/wp\/v2\/product_tag?post=12918"}],"curies":[{"name":"wp","href":"https:\/\/api.w.org\/{rel}","templated":true}]}}