{"id":12919,"date":"2025-05-10T18:07:20","date_gmt":"2025-05-10T15:07:20","guid":{"rendered":"https:\/\/excursionsworld.com\/?post_type=product&#038;p=12919"},"modified":"2026-04-14T22:33:35","modified_gmt":"2026-04-14T19:33:35","slug":"olympos-teleferik-kolejka-linowa-kemer","status":"publish","type":"product","link":"https:\/\/excursionsworld.com\/tours\/olympos-teleferik-cable-car-kemer\/","title":{"rendered":"Kolejka Linowa na G\u00f3ra Tahtali w Kemer  \u2013 Bilet Olympos Teleferik"},"content":{"rendered":"<h3 dir=\"ltr\" data-pm-slice=\"1 1 []\"><strong><span style=\"color: #000000;\">\ud83c\udfd4\ufe0f Przegl\u0105d<\/span><\/strong><\/h3>\n<p dir=\"ltr\">Wyrusz w ekscytuj\u0105c\u0105 podr\u00f3\u017c na szczyt g\u00f3ry Tahtal\u0131 (2365 metr\u00f3w) kolejk\u0105 linow\u0105 Olympos. Podziwiaj panoramiczne widoki na Morze \u015ar\u00f3dziemne i Park Narodowy Beyda\u011flar\u0131. Ta wycieczka jest idealna dla mi\u0142o\u015bnik\u00f3w przyrody i entuzjast\u00f3w fotografii!<\/p>\n<h3 dir=\"ltr\"><span style=\"color: #000000;\"><strong>W zestawie:<\/strong><\/span><\/h3>\n<p dir=\"ltr\"><span style=\"color: #00ff00;\"><strong>\u2713<\/strong> <\/span>Odbi\u00f3r i dow\u00f3z do hotelu<br \/>\n<span style=\"color: #00ff00;\"><strong>\u2713<\/strong> <\/span>Wygodny klimatyzowany autobus<br \/>\n<span style=\"color: #00ff00;\"><strong>\u2713<\/strong> <\/span>Bilet na kolejk\u0119 linow\u0105<br \/>\n<span style=\"color: #00ff00;\"><strong>\u2713<\/strong> <\/span>Ubezpieczenie<\/p>\n<h3 dir=\"ltr\"><span style=\"color: #000000;\"><strong>Nie zawiera:<\/strong><\/span><\/h3>\n<p dir=\"ltr\"><span style=\"color: #ff0000;\"><strong>\u2717<\/strong><\/span> Wydatki osobiste<br \/>\n<span style=\"color: #ff0000;\"><strong>\u2717 <\/strong><\/span>Napoje<\/p>\n<h3 dir=\"ltr\"><span style=\"color: #000000;\"><strong>Najwa\u017cniejsze atrakcje wycieczki<\/strong><\/span><\/h3>\n<p dir=\"ltr\">Wjazd kolejk\u0105 linow\u0105 na wysoko\u015b\u0107 2365 metr\u00f3w (10-12 minut)<br \/>\nMalownicza przeja\u017cd\u017cka przez Park Narodowy Beyda\u011flar\u0131<br \/>\nZapieraj\u0105ce dech w piersiach widoki na Morze \u015ar\u00f3dziemne i g\u00f3ry<br \/>\nCzas wolny na szczycie na zdj\u0119cia, pami\u0105tki i kawiarni\u0119<br \/>\nIdealny dla entuzjast\u00f3w przyrody i fotografii<\/p>\n<h3 dir=\"ltr\"><span style=\"color: #000000;\"><strong>Pe\u0142ny opis<\/strong><\/span><\/h3>\n<div dir=\"ltr\">Wycieczka rozpoczyna si\u0119 od transferu z hotelu i malowniczej przeja\u017cd\u017cki przez Park Narodowy Beyda\u011flar\u0131. Na dolnej stacji kolejki linowej wsi\u0105d\u017a do nowoczesnej kabiny, aby przez 10-12 minut wspi\u0105\u0107 si\u0119 na szczyt g\u00f3ry Tahtal\u0131 (2365 metr\u00f3w). Podczas przeja\u017cd\u017cki mo\u017cna podziwia\u0107 lasy sosnowe i turkusowe wybrze\u017ce.<\/div>\n<div dir=\"ltr\">Na szczycie mo\u017cna sp\u0119dzi\u0107 oko\u0142o godziny, ciesz\u0105c si\u0119 rze\u015bkim g\u00f3rskim powietrzem, robi\u0105c zdj\u0119cia z platform widokowych, przegl\u0105daj\u0105c sklepy z pami\u0105tkami lub relaksuj\u0105c si\u0119 w kawiarni. Nast\u0119pnie zjed\u017a kolejk\u0105 linow\u0105 i wr\u00f3\u0107 do hotelu z \u017cywymi wspomnieniami.<\/div>\n<h3 dir=\"ltr\"><span style=\"color: #000000;\"><strong>\ud83d\uddfa\ufe0f Plan podr\u00f3\u017cy<\/strong><\/span><\/h3>\n<p dir=\"ltr\">Odbi\u00f3r z hotelu<br \/>\nPrzejazd przez Park Narodowy Beyda\u011flar\u0131<br \/>\nWjazd kolejk\u0105 linow\u0105 na szczyt Tahtal\u0131 (10-12 minut)<br \/>\nCzas wolny na szczycie (zdj\u0119cia, pami\u0105tki, kawiarnia)<br \/>\n\ud83d\udd39 Zjazd kolejk\u0105 linow\u0105<br \/>\nPowr\u00f3t do hotelu<\/p>\n<h3 dir=\"ltr\"><span style=\"color: #000000;\"><strong>\u2139\ufe0f Przydatne informacje<\/strong><\/span><\/h3>\n<p dir=\"ltr\">Czas trwania: ~4-5 godz.<br \/>\nPogoda na szczycie mo\u017ce by\u0107 ch\u0142odniejsza ni\u017c poni\u017cej.<br \/>\nUmiarkowana aktywno\u015b\u0107 fizyczna wymagana na szczycie<\/p>\n<h3 dir=\"ltr\">Co zabra\u0107 ze sob\u0105<\/h3>\n<p dir=\"ltr\">Wygodne buty<br \/>\nKurtka lub sweter (na szczycie mo\u017ce by\u0107 ch\u0142odno)<br \/>\nAparat fotograficzny lub smartfon<br \/>\nOkulary przeciws\u0142oneczne<\/p>\n<h3 dir=\"ltr\"><span style=\"color: #000000;\"><strong>Nieodpowiednie dla<\/strong><\/span><\/h3>\n<p dir=\"ltr\">Osoby z powa\u017cnymi zawrotami g\u0142owy lub l\u0119kiem wysoko\u015bci<br \/>\nPodr\u00f3\u017cni o ograniczonej sprawno\u015bci ruchowej<\/p>\n<h3 dir=\"ltr\"><span style=\"color: #000000;\"><strong>Cena i rezerwacja<\/strong><\/span><\/h3>\n<div class=\"elementor-element elementor-element-884d539 e-con-full e-flex e-con e-child\" data-id=\"884d539\" data-element_type=\"container\">\n<div id=\"description\" class=\"elementor-element elementor-element-337037cc elementor-widget elementor-widget-thim-ekits-tours-content\" data-id=\"337037cc\" data-element_type=\"widget\" data-widget_type=\"thim-ekits-tours-content.default\">\n<div class=\"elementor-widget-container\">\n<div class=\"thim-ekit-single-tour__content\">\n<p data-start=\"3868\" data-end=\"3996\"><strong>Zarezerwuj teraz, zap\u0142a\u0107 w dniu wycieczki<\/strong><br data-start=\"3907\" data-end=\"3910\" \/>Skontaktuj si\u0119 z nami przez WhatsApp, Telegram, Viber lub wype\u0142nij poni\u017cszy formularz rezerwacji \ud83d\udc47\ud83c\udffc<\/p>\n<\/div>\n<\/div>\n<\/div>\n<\/div>","protected":false},"excerpt":{"rendered":"<p>Zarezerwuj <b>Olympos Teleferik<\/b> <b>podr\u00f3\u017c<\/b>! Jazda <b>Kolejka linowa Tahtal\u0131<\/b> do <b>Szczyt 2365 m<\/b> dla zapieraj\u0105cej dech w piersiach panoramy <b>widoki<\/b> Kemer. Doskona\u0142y <b>wycieczka<\/b> dla fotograf\u00f3w. <b>Transfer<\/b> w zestawie.<\/p>","protected":false},"featured_media":12629,"comment_status":"open","ping_status":"closed","template":"","meta":[],"product_brand":[],"product_cat":[124],"product_tag":[105],"class_list":{"0":"post-12919","1":"product","2":"type-product","3":"status-publish","4":"has-post-thumbnail","6":"tour_phys-kemer-tours","7":"product_cat-kemer-tours","8":"product_tag-kemer","9":"pa_destination-kemer-tours","11":"first","12":"instock","13":"sale","14":"shipping-taxable","15":"purchasable","16":"product-type-tour_phys"},"aioseo_notices":[],"_links":{"self":[{"href":"https:\/\/excursionsworld.com\/pl\/wp-json\/wp\/v2\/product\/12919","targetHints":{"allow":["GET"]}}],"collection":[{"href":"https:\/\/excursionsworld.com\/pl\/wp-json\/wp\/v2\/product"}],"about":[{"href":"https:\/\/excursionsworld.com\/pl\/wp-json\/wp\/v2\/types\/product"}],"replies":[{"embeddable":true,"href":"https:\/\/excursionsworld.com\/pl\/wp-json\/wp\/v2\/comments?post=12919"}],"wp:featuredmedia":[{"embeddable":true,"href":"https:\/\/excursionsworld.com\/pl\/wp-json\/wp\/v2\/media\/12629"}],"wp:attachment":[{"href":"https:\/\/excursionsworld.com\/pl\/wp-json\/wp\/v2\/media?parent=12919"}],"wp:term":[{"taxonomy":"product_brand","embeddable":true,"href":"https:\/\/excursionsworld.com\/pl\/wp-json\/wp\/v2\/product_brand?post=12919"},{"taxonomy":"product_cat","embeddable":true,"href":"https:\/\/excursionsworld.com\/pl\/wp-json\/wp\/v2\/product_cat?post=12919"},{"taxonomy":"product_tag","embeddable":true,"href":"https:\/\/excursionsworld.com\/pl\/wp-json\/wp\/v2\/product_tag?post=12919"}],"curies":[{"name":"wp","href":"https:\/\/api.w.org\/{rel}","templated":true}]}}