{"id":12920,"date":"2025-05-10T18:27:29","date_gmt":"2025-05-10T15:27:29","guid":{"rendered":"https:\/\/excursionsworld.com\/?post_type=product&#038;p=12920"},"modified":"2026-04-24T00:20:36","modified_gmt":"2026-04-23T21:20:36","slug":"dolusu-park-wodny-kemer","status":"publish","type":"product","link":"https:\/\/excursionsworld.com\/tours\/dolusu-aquapark-kemer\/","title":{"rendered":"Park Wodny DoluSu w Kemer \u2013 Ekstremalne Zje\u017cd\u017calnie &amp; Pokaz Syrenek"},"content":{"rendered":"<h2 dir=\"ltr\" data-pm-slice=\"1 1 []\"><span style=\"color: #000000;\"><strong>Przegl\u0105d<\/strong><\/span><\/h2>\n<p dir=\"ltr\">Zanurz si\u0119 w \u015bwiecie zabawy z ca\u0142odniow\u0105 wycieczk\u0105 do Aquaparku DoluSu z <a href=\"https:\/\/en.wikipedia.org\/wiki\/Kemer,_Antalya\" target=\"_blank\" rel=\"noopener\">Kemer<\/a> i okolice! Zje\u017cd\u017caj po ekscytuj\u0105cych zje\u017cd\u017calniach, ogl\u0105daj pokazy syren i relaksuj si\u0119 na pla\u017cy. Idealne dla rodzin i mi\u0142o\u015bnik\u00f3w przyg\u00f3d, ta 8-godzinna wycieczka!<\/p>\n<h3 dir=\"ltr\"><span style=\"color: #000000;\"><strong>W zestawie:<\/strong><\/span><\/h3>\n<div dir=\"ltr\"><span style=\"color: #00ff00;\"><strong>\u2713<\/strong><\/span> Odbi\u00f3r i dow\u00f3z z hotelu w Kemer<br \/>\n<span style=\"color: #00ff00;\"><strong>\u2713 <\/strong><\/span>Bilet wst\u0119pu do parku wodnego DoluSu<br \/>\n<span style=\"color: #00ff00;\"><strong>\u2713 <\/strong><\/span>Dost\u0119p do wszystkich zje\u017cd\u017calni i atrakcji<br \/>\n<span style=\"color: #00ff00;\"><strong>\u2713 <\/strong><\/span>Le\u017caki i szafki na pla\u017cy<br \/>\n<span style=\"color: #00ff00;\"><strong>\u2713 <\/strong><\/span>Pokazy, wyst\u0119py DJ-\u00f3w i piana party<br \/>\n<span style=\"color: #00ff00;\"><strong>\u2713 <\/strong><\/span>Lunch<\/div>\n<div dir=\"ltr\"><span style=\"color: #00ff00;\"><strong>\u2713\u00a0 <\/strong><\/span>Mermaid Show<\/div>\n<h3 dir=\"ltr\"><span style=\"color: #000000;\"><strong>Nie zawiera:<\/strong><\/span><\/h3>\n<p dir=\"ltr\"><span style=\"color: #ff0000;\"><strong>\u2717<\/strong><\/span> Wydatki osobiste<br \/>\n<span style=\"color: #ff0000;\"><strong>\u2717 <\/strong><\/span>Napoje<\/p>\n<h2 dir=\"ltr\"><span style=\"color: #000000;\"><strong>Najwa\u017cniejsze wydarzenia<\/strong><\/span><\/h2>\n<p dir=\"ltr\">Szybkie zje\u017cd\u017calnie: Giant Funnel<br \/>\n\ud83d\udd39 Pierwszy pokaz syren w Turcji<br \/>\nBasen z falami i strefy dla dzieci<br \/>\nDJ, imprezy w pianie i pla\u017ca<br \/>\nPrywatna pla\u017ca z le\u017cakami<br \/>\nUlica Bajkowa z postaciami z folkloru<\/p>\n<h2 dir=\"ltr\"><span style=\"color: #000000;\"><strong>Pe\u0142ny opis<\/strong><\/span><\/h2>\n<p dir=\"ltr\">Rozpocznij ekscytuj\u0105cy dzie\u0144 w parku wodnym DoluSu z Kemer dzi\u0119ki wygodnemu transferowi. \u015acigaj si\u0119 na 17 szybkich zje\u017cd\u017calniach, zrelaksuj si\u0119 w basenie z falami lub do\u0142\u0105cz do pokazu syren, w kt\u00f3rym mo\u017cesz nawet p\u0142ywa\u0107 z nimi. Dzieci pokochaj\u0105 Fairytale Street z postaciami z tureckich legend. Ta\u0144cz do set\u00f3w DJ-a, ciesz si\u0119 imprez\u0105 w pianie lub zrelaksuj si\u0119 na prywatnej pla\u017cy. Po dniu pe\u0142nym przyg\u00f3d wr\u00f3\u0107 do hotelu z \u017cywymi wspomnieniami.<\/p>\n<h3 dir=\"ltr\"><span style=\"color: #000000;\"><strong>\ud83d\uddfa\ufe0f Plan podr\u00f3\u017cy<\/strong><\/span><\/h3>\n<p dir=\"ltr\">Odbi\u00f3r z Kemer i okolic<br \/>\n\ud83d\udd39 Przyjazd do parku wodnego DoluSu<br \/>\nKr\u00f3tkie wprowadzenie i informacje<br \/>\nCzas wolny na atrakcje i pla\u017cowanie (~6-7 godzin)<br \/>\nPowr\u00f3t do hotelu<\/p>\n<h3 dir=\"ltr\"><span style=\"color: #000000;\"><strong>\u2139\ufe0f Przydatne informacje<\/strong><\/span><\/h3>\n<p dir=\"ltr\">Czas trwania: ~8 godzin (wycieczka ca\u0142odniowa)<br \/>\nOdpowiedni dla os\u00f3b o podstawowej mobilno\u015bci<br \/>\nUmiarkowana aktywno\u015b\u0107 fizyczna<br \/>\nSwobodnie podr\u00f3\u017cuj\u0105ce dzieci nie maj\u0105 oddzielnego miejsca w autobusie. W razie potrzeby nale\u017cy zarezerwowa\u0107 miejsce.<\/p>\n<h2 dir=\"ltr\"><span style=\"color: #000000;\"><strong>Co zabra\u0107 ze sob\u0105<\/strong><\/span><\/h2>\n<p dir=\"ltr\">\ud83d\udd39 Paszport lub dow\u00f3d osobisty<br \/>\nStr\u00f3j k\u0105pielowy i r\u0119cznik<br \/>\nWygodne szorty<br \/>\nFiltr przeciws\u0142oneczny<\/p>\n<h3 dir=\"ltr\"><span style=\"color: #000000;\"><strong>Nieodpowiednie dla<\/strong><\/span><\/h3>\n<p dir=\"ltr\">Kobiety w ci\u0105\u017cy<br \/>\nOsoby o wadze powy\u017cej 120 kg<\/p>\n<h2 dir=\"ltr\"><span style=\"color: #000000;\"><strong>Cena i rezerwacja<\/strong><\/span><\/h2>\n<p dir=\"ltr\"><strong>Zarezerwuj teraz - zap\u0142a\u0107 w dniu wycieczki<\/strong><br \/>\nSkontaktuj si\u0119 z nami przez WhatsApp, Telegram, Viber lub wype\u0142nij poni\u017cszy formularz rezerwacji. \ud83d\udc47\ud83c\udffc<\/p>\n<p>Szukasz alternatyw? Przegl\u0105daj <a href=\"https:\/\/excursionsworld.com\/pl\/kemer-wycieczki\/\">wi\u0119cej wycieczek po Kemer<\/a>.<\/p>","protected":false},"excerpt":{"rendered":"<p>Najlepsza rodzina <b>wycieczka jednodniowa<\/b>! Ksi\u0105\u017cka <b>Aquapark Kemer DoluSu<\/b> <b>wycieczka<\/b>! Ciesz si\u0119 wyj\u0105tkowym <b>Mermaid Show<\/b>, 17 ekscytuj\u0105ce <b>slajdy<\/b>, oraz <b>impreza w pianie<\/b>. Lunch wliczony w cen\u0119.<\/p>","protected":false},"featured_media":12751,"comment_status":"open","ping_status":"closed","template":"","meta":[],"product_brand":[],"product_cat":[124],"product_tag":[105],"class_list":{"0":"post-12920","1":"product","2":"type-product","3":"status-publish","4":"has-post-thumbnail","6":"tour_phys-kemer-tours","7":"product_cat-kemer-tours","8":"product_tag-kemer","9":"pa_destination-kemer-tours","11":"first","12":"instock","13":"sale","14":"shipping-taxable","15":"purchasable","16":"product-type-tour_phys"},"aioseo_notices":[],"_links":{"self":[{"href":"https:\/\/excursionsworld.com\/pl\/wp-json\/wp\/v2\/product\/12920","targetHints":{"allow":["GET"]}}],"collection":[{"href":"https:\/\/excursionsworld.com\/pl\/wp-json\/wp\/v2\/product"}],"about":[{"href":"https:\/\/excursionsworld.com\/pl\/wp-json\/wp\/v2\/types\/product"}],"replies":[{"embeddable":true,"href":"https:\/\/excursionsworld.com\/pl\/wp-json\/wp\/v2\/comments?post=12920"}],"wp:featuredmedia":[{"embeddable":true,"href":"https:\/\/excursionsworld.com\/pl\/wp-json\/wp\/v2\/media\/12751"}],"wp:attachment":[{"href":"https:\/\/excursionsworld.com\/pl\/wp-json\/wp\/v2\/media?parent=12920"}],"wp:term":[{"taxonomy":"product_brand","embeddable":true,"href":"https:\/\/excursionsworld.com\/pl\/wp-json\/wp\/v2\/product_brand?post=12920"},{"taxonomy":"product_cat","embeddable":true,"href":"https:\/\/excursionsworld.com\/pl\/wp-json\/wp\/v2\/product_cat?post=12920"},{"taxonomy":"product_tag","embeddable":true,"href":"https:\/\/excursionsworld.com\/pl\/wp-json\/wp\/v2\/product_tag?post=12920"}],"curies":[{"name":"wp","href":"https:\/\/api.w.org\/{rel}","templated":true}]}}