{"id":12921,"date":"2025-05-10T18:48:34","date_gmt":"2025-05-10T15:48:34","guid":{"rendered":"https:\/\/excursionsworld.com\/?post_type=product&#038;p=12921"},"modified":"2026-04-30T18:09:22","modified_gmt":"2026-04-30T15:09:22","slug":"park-wodny-kingdom-of-sea-kemer","status":"publish","type":"product","link":"https:\/\/excursionsworld.com\/tours\/kemer-kingdom-of-sea-aquapark\/","title":{"rendered":"Park Wodny Kingdom of Sea w Kemer \u2013 All Inclusive"},"content":{"rendered":"<h2 dir=\"ltr\" data-pm-slice=\"1 1 []\"><span style=\"color: #000000;\"><strong>Przegl\u0105d<\/strong><\/span><\/h2>\n<p dir=\"ltr\">Zanurz si\u0119 w dzie\u0144 pe\u0142en emocji w Aquaparku Kingdom of Sea z transferami z <a href=\"https:\/\/en.wikipedia.org\/wiki\/Kemer,_Antalya\" target=\"_blank\" rel=\"noopener\">Kemer<\/a> i okolice! Ciesz si\u0119 ekscytuj\u0105cymi zje\u017cd\u017calniami wodnymi, ogromnym basenem z falami i strefami przyjaznymi dzieciom w jednym z najlepszych park\u00f3w wodnych w Antalyi. Idealna wycieczka dla rodzin i przyjaci\u00f3\u0142, trwaj\u0105ca oko\u0142o 7-8 godzin, pe\u0142na zabawy.<\/p>\n<h3 dir=\"ltr\"><span style=\"color: #000000;\"><strong>W zestawie:<\/strong><\/span><\/h3>\n<div dir=\"ltr\"><span style=\"color: #00ff00;\"><strong>\u2713<\/strong> <\/span>Odbi\u00f3r i dow\u00f3z do hotelu<br \/>\n<span style=\"color: #00ff00;\"><strong>\u2713<\/strong> <\/span> Wygodny klimatyzowany autobus<br \/>\n<span style=\"color: #00ff00;\"><strong>\u2713<\/strong> <\/span>Bilet wst\u0119pu do parku wodnego Kingdom of Sea<br \/>\n<span style=\"color: #00ff00;\"><strong>\u2713<\/strong> <\/span>Pe\u0142ne ubezpieczenie<br \/>\n<span style=\"color: #00ff00;\"><strong>\u2713<\/strong> <\/span>Lunch w parku<\/div>\n<div dir=\"ltr\"><span style=\"color: #00ff00;\"><strong>\u2713 <\/strong><\/span>Napoje<\/div>\n<h3 dir=\"ltr\"><span style=\"color: #000000;\"><strong>Nie zawiera:<\/strong><\/span><\/h3>\n<p dir=\"ltr\"><span style=\"color: #ff0000;\"><strong>\u2717<\/strong><\/span> Wydatki osobiste<br \/>\n<span style=\"color: #ff0000;\"><strong>\u2717 <\/strong><\/span>Zdj\u0119cia i filmy (opcjonalnie)<\/p>\n<h2 dir=\"ltr\"><span style=\"color: #000000;\"><strong>Najwa\u017cniejsze wydarzenia<\/strong><\/span><\/h2>\n<p dir=\"ltr\">Szybkie zje\u017cd\u017calnie wodne i ogromny basen z falami<br \/>\nBezpieczne place zabaw i baseny dla dzieci<br \/>\nNieograniczony dost\u0119p do wszystkich atrakcji przez ca\u0142y dzie\u0144<br \/>\nPrzytulne strefy relaksu<br \/>\nZabawa dla wszystkich grup wiekowych<\/p>\n<h2 dir=\"ltr\"><span style=\"color: #000000;\"><strong>Opis<\/strong><\/span><\/h2>\n<p dir=\"ltr\">Rozpocznij swoj\u0105 przygod\u0119 od wygodnego transferu z Kemer lub pobliskich obszar\u00f3w do parku wodnego Kingdom of Sea w Antalyi. Zanurz si\u0119 w t\u0119tni\u0105cym \u017cyciem \u015bwiecie zabawy z osza\u0142amiaj\u0105cymi zje\u017cd\u017calniami, rozleg\u0142ym basenem z falami i interaktywnymi strefami dla wszystkich grup wiekowych. Dzieci b\u0119d\u0105 zachwycone kolorowymi brodzikami, podczas gdy doro\u015bli mog\u0105 zmierzy\u0107 si\u0119 z podnosz\u0105cymi poziom adrenaliny zje\u017cd\u017calniami lub zrelaksowa\u0107 si\u0119 w zacienionych strefach wypoczynkowych. Obfity lunch zapewnia energi\u0119 na kolejne wodne przygody. Z ratownikami zapewniaj\u0105cymi bezpiecze\u0144stwo, ten beztroski dzie\u0144 \u015bmiechu i pluskania ko\u0144czy si\u0119 powrotem do hotelu, pozostawiaj\u0105c trwa\u0142e wspomnienia.<\/p>\n<h3 dir=\"ltr\"><span style=\"color: #000000;\"><strong>\ud83d\uddfa\ufe0f Plan podr\u00f3\u017cy<\/strong><\/span><\/h3>\n<p dir=\"ltr\">Odbi\u00f3r z Kemer i okolic<br \/>\n\ud83d\udd39 Przyjazd do parku wodnego Kingdom of Sea<br \/>\nOdprawa powitalna<br \/>\n\ud83d\udd39 Czas wolny na zje\u017cd\u017calnie, baseny i atrakcje<br \/>\nLunch w parku<br \/>\nPowr\u00f3t do Kemer<\/p>\n<h3 dir=\"ltr\"><span style=\"color: #000000;\"><strong>\u2139\ufe0f Przydatne informacje<\/strong><\/span><\/h3>\n<p>\ud83d\udd39 <strong>Czas trwania<\/strong>: ~7-8 godzin (wycieczka ca\u0142odniowa)<br \/>\n\ud83d\udd39 <strong>Aktywno\u015b\u0107 fizyczna<\/strong>: Niski do umiarkowanego<br \/>\n\ud83d\udd39 <strong>Udogodnienia<\/strong>: Szafki dost\u0119pne w parku<br \/>\n\ud83d\udd39 <strong>Bezpiecze\u0144stwo<\/strong>: Ratownicy i personel na s\u0142u\u017cbie<br \/>\n\ud83d\udd39 <strong>Nadz\u00f3r<\/strong>: Dzieciom musz\u0105 towarzyszy\u0107 osoby doros\u0142e<br \/>\n\ud83d\udd39 <strong>Ograniczenia<\/strong>: Niekt\u00f3re zje\u017cd\u017calnie maj\u0105 ograniczenia wysoko\u015bci\/wieku<br \/>\n\ud83d\udd39 <strong>Polityka dotycz\u0105ca dzieci<\/strong>: Dzieci poni\u017cej 6. roku \u017cycia podr\u00f3\u017cuj\u0105ce bezp\u0142atnie nie maj\u0105 oddzielnego miejsca w autobusie. Je\u015bli autobus jest pe\u0142ny, siedz\u0105 na kolanach osoby doros\u0142ej lub mo\u017cna zarezerwowa\u0107 osobne miejsce.<\/p>\n<h2 dir=\"ltr\"><span style=\"color: #000000;\"><strong>Co zabra\u0107 ze sob\u0105<\/strong><\/span><\/h2>\n<p dir=\"ltr\">Str\u00f3j k\u0105pielowy i r\u0119cznik<br \/>\nOkulary przeciws\u0142oneczne i filtr przeciws\u0142oneczny<br \/>\nGot\u00f3wka na napoje lub dodatkowe us\u0142ugi<\/p>\n<h3 dir=\"ltr\"><span style=\"color: #000000;\"><strong>Nieodpowiednie dla<\/strong><\/span><\/h3>\n<div dir=\"ltr\">Go\u015bcie z powa\u017cnymi problemami z poruszaniem si\u0119<br \/>\nOsoby, kt\u00f3re nie lubi\u0105 aktywno\u015bci w wodzie<\/div>\n<h2 dir=\"ltr\"><span style=\"color: #000000;\"><strong>Cena i rezerwacja<\/strong><\/span><\/h2>\n<p dir=\"ltr\">\ud83d\udd39 <strong>Zarezerwuj teraz, zap\u0142a\u0107 w dniu wycieczki<\/strong><br \/>\nSkontaktuj si\u0119 z nami przez WhatsApp, Telegram, Viber lub wype\u0142nij poni\u017cszy formularz rezerwacji. \ud83d\udc47\ud83c\udffc<\/p>\n<p>Szukasz alternatyw? Przegl\u0105daj <a href=\"https:\/\/excursionsworld.com\/pl\/kemer-wycieczki\/\">wi\u0119cej wycieczek po Kemer<\/a>.<\/p>","protected":false},"excerpt":{"rendered":"<p>Idealna rodzina <b>wycieczka jednodniowa<\/b>! Enjoy <b>Aquapark Kemer Kingdom of Sea<\/b> <b>all inclusive<\/b> (lunch i napoje)! Ekscytuj\u0105ce <b>zje\u017cd\u017calnie wodne<\/b> oraz <b>basen z falami<\/b> zabawa. <b>Transfer<\/b> w zestawie.<\/p>","protected":false},"featured_media":12857,"comment_status":"open","ping_status":"closed","template":"","meta":[],"product_brand":[],"product_cat":[124],"product_tag":[105],"class_list":{"0":"post-12921","1":"product","2":"type-product","3":"status-publish","4":"has-post-thumbnail","6":"tour_phys-kemer-tours","7":"product_cat-kemer-tours","8":"product_tag-kemer","9":"pa_destination-kemer-tours","11":"first","12":"instock","13":"sale","14":"shipping-taxable","15":"purchasable","16":"product-type-tour_phys"},"aioseo_notices":[],"_links":{"self":[{"href":"https:\/\/excursionsworld.com\/pl\/wp-json\/wp\/v2\/product\/12921","targetHints":{"allow":["GET"]}}],"collection":[{"href":"https:\/\/excursionsworld.com\/pl\/wp-json\/wp\/v2\/product"}],"about":[{"href":"https:\/\/excursionsworld.com\/pl\/wp-json\/wp\/v2\/types\/product"}],"replies":[{"embeddable":true,"href":"https:\/\/excursionsworld.com\/pl\/wp-json\/wp\/v2\/comments?post=12921"}],"wp:featuredmedia":[{"embeddable":true,"href":"https:\/\/excursionsworld.com\/pl\/wp-json\/wp\/v2\/media\/12857"}],"wp:attachment":[{"href":"https:\/\/excursionsworld.com\/pl\/wp-json\/wp\/v2\/media?parent=12921"}],"wp:term":[{"taxonomy":"product_brand","embeddable":true,"href":"https:\/\/excursionsworld.com\/pl\/wp-json\/wp\/v2\/product_brand?post=12921"},{"taxonomy":"product_cat","embeddable":true,"href":"https:\/\/excursionsworld.com\/pl\/wp-json\/wp\/v2\/product_cat?post=12921"},{"taxonomy":"product_tag","embeddable":true,"href":"https:\/\/excursionsworld.com\/pl\/wp-json\/wp\/v2\/product_tag?post=12921"}],"curies":[{"name":"wp","href":"https:\/\/api.w.org\/{rel}","templated":true}]}}