{"id":12941,"date":"2025-05-11T10:20:26","date_gmt":"2025-05-11T07:20:26","guid":{"rendered":"https:\/\/excursionsworld.com\/?post_type=product&#038;p=12941"},"modified":"2026-04-24T00:20:37","modified_gmt":"2026-04-23T21:20:37","slug":"park-wodny-waterhill-kemer","status":"publish","type":"product","link":"https:\/\/excursionsworld.com\/tours\/waterhill-aquapark-tour-kemer\/","title":{"rendered":"Park Wodny Waterhill z Kemera \u2013 Ca\u0142odniowa Zabawa z Transferem"},"content":{"rendered":"<h2 dir=\"ltr\" data-pm-slice=\"1 1 []\"><strong>Przegl\u0105d<\/strong><\/h2>\n<p dir=\"ltr\">Zanurz si\u0119 w ca\u0142odniowej zabawie w Aquaparku Waterhill z transferem z Antalyi., <a href=\"https:\/\/en.wikipedia.org\/wiki\/Kemer,_Antalya\" target=\"_blank\" rel=\"noopener\">Kemer<\/a>, i okolice! Czeka na Was mn\u00f3stwo emocjonuj\u0105cych zje\u017cd\u017calni, relaksuj\u0105cych basen\u00f3w i pyszny lunch. Idealna wycieczka dla rodzin i poszukiwaczy przyg\u00f3d, trwaj\u0105ca oko\u0142o 8 godzin, sprawi\u0142a rado\u015b\u0107 ponad 500 go\u015bciom!<\/p>\n<h3 dir=\"ltr\"><strong>W zestawie:<\/strong><\/h3>\n<p dir=\"ltr\"><span style=\"color: #00ff00;\"><strong>\u2713<\/strong><\/span> Odbi\u00f3r i dow\u00f3z do hotelu<br \/>\n<span style=\"color: #00ff00;\"><strong>\u2713 <\/strong><\/span>Lunch (sta\u0142e menu)<br \/>\n<span style=\"color: #00ff00;\"><strong>\u2713 <\/strong><\/span>Bilet wst\u0119pu do parku wodnego Waterhill<br \/>\n<span style=\"color: #00ff00;\"><strong>\u2713 <\/strong><\/span>Ubezpieczenie<br \/>\n<span style=\"color: #00ff00;\"><strong>\u2713 <\/strong><\/span>Wygodny klimatyzowany autobus<\/p>\n<h3 dir=\"ltr\"><strong>Nie zawiera:<\/strong><\/h3>\n<p dir=\"ltr\"><span style=\"color: #ff0000;\"><strong>\u2717<\/strong> <\/span>Wydatki osobiste<br \/>\n<span style=\"color: #ff0000;\"><strong>\u2717 <\/strong><\/span>Napoje<\/p>\n<h2 dir=\"ltr\"><strong>Najwa\u017cniejsze wydarzenia<\/strong><\/h2>\n<p dir=\"ltr\">Szybkie zje\u017cd\u017calnie: Kamikaze, Boomerang, Tropical Tower<br \/>\nOgromny basen z falami przypominaj\u0105cymi ocean<br \/>\nBezpieczne baseny i place zabaw dla dzieci<br \/>\nZesp\u00f3\u0142 animator\u00f3w z grami przy basenie<br \/>\nRelaksuj\u0105ce baseny i strefy do opalania<br \/>\nSmaczny lunch z napojem i lodami<\/p>\n<h2 dir=\"ltr\"><strong>Pe\u0142ny opis<\/strong><\/h2>\n<p dir=\"ltr\">Rozpocznij swoj\u0105 przygod\u0119 od wygodnego transferu z Antalyi, Kemer lub pobliskich obszar\u00f3w do Waterhill Aquapark, jednego z najlepszych park\u00f3w wodnych w regionie. Poczuj przyp\u0142yw adrenaliny na zje\u017cd\u017calniach takich jak Kamikaze czy Boomerang lub zrelaksuj si\u0119 w rozleg\u0142ym basenie z falami. Dzieci pokochaj\u0105 bezpieczne p\u0142ytkie baseny, podczas gdy doro\u015bli mog\u0105 wylegiwa\u0107 si\u0119 na le\u017cakach lub do\u0142\u0105czy\u0107 do gier zespo\u0142u animator\u00f3w. Ciesz si\u0119 pysznym lunchem z napojem i lodami, a nast\u0119pnie zanurz si\u0119 w zabawie z ta\u0144cami i rozrywk\u0105. Po dniu pe\u0142nym wra\u017ce\u0144 wr\u00f3\u0107 do hotelu pe\u0142en wspomnie\u0144.<\/p>\n<h3 dir=\"ltr\"><strong>\ud83d\uddfa\ufe0f Plan podr\u00f3\u017cy<\/strong><\/h3>\n<p dir=\"ltr\">Odbi\u00f3r z Antalyi, Kemer i okolic<br \/>\n\ud83d\udd39 Przyjazd do parku wodnego Waterhill<br \/>\nKr\u00f3tkie wprowadzenie i czas wolny<br \/>\nLunch z napojem i lodami<br \/>\nAktywno\u015bci animacyjne i zabawa<br \/>\nPowr\u00f3t do hotelu<\/p>\n<h3 dir=\"ltr\"><strong>\u2139\ufe0f Przydatne informacje<\/strong><\/h3>\n<p dir=\"ltr\">Czas trwania: ~8 godzin (wycieczka ca\u0142odniowa)<br \/>\nOdpowiedni dla os\u00f3b o podstawowej mobilno\u015bci<br \/>\nUmiarkowana aktywno\u015b\u0107 fizyczna<br \/>\nBezp\u0142atne szafki i przebieralnie<br \/>\nPark wodny Waterhill, odnowiony w 2022 r., znajduje si\u0119 w dzielnicy Konyaalt\u0131 w Antalyi.<\/p>\n<h2 dir=\"ltr\"><strong>Co zabra\u0107 ze sob\u0105<\/strong><\/h2>\n<p dir=\"ltr\">Got\u00f3wka na wydatki<br \/>\nOkulary przeciws\u0142oneczne i filtr przeciws\u0142oneczny<br \/>\nStr\u00f3j k\u0105pielowy i r\u0119cznik<br \/>\nWodoodporne etui na telefon (opcjonalnie)<\/p>\n<h3 dir=\"ltr\"><strong>Nieodpowiednie dla<\/strong><\/h3>\n<p dir=\"ltr\">Osoby z powa\u017cnymi schorzeniami medycznymi<br \/>\nOsoby o ograniczonej sprawno\u015bci ruchowej<\/p>\n<h2 dir=\"ltr\"><strong>Cena i rezerwacja<\/strong><\/h2>\n<p dir=\"ltr\"><strong>Zarezerwuj teraz, zap\u0142a\u0107 w dniu wycieczki<\/strong><br \/>\nSkontaktuj si\u0119 z nami przez WhatsApp, Telegram, Viber lub wype\u0142nij poni\u017cszy formularz rezerwacji. \ud83d\udc47\ud83c\udffc<\/p>\n<p>Szukasz alternatyw? Przegl\u0105daj <a href=\"https:\/\/excursionsworld.com\/pl\/kemer-wycieczki\/\">wi\u0119cej wycieczek po Kemer<\/a>.<\/p>","protected":false},"excerpt":{"rendered":"<p>Ciesz si\u0119 wype\u0142nion\u0105 zabaw\u0105 <b>wycieczka jednodniowa<\/b> do <b>Park wodny Waterhill<\/b> z <b>Kemer<\/b>! Ekscytuj\u0105ce <b>slajdy<\/b>, <b>basen z falami<\/b>, strefy dla dzieci, <b>lunch<\/b>, oraz <b>transfer hotelowy<\/b> w zestawie.<\/p>","protected":false},"featured_media":12762,"comment_status":"open","ping_status":"closed","template":"","meta":[],"product_brand":[],"product_cat":[124],"product_tag":[105],"class_list":{"0":"post-12941","1":"product","2":"type-product","3":"status-publish","4":"has-post-thumbnail","6":"tour_phys-kemer-tours","7":"product_cat-kemer-tours","8":"product_tag-kemer","9":"pa_destination-kemer-tours","11":"first","12":"instock","13":"sale","14":"shipping-taxable","15":"purchasable","16":"product-type-tour_phys"},"aioseo_notices":[],"_links":{"self":[{"href":"https:\/\/excursionsworld.com\/pl\/wp-json\/wp\/v2\/product\/12941","targetHints":{"allow":["GET"]}}],"collection":[{"href":"https:\/\/excursionsworld.com\/pl\/wp-json\/wp\/v2\/product"}],"about":[{"href":"https:\/\/excursionsworld.com\/pl\/wp-json\/wp\/v2\/types\/product"}],"replies":[{"embeddable":true,"href":"https:\/\/excursionsworld.com\/pl\/wp-json\/wp\/v2\/comments?post=12941"}],"wp:featuredmedia":[{"embeddable":true,"href":"https:\/\/excursionsworld.com\/pl\/wp-json\/wp\/v2\/media\/12762"}],"wp:attachment":[{"href":"https:\/\/excursionsworld.com\/pl\/wp-json\/wp\/v2\/media?parent=12941"}],"wp:term":[{"taxonomy":"product_brand","embeddable":true,"href":"https:\/\/excursionsworld.com\/pl\/wp-json\/wp\/v2\/product_brand?post=12941"},{"taxonomy":"product_cat","embeddable":true,"href":"https:\/\/excursionsworld.com\/pl\/wp-json\/wp\/v2\/product_cat?post=12941"},{"taxonomy":"product_tag","embeddable":true,"href":"https:\/\/excursionsworld.com\/pl\/wp-json\/wp\/v2\/product_tag?post=12941"}],"curies":[{"name":"wp","href":"https:\/\/api.w.org\/{rel}","templated":true}]}}