{"id":12944,"date":"2025-05-11T10:54:45","date_gmt":"2025-05-11T07:54:45","guid":{"rendered":"https:\/\/excursionsworld.com\/?post_type=product&#038;p=12944"},"modified":"2025-12-10T11:12:11","modified_gmt":"2025-12-10T08:12:11","slug":"goynuk-kanion-kemer","status":"publish","type":"product","link":"https:\/\/excursionsworld.com\/tours\/goynuk-canyon-kemer\/","title":{"rendered":"Kanion G\u00f6yn\u00fck w Kemer \u2013 P\u00f3\u0142dniowa Wycieczka"},"content":{"rendered":"<h3 dir=\"ltr\" data-pm-slice=\"1 1 []\"><span style=\"color: #000000;\"><strong>Przegl\u0105d<\/strong><\/span><\/h3>\n<p dir=\"ltr\">Zanurz si\u0119 w pi\u0119knie kanionu G\u00f6yn\u00fck podczas p\u00f3\u0142dniowej wycieczki z Kemer i okolic! W\u0119druj malowniczymi szlakami, p\u0142ywaj w turkusowych wodach i podziwiaj g\u00f3ry Beyda\u011flar\u0131. Ta idealna dla mi\u0142o\u015bnik\u00f3w przyrody wycieczka trwa oko\u0142o 4-5 godzin.<\/p>\n<h3 dir=\"ltr\"><span style=\"color: #000000;\"><strong>W zestawie:<\/strong><\/span><\/h3>\n<p dir=\"ltr\"><span style=\"color: #00ff00;\"><strong>\u2713<\/strong><\/span> Odbi\u00f3r i dow\u00f3z do hotelu<br \/>\n<span style=\"color: #00ff00;\"><strong>\u2713 <\/strong><\/span>Op\u0142ata za wst\u0119p do kanionu G\u00f6yn\u00fck<br \/>\n<span style=\"color: #00ff00;\"><strong>\u2713 <\/strong><\/span>Przewodnik<br \/>\n<span style=\"color: #00ff00;\"><strong>\u2713 <\/strong><\/span>Pe\u0142ne ubezpieczenie<br \/>\n<span style=\"color: #00ff00;\"><strong>\u2713 <\/strong><\/span>Autobus z otwartym dachem (cabrio)<\/p>\n<h3 dir=\"ltr\"><span style=\"color: #000000;\"><strong>Nie zawiera:<\/strong><\/span><\/h3>\n<p dir=\"ltr\"><strong><span style=\"color: #ff0000;\">\u2717<\/span><\/strong> Napoje<br \/>\n<strong><span style=\"color: #ff0000;\">\u2717 <\/span><\/strong>Wydatki osobiste, zdj\u0119cia i filmy<br \/>\n<strong><span style=\"color: #ff0000;\">\u2717 <\/span><\/strong>Dzia\u0142ania opcjonalne<\/p>\n<h3 dir=\"ltr\"><span style=\"color: #000000;\"><strong>\ud83c\udfde\ufe0f Najwa\u017cniejsze informacje<\/strong><\/span><\/h3>\n<p dir=\"ltr\">Kanion G\u00f6yn\u00fck z 350-metrowymi klifami i turkusowymi basenami<br \/>\n\ud83d\udd39 Szlaki przez Park Narodowy Beyda\u011flar\u0131<br \/>\nP\u0142ywanie w wodach g\u00f3rskich<br \/>\n\ud83d\udd39 Urok \u201c\u017cyznej doliny\u201d G\u00f6yn\u00fck\u201d<br \/>\nOpcjonalna tyrolka, rafting lub sp\u0142yw kajakowy<\/p>\n<h3 dir=\"ltr\"><span style=\"color: #000000;\"><strong>Pe\u0142ny opis<\/strong><\/span><\/h3>\n<p dir=\"ltr\">Wyrusz na orze\u017awiaj\u0105c\u0105 przygod\u0119 z transferem z Kemer lub pobliskich obszar\u00f3w do kanionu G\u00f6yn\u00fck, po\u0142o\u017conego w Parku Narodowym Beyda\u011flar\u0131. Ten 14-kilometrowy kanion z 350-metrowymi klifami urzeka dramatycznymi krajobrazami i krystalicznie czystymi basenami. W\u0119druj le\u015bnymi szlakami, brodz\u0105c w p\u0142ytkich wodach i poczuj spok\u00f3j G\u00f6yn\u00fck, co oznacza \u201c\u017cyzna dolina\u201d w j\u0119zyku etruskim. Z przewodnikiem angloj\u0119zycznego eksperta odkryj ten \u015br\u00f3dziemnomorski klejnot, idealny do uprawiania turystyki pieszej, p\u0142ywania i fotografowania. Aby poczu\u0107 dreszczyk emocji, wypr\u00f3buj opcjonaln\u0105 tyrolk\u0119, rafting lub sp\u0142yw kajakowy. Wr\u00f3\u0107 do hotelu w porze lunchu, zainspirowany natur\u0105.<\/p>\n<h3 dir=\"ltr\"><span style=\"color: #000000;\"><strong>\ud83d\uddfa\ufe0f Plan podr\u00f3\u017cy<\/strong><\/span><\/h3>\n<p dir=\"ltr\">Odbi\u00f3r z Kemer i okolic<br \/>\n\ud83d\udd39 Przyjazd do kanionu G\u00f6yn\u00fck<br \/>\nCzas wolny na w\u0119dr\u00f3wki, p\u0142ywanie i zwiedzanie (~2 godziny)<br \/>\nZaj\u0119cia fakultatywne (tyrolka, rafting, sp\u0142ywy kajakowe)<br \/>\nPowr\u00f3t do hotelu w porze lunchu<\/p>\n<h3 dir=\"ltr\"><span style=\"color: #000000;\"><strong>\u2139\ufe0f Przydatne informacje<\/strong><\/span><\/h3>\n<p dir=\"ltr\">Czas trwania: ~4-5 godzin (wycieczka p\u00f3\u0142dniowa)<br \/>\nUmiarkowana aktywno\u015b\u0107 fizyczna (w\u0119dr\u00f3wki i brodzenie)<br \/>\nDodatkowa op\u0142ata za transfer z \u00c7amyuva\/Tekirova: $5 za osob\u0119<br \/>\nDzieci poni\u017cej 5 roku \u017cycia dziel\u0105 miejsce w autobusie<br \/>\nZaj\u0119cia fakultatywne: tyrolka, rafting, sp\u0142ywy kajakowe<\/p>\n<h3 dir=\"ltr\"><span style=\"color: #000000;\"><strong>Co zabra\u0107 ze sob\u0105<\/strong><\/span><\/h3>\n<p dir=\"ltr\">Str\u00f3j k\u0105pielowy i r\u0119cznik<br \/>\nWygodne, wodoodporne buty<br \/>\nOkulary przeciws\u0142oneczne, kapelusz, filtr przeciws\u0142oneczny<br \/>\nWoda i przek\u0105ski<br \/>\nAparat fotograficzny lub smartfon<br \/>\nGot\u00f3wka za dodatkowe us\u0142ugi<\/p>\n<h3 dir=\"ltr\"><span style=\"color: #000000;\"><strong>Nieodpowiednie dla<\/strong><\/span><\/h3>\n<p dir=\"ltr\">U\u017cytkownicy w\u00f3zk\u00f3w inwalidzkich<br \/>\nNiemowl\u0119ta bez opieki<br \/>\nOsoby o ograniczonej sprawno\u015bci ruchowej<\/p>\n<h3 dir=\"ltr\"><span style=\"color: #000000;\"><strong>Cena i rezerwacja<\/strong><\/span><\/h3>\n<p dir=\"ltr\"><strong>Zarezerwuj teraz, zap\u0142a\u0107 w dniu wycieczki<\/strong><br \/>\nSkontaktuj si\u0119 z nami przez WhatsApp, Telegram, Viber lub wype\u0142nij poni\u017cszy formularz rezerwacji. \ud83d\udc47\ud83c\udffc<\/p>","protected":false},"excerpt":{"rendered":"<p>Do\u0142\u0105cz do wycieczki po kanionie G\u00f6yn\u00fck z Kemer! Ciesz si\u0119 w\u0119dr\u00f3wkami, p\u0142ywaniem i widokami przyrody w Parku Narodowym Beyda\u011flar\u0131. P\u00f3\u0142dniowa wycieczka z transferem w cenie.<\/p>","protected":false},"featured_media":12811,"comment_status":"open","ping_status":"closed","template":"","meta":[],"product_brand":[],"product_cat":[124],"product_tag":[105],"class_list":{"0":"post-12944","1":"product","2":"type-product","3":"status-publish","4":"has-post-thumbnail","6":"tour_phys-kemer-tours","7":"product_cat-kemer-tours","8":"product_tag-kemer","9":"pa_destination-kemer-tours","11":"first","12":"instock","13":"sale","14":"featured","15":"shipping-taxable","16":"purchasable","17":"product-type-tour_phys"},"aioseo_notices":[],"_links":{"self":[{"href":"https:\/\/excursionsworld.com\/pl\/wp-json\/wp\/v2\/product\/12944","targetHints":{"allow":["GET"]}}],"collection":[{"href":"https:\/\/excursionsworld.com\/pl\/wp-json\/wp\/v2\/product"}],"about":[{"href":"https:\/\/excursionsworld.com\/pl\/wp-json\/wp\/v2\/types\/product"}],"replies":[{"embeddable":true,"href":"https:\/\/excursionsworld.com\/pl\/wp-json\/wp\/v2\/comments?post=12944"}],"wp:featuredmedia":[{"embeddable":true,"href":"https:\/\/excursionsworld.com\/pl\/wp-json\/wp\/v2\/media\/12811"}],"wp:attachment":[{"href":"https:\/\/excursionsworld.com\/pl\/wp-json\/wp\/v2\/media?parent=12944"}],"wp:term":[{"taxonomy":"product_brand","embeddable":true,"href":"https:\/\/excursionsworld.com\/pl\/wp-json\/wp\/v2\/product_brand?post=12944"},{"taxonomy":"product_cat","embeddable":true,"href":"https:\/\/excursionsworld.com\/pl\/wp-json\/wp\/v2\/product_cat?post=12944"},{"taxonomy":"product_tag","embeddable":true,"href":"https:\/\/excursionsworld.com\/pl\/wp-json\/wp\/v2\/product_tag?post=12944"}],"curies":[{"name":"wp","href":"https:\/\/api.w.org\/{rel}","templated":true}]}}