{"id":12945,"date":"2025-05-11T11:00:46","date_gmt":"2025-05-11T08:00:46","guid":{"rendered":"https:\/\/excursionsworld.com\/?post_type=product&#038;p=12945"},"modified":"2026-02-27T16:55:59","modified_gmt":"2026-02-27T13:55:59","slug":"turecka-laznia-hammam-kemer","status":"publish","type":"product","link":"https:\/\/excursionsworld.com\/tours\/kemer-turkish-bath-hamam\/","title":{"rendered":"Turecka \u0141a\u017ania Hamam w Kemer \u2013 Autentyczne Do\u015bwiadczenie Spa"},"content":{"rendered":"<h3 dir=\"ltr\" data-pm-slice=\"1 1 []\"><span style=\"color: #000000;\"><strong>Przegl\u0105d<\/strong><\/span><\/h3>\n<p dir=\"ltr\">Zrelaksuj si\u0119 w tradycyjnej \u0142a\u017ani tureckiej w Kemer z transferem z Kemer i okolic! Ciesz si\u0119 \u0142a\u017ani\u0105 tureck\u0105, saun\u0105, masa\u017cami i tureck\u0105 herbat\u0105 dla pe\u0142nego relaksu.<\/p>\n<h3 dir=\"ltr\"><span style=\"color: #000000;\"><strong>W zestawie:<\/strong><\/span><\/h3>\n<p dir=\"ltr\"><span style=\"color: #00ff00;\"><strong>\u2713<\/strong><\/span> Odbi\u00f3r i dow\u00f3z do hotelu<br \/>\n<span style=\"color: #00ff00;\"><strong>\u2713 <\/strong><\/span>Wygodny klimatyzowany autobus<br \/>\n<span style=\"color: #00ff00;\"><strong>\u2713 <\/strong><\/span>Nieograniczony dost\u0119p do sauny i \u0142a\u017ani parowej<br \/>\n<span style=\"color: #00ff00;\"><strong>\u2713 <\/strong><\/span>Peeling cia\u0142a (10 min)<br \/>\n<span style=\"color: #00ff00;\"><strong>\u2713 <\/strong><\/span>Masa\u017c piankowy (10 min)<br \/>\n<span style=\"color: #00ff00;\"><strong>\u2713 <\/strong><\/span>Maska z glinki<br \/>\n<span style=\"color: #00ff00;\"><strong>\u2713 <\/strong><\/span>Masa\u017c aromaterapeutyczny (20 min)<br \/>\n<span style=\"color: #00ff00;\"><strong>\u2713 <\/strong><\/span>Turecka herbata<\/p>\n<h3 dir=\"ltr\"><span style=\"color: #000000;\"><strong>Nie zawiera:<\/strong><\/span><\/h3>\n<p dir=\"ltr\"><span style=\"color: #ff0000;\"><strong>\u2717<\/strong><\/span> Dodatkowe us\u0142ugi \u0142a\u017ani tureckiej<\/p>\n<h3 dir=\"ltr\"><span style=\"color: #000000;\"><strong>Najwa\u017cniejsze wydarzenia<\/strong><\/span><\/h3>\n<p dir=\"ltr\">Autentyczne do\u015bwiadczenie \u0142a\u017ani tureckiej w Kemer<br \/>\nOczyszczaj\u0105cy peeling cia\u0142a i masa\u017c pian\u0105<br \/>\nRelaksuj\u0105cy masa\u017c aromaterapeutyczny<br \/>\nDost\u0119p do basenu i \u0142a\u017ani parowej<br \/>\nPrzytulna turecka herbata<\/p>\n<h3 dir=\"ltr\"><span style=\"color: #000000;\"><strong>Pe\u0142ny opis<\/strong><\/span><\/h3>\n<p dir=\"ltr\">Wycieczka rozpoczyna si\u0119 od transferu z Kemer do \u0142a\u017ani tureckiej. Zrelaksuj si\u0119 w saunie i \u0142a\u017ani parowej, a nast\u0119pnie wykonaj odm\u0142adzaj\u0105cy peeling cia\u0142a i masa\u017c pian\u0105. Maska z glinki oczyszcza sk\u00f3r\u0119, a 20-minutowy masa\u017c aromaterapeutyczny \u0142agodzi stres. Po wypiciu tureckiej herbaty wr\u00f3cisz do hotelu od\u015bwie\u017cony.<\/p>\n<h3><span style=\"color: #000000;\"><strong>\ud83d\uddfa\ufe0f Plan podr\u00f3\u017cy<\/strong><\/span><\/h3>\n<p dir=\"ltr\">Odbi\u00f3r z Kemer<br \/>\nSauna i \u0142a\u017ania parowa<br \/>\nPeeling cia\u0142a i masa\u017c pian\u0105<br \/>\nMaseczka z glinki<br \/>\nRelaks na basenie<br \/>\nMasa\u017c aromaterapeutyczny<br \/>\nTurecka herbata<br \/>\nPowr\u00f3t do hotelu<\/p>\n<h3 dir=\"ltr\"><span style=\"color: #000000;\"><strong>\u2139\ufe0f Przydatne informacje<\/strong><\/span><\/h3>\n<p dir=\"ltr\">Czas trwania: 2,5-3 godziny<br \/>\nOdpowiedni dla m\u0119\u017cczyzn i kobiet<br \/>\nDzieciom poni\u017cej 12. roku \u017cycia musz\u0105 towarzyszy\u0107 rodzice.<\/p>\n<h3 dir=\"ltr\"><span style=\"color: #000000;\"><strong>Co zabra\u0107 ze sob\u0105<\/strong><\/span><\/h3>\n<p dir=\"ltr\">Str\u00f3j k\u0105pielowy<br \/>\n\ud83d\udd39 Kapcie<br \/>\nR\u0119cznik (opcjonalnie)<\/p>\n<h3 dir=\"ltr\"><span style=\"color: #000000;\"><strong>Nieodpowiednie dla<\/strong><\/span><\/h3>\n<p dir=\"ltr\">Osoby z chorobami sk\u00f3ry lub serca<br \/>\nKobiety w ci\u0105\u017cy (skonsultowa\u0107 si\u0119 z lekarzem)<\/p>\n<h3><span style=\"color: #000000;\"><strong>Cena i rezerwacja<\/strong><\/span><\/h3>\n<p dir=\"ltr\"><strong>Zarezerwuj teraz, zap\u0142a\u0107 w dniu wycieczki<\/strong><br \/>\nSkontaktuj si\u0119 z nami przez WhatsApp, Telegram, Viber lub wype\u0142nij poni\u017cszy formularz rezerwacji. \ud83d\udc47\ud83c\udffd<\/p>","protected":false},"excerpt":{"rendered":"<p>Zrelaksuj si\u0119 w autentycznej \u0142a\u017ani tureckiej w Kemer! Ciesz si\u0119 saun\u0105, peelingiem cia\u0142a, masa\u017cem pian\u0105 i aromatem oraz tureck\u0105 herbat\u0105, aby uzyska\u0107 doskona\u0142e wra\u017cenia spa.<\/p>","protected":false},"featured_media":15777,"comment_status":"open","ping_status":"closed","template":"","meta":[],"product_brand":[],"product_cat":[124],"product_tag":[105],"class_list":{"0":"post-12945","1":"product","2":"type-product","3":"status-publish","4":"has-post-thumbnail","6":"tour_phys-kemer-tours","7":"product_cat-kemer-tours","8":"product_tag-kemer","9":"pa_destination-kemer-tours","11":"first","12":"instock","13":"sale","14":"featured","15":"shipping-taxable","16":"purchasable","17":"product-type-tour_phys"},"aioseo_notices":[],"_links":{"self":[{"href":"https:\/\/excursionsworld.com\/pl\/wp-json\/wp\/v2\/product\/12945","targetHints":{"allow":["GET"]}}],"collection":[{"href":"https:\/\/excursionsworld.com\/pl\/wp-json\/wp\/v2\/product"}],"about":[{"href":"https:\/\/excursionsworld.com\/pl\/wp-json\/wp\/v2\/types\/product"}],"replies":[{"embeddable":true,"href":"https:\/\/excursionsworld.com\/pl\/wp-json\/wp\/v2\/comments?post=12945"}],"wp:featuredmedia":[{"embeddable":true,"href":"https:\/\/excursionsworld.com\/pl\/wp-json\/wp\/v2\/media\/15777"}],"wp:attachment":[{"href":"https:\/\/excursionsworld.com\/pl\/wp-json\/wp\/v2\/media?parent=12945"}],"wp:term":[{"taxonomy":"product_brand","embeddable":true,"href":"https:\/\/excursionsworld.com\/pl\/wp-json\/wp\/v2\/product_brand?post=12945"},{"taxonomy":"product_cat","embeddable":true,"href":"https:\/\/excursionsworld.com\/pl\/wp-json\/wp\/v2\/product_cat?post=12945"},{"taxonomy":"product_tag","embeddable":true,"href":"https:\/\/excursionsworld.com\/pl\/wp-json\/wp\/v2\/product_tag?post=12945"}],"curies":[{"name":"wp","href":"https:\/\/api.w.org\/{rel}","templated":true}]}}