{"id":12946,"date":"2025-05-11T11:35:10","date_gmt":"2025-05-11T08:35:10","guid":{"rendered":"https:\/\/excursionsworld.com\/?post_type=product&#038;p=12946"},"modified":"2026-04-02T23:04:38","modified_gmt":"2026-04-02T20:04:38","slug":"quad-safari-kemer","status":"publish","type":"product","link":"https:\/\/excursionsworld.com\/tours\/kemer-quad-safari-tour\/","title":{"rendered":"Quad Safari w Kemer \u2013 terenowa przygoda na quadach"},"content":{"rendered":"<h3 dir=\"ltr\" data-pm-slice=\"1 1 []\"><span style=\"color: #000000;\"><strong>Przegl\u0105d<\/strong><\/span><\/h3>\n<p dir=\"ltr\">Wyrusz na pe\u0142n\u0105 adrenaliny wypraw\u0119 quadami przez g\u00f3ry Taurus z transferem z Kemer i okolic! \u015acigaj si\u0119 po le\u015bnych szlakach i skalistych \u015bcie\u017ckach, podziwiaj wspania\u0142e widoki i p\u0142ywaj w kanionie. Idealny dla poszukiwaczy mocnych wra\u017ce\u0144, nie wymaga wcze\u015bniejszego do\u015bwiadczenia.<\/p>\n<h3 dir=\"ltr\"><span style=\"color: #000000;\"><strong>W zestawie:<\/strong><\/span><\/h3>\n<p dir=\"ltr\"><span style=\"color: #00ff00;\"><strong>\u2713<\/strong><\/span> Odbi\u00f3r i dow\u00f3z do hotelu<br \/>\n<span style=\"color: #00ff00;\"><strong>\u2713 <\/strong><\/span>Profesjonalny przewodnik<br \/>\n<span style=\"color: #00ff00;\"><strong>\u2713 <\/strong><\/span>Ubezpieczenie<br \/>\n<span style=\"color: #00ff00;\"><strong>\u2713 <\/strong><\/span>Sprz\u0119t (kask itp.)<\/p>\n<h3 dir=\"ltr\"><span style=\"color: #000000;\"><strong>Nie zawiera:<\/strong><\/span><\/h3>\n<p dir=\"ltr\"><span style=\"color: #ff0000;\"><strong>\u2717<\/strong><\/span> Wydatki osobiste<br \/>\n<span style=\"color: #ff0000;\"><strong>\u2717 <\/strong><\/span>Zdj\u0119cia i filmy<\/p>\n<h3 dir=\"ltr\"><span style=\"color: #000000;\"><strong>Najwa\u017cniejsze wydarzenia<\/strong><\/span><\/h3>\n<p dir=\"ltr\">Jazda quadem nap\u0119dzana adrenalin\u0105<br \/>\nLe\u015bne szlaki i kamieniste \u015bcie\u017cki<br \/>\nSceniczny przystanek fotograficzny z panoramicznymi widokami<br \/>\nOrze\u017awiaj\u0105ca k\u0105piel w kanionie<br \/>\nPrzyjazny dla pocz\u0105tkuj\u0105cych<br \/>\nSpektakularne g\u00f3rskie krajobrazy<\/p>\n<h3 dir=\"ltr\"><span style=\"color: #000000;\"><strong>Pe\u0142ny opis<\/strong><\/span><\/h3>\n<p dir=\"ltr\">Wycieczka rozpoczyna si\u0119 transferem z Kemer do bazy quad\u00f3w. Po odprawie bezpiecze\u0144stwa i je\u017adzie pr\u00f3bnej wyrusz na ekscytuj\u0105c\u0105 przeja\u017cd\u017ck\u0119 po le\u015bnych szlakach i skalistych \u015bcie\u017ckach, prowadzon\u0105 przez do\u015bwiadczonych instruktor\u00f3w. Zatrzymaj si\u0119 w malowniczym punkcie widokowym, aby zrobi\u0107 zdj\u0119cia i podziwia\u0107 g\u00f3ry. Kontynuuj jazd\u0119 na trudniejszych trasach i och\u0142od\u017a si\u0119 k\u0105piel\u0105 w kanionie. Po przygodzie zostaniesz odwieziony z powrotem do hotelu.<\/p>\n<h3 dir=\"ltr\"><span style=\"color: #000000;\"><strong>\ud83d\uddfa\ufe0f Plan podr\u00f3\u017cy<\/strong><\/span><\/h3>\n<p dir=\"ltr\">Odbi\u00f3r z Kemer i okolic<br \/>\n\ud83d\udd39 Przyjazd do bazy quad\u00f3w<br \/>\nOdprawa dotycz\u0105ca bezpiecze\u0144stwa i jazda pr\u00f3bna<br \/>\nJazda po szlakach i \u015bcie\u017ckach<br \/>\nPrzystanek fotograficzny w malowniczym punkcie widokowym<br \/>\n\ud83d\udd39 Kontynuacja trasy<br \/>\nP\u0142ywanie w kanionie<br \/>\nPowr\u00f3t do hotelu<\/p>\n<h3 dir=\"ltr\"><span style=\"color: #000000;\"><strong>\u2139\ufe0f Przydatne informacje<\/strong><\/span><\/h3>\n<p dir=\"ltr\">Czas trwania: 3-4 godz.<br \/>\nPrawo jazdy nie jest wymagane<br \/>\nMinimalny wiek kierowcy: 17 lat<br \/>\nDostarczony sprz\u0119t<br \/>\nUmiarkowana lub wysoka aktywno\u015b\u0107 fizyczna<\/p>\n<h3 dir=\"ltr\">Co zabra\u0107 ze sob\u0105<\/h3>\n<p dir=\"ltr\">Wygodna odzie\u017c i obuwie<br \/>\nR\u0119cznik i str\u00f3j k\u0105pielowy<br \/>\nGot\u00f3wka na wydatki<br \/>\nFiltr przeciws\u0142oneczny<\/p>\n<h3 dir=\"ltr\"><strong>Nieodpowiednie dla<\/strong><\/h3>\n<p dir=\"ltr\">Kobiety w ci\u0105\u017cy<br \/>\nOsoby o ograniczonej sprawno\u015bci ruchowej<\/p>\n<h3 dir=\"ltr\"><span style=\"color: #000000;\"><strong>Cena i rezerwacja<\/strong><\/span><\/h3>\n<p dir=\"ltr\"><strong>Zarezerwuj teraz, zap\u0142a\u0107 w dniu wycieczki<\/strong><br \/>\nSkontaktuj si\u0119 z nami przez WhatsApp, Telegram, Viber lub wype\u0142nij poni\u017cszy formularz rezerwacji. \ud83d\udc47\ud83c\udffc<\/p>","protected":false},"excerpt":{"rendered":"<p>Do\u0142\u0105cz do ekscytuj\u0105cej wycieczki Kemer Quad Safari w pobli\u017cu kanionu G\u00f6yn\u00fck! Je\u017adzij po szlakach terenowych, podziwiaj malownicze widoki, p\u0142ywaj w kanionie i poczuj, jak<\/p>\n<p dir=\"auto\">ATV Przygoda i adrenalina.<\/p>","protected":false},"featured_media":12701,"comment_status":"open","ping_status":"closed","template":"","meta":[],"product_brand":[],"product_cat":[124],"product_tag":[105],"class_list":{"0":"post-12946","1":"product","2":"type-product","3":"status-publish","4":"has-post-thumbnail","6":"tour_phys-kemer-tours","7":"product_cat-kemer-tours","8":"product_tag-kemer","9":"pa_destination-kemer-tours","11":"first","12":"instock","13":"sale","14":"featured","15":"shipping-taxable","16":"purchasable","17":"product-type-tour_phys"},"aioseo_notices":[],"_links":{"self":[{"href":"https:\/\/excursionsworld.com\/pl\/wp-json\/wp\/v2\/product\/12946","targetHints":{"allow":["GET"]}}],"collection":[{"href":"https:\/\/excursionsworld.com\/pl\/wp-json\/wp\/v2\/product"}],"about":[{"href":"https:\/\/excursionsworld.com\/pl\/wp-json\/wp\/v2\/types\/product"}],"replies":[{"embeddable":true,"href":"https:\/\/excursionsworld.com\/pl\/wp-json\/wp\/v2\/comments?post=12946"}],"wp:featuredmedia":[{"embeddable":true,"href":"https:\/\/excursionsworld.com\/pl\/wp-json\/wp\/v2\/media\/12701"}],"wp:attachment":[{"href":"https:\/\/excursionsworld.com\/pl\/wp-json\/wp\/v2\/media?parent=12946"}],"wp:term":[{"taxonomy":"product_brand","embeddable":true,"href":"https:\/\/excursionsworld.com\/pl\/wp-json\/wp\/v2\/product_brand?post=12946"},{"taxonomy":"product_cat","embeddable":true,"href":"https:\/\/excursionsworld.com\/pl\/wp-json\/wp\/v2\/product_cat?post=12946"},{"taxonomy":"product_tag","embeddable":true,"href":"https:\/\/excursionsworld.com\/pl\/wp-json\/wp\/v2\/product_tag?post=12946"}],"curies":[{"name":"wp","href":"https:\/\/api.w.org\/{rel}","templated":true}]}}