{"id":12947,"date":"2025-05-11T11:43:49","date_gmt":"2025-05-11T08:43:49","guid":{"rendered":"https:\/\/excursionsworld.com\/?post_type=product&#038;p=12947"},"modified":"2026-04-24T00:20:39","modified_gmt":"2026-04-23T21:20:39","slug":"olympos-chimaera-jeep-kemer","status":"publish","type":"product","link":"https:\/\/excursionsworld.com\/tours\/olympos-chimaera-jeep-kemer\/","title":{"rendered":"Olympos i Wieczny Ogie\u0144 Chimery w Kemer\n \u2013 Nocne Jeep Safari"},"content":{"rendered":"<h2 dir=\"ltr\" data-pm-slice=\"1 1 []\"><span style=\"color: #000000;\"><strong>Przegl\u0105d<\/strong><\/span><\/h2>\n<p dir=\"ltr\">Wybierz si\u0119 na ekscytuj\u0105ce nocne safari jeepem na g\u00f3r\u0119 Chimera i <a href=\"https:\/\/en.wikipedia.org\/wiki\/Olympos,_Antalya\" target=\"_blank\" rel=\"noopener\">Olympos<\/a> z Kemer i okolic z wliczonymi transferami! Odkryj wieczne p\u0142omienie Chimery, pop\u0142ywaj na pla\u017cy Olympos i zjedz kolacj\u0119 nad rzek\u0105 w Ulup\u0131nar. Idealne dla par, rodzin i mi\u0142o\u015bnik\u00f3w przyrody.<\/p>\n<h3 dir=\"ltr\"><span style=\"color: #000000;\"><strong>W zestawie:<\/strong><\/span><\/h3>\n<p dir=\"ltr\"><span style=\"color: #00ff00;\"><strong>\u2713<\/strong><\/span> Odbi\u00f3r i dow\u00f3z do hotelu<br \/>\n<span style=\"color: #00ff00;\"><strong>\u2713 <\/strong><\/span>Op\u0142ata za wst\u0119p do Chimaery<br \/>\n<span style=\"color: #00ff00;\"><strong>\u2713 <\/strong><\/span>Profesjonalny kierowca i przewodnik<br \/>\n<span style=\"color: #00ff00;\"><strong>\u2713 <\/strong><\/span>Ubezpieczenie<br \/>\n<span style=\"color: #00ff00;\"><strong>\u2713 <\/strong><\/span>Kolacja<\/p>\n<h3 dir=\"ltr\"><span style=\"color: #000000;\"><strong>Nie zawiera:<\/strong><\/span><\/h3>\n<p dir=\"ltr\"><span style=\"color: #ff0000;\"><strong>\u2717<\/strong><\/span> Wydatki osobiste<br \/>\n<span style=\"color: #ff0000;\"><strong>\u2717 <\/strong><\/span>Op\u0142ata za wst\u0119p do Olympos<br \/>\n<span style=\"color: #ff0000;\"><strong>\u2717 <\/strong><\/span>Napoje<\/p>\n<h2 dir=\"ltr\"><span style=\"color: #000000;\"><strong>Najwa\u017cniejsze wydarzenia<\/strong><\/span><\/h2>\n<p dir=\"ltr\">\ud83d\udd39 Wieczne p\u0142omienie Chimaery po zachodzie s\u0142o\u0144ca<br \/>\nP\u0142ywanie na pla\u017cy Olympos<br \/>\nPrzeja\u017cd\u017cka jeepem przez wioski<br \/>\nKolacja nad rzek\u0105 w Ulup\u0131nar<br \/>\nKomfortowe 10-osobowe jeepy Range Rover<br \/>\nOsza\u0142amiaj\u0105ce wieczorne widoki<\/p>\n<h2 dir=\"ltr\"><span style=\"color: #000000;\"><strong>Pe\u0142ny opis<\/strong><\/span><\/h2>\n<p dir=\"ltr\">Wycieczka rozpoczyna si\u0119 od odbioru z Kemer, a nast\u0119pnie przeja\u017cd\u017ck\u0105 jeepem przez wioski Kuzdere i Tekirova. Zatrzymaj si\u0119 na pla\u017cy Olympos w \u00c7\u0131ral\u0131, aby pop\u0142ywa\u0107 i zrelaksowa\u0107 si\u0119. Nast\u0119pnie wybierz si\u0119 na 30-minutow\u0105 w\u0119dr\u00f3wk\u0119 do Chimaery, aby zobaczy\u0107 jej wieczne p\u0142omienie \u015bwiec\u0105ce w nocy. Zako\u0144cz wiecz\u00f3r kolacj\u0105 z ryb\u0105 lub kurczakiem z sa\u0142atk\u0105 w nadrzecznej restauracji w Ulup\u0131nar przed powrotem do hotelu.<\/p>\n<h3 dir=\"ltr\"><span style=\"color: #000000;\"><strong>\ud83d\uddfa\ufe0f Plan podr\u00f3\u017cy<\/strong><\/span><\/h3>\n<p dir=\"ltr\">Odbi\u00f3r z Kemer<br \/>\nPrzeja\u017cd\u017cka jeepem przez wioski<br \/>\nP\u0142ywanie na pla\u017cy Olympos<br \/>\n30-minutowa w\u0119dr\u00f3wka do Chimaery<br \/>\n\ud83d\udd39 Ogl\u0105danie wiecznych p\u0142omieni<br \/>\nKolacja nad rzek\u0105 w Ulup\u0131nar<br \/>\nPowr\u00f3t do hotelu<\/p>\n<h3 dir=\"ltr\"><span style=\"color: #000000;\"><strong>\u2139\ufe0f Przydatne informacje<\/strong><\/span><\/h3>\n<p dir=\"ltr\">Czas trwania: ~7 godzin (16:00-23:00)<br \/>\nUmiarkowana aktywno\u015b\u0107 fizyczna (w\u0119dr\u00f3wki i spacery)<br \/>\nOdpowiedni dla os\u00f3b z podstawow\u0105 sprawno\u015bci\u0105 fizyczn\u0105<br \/>\nJeepy obs\u0142ugiwane przez profesjonalnych kierowc\u00f3w<\/p>\n<h2 dir=\"ltr\"><span style=\"color: #000000;\"><strong>Co zabra\u0107 ze sob\u0105<\/strong><\/span><\/h2>\n<p dir=\"ltr\">Wygodne buty turystyczne<br \/>\nStr\u00f3j k\u0105pielowy i r\u0119cznik<br \/>\nWoda i przedmioty osobiste<\/p>\n<h3 dir=\"ltr\"><span style=\"color: #000000;\"><strong>Nieodpowiednie dla<\/strong><\/span><\/h3>\n<p dir=\"ltr\">Osoby o ograniczonej sprawno\u015bci ruchowej<br \/>\nDzieci poni\u017cej 4 lat<br \/>\nKobiety w ci\u0105\u017cy<\/p>\n<h2 dir=\"ltr\"><span style=\"color: #000000;\"><strong>Cena i rezerwacja<\/strong><\/span><\/h2>\n<p dir=\"ltr\"><strong>Zarezerwuj teraz, zap\u0142a\u0107 w dniu wycieczki<\/strong><br \/>\nSkontaktuj si\u0119 z nami przez WhatsApp, Telegram, Viber lub wype\u0142nij poni\u017cszy formularz rezerwacji. \ud83d\udc47\ud83c\udffc<\/p>\n<p>Szukasz alternatyw? Przegl\u0105daj <a href=\"https:\/\/excursionsworld.com\/pl\/kemer-wycieczki\/\">wi\u0119cej wycieczek po Kemer w Olympos<\/a>.<\/p>","protected":false},"excerpt":{"rendered":"<p>Do\u0142\u0105cz do nocnego safari jeepem z Kemer do Olympos i g\u00f3ry Chimaera! Odkryj wieczne p\u0142omienie, pop\u0142ywaj na pla\u017cy Olympos i zjedz kolacj\u0119 nad rzek\u0105.<\/p>","protected":false},"featured_media":12731,"comment_status":"open","ping_status":"closed","template":"","meta":[],"product_brand":[],"product_cat":[124],"product_tag":[105],"class_list":{"0":"post-12947","1":"product","2":"type-product","3":"status-publish","4":"has-post-thumbnail","6":"tour_phys-kemer-tours","7":"product_cat-kemer-tours","8":"product_tag-kemer","9":"pa_destination-kemer-tours","11":"first","12":"instock","13":"sale","14":"featured","15":"shipping-taxable","16":"purchasable","17":"product-type-tour_phys"},"aioseo_notices":[],"_links":{"self":[{"href":"https:\/\/excursionsworld.com\/pl\/wp-json\/wp\/v2\/product\/12947","targetHints":{"allow":["GET"]}}],"collection":[{"href":"https:\/\/excursionsworld.com\/pl\/wp-json\/wp\/v2\/product"}],"about":[{"href":"https:\/\/excursionsworld.com\/pl\/wp-json\/wp\/v2\/types\/product"}],"replies":[{"embeddable":true,"href":"https:\/\/excursionsworld.com\/pl\/wp-json\/wp\/v2\/comments?post=12947"}],"wp:featuredmedia":[{"embeddable":true,"href":"https:\/\/excursionsworld.com\/pl\/wp-json\/wp\/v2\/media\/12731"}],"wp:attachment":[{"href":"https:\/\/excursionsworld.com\/pl\/wp-json\/wp\/v2\/media?parent=12947"}],"wp:term":[{"taxonomy":"product_brand","embeddable":true,"href":"https:\/\/excursionsworld.com\/pl\/wp-json\/wp\/v2\/product_brand?post=12947"},{"taxonomy":"product_cat","embeddable":true,"href":"https:\/\/excursionsworld.com\/pl\/wp-json\/wp\/v2\/product_cat?post=12947"},{"taxonomy":"product_tag","embeddable":true,"href":"https:\/\/excursionsworld.com\/pl\/wp-json\/wp\/v2\/product_tag?post=12947"}],"curies":[{"name":"wp","href":"https:\/\/api.w.org\/{rel}","templated":true}]}}