{"id":12948,"date":"2025-05-11T11:50:59","date_gmt":"2025-05-11T08:50:59","guid":{"rendered":"https:\/\/excursionsworld.com\/?post_type=product&#038;p=12948"},"modified":"2026-04-24T00:20:39","modified_gmt":"2026-04-23T21:20:39","slug":"jeep-safari-kemer","status":"publish","type":"product","link":"https:\/\/excursionsworld.com\/tours\/kemer-jeep-safari-tour\/","title":{"rendered":"Wycieczka jeep safari w Kemer \u2013 terenowa przygoda w g\u00f3rach Taurus"},"content":{"rendered":"<h2 dir=\"ltr\" data-pm-slice=\"1 1 []\"><span style=\"color: #000000;\"><strong>\ud83c\udfdd\ufe0f Przegl\u0105d<\/strong><\/span><\/h2>\n<p dir=\"ltr\">Wyrusz na ekscytuj\u0105ce jeep safari przez G\u00f3ry Taurus z <a href=\"https:\/\/en.wikipedia.org\/wiki\/Kemer,_Antalya\" target=\"_blank\" rel=\"noopener\">Kemer<\/a>Zapewniamy wygodne transfery z hoteli w Beldibi, G\u00f6yn\u00fck, Kemer, Kiri\u015f, \u00c7amyuva i Tekirov\u0119. Odkryj osza\u0142amiaj\u0105ce krajobrazy, odwied\u017a tradycyjn\u0105 tureck\u0105 wiosk\u0119, pop\u0142ywaj w g\u00f3rskiej rzece i zjedz pyszny lunch na \u0142onie natury. Idealne dla mi\u0142o\u015bnik\u00f3w przyg\u00f3d i rodzin!<\/p>\n<h3 dir=\"ltr\"><span style=\"color: #000000;\"><strong>W zestawie:<\/strong><\/span><\/h3>\n<p dir=\"ltr\"><span style=\"color: #00ff00;\"><strong>\u2713<\/strong><\/span> Odbi\u00f3r i dow\u00f3z do hotelu<br \/>\n<span style=\"color: #00ff00;\"><strong>\u2713 <\/strong><\/span>Przewodnik<br \/>\n<span style=\"color: #00ff00;\"><strong>\u2713 <\/strong><\/span>Jazda jeepem 4\u00d74<br \/>\n<span style=\"color: #00ff00;\"><strong>\u2713 <\/strong><\/span>Pe\u0142ne ubezpieczenie<br \/>\n<span style=\"color: #00ff00;\"><strong>\u2713 <\/strong><\/span>Lunch (do wyboru ryba lub szasz\u0142yk, sa\u0142atka)<\/p>\n<h3 dir=\"ltr\"><span style=\"color: #000000;\"><strong>Nie zawiera:<\/strong><\/span><\/h3>\n<p dir=\"ltr\"><span style=\"color: #ff0000;\"><strong>\u2717<\/strong><\/span> Napoje<br \/>\n<span style=\"color: #ff0000;\"><strong>\u2717 <\/strong><\/span>Zdj\u0119cia i filmy<br \/>\n<span style=\"color: #ff0000;\"><strong>\u2717 <\/strong><\/span>Op\u0142ata za wst\u0119p do jaskini<\/p>\n<h2><span style=\"color: #000000;\"><strong>Najwa\u017cniejsze atrakcje wycieczki<\/strong><\/span><\/h2>\n<p dir=\"ltr\">Ekscytuj\u0105ca przeja\u017cd\u017cka jeepem terenowym<br \/>\nZapieraj\u0105ce dech w piersiach widoki na g\u00f3ry Taurus<br \/>\nWizyta w tradycyjnej tureckiej wiosce i meczecie<br \/>\nP\u0142ywanie w ch\u0142odnej g\u00f3rskiej rzece<br \/>\nPyszny lunch w rustykalnej restauracji<br \/>\nPrzystanki fotograficzne w w\u0105wozie Kesme i przy 2000-letnim platanie<br \/>\nOpcjonalna walka wodna w drodze powrotnej<\/p>\n<h2 dir=\"ltr\"><span style=\"color: #000000;\"><strong>Pe\u0142ny opis<\/strong><\/span><\/h2>\n<div dir=\"ltr\">Twoja przygoda rozpoczyna si\u0119 od wygodnego transferu z hotelu w Beldibi, G\u00f6yn\u00fck, Kemer, Kiri\u015f, \u00c7amyuva lub Tekirova. Wskocz do pot\u0119\u017cnych jeep\u00f3w 4\u00d74 i udaj si\u0119 w g\u00f3ry Taurus, ch\u0142on\u0105c \u015bwie\u017ce powietrze i spektakularne widoki.<\/div>\n<div dir=\"ltr\">Pierwszym przystankiem jest tradycyjna turecka wioska, w kt\u00f3rej poznasz lokaln\u0105 kultur\u0119, odwiedzisz meczet i spotkasz go\u015bcinnych mieszka\u0144c\u00f3w. Nast\u0119pnie zanurz si\u0119 w prawdziwej off-roadowej ekscytacji! Poruszaj si\u0119 po skalistych szlakach i zakurzonych \u015bcie\u017ckach, zatrzymuj\u0105c si\u0119 w malowniczych punktach widokowych na zdj\u0119cia. Najwa\u017cniejsze atrakcje to malowniczy w\u0105w\u00f3z Kesme, 2000-letni platan i bizantyjska jaskinia.<\/div>\n<div dir=\"ltr\">W po\u0142udnie zjedz pyszny lunch w przytulnej restauracji otoczonej przyrod\u0105, wybieraj\u0105c mi\u0119dzy grillowan\u0105 ryb\u0105 lub szasz\u0142ykiem z kurczaka ze \u015bwie\u017c\u0105 sa\u0142atk\u0105. Nast\u0119pnie mo\u017cna och\u0142odzi\u0107 si\u0119 p\u0142ywaj\u0105c w g\u00f3rskiej rzece po\u015br\u00f3d sosnowych las\u00f3w.<\/div>\n<div dir=\"ltr\">W drodze powrotnej do\u0142\u0105cz do opcjonalnej walki wodnej mi\u0119dzy jeepami, aby uzyska\u0107 zabawny fina\u0142! Wycieczka ko\u0144czy si\u0119 odstawieniem do hotelu.<\/div>\n<h3 dir=\"ltr\"><span style=\"color: #000000;\"><strong>\ud83d\uddfa\ufe0f Plan podr\u00f3\u017cy<\/strong><\/span><\/h3>\n<p dir=\"ltr\">odbi\u00f3r z hoteli w Beldibi, G\u00f6yn\u00fck, Kemer, Kiri\u015f, \u00c7amyuva lub Tekirova<br \/>\nPrzystanek fotograficzny w w\u0105wozie Kesme<br \/>\nWizyta pod 2000-letnim platanem<br \/>\nEksploracja bizantyjskiej jaskini i wioski<br \/>\nPrzystanek panoramiczny na wysoko\u015bci 1500 m n.p.m.<br \/>\nLunch w rustykalnej restauracji<br \/>\nP\u0142ywanie w g\u00f3rskiej rzece<br \/>\nOpcjonalna walka wodna<br \/>\nPowr\u00f3t do hotelu<\/p>\n<h3><span style=\"color: #000000;\"><strong>\u2139\ufe0f Przydatne informacje<\/strong><\/span><\/h3>\n<p dir=\"ltr\">Czas trwania: ~5-6 godz.<br \/>\nPlan podr\u00f3\u017cy mo\u017ce ulec zmianie ze wzgl\u0119du na warunki pogodowe.<br \/>\nUmiarkowana aktywno\u015b\u0107 fizyczna (jazda konna, spacery, p\u0142ywanie)<\/p>\n<h2 dir=\"ltr\"><span style=\"color: #000000;\"><strong>Co zabra\u0107 ze sob\u0105<\/strong><\/span><\/h2>\n<p dir=\"ltr\">Okulary przeciws\u0142oneczne<br \/>\nStr\u00f3j k\u0105pielowy i r\u0119cznik<br \/>\nFiltr przeciws\u0142oneczny<br \/>\nWygodna odzie\u017c i obuwie sportowe<br \/>\nGot\u00f3wka na wydatki osobiste<\/p>\n<h3 dir=\"ltr\"><span style=\"color: #000000;\"><strong>Nieodpowiednie dla<\/strong><\/span><\/h3>\n<p dir=\"ltr\">Osoby z wysokim ci\u015bnieniem krwi<br \/>\nKobiety w ci\u0105\u017cy<br \/>\nPodr\u00f3\u017cni o ograniczonej sprawno\u015bci ruchowej<\/p>\n<h2 dir=\"ltr\"><span style=\"color: #000000;\"><strong>Cena i rezerwacja<\/strong><\/span><\/h2>\n<p dir=\"ltr\"><strong>Zarezerwuj teraz, zap\u0142a\u0107 w dniu wycieczki<\/strong><br \/>\nSkontaktuj si\u0119 z nami przez WhatsApp, Telegram, Viber lub wype\u0142nij poni\u017cszy formularz rezerwacji. \ud83d\udc47\ud83c\udffc<\/p>\n<p>Szukasz alternatyw? Przegl\u0105daj <a href=\"https:\/\/excursionsworld.com\/pl\/kemer-wycieczki\/\">wi\u0119cej wycieczek po Kemer<\/a>.<\/p>","protected":false},"excerpt":{"rendered":"<p>Do\u0142\u0105cz do naszej wycieczki Kemer Jeep Safari! Poznaj g\u00f3ry Taurus, lokalne wioski i rzeki dzi\u0119ki zabawnej przygodzie terenowej. Wycieczka obejmuje lunch i transfery.<\/p>","protected":false},"featured_media":16677,"comment_status":"open","ping_status":"closed","template":"","meta":[],"product_brand":[],"product_cat":[124],"product_tag":[105],"class_list":{"0":"post-12948","1":"product","2":"type-product","3":"status-publish","4":"has-post-thumbnail","6":"tour_phys-kemer-tours","7":"product_cat-kemer-tours","8":"product_tag-kemer","9":"pa_destination-kemer-tours","11":"first","12":"instock","13":"sale","14":"featured","15":"shipping-taxable","16":"purchasable","17":"product-type-tour_phys"},"aioseo_notices":[],"_links":{"self":[{"href":"https:\/\/excursionsworld.com\/pl\/wp-json\/wp\/v2\/product\/12948","targetHints":{"allow":["GET"]}}],"collection":[{"href":"https:\/\/excursionsworld.com\/pl\/wp-json\/wp\/v2\/product"}],"about":[{"href":"https:\/\/excursionsworld.com\/pl\/wp-json\/wp\/v2\/types\/product"}],"replies":[{"embeddable":true,"href":"https:\/\/excursionsworld.com\/pl\/wp-json\/wp\/v2\/comments?post=12948"}],"wp:featuredmedia":[{"embeddable":true,"href":"https:\/\/excursionsworld.com\/pl\/wp-json\/wp\/v2\/media\/16677"}],"wp:attachment":[{"href":"https:\/\/excursionsworld.com\/pl\/wp-json\/wp\/v2\/media?parent=12948"}],"wp:term":[{"taxonomy":"product_brand","embeddable":true,"href":"https:\/\/excursionsworld.com\/pl\/wp-json\/wp\/v2\/product_brand?post=12948"},{"taxonomy":"product_cat","embeddable":true,"href":"https:\/\/excursionsworld.com\/pl\/wp-json\/wp\/v2\/product_cat?post=12948"},{"taxonomy":"product_tag","embeddable":true,"href":"https:\/\/excursionsworld.com\/pl\/wp-json\/wp\/v2\/product_tag?post=12948"}],"curies":[{"name":"wp","href":"https:\/\/api.w.org\/{rel}","templated":true}]}}