{"id":12952,"date":"2025-05-11T12:43:01","date_gmt":"2025-05-11T09:43:01","guid":{"rendered":"https:\/\/excursionsworld.com\/?post_type=product&#038;p=12952"},"modified":"2026-04-24T00:20:40","modified_gmt":"2026-04-23T21:20:40","slug":"kapadocja-2-dni-kemer","status":"publish","type":"product","link":"https:\/\/excursionsworld.com\/tours\/cappadocia-2-day-kemer\/","title":{"rendered":"2-Dniowa Wycieczka do Kapadocji z Kemeru \u2013 Lot Balonem &amp; Zwiedzanie"},"content":{"rendered":"<h2><span style=\"color: #000000;\"><strong>Przegl\u0105d<\/strong><\/span><\/h2>\n<p>Do\u0142\u0105cz do 2-dniowej wycieczki z przewodnikiem z Kemera i okolicznych obszar\u00f3w (Beldibi, G\u00f6yn\u00fck, Kiri\u015f, \u00c7amyuva, Tekirova), aby odkry\u0107 magiczne krajobrazy <a href=\"https:\/\/en.wikipedia.org\/wiki\/Cappadocia\" target=\"_blank\" rel=\"noopener\">Kapadocja<\/a>. Odkryj ba\u015bniowe kominy, podziemne miasta i ko\u015bcio\u0142y wykute w skale wulkanicznej \u2014 idealne po\u0142\u0105czenie historii, kultury i przyrody.<\/p>\n<h3><span style=\"color: #000000;\"><strong>W zestawie:<\/strong><\/span><\/h3>\n<div><span style=\"color: #00ff00;\"><strong>\u2713<\/strong> <\/span>Odbi\u00f3r i dow\u00f3z do hotelu<\/div>\n<div><span style=\"color: #00ff00;\"><strong>\u2713<\/strong> <\/span>1 noc w hotelu (pok\u00f3j standardowy)<br \/><span style=\"color: #00ff00;\"><strong>\u2713<\/strong> <\/span>Kolacja pierwszego wieczoru<\/div>\n<div><span style=\"color: #00ff00;\"><strong>\u2713 <\/strong><\/span>\u015aniadanie (dzie\u0144 2 - w hotelu)<br \/><span style=\"color: #00ff00;\"><strong>\u2713<\/strong> <\/span>Op\u0142aty za wst\u0119p do g\u0142\u00f3wnych obiekt\u00f3w<br \/><span style=\"color: #00ff00;\"><strong>\u2713<\/strong> <\/span>Profesjonalny przewodnik<br \/><span style=\"color: #00ff00;\"><strong>\u2713<\/strong> <\/span>Ubezpieczenie wycieczki<br \/><span style=\"color: #00ff00;\"><strong>\u2713<\/strong> <\/span>Klimatyzowany autobus<\/div>\n<h3><strong>Wy\u0142\u0105czone:<\/strong><\/h3>\n<div><strong><span style=\"color: #ff0000;\">\u2717<\/span><\/strong> Napoje podczas posi\u0142k\u00f3w<br \/><strong><span style=\"color: #ff0000;\">\u2717 <\/span><\/strong>Dodatek za pok\u00f3j jednoosobowy<br \/><strong><span style=\"color: #ff0000;\">\u2717 <\/span><\/strong>Lunche w oba dni<br \/><strong><span style=\"color: #ff0000;\">\u2717<\/span><\/strong> <strong>Zaj\u0119cia fakultatywne:<\/strong><\/div>\n<div><strong>\u2022<\/strong> Noc turecka 30 \u20ac<br \/><strong>\u2022<\/strong> Wycieczka Panorama \u2013 Autobusem \u2013 30\u20ac<br \/>\n<strong>\u2022<\/strong> Wycieczka Panorama \u2013 Jeepem \u2013 50\u20ac<\/div>\n<h2>\ud83c\udff0 <strong>Najwa\u017cniejsze informacje o wycieczce<\/strong><\/h2>\n<p>Dolina Mi\u0142o\u015bci i jej bajkowe kominy<br \/>Podziemne miasto wykute w skale<br \/>Dolina Pa\u015faba\u011f ze ska\u0142ami w kszta\u0142cie grzyb\u00f3w<br \/>Zamek Uchisar z panoramicznym widokiem na okolic\u0119<br \/>\ud83d\udd39 Doliny Zelve i Devrent<br \/>Warsztaty garncarskie w Avanos<br \/>Opcjonalny lot balonem o wschodzie s\u0142o\u0144ca<\/p>\n<h2>\ud83d\udcd6 <strong>Pe\u0142ny opis<\/strong><\/h2>\n<p>Twoja podr\u00f3\u017c rozpoczyna si\u0119 od odbioru z Kemer i malowniczej przeja\u017cd\u017cki do Kapadocji. Odkryj staro\u017cytne podziemne miasto, podziwiaj surrealistyczne kominy Doliny Mi\u0142o\u015bci i odwied\u017a zamek Uchisar, aby podziwia\u0107 niesamowite widoki. Odkryj doliny Pa\u015faba\u011f, Zelve i Devrent - ka\u017cda wype\u0142niona unikalnymi formacjami skalnymi.<br \/>Zobacz produkcj\u0119 ceramiki w Avanos przed zameldowaniem si\u0119 w hotelu i kolacj\u0105 lub opcjonalnym pokazem nocy tureckiej.<br \/>Drugiego dnia odwied\u017a ko\u015bcio\u0142y jaskiniowe, historyczny karawanseraj i centrum tkania dywan\u00f3w przed powrotem do Antalyi.<\/p>\n<h3>\ud83d\uddfa\ufe0f <strong>Plan podr\u00f3\u017cy<\/strong><\/h3>\n<p><strong>Dzie\u0144 1<\/strong><br \/>Odbi\u00f3r z hoteli w Kemer<br \/>Przystanek \u015bniadaniowy po drodze<br \/>Zwiedzanie podziemnego miasta<br \/>Lunch w Uchisar<br \/>Zwiedzanie zamku Uchisar i doliny G\u00f6reme<br \/>Wizyta w Pa\u015faba\u011f i Avanos (pokaz garncarstwa)<br \/>Zameldowanie w hotelu, kolacja, wolny wiecz\u00f3r<\/p>\n<p><strong>Dzie\u0144 2<\/strong><br \/>\u015aniadanie w hotelu<br \/>Odwied\u017a Dolin\u0119 Mi\u0142o\u015bci i ko\u015bcio\u0142y jaskiniowe<br \/>Przystanek w centrum dywan\u00f3w i karawanseraju<br \/>Lunch w Konyi<br \/>Powr\u00f3t do hoteli w Antalyi<\/p>\n<h3><span style=\"color: #000000;\"><strong>\u2139\ufe0f Przydatne informacje<\/strong><\/span><\/h3>\n<p>Czas trwania: 2 dni<br \/>Umiarkowana aktywno\u015b\u0107 fizyczna<br \/>Wycieczka balonem opcjonalnie, w zale\u017cno\u015bci od pogody<br \/>Standardowy pobyt w hotelu (dodatkowa op\u0142ata za pok\u00f3j jednoosobowy)<br \/>Dzieci poni\u017cej 6. roku \u017cycia podr\u00f3\u017cuj\u0105 bezp\u0142atnie, ale dziel\u0105 miejsce, chyba \u017ce zostan\u0105 zarezerwowane oddzielnie.<\/p>\n<h2>\ud83c\udf92 <strong>Co zabra\u0107 ze sob\u0105<\/strong><\/h2>\n<p>\ud83d\udd39 Paszport lub dow\u00f3d osobisty<br \/>Wygodne buty<br \/>Okulary przeciws\u0142oneczne, kapelusz i filtr przeciws\u0142oneczny<br \/>Kurtka na ch\u0142odne wieczory<br \/>Aparat fotograficzny lub smartfon<br \/>Got\u00f3wka na dodatki<\/p>\n<h3>\ud83d\udeab <strong>Nieodpowiednie dla<\/strong><\/h3>\n<p>Go\u015bcie maj\u0105cy trudno\u015bci z poruszaniem si\u0119<br \/>Ma\u0142e dzieci<\/p>\n<h2><span style=\"color: #000000;\"><strong>Cena i rezerwacja<\/strong><\/span><\/h2>\n<p><strong>Zarezerwuj teraz - zap\u0142a\u0107 w dniu wycieczki<\/strong><br \/>Skontaktuj si\u0119 z nami za po\u015brednictwem WhatsApp, Telegram lub Viber w celu rezerwacji i pyta\u0144. \ud83d\udc47\ud83c\udffc<\/p>\n<p>Szukasz alternatyw? Przegl\u0105daj <a href=\"https:\/\/excursionsworld.com\/pl\/kemer-wycieczki\/\">wi\u0119cej wycieczek po Kemer w Kapadocji<\/a>.<\/p>","protected":false},"excerpt":{"rendered":"<p><b>2-dniowa wycieczka z Kemer do Kapadocji<\/b>! Odkryj <b>wr\u00f3\u017ckowe kominy<\/b>, <b>podziemne miasta<\/b>, <b>Dolina Pa\u015faba\u011f<\/b>. <b>Wycieczka all inclusive<\/b> z <b>hotel<\/b> &amp; <b>przewodnik\/transfer<\/b>.<\/p>","protected":false},"featured_media":12798,"comment_status":"open","ping_status":"closed","template":"","meta":[],"product_brand":[],"product_cat":[124],"product_tag":[105],"class_list":{"0":"post-12952","1":"product","2":"type-product","3":"status-publish","4":"has-post-thumbnail","6":"tour_phys-kemer-tours","7":"product_cat-kemer-tours","8":"product_tag-kemer","9":"pa_destination-kemer-tours","11":"first","12":"instock","13":"sale","14":"featured","15":"shipping-taxable","16":"purchasable","17":"product-type-tour_phys"},"aioseo_notices":[],"_links":{"self":[{"href":"https:\/\/excursionsworld.com\/pl\/wp-json\/wp\/v2\/product\/12952","targetHints":{"allow":["GET"]}}],"collection":[{"href":"https:\/\/excursionsworld.com\/pl\/wp-json\/wp\/v2\/product"}],"about":[{"href":"https:\/\/excursionsworld.com\/pl\/wp-json\/wp\/v2\/types\/product"}],"replies":[{"embeddable":true,"href":"https:\/\/excursionsworld.com\/pl\/wp-json\/wp\/v2\/comments?post=12952"}],"wp:featuredmedia":[{"embeddable":true,"href":"https:\/\/excursionsworld.com\/pl\/wp-json\/wp\/v2\/media\/12798"}],"wp:attachment":[{"href":"https:\/\/excursionsworld.com\/pl\/wp-json\/wp\/v2\/media?parent=12952"}],"wp:term":[{"taxonomy":"product_brand","embeddable":true,"href":"https:\/\/excursionsworld.com\/pl\/wp-json\/wp\/v2\/product_brand?post=12952"},{"taxonomy":"product_cat","embeddable":true,"href":"https:\/\/excursionsworld.com\/pl\/wp-json\/wp\/v2\/product_cat?post=12952"},{"taxonomy":"product_tag","embeddable":true,"href":"https:\/\/excursionsworld.com\/pl\/wp-json\/wp\/v2\/product_tag?post=12952"}],"curies":[{"name":"wp","href":"https:\/\/api.w.org\/{rel}","templated":true}]}}