{"id":12958,"date":"2025-05-11T13:50:28","date_gmt":"2025-05-11T10:50:28","guid":{"rendered":"https:\/\/excursionsworld.com\/?post_type=product&#038;p=12958"},"modified":"2026-04-25T15:37:58","modified_gmt":"2026-04-25T12:37:58","slug":"wedkarstwo-morskie-rejs-kemer","status":"publish","type":"product","link":"https:\/\/excursionsworld.com\/tours\/sea-fishing-boat-kemer\/","title":{"rendered":"W\u0119dkowanie morskie w Kemer \u2013 jacht, all inclusive"},"content":{"rendered":"<h2 dir=\"ltr\" data-pm-slice=\"1 1 []\"><span style=\"color: #000000;\"><strong>Przegl\u0105d<\/strong><\/span><\/h2>\n<p dir=\"ltr\">Wyrusz w spokojn\u0105 tras\u0119 w\u0119dkarsk\u0105 z <a href=\"https:\/\/en.wikipedia.org\/wiki\/Kemer,_Antalya\" target=\"_blank\" rel=\"noopener\">Kemer<\/a> i jego okolice! \u0141\u00f3w ryby w krystalicznie czystych wodach Morza \u015ar\u00f3dziemnego, p\u0142ywaj w ustronnych zatoczkach i delektuj si\u0119 \u015bniadaniem i lunchem na pok\u0142adzie. Idealna dla mi\u0142o\u015bnik\u00f3w przyrody wycieczka ta trwa oko\u0142o 4-6 godzin.<\/p>\n<h3 dir=\"ltr\"><span style=\"color: #000000;\"><strong>W zestawie:<\/strong><\/span><\/h3>\n<p dir=\"ltr\"><span style=\"color: #00ff00;\"><strong>\u2713<\/strong><\/span> Odbi\u00f3r i dow\u00f3z do hotelu<br \/>\n<span style=\"color: #00ff00;\"><strong>\u2713 <\/strong><\/span>\u015aniadanie na pok\u0142adzie<br \/>\n<span style=\"color: #00ff00;\"><strong>\u2713 <\/strong><\/span>Sprz\u0119t w\u0119dkarski i przyn\u0119ty<br \/>\n<span style=\"color: #00ff00;\"><strong>\u2713 <\/strong><\/span>Instrukcje i pomoc<br \/>\n<span style=\"color: #00ff00;\"><strong>\u2713 <\/strong><\/span>Lunch na jachcie<br \/>\n<span style=\"color: #00ff00;\"><strong>\u2713 <\/strong><\/span>Napoje bezalkoholowe<br \/>\n<span style=\"color: #00ff00;\"><strong>\u2713 <\/strong><\/span>Pe\u0142ne ubezpieczenie<\/p>\n<h3 dir=\"ltr\"><span style=\"color: #000000;\"><strong>Nie zawiera:<\/strong><\/span><\/h3>\n<p dir=\"ltr\"><span style=\"color: #ff0000;\"><strong>\u2717 <\/strong><\/span>Napoje alkoholowe<br \/>\n<span style=\"color: #ff0000;\"><strong>\u2717 <\/strong><\/span>Zdj\u0119cia i filmy (opcjonalnie)<\/p>\n<h2 dir=\"ltr\"><span style=\"color: #000000;\"><strong>Najwa\u017cniejsze atrakcje wycieczki<\/strong><\/span><\/h2>\n<p dir=\"ltr\">W\u0119dkowanie w czystych wodach Morza \u015ar\u00f3dziemnego<br \/>\nMalownicze widoki na lini\u0119 brzegow\u0105 z \u0142odzi<br \/>\nP\u0142ywanie w zacisznych zatokach<br \/>\nProfesjonalny sprz\u0119t i wskaz\u00f3wki<br \/>\n\u015awie\u017cy po\u0142\u00f3w przygotowany na pok\u0142adzie<\/p>\n<h2 dir=\"ltr\"><span style=\"color: #000000;\"><strong>Pe\u0142ny opis<\/strong><\/span><\/h2>\n<p dir=\"ltr\">Rozpocznij dzie\u0144 od transferu z Kemer lub pobliskich obszar\u00f3w do przystani, gdzie czeka wyposa\u017cona \u0142\u00f3d\u017a rybacka. Delektuj si\u0119 obfitym \u015bniadaniem, gdy statek p\u0142ynie po l\u015bni\u0105cych wodach Morza \u015ar\u00f3dziemnego. Niezale\u017cnie od tego, czy jeste\u015b pocz\u0105tkuj\u0105cym, czy do\u015bwiadczonym w\u0119dkarzem, za\u0142oga zapewnia profesjonalny sprz\u0119t i instrukcje, kt\u00f3re pomog\u0105 Ci z\u0142owi\u0107 ryby. Zatrzymaj si\u0119 w cichych zatokach, aby od\u015bwie\u017cy\u0107 si\u0119, podziwiaj\u0105c widoki na wybrze\u017ce. W porze lunchu mo\u017cesz delektowa\u0107 si\u0119 \u015bwie\u017co z\u0142owionymi rybami przygotowanymi na pok\u0142adzie. Powr\u00f3t do hotelu przed po\u0142udniem, wype\u0142niony spokojem morza.<\/p>\n<h3 dir=\"ltr\"><span style=\"color: #000000;\"><strong>\ud83d\uddfa\ufe0f Plan podr\u00f3\u017cy<\/strong><\/span><\/h3>\n<p dir=\"ltr\">Odbi\u00f3r z Kemer i okolic<br \/>\n\ud83d\udd39 Przybycie do przystani Kemer i wej\u015bcie na pok\u0142ad<br \/>\n\u015aniadanie na pok\u0142adzie<br \/>\nW\u0119dkowanie z instrukta\u017cem i sprz\u0119tem<br \/>\nPrzystanki p\u0142ywackie w zatokach<br \/>\nLunch z opcjonalnym przygotowaniem po\u0142owu<br \/>\nPowr\u00f3t do przystani i hotelu<\/p>\n<h3 dir=\"ltr\"><span style=\"color: #000000;\"><strong>\u2139\ufe0f Przydatne informacje<\/strong><\/span><\/h3>\n<p dir=\"ltr\">Czas trwania: ~4-6 godzin (wycieczka p\u00f3\u0142dniowa)<br \/>\nNiska do umiarkowanej aktywno\u015b\u0107 fizyczna<br \/>\nDzieci poni\u017cej 5. roku \u017cycia podr\u00f3\u017cuj\u0105 bezp\u0142atnie (bez oddzielnego miejsca).<br \/>\nPosi\u0142ki wegetaria\u0144skie dost\u0119pne na \u017cyczenie.<br \/>\nWycieczka jest zale\u017cna od pogody<\/p>\n<h2 dir=\"ltr\"><span style=\"color: #000000;\"><strong>Co zabra\u0107 ze sob\u0105<\/strong><\/span><\/h2>\n<p dir=\"ltr\">Wygodna odzie\u017c i str\u00f3j k\u0105pielowy<br \/>\nR\u0119cznik, krem do opalania, kapelusz, okulary przeciws\u0142oneczne<br \/>\nAparat fotograficzny lub smartfon<br \/>\nGot\u00f3wka na napoje lub pami\u0105tki<\/p>\n<h3 dir=\"ltr\"><span style=\"color: #000000;\"><strong>Nieodpowiednie dla<\/strong><\/span><\/h3>\n<p dir=\"ltr\">Osoby cierpi\u0105ce na ci\u0119\u017ck\u0105 chorob\u0119 morsk\u0105<br \/>\nOsoby o ograniczonej sprawno\u015bci ruchowej<\/p>\n<div class=\"elementor-element elementor-element-884d539 e-con-full e-flex e-con e-child\" data-id=\"884d539\" data-element_type=\"container\">\n<div id=\"description\" class=\"elementor-element elementor-element-337037cc elementor-widget elementor-widget-thim-ekits-tours-content\" data-id=\"337037cc\" data-element_type=\"widget\" data-widget_type=\"thim-ekits-tours-content.default\">\n<div class=\"elementor-widget-container\">\n<div class=\"thim-ekit-single-tour__content\">\n<h2 dir=\"ltr\"><strong>Cena i rezerwacja<\/strong><\/h2>\n<p dir=\"ltr\"><strong>Zarezerwuj teraz, zap\u0142a\u0107 w dniu wycieczki<\/strong><br \/>\nSkontaktuj si\u0119 z nami przez WhatsApp, Telegram, Viber lub wype\u0142nij poni\u017cszy formularz rezerwacji. \ud83d\udc47\ud83c\udffc<\/p>\n<\/div>\n<\/div>\n<\/div>\n<\/div>\n<p>Szukasz alternatyw? Przegl\u0105daj <a href=\"https:\/\/excursionsworld.com\/pl\/kemer-wycieczki\/\">wi\u0119cej wycieczek po Kemer<\/a>.<\/p>","protected":false},"excerpt":{"rendered":"<p data-start=\"171\" data-end=\"381\">Do\u0142\u0105cz do morskiej wyprawy w\u0119dkarskiej w Kemer i wycieczki \u0142odzi\u0105! Obejmuje \u015bniadanie, sprz\u0119t w\u0119dkarski, instrukta\u017c, p\u0142ywanie, lunch z po\u0142owem, transfer do hotelu i ubezpieczenie.<\/p>","protected":false},"featured_media":15809,"comment_status":"open","ping_status":"closed","template":"","meta":[],"product_brand":[],"product_cat":[124],"product_tag":[105],"class_list":{"0":"post-12958","1":"product","2":"type-product","3":"status-publish","4":"has-post-thumbnail","6":"tour_phys-boat-tours","7":"tour_phys-kemer-tours","8":"product_cat-kemer-tours","9":"product_tag-kemer","10":"pa_destination-kemer-tours","11":"pa_kategori-boat-tours","13":"first","14":"instock","15":"sale","16":"featured","17":"shipping-taxable","18":"purchasable","19":"product-type-tour_phys"},"aioseo_notices":[],"_links":{"self":[{"href":"https:\/\/excursionsworld.com\/pl\/wp-json\/wp\/v2\/product\/12958","targetHints":{"allow":["GET"]}}],"collection":[{"href":"https:\/\/excursionsworld.com\/pl\/wp-json\/wp\/v2\/product"}],"about":[{"href":"https:\/\/excursionsworld.com\/pl\/wp-json\/wp\/v2\/types\/product"}],"replies":[{"embeddable":true,"href":"https:\/\/excursionsworld.com\/pl\/wp-json\/wp\/v2\/comments?post=12958"}],"wp:featuredmedia":[{"embeddable":true,"href":"https:\/\/excursionsworld.com\/pl\/wp-json\/wp\/v2\/media\/15809"}],"wp:attachment":[{"href":"https:\/\/excursionsworld.com\/pl\/wp-json\/wp\/v2\/media?parent=12958"}],"wp:term":[{"taxonomy":"product_brand","embeddable":true,"href":"https:\/\/excursionsworld.com\/pl\/wp-json\/wp\/v2\/product_brand?post=12958"},{"taxonomy":"product_cat","embeddable":true,"href":"https:\/\/excursionsworld.com\/pl\/wp-json\/wp\/v2\/product_cat?post=12958"},{"taxonomy":"product_tag","embeddable":true,"href":"https:\/\/excursionsworld.com\/pl\/wp-json\/wp\/v2\/product_tag?post=12958"}],"curies":[{"name":"wp","href":"https:\/\/api.w.org\/{rel}","templated":true}]}}