{"id":12961,"date":"2025-05-11T14:03:54","date_gmt":"2025-05-11T11:03:54","guid":{"rendered":"https:\/\/excursionsworld.com\/?post_type=product&#038;p=12961"},"modified":"2026-04-24T00:20:40","modified_gmt":"2026-04-23T21:20:40","slug":"nurkowanie-snorkeling-kemer","status":"publish","type":"product","link":"https:\/\/excursionsworld.com\/tours\/kemer-scuba-diving-snorkeling\/","title":{"rendered":"Nurkowanie i snorkeling w Kemer \u2013 Scuba Diving"},"content":{"rendered":"<h2 dir=\"ltr\"><strong>Przegl\u0105d<\/strong><\/h2>\n<p dir=\"ltr\">Wyrusz w ekscytuj\u0105c\u0105 podr\u00f3\u017c do podwodnego \u015bwiata Morza \u015ar\u00f3dziemnego z wycieczk\u0105 nurkow\u0105 z <a href=\"https:\/\/en.wikipedia.org\/wiki\/Kemer,_Antalya\" target=\"_blank\" rel=\"noopener\">Kemer<\/a> i okolice, w tym odbi\u00f3r i dow\u00f3z do hotelu. Ciesz si\u0119 dwoma nurkowaniami w zatoce Aquarium i Kiri\u015f, p\u0142ywaj, nurkuj z rurk\u0105 i zjedz \u015bwie\u017cy lunch na pok\u0142adzie. Wycieczka jest odpowiednia zar\u00f3wno dla pocz\u0105tkuj\u0105cych, jak i certyfikowanych nurk\u00f3w.<\/p>\n<h3 dir=\"ltr\"><strong>W zestawie:<\/strong><\/h3>\n<p dir=\"ltr\"><span style=\"color: #00ff00;\"><strong>\u2713<\/strong> <\/span>Odbi\u00f3r i dow\u00f3z do hotelu<br \/>\n<span style=\"color: #00ff00;\"><strong>\u2713<\/strong> <\/span>Wygodny klimatyzowany autobus<br \/>\n<span style=\"color: #00ff00;\"><strong>\u2713<\/strong> <\/span>Ubezpieczenie<br \/>\n<span style=\"color: #00ff00;\"><strong>\u2713<\/strong> <\/span>Przewodnik<br \/>\n<span style=\"color: #00ff00;\"><strong>\u2713<\/strong> <\/span>Lunch<\/p>\n<h3 dir=\"ltr\"><strong>Nie zawiera:<\/strong><\/h3>\n<p dir=\"ltr\"><strong><span style=\"color: #ff0000;\">\u2717<\/span><\/strong> Wydatki osobiste<br \/>\n<strong><span style=\"color: #ff0000;\">\u2717 <\/span><\/strong>Zdj\u0119cia i filmy<br \/>\n<strong><span style=\"color: #ff0000;\">\u2717 <\/span><\/strong>Napoje<\/p>\n<h2 dir=\"ltr\"><strong>Najwa\u017cniejsze atrakcje wycieczki<\/strong><\/h2>\n<p dir=\"ltr\">Dwa nurkowania z przewodnikiem w zatokach Aquarium i Kiri\u015f<br \/>\nP\u0142ywanie i snorkeling w krystalicznie czystych wodach<br \/>\n\u015awie\u017cy lunch serwowany na pok\u0142adzie<br \/>\nObserwowanie t\u0119tni\u0105cego \u017cyciem \u017cycia morskiego<br \/>\nOdpowiedni dla pocz\u0105tkuj\u0105cych i do\u015bwiadczonych nurk\u00f3w<br \/>\nOsza\u0142amiaj\u0105ce widoki na wybrze\u017ce Morza \u015ar\u00f3dziemnego<\/p>\n<h2 dir=\"ltr\"><strong>Pe\u0142ny opis<\/strong><\/h2>\n<div dir=\"ltr\">Wycieczka rozpoczyna si\u0119 od transferu z hotelu w Kemer lub pobliskiej okolicy do przystani. Na pok\u0142adzie \u0142odzi certyfikowani instruktorzy zapewni\u0105 instrukta\u017c bezpiecze\u0144stwa, przegl\u0105d sprz\u0119tu i techniki nurkowania.<\/div>\n<div dir=\"ltr\">Pierwsze nurkowanie odbywa si\u0119 w zatoce Aquarium na g\u0142\u0119boko\u015bci 5 metr\u00f3w i trwa 20-25 minut. Nast\u0119pnie mo\u017cna zrelaksowa\u0107 si\u0119 na pok\u0142adzie, pop\u0142ywa\u0107 lub nurkowa\u0107 z rurk\u0105. Na pok\u0142adzie serwowany jest \u015bwie\u017cy lunch. Drugie nurkowanie odbywa si\u0119 w zatoce Kiri\u015f na g\u0142\u0119boko\u015bci 10-15 metr\u00f3w pod okiem instruktor\u00f3w.<\/div>\n<div dir=\"ltr\">Ciesz si\u0119 malowniczym wybrze\u017cem i spokojn\u0105 morsk\u0105 atmosfer\u0105. Wycieczka jest odpowiednia nawet dla os\u00f3b nieumiej\u0105cych p\u0142ywa\u0107, poniewa\u017c nurkowania s\u0105 w pe\u0142ni nadzorowane. Po drugim nurkowaniu wr\u00f3cisz do przystani, a nast\u0119pnie do hotelu.<\/div>\n<h3 dir=\"ltr\"><strong>\ud83d\uddfa\ufe0f Tour Itinerar<\/strong>y<\/h3>\n<p dir=\"ltr\">Odbi\u00f3r z hotelu w Kemer lub okolicy<br \/>\n\ud83d\udd39 Przybycie do przystani i wej\u015bcie na pok\u0142ad \u0142odzi<br \/>\nOdprawa dotycz\u0105ca bezpiecze\u0144stwa i sprz\u0119tu<br \/>\nPierwsze nurkowanie w Aquarium Bay (5 metr\u00f3w, 20-25 minut)<br \/>\nP\u0142ywanie, nurkowanie z rurk\u0105 i lunch na pok\u0142adzie<br \/>\nDrugie nurkowanie w zatoce Kiri\u015f (10-15 metr\u00f3w)<br \/>\nPowr\u00f3t do przystani i transfer do hotelu<\/p>\n<h3 dir=\"ltr\"><strong>\u2139\ufe0f Przydatne informacje<\/strong><\/h3>\n<p dir=\"ltr\">Czas trwania wycieczki: oko\u0142o 7-8 godzin<br \/>\nCa\u0142y sprz\u0119t jest nowoczesny i regularnie konserwowany.<br \/>\nNie wymaga umiej\u0119tno\u015bci p\u0142ywania, odpowiedni dla pocz\u0105tkuj\u0105cych.<br \/>\nDzieci z bezp\u0142atnymi biletami nie otrzymuj\u0105 osobnego miejsca w autobusie i musz\u0105 siedzie\u0107 na kolanach osoby doros\u0142ej.<\/p>\n<h2 dir=\"ltr\"><strong>Co zabra\u0107 ze sob\u0105<\/strong><\/h2>\n<p dir=\"ltr\">Str\u00f3j k\u0105pielowy i r\u0119cznik<br \/>\nOkulary przeciws\u0142oneczne i filtr przeciws\u0142oneczny<br \/>\nGot\u00f3wka na wydatki osobiste<\/p>\n<h3 dir=\"ltr\"><strong>Nieodpowiednie dla<\/strong><\/h3>\n<p dir=\"ltr\">Osoby z wysokim ci\u015bnieniem krwi<br \/>\nKobiety w ci\u0105\u017cy<\/p>\n<h2 dir=\"ltr\"><strong>Cena i rezerwacja<\/strong><\/h2>\n<p dir=\"ltr\"><strong>Zarezerwuj teraz, zap\u0142a\u0107 w dniu wycieczki<\/strong><br \/>\nSkontaktuj si\u0119 z nami przez WhatsApp, Telegram, Viber lub wype\u0142nij poni\u017cszy formularz rezerwacji. \ud83d\udc47\ud83c\udffc<\/p>\n<p>Szukasz alternatyw? Przegl\u0105daj <a href=\"https:\/\/excursionsworld.com\/pl\/kemer-wycieczki\/\">wi\u0119cej wycieczek po Kemer<\/a>.<\/p>","protected":false},"excerpt":{"rendered":"<p>Do\u0142\u0105cz do nurkowania i snorkelingu w Kemer! Ciesz si\u0119 2 nurkowaniami z przewodnikiem, lunchem na pok\u0142adzie, transferem do hotelu i bezpieczn\u0105 wycieczk\u0105 nurkow\u0105 po Morzu \u015ar\u00f3dziemnym dla wszystkich poziom\u00f3w zaawansowania.<\/p>","protected":false},"featured_media":12653,"comment_status":"open","ping_status":"closed","template":"","meta":[],"product_brand":[],"product_cat":[124],"product_tag":[105],"class_list":{"0":"post-12961","1":"product","2":"type-product","3":"status-publish","4":"has-post-thumbnail","6":"tour_phys-boat-tours","7":"tour_phys-kemer-tours","8":"product_cat-kemer-tours","9":"product_tag-kemer","10":"pa_destination-kemer-tours","11":"pa_kategori-boat-tours","13":"first","14":"instock","15":"sale","16":"featured","17":"shipping-taxable","18":"purchasable","19":"product-type-tour_phys"},"aioseo_notices":[],"_links":{"self":[{"href":"https:\/\/excursionsworld.com\/pl\/wp-json\/wp\/v2\/product\/12961","targetHints":{"allow":["GET"]}}],"collection":[{"href":"https:\/\/excursionsworld.com\/pl\/wp-json\/wp\/v2\/product"}],"about":[{"href":"https:\/\/excursionsworld.com\/pl\/wp-json\/wp\/v2\/types\/product"}],"replies":[{"embeddable":true,"href":"https:\/\/excursionsworld.com\/pl\/wp-json\/wp\/v2\/comments?post=12961"}],"wp:featuredmedia":[{"embeddable":true,"href":"https:\/\/excursionsworld.com\/pl\/wp-json\/wp\/v2\/media\/12653"}],"wp:attachment":[{"href":"https:\/\/excursionsworld.com\/pl\/wp-json\/wp\/v2\/media?parent=12961"}],"wp:term":[{"taxonomy":"product_brand","embeddable":true,"href":"https:\/\/excursionsworld.com\/pl\/wp-json\/wp\/v2\/product_brand?post=12961"},{"taxonomy":"product_cat","embeddable":true,"href":"https:\/\/excursionsworld.com\/pl\/wp-json\/wp\/v2\/product_cat?post=12961"},{"taxonomy":"product_tag","embeddable":true,"href":"https:\/\/excursionsworld.com\/pl\/wp-json\/wp\/v2\/product_tag?post=12961"}],"curies":[{"name":"wp","href":"https:\/\/api.w.org\/{rel}","templated":true}]}}