{"id":12963,"date":"2025-05-11T14:18:54","date_gmt":"2025-05-11T11:18:54","guid":{"rendered":"https:\/\/excursionsworld.com\/?post_type=product&#038;p=12963"},"modified":"2026-04-24T00:20:41","modified_gmt":"2026-04-23T21:20:41","slug":"relax-boat-kemer","status":"publish","type":"product","link":"https:\/\/excursionsworld.com\/tours\/relax-boat-kemer\/","title":{"rendered":"Rejs statkiem Relax w Kemer\u2013 Ma\u0142a Grupa na Morzu"},"content":{"rendered":"<h2>\ud83c\udfdd\ufe0f Przegl\u0105d<\/h2>\n<p>Ciesz si\u0119 spokojnym i orze\u017awiaj\u0105cym dniem na morzu na statku <strong><a href=\"https:\/\/en.wikipedia.org\/wiki\/Kemer,_Antalya\" target=\"_blank\" rel=\"noopener\">Kemer<\/a> Relaksacyjny rejs \u0142odzi\u0105<\/strong>. \u017begluj wzd\u0142u\u017c turkusowego wybrze\u017ca Kemer, p\u0142ywaj w krystalicznych zatokach, takich jak Phaselis i Paradise, i zrelaksuj si\u0119 w spokojnej, wolnej od muzyki atmosferze - idealnej dla rodzin i par.<\/p>\n<h3>W zestawie:<\/h3>\n<p><strong><span style=\"color: #00ff00;\">\u2713<\/span><\/strong> Odbi\u00f3r i dow\u00f3z do hotelu<br \/><strong><span style=\"color: #00ff00;\">\u2713 <\/span><\/strong>Profesjonalny przewodnik<br \/><strong><span style=\"color: #00ff00;\">\u2713 <\/span><\/strong>Ubezpieczenie<br \/><strong><span style=\"color: #00ff00;\">\u2713 <\/span><\/strong>Obiad (grillowany kurczak, ry\u017c, sa\u0142atka)<\/p>\n<h3><strong>Nie zawiera:<\/strong><\/h3>\n<p><span style=\"color: #ff0000;\"><strong>\u2717<\/strong><\/span>Napoje<br \/><span style=\"color: #ff0000;\"><strong>\u2717 <\/strong><\/span>Wydatki osobiste<br \/><span style=\"color: #ff0000;\"><strong>\u2717 <\/strong><\/span>Zdj\u0119cia i filmy<\/p>\n<h2>\ud83c\udf1f Najwa\u017cniejsze atrakcje wycieczki: Relaks na pok\u0142adzie statku w Kemer<\/h2>\n<p>Spokojny, wolny od muzyki rejs z ograniczon\u0105 liczb\u0105 go\u015bci<br \/>P\u0142ywanie w zatokach Phaselis, Paradise i Moonlight<br \/>Malownicze widoki na Jaskini\u0119 Pirat\u00f3w i wybrze\u017ce<br \/>Pyszny lunch i napoje bezalkoholowe wliczone w cen\u0119<br \/>Idealny dla rodzin i os\u00f3b szukaj\u0105cych relaksu<\/p>\n<h2>\ud83d\udcd6 Pe\u0142ny opis: Twoje Kemer: Relaksuj\u0105ca Wycieczka Statkiem<\/h2>\n<p>Wyp\u0142ywaj\u0105c z portu Kemer, \u0142\u00f3d\u017a p\u0142ynie malownicz\u0105 tras\u0105 wzd\u0142u\u017c turkusowego wybrze\u017ca z kilkoma d\u0142ugimi przystankami na p\u0142ywanie i opalanie.<br \/>Odwiedzisz <strong>Zatoka Phaselis<\/strong>, s\u0142ynie ze staro\u017cytnych ruin, <strong>Paradise Bay<\/strong> ze spokojnymi wodami i bujn\u0105 sceneri\u0105 oraz <strong>Moonlight Bay<\/strong>, idealna do p\u0142ywania i robienia zdj\u0119\u0107.<br \/>Przed powrotem do portu na pok\u0142adzie serwowany jest smaczny lunch. Bez g\u0142o\u015bnej muzyki i t\u0142um\u00f3w, jest to spokojne i od\u015bwie\u017caj\u0105ce do\u015bwiadczenie na morzu.<\/p>\n<h3>\ud83d\uddfa\ufe0f Plan podr\u00f3\u017cy<\/h3>\n<p>Odbi\u00f3r z hoteli w okolicy Kemer<br \/>Wylot z portu w Kemer<br \/>Przystanek p\u0142ywacki w zatoce Phaselis<br \/>Przystanek p\u0142ywacki w Paradise Bay<br \/>Przystanek p\u0142ywacki w zatoce Moonlight Bay<br \/>Przep\u0142yni\u0119cie obok Jaskini Pirat\u00f3w w celu zrobienia zdj\u0119\u0107<br \/>Powr\u00f3t do portu Kemer i transfer do hotelu<\/p>\n<h3>\u2139\ufe0f Przydatne informacje<\/h3>\n<p>Czas trwania: 5-6 godz.<br \/>Spokojna i rodzinna atmosfera<br \/>Dost\u0119pna opcja lunchu wegetaria\u0144skiego<br \/>Angloj\u0119zyczna za\u0142oga<br \/>Dzieci poni\u017cej 5. roku \u017cycia podr\u00f3\u017cuj\u0105 bezp\u0142atnie, ale dziel\u0105 miejsce w autobusie.<\/p>\n<h2>Co zabra\u0107 ze sob\u0105<\/h2>\n<p>Str\u00f3j k\u0105pielowy i r\u0119cznik<br \/>Ochrona przeciws\u0142oneczna i okulary przeciws\u0142oneczne<br \/>Kapelusz lub czapka<br \/>Drobna got\u00f3wka na napoje lub pami\u0105tki<\/p>\n<h3>Nieodpowiednie dla<\/h3>\n<p>Go\u015bcie szukaj\u0105cy rejsu imprezowego lub muzycznego<br \/>Osoby cierpi\u0105ce na ci\u0119\u017ck\u0105 chorob\u0119 morsk\u0105<\/p>\n<h2>Cena i rezerwacja<\/h2>\n<p><strong>Zarezerwuj teraz - zap\u0142a\u0107 w dniu wycieczki<\/strong><br \/>Skontaktuj si\u0119 z nami za po\u015brednictwem WhatsApp, Telegram lub Viber w celu rezerwacji i pyta\u0144 \ud83d\udc47\ud83c\udffc<\/p>\n<p>Szukasz alternatyw? Przegl\u0105daj <a href=\"https:\/\/excursionsworld.com\/pl\/kemer-wycieczki\/\">wi\u0119cej wycieczek po Kemer<\/a>.<\/p>","protected":false},"excerpt":{"rendered":"<p>Zarezerwuj <b>relaksuj\u0105ca wycieczka jachtem po Kemer<\/b>! Ciesz si\u0119 luksusem <b>podr\u00f3\u017c morska<\/b> do turkusowych zatok, le\u017cak\u00f3w i pysznego <b>lunch z labraksem<\/b>. Prywatna wycieczka z dala od t\u0142um\u00f3w.<\/p>","protected":false},"featured_media":15218,"comment_status":"open","ping_status":"closed","template":"","meta":[],"product_brand":[],"product_cat":[124],"product_tag":[105],"class_list":{"0":"post-12963","1":"product","2":"type-product","3":"status-publish","4":"has-post-thumbnail","6":"tour_phys-boat-tours","7":"tour_phys-kemer-tours","8":"product_cat-kemer-tours","9":"product_tag-kemer","10":"pa_destination-kemer-tours","11":"pa_kategori-boat-tours","13":"first","14":"instock","15":"sale","16":"featured","17":"shipping-taxable","18":"purchasable","19":"product-type-tour_phys"},"aioseo_notices":[],"_links":{"self":[{"href":"https:\/\/excursionsworld.com\/pl\/wp-json\/wp\/v2\/product\/12963","targetHints":{"allow":["GET"]}}],"collection":[{"href":"https:\/\/excursionsworld.com\/pl\/wp-json\/wp\/v2\/product"}],"about":[{"href":"https:\/\/excursionsworld.com\/pl\/wp-json\/wp\/v2\/types\/product"}],"replies":[{"embeddable":true,"href":"https:\/\/excursionsworld.com\/pl\/wp-json\/wp\/v2\/comments?post=12963"}],"wp:featuredmedia":[{"embeddable":true,"href":"https:\/\/excursionsworld.com\/pl\/wp-json\/wp\/v2\/media\/15218"}],"wp:attachment":[{"href":"https:\/\/excursionsworld.com\/pl\/wp-json\/wp\/v2\/media?parent=12963"}],"wp:term":[{"taxonomy":"product_brand","embeddable":true,"href":"https:\/\/excursionsworld.com\/pl\/wp-json\/wp\/v2\/product_brand?post=12963"},{"taxonomy":"product_cat","embeddable":true,"href":"https:\/\/excursionsworld.com\/pl\/wp-json\/wp\/v2\/product_cat?post=12963"},{"taxonomy":"product_tag","embeddable":true,"href":"https:\/\/excursionsworld.com\/pl\/wp-json\/wp\/v2\/product_tag?post=12963"}],"curies":[{"name":"wp","href":"https:\/\/api.w.org\/{rel}","templated":true}]}}