{"id":13006,"date":"2025-05-11T20:40:48","date_gmt":"2025-05-11T17:40:48","guid":{"rendered":"https:\/\/excursionsworld.com\/?post_type=product&#038;p=13006"},"modified":"2026-04-24T00:20:41","modified_gmt":"2026-04-23T21:20:41","slug":"wynajem-prywatnego-jachtu-kemer-tunavy-1","status":"publish","type":"product","link":"https:\/\/excursionsworld.com\/tours\/kemer-private-yacht-rental-tuna-1-luxury\/","title":{"rendered":"Wynajem Prywatnego Jachtu w Kemerze \u2013 Luksusowy Rejs Tunavy-1"},"content":{"rendered":"<div class=\"elementor-element elementor-element-884d539 e-con-full e-flex e-con e-child\" data-id=\"884d539\" data-element_type=\"container\">\n<div id=\"description\" class=\"elementor-element elementor-element-337037cc elementor-widget elementor-widget-thim-ekits-tours-content\" data-id=\"337037cc\" data-element_type=\"widget\" data-widget_type=\"thim-ekits-tours-content.default\">\n<div class=\"elementor-widget-container\">\n<div class=\"thim-ekit-single-tour__content\">\n<h2 dir=\"ltr\" data-pm-slice=\"1 1 []\"><span style=\"color: #000000;\"><strong>\ud83c\udfdd\ufe0f Przegl\u0105d<\/strong><\/span><\/h2>\n<p dir=\"ltr\">Wyrusz na luksusow\u0105 morsk\u0105 przygod\u0119 z prywatnym jachtem do wynaj\u0119cia od <a href=\"https:\/\/en.wikipedia.org\/wiki\/Kemer,_Antalya\" target=\"_blank\" rel=\"noopener\">Kemer<\/a>Odkryj pi\u0119kno Morza \u015ar\u00f3dziemnego, krystalicznie czyste wody i zaciszne zatoczki. Ciesz si\u0119 komfortem i pysznym lunchem na pok\u0142adzie. Transfery z Antalyi i okolicznych hoteli wliczone w cen\u0119!<\/p>\n<h3 dir=\"ltr\"><span style=\"color: #000000;\"><strong>W zestawie:<\/strong><\/span><\/h3>\n<p dir=\"ltr\"><span style=\"color: #00ff00;\"><strong>\u2713<\/strong>\u00a0<\/span>Odbi\u00f3r i dow\u00f3z do hotelu<br \/>\n<span style=\"color: #00ff00;\"><strong>\u2713<\/strong>\u00a0<\/span>Us\u0142ugi przewodnik\u00f3w<br \/>\n<span style=\"color: #00ff00;\"><strong>\u2713<\/strong>\u00a0<\/span>Ubezpieczenie<br \/>\n<span style=\"color: #00ff00;\"><strong>\u2713<\/strong>\u00a0<\/span>Lunch na jachcie<br \/>\n<span style=\"color: #00ff00;\"><strong>\u2713<\/strong>\u00a0<\/span>\u015awie\u017ce owoce<br \/>\n<span style=\"color: #00ff00;\"><strong>\u2713<\/strong>\u00a0<\/span>Napoje bezalkoholowe<\/p>\n<h3 dir=\"ltr\"><span style=\"color: #000000;\"><strong>Nie zawiera:<\/strong><\/span><\/h3>\n<p dir=\"ltr\"><span style=\"color: #ff0000;\"><strong>\u2717<\/strong>\u00a0<\/span>Napoje alkoholowe<br \/>\n<span style=\"color: #ff0000;\"><strong>\u2717\u00a0<\/strong><\/span>Wydatki osobiste, zdj\u0119cia i filmy<\/p>\n<h2 dir=\"ltr\"><span style=\"color: #000000;\"><strong>Najwa\u017cniejsze wydarzenia<\/strong><\/span><\/h2>\n<p dir=\"ltr\">\ud83d\udd39\u00a0<strong>Krystalicznie czyste wody<\/strong>: P\u0142ywanie w turkusowych morzach Kemer<br \/>\n\ud83d\udd39\u00a0<strong>Ukryte zatoki<\/strong>: Odkryj odosobnione miejsca dost\u0119pne tylko jachtem<br \/>\n\ud83d\udd39\u00a0<strong>Romantyczny zach\u00f3d s\u0142o\u0144ca<\/strong>: Zapieraj\u0105cy dech w piersiach zach\u00f3d s\u0142o\u0144ca nad morzem<br \/>\n\ud83d\udd39\u00a0<strong>Ekskluzywna atmosfera<\/strong>: Sp\u0119dzaj czas z bliskimi w komfortowych warunkach<\/p>\n<h2 dir=\"ltr\"><span style=\"color: #000000;\"><strong>Pe\u0142ny opis<\/strong><\/span><\/h2>\n<p dir=\"ltr\">Kemer to pierwszorz\u0119dna \u015br\u00f3dziemnomorska destynacja z nieskazitelnymi wodami. Wynajem prywatnego jachtu to idealny spos\u00f3b, aby cieszy\u0107 si\u0119 dostosowan\u0105 do potrzeb podr\u00f3\u017c\u0105 morsk\u0105 z grup\u0105, z dala od t\u0142um\u00f3w, zanurzon\u0105 w pi\u0119knie natury.<\/p>\n<p dir=\"ltr\">Jacht posiada przestronne pok\u0142ady i stylowe wn\u0119trza. Pop\u0142ywaj w zatokach Phaselis i Paradise oraz podziwiaj zach\u00f3d s\u0142o\u0144ca z morza. Wycieczka obejmuje pyszny lunch, \u015bwie\u017ce owoce i napoje bezalkoholowe.<\/p>\n<p dir=\"ltr\">Jacht mo\u017ce pomie\u015bci\u0107 do 12 os\u00f3b, a ceny oparte s\u0105 na grupie 6 os\u00f3b (w przypadku wi\u0119kszych grup prosimy o kontakt). Zarezerwuj wcze\u015bniej, aby uzyska\u0107 najlepsze ceny!<\/p>\n<h3 dir=\"ltr\"><span style=\"color: #000000;\"><strong>\ud83d\uddfa\ufe0f Plan podr\u00f3\u017cy<\/strong><\/span><\/h3>\n<p dir=\"ltr\">Odbi\u00f3r z hoteli w okolicy Kemer<br \/>\nWyp\u0142yni\u0119cie z przystani w Kemer<br \/>\nPrzystanek fotograficzny w Jaskini Pirat\u00f3w<br \/>\nP\u0142ywanie (1,5 godziny) w zatoce Phaselis i lunch<br \/>\nP\u0142ywanie (1 godzina) w zatoce Paradise Bay<br \/>\nP\u0142ywanie (1 godzina) w pobli\u017cu Jaskini Pirat\u00f3w<br \/>\nPowr\u00f3t do Kemer Marina<br \/>\nTransfer z powrotem do hoteli<\/p>\n<h3 dir=\"ltr\"><span style=\"color: #000000;\"><strong>\u2139\ufe0f Przydatne informacje<\/strong><\/span><\/h3>\n<p dir=\"ltr\">\ud83d\udd39\u00a0<strong>Czas trwania<\/strong>: 5-6 godzin<br \/>\nObszary zacienione i strefy do opalania dost\u0119pne na pok\u0142adzie<br \/>\nZa\u0142oga m\u00f3wi po angielsku<\/p>\n<h2 dir=\"ltr\"><span style=\"color: #000000;\"><strong>Co zabra\u0107 ze sob\u0105<\/strong><\/span><\/h2>\n<p dir=\"ltr\">Str\u00f3j k\u0105pielowy i r\u0119cznik<br \/>\nOchrona przeciws\u0142oneczna i okulary przeciws\u0142oneczne<br \/>\nKapelusz lub czapka<br \/>\nGot\u00f3wka na pami\u0105tki<\/p>\n<h3 dir=\"ltr\"><span style=\"color: #000000;\"><strong>Nieodpowiednie dla<\/strong><\/span><\/h3>\n<p dir=\"ltr\">Go\u015bcie podatni na chorob\u0119 morsk\u0105<br \/>\nOsoby o ograniczonej sprawno\u015bci ruchowej<\/p>\n<div class=\"elementor-element elementor-element-884d539 e-con-full e-flex e-con e-child\" data-id=\"884d539\" data-element_type=\"container\">\n<div id=\"description\" class=\"elementor-element elementor-element-337037cc elementor-widget elementor-widget-thim-ekits-tours-content\" data-id=\"337037cc\" data-element_type=\"widget\" data-widget_type=\"thim-ekits-tours-content.default\">\n<div class=\"elementor-widget-container\">\n<div class=\"thim-ekit-single-tour__content\">\n<h2 dir=\"ltr\">\ud83d\udcb8\u00a0<strong>Cena i rezerwacja<\/strong><\/h2>\n<p dir=\"ltr\"><strong>Zarezerwuj teraz, zap\u0142a\u0107 w dniu wycieczki<\/strong><br \/>\nSkontaktuj si\u0119 z nami przez WhatsApp, Telegram, Viber lub wype\u0142nij poni\u017cszy formularz rezerwacji. \ud83d\udc47\ud83c\udffc<\/p>\n<\/div>\n<\/div>\n<\/div>\n<\/div>\n<div class=\"elementor-element elementor-element-57a2f74 elementor-widget-divider--view-line elementor-widget elementor-widget-divider\" data-id=\"57a2f74\" data-element_type=\"widget\" data-widget_type=\"divider.default\">\n<div class=\"elementor-widget-container\"><\/div>\n<\/div>\n<\/div>\n<\/div>\n<\/div>\n<\/div>\n<p>Szukasz alternatyw? Przegl\u0105daj <a href=\"https:\/\/excursionsworld.com\/pl\/prywatny-czarter-jachtu-antalya-kemer\/\">wi\u0119cej rejs\u00f3w czarterowych jacht\u00f3w w Kemer<\/a>.<\/p>","protected":false},"excerpt":{"rendered":"<p>Ksi\u0105\u017cka <b>Czarter Jachtu<\/b> w Kemer! Ten luksusowy <b>wycieczka<\/b> na pok\u0142adzie Tuna-1 oferuje ukryte zatoki, lunch i napoje. Najlepszy ekskluzywny <b>trasa<\/b> do\u015bwiadczenie!<\/p>","protected":false},"featured_media":13007,"comment_status":"open","ping_status":"closed","template":"","meta":[],"product_brand":[],"product_cat":[129],"product_tag":[105],"class_list":{"0":"post-13006","1":"product","2":"type-product","3":"status-publish","4":"has-post-thumbnail","6":"tour_phys-yacht-rental","7":"product_cat-yacht-rental","8":"product_tag-kemer","9":"pa_kategori-private-yacht-rental-kemer-antalya","11":"first","12":"instock","13":"sale","14":"shipping-taxable","15":"purchasable","16":"product-type-tour_phys"},"aioseo_notices":[],"_links":{"self":[{"href":"https:\/\/excursionsworld.com\/pl\/wp-json\/wp\/v2\/product\/13006","targetHints":{"allow":["GET"]}}],"collection":[{"href":"https:\/\/excursionsworld.com\/pl\/wp-json\/wp\/v2\/product"}],"about":[{"href":"https:\/\/excursionsworld.com\/pl\/wp-json\/wp\/v2\/types\/product"}],"replies":[{"embeddable":true,"href":"https:\/\/excursionsworld.com\/pl\/wp-json\/wp\/v2\/comments?post=13006"}],"wp:featuredmedia":[{"embeddable":true,"href":"https:\/\/excursionsworld.com\/pl\/wp-json\/wp\/v2\/media\/13007"}],"wp:attachment":[{"href":"https:\/\/excursionsworld.com\/pl\/wp-json\/wp\/v2\/media?parent=13006"}],"wp:term":[{"taxonomy":"product_brand","embeddable":true,"href":"https:\/\/excursionsworld.com\/pl\/wp-json\/wp\/v2\/product_brand?post=13006"},{"taxonomy":"product_cat","embeddable":true,"href":"https:\/\/excursionsworld.com\/pl\/wp-json\/wp\/v2\/product_cat?post=13006"},{"taxonomy":"product_tag","embeddable":true,"href":"https:\/\/excursionsworld.com\/pl\/wp-json\/wp\/v2\/product_tag?post=13006"}],"curies":[{"name":"wp","href":"https:\/\/api.w.org\/{rel}","templated":true}]}}