{"id":13297,"date":"2025-05-16T18:15:20","date_gmt":"2025-05-16T15:15:20","guid":{"rendered":"https:\/\/excursionsworld.com\/?post_type=product&#038;p=13297"},"modified":"2026-04-25T10:38:09","modified_gmt":"2026-04-25T07:38:09","slug":"budva-jacht-blekitna-grota-our-lady-of-the-rocks","status":"publish","type":"product","link":"https:\/\/excursionsworld.com\/tours\/budva-yacht-blue-cave-our-lady-of-the-rocks\/","title":{"rendered":"Rejs Jachtem z Budvy: Kotor, B\u0142\u0119kitna Grota &amp; Our Lady of the Rocks"},"content":{"rendered":"<h3 dir=\"ltr\" data-pm-slice=\"1 1 []\">\ud83c\udfdd\ufe0f Przegl\u0105d<\/h3>\n<p dir=\"ltr\">Wyrusz w niezapomnian\u0105 podr\u00f3\u017c przez malownicz\u0105 Zatok\u0119 Kotorsk\u0105 z Budvy lub Petrovaca. Ta klasyczna wycieczka, organizowana od 1981 roku, obejmuje rejs komfortowym statkiem MB Vesna, wizyt\u0119 w uroczym Herceg Novi, k\u0105piel na pla\u017cy \u017danjice, przystanek na wyspie Gospa od \u0160krpjela i spacer po historycznym <a href=\"https:\/\/en.wikipedia.org\/wiki\/Kotor\" target=\"_blank\" rel=\"noopener\">Kotor<\/a>. Idealne dla rodzin oraz mi\u0142o\u015bnik\u00f3w przyrody i kultury.<\/p>\n<h3 dir=\"ltr\">W zestawie:<\/h3>\n<div dir=\"ltr\">\n<p data-start=\"201\" data-end=\"369\"><span style=\"color: #00ff00;\"><strong>\u2713<\/strong> <\/span>Transfer autobusowy z Budva i Petrovac<br data-start=\"239\" data-end=\"242\" \/><span style=\"color: #00ff00;\"><strong>\u2713<\/strong> <\/span>Cruise on the <strong data-start=\"258\" data-end=\"270\">MB Vesna<\/strong> boat<br data-start=\"275\" data-end=\"278\" \/><span style=\"color: #00ff00;\"><strong>\u2713<\/strong> <\/span>Profesjonalny przewodnik na pok\u0142adzie<br data-start=\"306\" data-end=\"309\" \/><span style=\"color: #00ff00;\"><strong>\u2713<\/strong> <\/span>Shower facilities after swimming<br data-start=\"343\" data-end=\"346\" \/><span style=\"color: #00ff00;\"><strong>\u2713<\/strong> <\/span>Comfortable sunbeds<\/p>\n<\/div>\n<h3 dir=\"ltr\">Nie zawiera:<\/h3>\n<div dir=\"ltr\"><span style=\"color: #ff0000;\"><strong>\u2717<\/strong> <\/span>Entrance fee to the Museum on <strong data-start=\"430\" data-end=\"455\">Matka Bo\u017ca ze Ska\u0142<\/strong> Island (\u20ac3)<br data-start=\"467\" data-end=\"470\" \/><span style=\"color: #ff0000;\"><strong>\u2717<\/strong> <\/span>Boat tour to the Blue Cave (\u20ac10)<br data-start=\"504\" data-end=\"507\" \/><span style=\"color: #ff0000;\"><strong>\u2717<\/strong> <\/span>Lunch<\/div>\n<div dir=\"ltr\"><\/div>\n<h3 dir=\"ltr\">Najwa\u017cniejsze atrakcje wycieczki<\/h3>\n<div>\ud83d\udd39 Scenic cruise through the breathtaking <span class=\"hover:entity-accent entity-underline inline cursor-pointer align-baseline\"><span class=\"whitespace-normal\">Boka Bay<\/span><\/span><br data-start=\"195\" data-end=\"198\" \/>\ud83d\udd39 Visit the charming old town of <span class=\"hover:entity-accent entity-underline inline cursor-pointer align-baseline\"><span class=\"whitespace-normal\">Herceg Novi<\/span><\/span><br data-start=\"269\" data-end=\"272\" \/>\ud83d\udd39 Swimming and relaxation at \u017danjice Beach<br data-start=\"315\" data-end=\"318\" \/>\ud83d\udd39 Optional Blue Cave boat trip with crystal-clear waters<br data-start=\"375\" data-end=\"378\" \/>\ud83d\udd39 Explore the iconic <span class=\"hover:entity-accent entity-underline inline cursor-pointer align-baseline\"><span class=\"whitespace-normal\">Matka Bo\u017ca ze Ska\u0142<\/span><\/span> island<br data-start=\"444\" data-end=\"447\" \/>\ud83d\udd39 Panoramic views of Perast and coastal villages<br data-start=\"496\" data-end=\"499\" \/>\ud83d\udd39 Free time in the historic old town of <span class=\"hover:entity-accent entity-underline inline cursor-pointer align-baseline\"><span class=\"whitespace-normal\">Kotor<\/span><\/span><br data-start=\"577\" data-end=\"580\" \/>\ud83d\udd39 Comfortable cruise on the spacious MB Vesna boat<br data-start=\"631\" data-end=\"634\" \/>\ud83d\udd39 Perfect mix of nature, culture, and relaxation<\/div>\n<h3 dir=\"ltr\">Pe\u0142ny opis<\/h3>\n<p dir=\"ltr\">Twoja przygoda rozpocznie si\u0119 od wygodnego transferu autobusem z Budvy lub Petrovaca do nadmorskiego miasta Tivat. Tam wejdziesz na pok\u0142ad przestronnej \u0142odzi MB Vesna na rejs rozpoczynaj\u0105cy si\u0119 o godzinie 10:00.<\/p>\n<p dir=\"ltr\">Pierwszym przystankiem jest Herceg Novi, gdzie b\u0119dziesz mie\u0107 1 godzin\u0119 wolnego czasu na spacer po uroczym starym mie\u015bcie lub relaks nad morzem. Nast\u0119pnie wyp\u0142y\u0144 na otwarte Morze Adriatyckie, docieraj\u0105c do pla\u017cy \u017danjice na 1,5 godziny p\u0142ywania, opalania lub opcjonalnej wycieczki do B\u0142\u0119kitnej Jaskini (za dodatkow\u0105 op\u0142at\u0105).<\/p>\n<p dir=\"ltr\">Kontynuuj podr\u00f3\u017c do kultowej wyspy Our Lady of the Rocks, sp\u0119dzaj\u0105c 40 minut na zwiedzaniu ko\u015bcio\u0142a, muzeum i zapieraj\u0105cych dech w piersiach widok\u00f3w. Nast\u0119pnie rejs zabierze Ci\u0119 przez malownicz\u0105 zatok\u0119 Boka, mijaj\u0105c miasto Perast, zanim dotrzesz do Kotoru. Ciesz si\u0119 oko\u0142o 70 minutami na relaks w parku, przek\u0105sk\u0119 lub zwiedzanie historycznego starego miasta.<\/p>\n<p dir=\"ltr\">Po Kotorze wr\u00f3\u0107 autobusem do Budvy i Petrovaca, wracaj\u0105c do punktu odbioru.<\/p>\n<h3 dir=\"ltr\">\ud83d\uddfa\ufe0f Plan podr\u00f3\u017cy<\/h3>\n<div>\ud83d\udd3910:30 Kotor<\/div>\n<div>\ud83d\udd3911:00 Perast panoramic view<\/div>\n<div>\ud83d\udd3911:30 Island Our Lady of the Rocks visit 30 min\u00a0(3\u20ac)<\/div>\n<div>\ud83d\udd3913:00 Island Mamula panoramic view<\/div>\n<div>\ud83d\udd3913:30 Blue Cave(10\u20ac) \/ swimming at Miriste lagoon visit 75 min<\/div>\n<div>\ud83d\udd3915:30 Herceg Novi\u00a0 visit 60 min<\/div>\n<div>\ud83d\udd3917:30 Saint Marko Island &amp; Flowers Island panoramic view<\/div>\n<div>\ud83d\udd3918:00 Tivat<\/div>\n<div>\ud83d\udd398:30 Kotor<\/div>\n<h3 dir=\"ltr\">\u2139\ufe0f Przydatne informacje<\/h3>\n<p dir=\"ltr\">Czas trwania: ~8-9 godz.<br \/>\nHarmonogram mo\u017ce ulec zmianie ze wzgl\u0119du na warunki pogodowe lub morskie.<br \/>\nUmiarkowana aktywno\u015b\u0107 fizyczna (spacery i p\u0142ywanie)<br \/>\nW przypadku z\u0142ej pogody kapitan mo\u017ce odwo\u0142a\u0107 wizyt\u0119 na pla\u017cy \u017danjice lub w B\u0142\u0119kitnej Jaskini ze wzgl\u0119d\u00f3w bezpiecze\u0144stwa.<\/p>\n<h3 dir=\"ltr\">Co zabra\u0107 ze sob\u0105<\/h3>\n<p dir=\"ltr\">Wygodne buty do chodzenia<br \/>\nOkulary przeciws\u0142oneczne i filtr przeciws\u0142oneczny<br \/>\nStr\u00f3j k\u0105pielowy i r\u0119cznik<br \/>\nGot\u00f3wka na wydatki osobiste i wycieczki fakultatywne<br \/>\nWodoodporny aparat fotograficzny lub telefon<\/p>\n<h3 dir=\"ltr\">Nieodpowiednie dla<\/h3>\n<p dir=\"ltr\">Osoby o ograniczonej sprawno\u015bci ruchowej<br \/>\n\ud83d\udd39 Podr\u00f3\u017cni z powa\u017cnymi schorzeniami<\/p>\n<h2><img decoding=\"async\" class=\"emoji\" role=\"img\" draggable=\"false\" src=\"https:\/\/s.w.org\/images\/core\/emoji\/17.0.2\/svg\/1f4b8.svg\" alt=\"\ud83d\udcb8\" \/>\u00a0<strong>Cena i rezerwacja<\/strong><\/h2>\n<p><img decoding=\"async\" class=\"emoji\" role=\"img\" draggable=\"false\" src=\"https:\/\/s.w.org\/images\/core\/emoji\/17.0.2\/svg\/1f539.svg\" alt=\"\ud83d\udd39\" \/>\u00a0Zarezerwuj teraz, zap\u0142a\u0107 p\u00f3\u017aniej<br \/>\n<img decoding=\"async\" class=\"emoji\" role=\"img\" draggable=\"false\" src=\"https:\/\/s.w.org\/images\/core\/emoji\/17.0.2\/svg\/1f539.svg\" alt=\"\ud83d\udd39\" \/>\u00a0Bezp\u0142atne anulowanie do 24 godzin przed rozpocz\u0119ciem wycieczki<br \/>\n<img decoding=\"async\" class=\"emoji\" role=\"img\" draggable=\"false\" src=\"https:\/\/s.w.org\/images\/core\/emoji\/17.0.2\/svg\/1f539.svg\" alt=\"\ud83d\udd39\" \/>\u00a0\u0141atwa rezerwacja przez WhatsApp lub formularz rezerwacji online\u00a0<img decoding=\"async\" class=\"emoji\" role=\"img\" draggable=\"false\" src=\"https:\/\/s.w.org\/images\/core\/emoji\/17.0.2\/svg\/1f447-1f3fd.svg\" alt=\"\ud83d\udc47\ud83c\udffd\" \/><\/p>\n<p>Szukasz alternatyw? Przegl\u0105daj <a href=\"https:\/\/excursionsworld.com\/pl\/budva-wycieczki\/\">wi\u0119cej wycieczek po Budvie w Kotorze<\/a>.<\/p>","protected":false},"excerpt":{"rendered":"<p>Poznaj Zatok\u0119 Kotorsk\u0105 podczas rejsu jachtem z Budvy. Odwied\u017a Herceg Novi, pop\u0142ywaj na pla\u017cy \u017danjice, zobacz B\u0142\u0119kitn\u0105 Jaskini\u0119 i wysp\u0119 Our Lady of the Rocks.<\/p>","protected":false},"featured_media":15873,"comment_status":"open","ping_status":"closed","template":"","meta":[],"product_brand":[],"product_cat":[132],"product_tag":[123],"class_list":{"0":"post-13297","1":"product","2":"type-product","3":"status-publish","4":"has-post-thumbnail","6":"tour_phys-budva-tours","7":"product_cat-budva-tours","8":"product_tag-budva","9":"pa_montenegro-budva-tours","11":"first","12":"instock","13":"sale","14":"shipping-taxable","15":"purchasable","16":"product-type-tour_phys"},"aioseo_notices":[],"_links":{"self":[{"href":"https:\/\/excursionsworld.com\/pl\/wp-json\/wp\/v2\/product\/13297","targetHints":{"allow":["GET"]}}],"collection":[{"href":"https:\/\/excursionsworld.com\/pl\/wp-json\/wp\/v2\/product"}],"about":[{"href":"https:\/\/excursionsworld.com\/pl\/wp-json\/wp\/v2\/types\/product"}],"replies":[{"embeddable":true,"href":"https:\/\/excursionsworld.com\/pl\/wp-json\/wp\/v2\/comments?post=13297"}],"wp:featuredmedia":[{"embeddable":true,"href":"https:\/\/excursionsworld.com\/pl\/wp-json\/wp\/v2\/media\/15873"}],"wp:attachment":[{"href":"https:\/\/excursionsworld.com\/pl\/wp-json\/wp\/v2\/media?parent=13297"}],"wp:term":[{"taxonomy":"product_brand","embeddable":true,"href":"https:\/\/excursionsworld.com\/pl\/wp-json\/wp\/v2\/product_brand?post=13297"},{"taxonomy":"product_cat","embeddable":true,"href":"https:\/\/excursionsworld.com\/pl\/wp-json\/wp\/v2\/product_cat?post=13297"},{"taxonomy":"product_tag","embeddable":true,"href":"https:\/\/excursionsworld.com\/pl\/wp-json\/wp\/v2\/product_tag?post=13297"}],"curies":[{"name":"wp","href":"https:\/\/api.w.org\/{rel}","templated":true}]}}