{"id":13351,"date":"2025-05-17T21:32:14","date_gmt":"2025-05-17T18:32:14","guid":{"rendered":"https:\/\/excursionsworld.com\/?post_type=product&#038;p=13351"},"modified":"2026-04-30T16:16:36","modified_gmt":"2026-04-30T13:16:36","slug":"kas-kaputas-plaza-kemer","status":"publish","type":"product","link":"https:\/\/excursionsworld.com\/tours\/kas-kaputas-beach-kemer\/","title":{"rendered":"Wycieczka do Ka\u015f i na Pla\u017c\u0119 Kaputa\u015f z Kemeru \u2013 Odkryj \u015ar\u00f3dziemnomorze"},"content":{"rendered":"<h2><span style=\"color: #000000;\"><strong>\ud83c\udfdd\ufe0f Przegl\u0105d<\/strong><\/span><\/h2>\n<p dir=\"ltr\">Sp\u0119d\u017a ca\u0142y dzie\u0144 na odkrywaniu najpi\u0119kniejszych miejsc wzd\u0142u\u017c po\u0142udniowego wybrze\u017ca Turcji! Spaceruj urokliwymi uliczkami Kalkan, p\u0142ywaj w krystalicznie czystych turkusowych wodach pla\u017cy Kaputa\u015f i ciesz si\u0119 relaksuj\u0105cym dniem w malowniczym mie\u015bcie Ka\u015f. Wycieczka obejmuje lunch w lokalnej restauracji rybnej, spacery nad morzem i czas na zakupy.<\/p>\n<h3 dir=\"ltr\"><span style=\"color: #000000;\"><strong>W zestawie:<\/strong><\/span><\/h3>\n<div dir=\"ltr\"><strong><span style=\"color: #00ff00;\">\u2713<\/span><\/strong> Odbi\u00f3r i dow\u00f3z do hotelu<br \/>\n<strong><span style=\"color: #00ff00;\">\u2713 <\/span><\/strong>Przewodnik<br \/>\n<strong><span style=\"color: #00ff00;\">\u2713 <\/span><\/strong>Bilet wst\u0119pu na pla\u017c\u0119 Kaputa\u015f<br \/>\n<strong><span style=\"color: #00ff00;\">\u2713 <\/span><\/strong>Wizyta w kr\u00f3lewskim grobowcu<br \/>\n<strong><span style=\"color: #00ff00;\">\u2713 <\/span><\/strong>Wizyta w staro\u017cytnym teatrze<br \/>\n<strong><span style=\"color: #00ff00;\">\u2713 <\/span><\/strong>Ubezpieczenie<\/div>\n<div dir=\"ltr\"><strong><span style=\"color: #00ff00;\">\u2713 <\/span><\/strong>Lunch<\/div>\n<h3 dir=\"ltr\"><span style=\"color: #000000;\">Nie zawiera:<\/span><\/h3>\n<div dir=\"ltr\"><span style=\"color: #ff0000;\"><strong>\u2717\u00a0<\/strong><\/span> Napoje<br \/>\n<span style=\"color: #ff0000;\"><strong>\u2717 <\/strong><\/span>Wydatki osobiste<\/div>\n<h2 dir=\"ltr\"><span style=\"color: #000000;\"><strong>Najwa\u017cniejsze atrakcje wycieczki<\/strong><\/span><\/h2>\n<p dir=\"ltr\">Malownicza przeja\u017cd\u017cka wzd\u0142u\u017c wybrze\u017ca Morza \u015ar\u00f3dziemnego<br \/>\nWizyta w panoramicznym punkcie widokowym z widokiem na greck\u0105 wysp\u0119 Meis<br \/>\n3 godziny czasu wolnego w Ka\u015f na zwiedzanie i lunch<br \/>\nP\u0142ywanie i relaks na kultowej pla\u017cy Kaputa\u015f (2-2,5 godziny)<br \/>\nAutentyczny lunch w lokalnej restauracji<\/p>\n<h2 dir=\"ltr\">\ud83d\udcd6 <strong>Pe\u0142ny opis<\/strong><\/h2>\n<div dir=\"ltr\">Ta malownicza jednodniowa wycieczka z <a href=\"https:\/\/en.wikipedia.org\/wiki\/Kemer,_Antalya\" target=\"_blank\" rel=\"noopener\">Kemer<\/a> Ka\u015f \u0142\u0105czy histori\u0119, pi\u0119kno przyrody i nadmorski urok. Prowadzone w ma\u0142ych grupach (do 15 os\u00f3b) z profesjonalnym angloj\u0119zycznym przewodnikiem, jest idealne dla podr\u00f3\u017cnych preferuj\u0105cych spokojne tempo i autentyczne miejsca.<\/div>\n<div dir=\"ltr\">Dzie\u0144 rozpoczyna si\u0119 od wygodnej jazdy z Kemer, w tym kr\u00f3tkiego postoju po drodze. Pierwszym przystankiem jest panoramiczny punkt widokowy z osza\u0142amiaj\u0105cymi widokami na greck\u0105 wysp\u0119 Meis, idealny do zapieraj\u0105cych dech w piersiach zdj\u0119\u0107. Nast\u0119pnie udasz si\u0119 do Ka\u015f, malowniczego nadmorskiego miasteczka znanego z ukwieconych w\u0105skich uliczek, staro\u017cytnych ruin, butik\u00f3w i spokojnej atmosfery.<\/div>\n<div dir=\"ltr\">Po kr\u00f3tkim wprowadzeniu z przewodnikiem b\u0119dziesz mie\u0107 oko\u0142o 2-3 godzin wolnego czasu na samodzielne zwiedzanie miasta, robienie zdj\u0119\u0107, zakupy pami\u0105tek i zjedzenie lunchu w lokalnej restauracji. Nast\u0119pnie odwiedzisz s\u0142ynn\u0105 pla\u017c\u0119 Kaputa\u015f, jedn\u0105 z najbardziej znanych pla\u017c w Turcji, s\u0142yn\u0105c\u0105 z \u017cywych turkusowych w\u00f3d i dramatycznej scenerii klifowej. Sp\u0119d\u017a 2-2,5 godziny p\u0142ywaj\u0105c, relaksuj\u0105c si\u0119 i wygrzewaj\u0105c na s\u0142o\u0144cu przed powrotem do Kemer.<\/div>\n<h3 dir=\"ltr\"><span style=\"color: #000000;\"><strong>\ud83d\uddfa\ufe0f Plan podr\u00f3\u017cy<\/strong><\/span><\/h3>\n<p dir=\"ltr\">Odbi\u00f3r z hoteli oko\u0142o godziny 08:00<br \/>\nPrzeja\u017cd\u017cka widokowa z postojem technicznym<br \/>\nWizyta w panoramicznym punkcie widokowym w pobli\u017cu wyspy Meis<br \/>\nWizyta z przewodnikiem w staro\u017cytnym teatrze w Ka\u015f<br \/>\n2-3 godziny czasu wolnego w Ka\u015f na lunch i zwiedzanie.<br \/>\nTransfer na pla\u017c\u0119 Kaputa\u015f w celu k\u0105pieli i relaksu (2-2,5 godziny)<br \/>\nWyjazd z pla\u017cy Kaputa\u015f oko\u0142o 16:00<br \/>\nPowr\u00f3t do hoteli w Kemer oko\u0142o 18:00-19:00<\/p>\n<h3 dir=\"ltr\"><span style=\"color: #000000;\"><strong>\u2139\ufe0f Przydatne informacje<\/strong><\/span><\/h3>\n<p dir=\"ltr\">Czas trwania wycieczki: oko\u0142o 10-11 godzin<br \/>\nLunch wliczony w cen\u0119 (ryba, kurczak lub klopsiki), napoje za dodatkow\u0105 op\u0142at\u0105<br \/>\nLiczne lokalne restauracje i kawiarnie dost\u0119pne w Ka\u015f w czasie wolnym.<br \/>\nDzieci poni\u017cej 5. roku \u017cycia podr\u00f3\u017cuj\u0105ce bezp\u0142atnie nie maj\u0105 oddzielnego miejsca w autobusie. Je\u015bli autobus jest pe\u0142ny, siedz\u0105 na kolanach osoby doros\u0142ej lub mo\u017cna zarezerwowa\u0107 osobne miejsce.<\/p>\n<h2 dir=\"ltr\"><span style=\"color: #000000;\"><strong>Co zabra\u0107 ze sob\u0105<\/strong><\/span><\/h2>\n<p dir=\"ltr\">Str\u00f3j k\u0105pielowy i r\u0119cznik<br \/>\nWygodne buty i odzie\u017c<br \/>\nOchrona przeciws\u0142oneczna (kapelusz, filtr przeciws\u0142oneczny, okulary przeciws\u0142oneczne)<br \/>\nGot\u00f3wka na napoje i wydatki osobiste<\/p>\n<h3 dir=\"ltr\"><span style=\"color: #000000;\"><strong>Nieodpowiednie dla<\/strong><\/span><\/h3>\n<p dir=\"ltr\">Osoby o ograniczonej sprawno\u015bci ruchowej<br \/>\nMa\u0142e dzieci i niemowl\u0119ta ze wzgl\u0119du na d\u0142ug\u0105 podr\u00f3\u017c<\/p>\n<h2 dir=\"ltr\"><span style=\"color: #000000;\"><strong>Cena i rezerwacja<\/strong><\/span><\/h2>\n<p dir=\"ltr\"><strong>Zarezerwuj teraz, zap\u0142a\u0107 w dniu wycieczki<\/strong><br \/>\nSkontaktuj si\u0119 z nami przez WhatsApp, Telegram, Viber lub wype\u0142nij poni\u017cszy formularz rezerwacji. \ud83d\udc47\ud83c\udffc<\/p>\n<p>Szukasz alternatyw? Przegl\u0105daj <a href=\"https:\/\/excursionsworld.com\/pl\/kemer-wycieczki\/\">wi\u0119cej wycieczek po Kemer<\/a>.<\/p>","protected":false},"excerpt":{"rendered":"<p>Odkryj wycieczk\u0119 z Kemer do Ka\u015f, Kalkan i Kaputa\u015f Beach Tour: wspania\u0142e pla\u017ce, zapieraj\u0105ce dech w piersiach widoki i pyszny lunch. Obejmuje transfer, fachowego przewodnika i ubezpieczenie.<\/p>","protected":false},"featured_media":14102,"comment_status":"open","ping_status":"closed","template":"","meta":[],"product_brand":[],"product_cat":[124],"product_tag":[105],"class_list":{"0":"post-13351","1":"product","2":"type-product","3":"status-publish","4":"has-post-thumbnail","6":"tour_phys-kemer-tours","7":"product_cat-kemer-tours","8":"product_tag-kemer","9":"pa_destination-kemer-tours","11":"first","12":"instock","13":"sale","14":"shipping-taxable","15":"purchasable","16":"product-type-tour_phys"},"aioseo_notices":[],"_links":{"self":[{"href":"https:\/\/excursionsworld.com\/pl\/wp-json\/wp\/v2\/product\/13351","targetHints":{"allow":["GET"]}}],"collection":[{"href":"https:\/\/excursionsworld.com\/pl\/wp-json\/wp\/v2\/product"}],"about":[{"href":"https:\/\/excursionsworld.com\/pl\/wp-json\/wp\/v2\/types\/product"}],"replies":[{"embeddable":true,"href":"https:\/\/excursionsworld.com\/pl\/wp-json\/wp\/v2\/comments?post=13351"}],"wp:featuredmedia":[{"embeddable":true,"href":"https:\/\/excursionsworld.com\/pl\/wp-json\/wp\/v2\/media\/14102"}],"wp:attachment":[{"href":"https:\/\/excursionsworld.com\/pl\/wp-json\/wp\/v2\/media?parent=13351"}],"wp:term":[{"taxonomy":"product_brand","embeddable":true,"href":"https:\/\/excursionsworld.com\/pl\/wp-json\/wp\/v2\/product_brand?post=13351"},{"taxonomy":"product_cat","embeddable":true,"href":"https:\/\/excursionsworld.com\/pl\/wp-json\/wp\/v2\/product_cat?post=13351"},{"taxonomy":"product_tag","embeddable":true,"href":"https:\/\/excursionsworld.com\/pl\/wp-json\/wp\/v2\/product_tag?post=13351"}],"curies":[{"name":"wp","href":"https:\/\/api.w.org\/{rel}","templated":true}]}}