{"id":14085,"date":"2025-07-01T11:09:40","date_gmt":"2025-07-01T08:09:40","guid":{"rendered":"https:\/\/excursionsworld.com\/?post_type=product&#038;p=14085"},"modified":"2026-04-24T01:26:53","modified_gmt":"2026-04-23T22:26:53","slug":"prywatny-jacht-belek-duden","status":"publish","type":"product","link":"https:\/\/excursionsworld.com\/tours\/private-yacht-belek-duden\/","title":{"rendered":"Wypo\u017cyczalnia prywatnych jacht\u00f3w Belek - wodospad D\u00fcden"},"content":{"rendered":"<h2 dir=\"ltr\" data-pm-slice=\"1 1 []\">\ud83c\udfdd\ufe0f Przegl\u0105d<\/h2>\n<p dir=\"ltr\">Wyrusz w rejs elegantn\u0105, prywatn\u0105 motor\u00f3wk\u0105 o d\u0142ugo\u015bci 14,5 metra, aby prze\u017cy\u0107 luksusowe do\u015bwiadczenie VIP wzd\u0142u\u017c Tureckiej Riwiery. Idealna na specjalne okazje lub spokojny dzie\u0144 pe\u0142en rozpieszczania, ta wycieczka dla maksymalnie 12 go\u015bci oferuje wspania\u0142e widoki, orze\u017awiaj\u0105ce k\u0105piele i wyszukane posi\u0142ki. Wyruszaj\u0105c z <a href=\"https:\/\/en.wikipedia.org\/wiki\/Belek\" target=\"_blank\" rel=\"noopener\">Belek<\/a>\u2019Rejs po marinie Ac\u0131su, wodospadzie D\u00fcden i pla\u017cy Lara dla niezapomnianej przygody na Morzu \u015ar\u00f3dziemnym.<\/p>\n<h3 dir=\"ltr\">W zestawie:<\/h3>\n<p dir=\"ltr\"><span style=\"color: #00ff00;\"><strong>\u2713<\/strong><\/span> Odbi\u00f3r i dow\u00f3z do hotelu<br \/>\n<span style=\"color: #00ff00;\"><strong>\u2713 <\/strong><\/span>Us\u0142ugi przewodnik\u00f3w<br \/>\n<span style=\"color: #00ff00;\"><strong>\u2713 <\/strong><\/span>Ubezpieczenie<br \/>\n<span style=\"color: #00ff00;\"><strong>\u2713 <\/strong><\/span>Lunch na jachcie<br \/>\n<span style=\"color: #00ff00;\"><strong>\u2713 <\/strong><\/span>\u015awie\u017ce owoce<br \/>\n<span style=\"color: #00ff00;\"><strong>\u2713 <\/strong><\/span>Napoje bezalkoholowe<\/p>\n<h3 dir=\"ltr\">Nie zawiera:<\/h3>\n<p dir=\"ltr\"><strong><span style=\"color: #ff0000;\">\u2717<\/span><\/strong> Napoje alkoholowe<br \/>\n<strong><span style=\"color: #ff0000;\">\u2717 <\/span><\/strong>Wydatki osobiste, zdj\u0119cia i filmy<\/p>\n<h2 dir=\"ltr\" data-pm-slice=\"1 1 []\">\ud83c\udf1f Najwa\u017cniejsze atrakcje tej prywatnej wynaj\u0119tej \u0142odzi w Belek<\/h2>\n<p dir=\"ltr\">Ekskluzywny rejs 14,5-metrowym prywatnym jachtem motorowym<br \/>\nP\u0142ywanie w pobli\u017cu dziewiczych wybrze\u017cy Lara Beach<br \/>\n\ud83d\udd39 Odkryj zaciszn\u0105 jaskini\u0119 i przybrze\u017cny wodospad<br \/>\nWyj\u0105tkowe widoki na wodospad Upper D\u00fcden od strony morza<br \/>\nWykwintny lunch serwowany na pok\u0142adzie przy wodospadach<br \/>\nSpersonalizowane us\u0142ugi dla rodzin, par lub ma\u0142ych grup<\/p>\n<h2 dir=\"ltr\">Twoje do\u015bwiadczenie z wynajmem prywatnego jachtu w Belek<\/h2>\n<p dir=\"ltr\">Twoja przygoda VIP rozpocznie si\u0119 o godzinie 9:00 od ciep\u0142ego powitania na pok\u0142adzie jachtu motorowego w przystani Ac\u0131su w Belek. Usi\u0105d\u017a na tarasie s\u0142onecznym z orze\u017awiaj\u0105cym drinkiem, podczas gdy profesjonalna za\u0142oga \u017cegluje po turkusowych wodach Morza \u015ar\u00f3dziemnego.<\/p>\n<p dir=\"ltr\">Pierwszym przystankiem jest pla\u017ca Lara, gdzie zakotwiczysz, aby pop\u0142ywa\u0107 w krystalicznie czystych wodach na tle dramatycznego wybrze\u017ca Antalyi. Nast\u0119pnie odkryj ukryt\u0105 przybrze\u017cn\u0105 jaskini\u0119 i uroczy mini wodospad, idealny do zdj\u0119\u0107 i odrobiny przygody. Przep\u0142y\u0144 w pobli\u017cu majestatycznego wodospadu Upper D\u00fcden, rzadkiego widoku spadaj\u0105cego kaskadowo do morza, i delektuj si\u0119 wykwintnym lunchem na pok\u0142adzie ze \u015bwie\u017cymi lokalnymi smakami. Pop\u0142y\u0144 drugi raz pod mg\u0142\u0105 wodospadu, aby prze\u017cy\u0107 magiczn\u0105 chwil\u0119.<\/p>\n<p dir=\"ltr\">Rejs powrotny oferuje czas na relaks, s\u0105czenie drink\u00f3w i uchwycenie \u015br\u00f3dziemnomorskiej bryzy. Do godziny 16:00 dotrzesz z powrotem do przystani Ac\u0131su, od\u015bwie\u017cony i zainspirowany t\u0105 ekskluzywn\u0105 podr\u00f3\u017c\u0105.<\/p>\n<h3 dir=\"ltr\">\ud83d\uddfa\ufe0f Plan podr\u00f3\u017cy<\/h3>\n<p dir=\"ltr\">9:00 RANO: Wej\u015bcie na pok\u0142ad jachtu motorowego w Ac\u0131su Marina, Belek<br \/>\nRejs do pla\u017cy Lara na pierwszy przystanek p\u0142ywacki (11:00)<br \/>\nEksploracja zacisznej jaskini i mini wodospadu (12:00)<br \/>\nRejs do wodospadu Upper D\u00fcden, aby podziwia\u0107 panoramiczne widoki (12:30)<br \/>\nLunch dla smakoszy na pok\u0142adzie i druga k\u0105piel przy wodospadach (13:00)<br \/>\nSceniczny rejs powrotny wzd\u0142u\u017c wybrze\u017ca (14:00)<br \/>\nPowr\u00f3t do przystani Ac\u0131su (4:00 PM)<\/p>\n<h3 dir=\"ltr\">\u2139\ufe0f Przydatne informacje<\/h3>\n<p dir=\"ltr\">Czas trwania: oko\u0142o 7 godzin (9:00 - 16:00)<br \/>\nWycieczka odbywa si\u0119 codziennie, w zale\u017cno\u015bci od dost\u0119pno\u015bci.<br \/>\nPlan podr\u00f3\u017cy mo\u017ce ulec zmianie ze wzgl\u0119du na warunki pogodowe lub morskie.<br \/>\nUmiarkowana aktywno\u015b\u0107 fizyczna (p\u0142ywanie, lekkie spacery na jachcie)<br \/>\nPojemno\u015b\u0107 jachtu: do 12 os\u00f3b na prywatn\u0105 wycieczk\u0119<br \/>\n\ud83d\udd39 Dzieci poni\u017cej 5. roku \u017cycia podr\u00f3\u017cuj\u0105 bezp\u0142atnie, ale dziel\u0105 miejsca, chyba \u017ce zarezerwowano je osobno.<\/p>\n<h2 dir=\"ltr\">Co zabra\u0107 ze sob\u0105<\/h2>\n<p dir=\"ltr\">Str\u00f3j k\u0105pielowy i r\u0119cznik<br \/>\nOchrona przeciws\u0142oneczna i okulary przeciws\u0142oneczne<br \/>\nWygodne buty przyjazne dla wody<br \/>\nGot\u00f3wka na wydatki osobiste<br \/>\nWodoodporny aparat fotograficzny lub telefon<\/p>\n<h3 dir=\"ltr\">Nieodpowiednie dla<\/h3>\n<p dir=\"ltr\">Osoby o ograniczonej sprawno\u015bci ruchowej<br \/>\nOsoby podatne na chorob\u0119 morsk\u0105<\/p>\n<div class=\"elementor-element elementor-element-884d539 e-con-full e-flex e-con e-child\" data-id=\"884d539\" data-element_type=\"container\">\n<div id=\"description\" class=\"elementor-element elementor-element-337037cc elementor-widget elementor-widget-thim-ekits-tours-content\" data-id=\"337037cc\" data-element_type=\"widget\" data-widget_type=\"thim-ekits-tours-content.default\">\n<div class=\"elementor-widget-container\">\n<div class=\"thim-ekit-single-tour__content\">\n<h2 dir=\"ltr\">\ud83d\udcb8\u00a0<strong>Cena i rezerwacja<\/strong><\/h2>\n<p dir=\"ltr\"><strong>Zarezerwuj teraz, zap\u0142a\u0107 w dniu wycieczki<\/strong><br \/>\nSkontaktuj si\u0119 z nami przez WhatsApp, Telegram, Viber lub wype\u0142nij poni\u017cszy formularz rezerwacji. \ud83d\udc47\ud83c\udffc<\/p>\n<\/div>\n<\/div>\n<\/div>\n<\/div>\n<div class=\"elementor-element elementor-element-57a2f74 elementor-widget-divider--view-line elementor-widget elementor-widget-divider\" data-id=\"57a2f74\" data-element_type=\"widget\" data-widget_type=\"divider.default\">\n<div class=\"elementor-widget-container\">\n<div class=\"elementor-divider\"><\/div>\n<\/div>\n<\/div>\n<p>Szukasz alternatyw? Przegl\u0105daj <a href=\"https:\/\/excursionsworld.com\/pl\/prywatny-czarter-jachtu-antalya-kemer\/\">wi\u0119cej wycieczek z wynajmem jacht\u00f3w w Belek<\/a>.<\/p>","protected":false},"excerpt":{"rendered":"<p><strong>Ciesz si\u0119 prywatnym rejsem jachtem z Belek do pla\u017cy Lara i wodospadu D\u00fcden. P\u0142ywanie, relaks na jachcie motorowym z lunchem i pe\u0142n\u0105 obs\u0142ug\u0105.<\/strong><\/p>","protected":false},"featured_media":14086,"comment_status":"open","ping_status":"closed","template":"","meta":[],"product_brand":[],"product_cat":[129],"product_tag":[120],"class_list":{"0":"post-14085","1":"product","2":"type-product","3":"status-publish","4":"has-post-thumbnail","6":"tour_phys-yacht-rental","7":"product_cat-yacht-rental","8":"product_tag-belek","9":"pa_kategori-private-yacht-rental-kemer-antalya","11":"first","12":"instock","13":"sale","14":"shipping-taxable","15":"purchasable","16":"product-type-tour_phys"},"aioseo_notices":[],"_links":{"self":[{"href":"https:\/\/excursionsworld.com\/pl\/wp-json\/wp\/v2\/product\/14085","targetHints":{"allow":["GET"]}}],"collection":[{"href":"https:\/\/excursionsworld.com\/pl\/wp-json\/wp\/v2\/product"}],"about":[{"href":"https:\/\/excursionsworld.com\/pl\/wp-json\/wp\/v2\/types\/product"}],"replies":[{"embeddable":true,"href":"https:\/\/excursionsworld.com\/pl\/wp-json\/wp\/v2\/comments?post=14085"}],"wp:featuredmedia":[{"embeddable":true,"href":"https:\/\/excursionsworld.com\/pl\/wp-json\/wp\/v2\/media\/14086"}],"wp:attachment":[{"href":"https:\/\/excursionsworld.com\/pl\/wp-json\/wp\/v2\/media?parent=14085"}],"wp:term":[{"taxonomy":"product_brand","embeddable":true,"href":"https:\/\/excursionsworld.com\/pl\/wp-json\/wp\/v2\/product_brand?post=14085"},{"taxonomy":"product_cat","embeddable":true,"href":"https:\/\/excursionsworld.com\/pl\/wp-json\/wp\/v2\/product_cat?post=14085"},{"taxonomy":"product_tag","embeddable":true,"href":"https:\/\/excursionsworld.com\/pl\/wp-json\/wp\/v2\/product_tag?post=14085"}],"curies":[{"name":"wp","href":"https:\/\/api.w.org\/{rel}","templated":true}]}}