{"id":14094,"date":"2025-07-01T11:58:30","date_gmt":"2025-07-01T08:58:30","guid":{"rendered":"https:\/\/excursionsworld.com\/?post_type=product&#038;p=14094"},"modified":"2026-04-24T01:26:53","modified_gmt":"2026-04-23T22:26:53","slug":"prywatny-rejs-jachtem-belek-zachod-slonca","status":"publish","type":"product","link":"https:\/\/excursionsworld.com\/tours\/belek-sunset-private-yacht-tour-with-dinner\/","title":{"rendered":"Prywatny Rejs Jachtem o Zachodzie S\u0142o\u0144ca w Beleku \u2013 Kolacja na Pok\u0142adzie"},"content":{"rendered":"<h2 dir=\"ltr\" data-pm-slice=\"1 1 []\">\ud83c\udfdd\ufe0f Przegl\u0105d<\/h2>\n<p dir=\"ltr\">Zanurz si\u0119 w luksusowym rejsie VIP o zachodzie s\u0142o\u0144ca na prywatnej motor\u00f3wce o d\u0142ugo\u015bci 14,5 metra wzd\u0142u\u017c osza\u0142amiaj\u0105cej Riwiery Tureckiej. Idealna na romantyczne wieczory, rodzinne spotkania lub specjalne uroczysto\u015bci, ta prywatna wycieczka oferuje zapieraj\u0105ce dech w piersiach widoki na morze, relaksuj\u0105ce postoje na k\u0105piel i pyszn\u0105 kolacj\u0119 na pok\u0142adzie. Wyruszaj\u0105c z <a href=\"https:\/\/en.wikipedia.org\/wiki\/Belek\" target=\"_blank\" rel=\"noopener\">Belek<\/a>\u2019s Ac\u0131su Marina o 16:30, pop\u0142y\u0144 w krystalicznie czyste wody w pobli\u017cu pla\u017cy Lara i wr\u00f3\u0107 o 20:30 pod z\u0142ote, \u015br\u00f3dziemnomorskie niebo.<\/p>\n<h3 dir=\"ltr\">W zestawie:<\/h3>\n<p dir=\"ltr\"><span style=\"color: #00ff00;\"><strong>\u2713<\/strong><\/span> Odbi\u00f3r i dow\u00f3z do hotelu<br \/>\n<span style=\"color: #00ff00;\"><strong>\u2713 <\/strong><\/span>Us\u0142ugi przewodnik\u00f3w<br \/>\n<span style=\"color: #00ff00;\"><strong>\u2713 <\/strong><\/span>Ubezpieczenie<br \/>\n<span style=\"color: #00ff00;\"><strong>\u2713 <\/strong><\/span>Kolacja na jachcie<br \/>\n<span style=\"color: #00ff00;\"><strong>\u2713 <\/strong><\/span>\u015awie\u017ce owoce<br \/>\n<span style=\"color: #00ff00;\"><strong>\u2713 <\/strong><\/span>Napoje bezalkoholowe<\/p>\n<h3 dir=\"ltr\">Nie zawiera:<\/h3>\n<p dir=\"ltr\"><strong><span style=\"color: #ff0000;\">\u2717<\/span><\/strong> Napoje alkoholowe<br \/>\n<strong><span style=\"color: #ff0000;\">\u2717 <\/span><\/strong>Wydatki osobiste, zdj\u0119cia i filmy<\/p>\n<h2 dir=\"ltr\" data-pm-slice=\"1 1 []\">\ud83c\udf1f Najwa\u017cniejsze punkty wycieczki jachtem o zachodzie s\u0142o\u0144ca w Belek<\/h2>\n<p dir=\"ltr\">Prywatny rejs o zachodzie s\u0142o\u0144ca na 14,5-metrowym jachcie motorowym<br \/>\nPrzystanek p\u0142ywacki w pobli\u017cu spokojnego wybrze\u017ca Lara Beach<br \/>\n\u015awie\u017co przygotowana kolacja serwowana na pok\u0142adzie<br \/>\nIntymna i relaksuj\u0105ca atmosfera dla par lub ma\u0142ych grup<br \/>\nOgl\u0105danie zachodu s\u0142o\u0144ca nad Morzem \u015ar\u00f3dziemnym<br \/>\nSpersonalizowana us\u0142uga VIP z profesjonaln\u0105 za\u0142og\u0105<\/p>\n<h2 dir=\"ltr\">Odkryj pe\u0142en opis: Twoje prywatne do\u015bwiadczenie rejsu jachtem o zachodzie s\u0142o\u0144ca w Belek<\/h2>\n<p>Niezapomniany wiecz\u00f3r rozpocznie si\u0119 o godzinie 16:30 w przystani Ac\u0131su w Belek, gdzie prywatny jacht i przyjazna za\u0142oga powitaj\u0105 Ci\u0119 na pok\u0142adzie. Zrelaksuj si\u0119 na pok\u0142adzie s\u0142onecznym przy orze\u017awiaj\u0105cym drinku, p\u0142yn\u0105c wzd\u0142u\u017c wybrze\u017ca w kierunku pla\u017cy Lara.<\/p>\n<p>Zarzu\u0107 kotwic\u0119 w spokojnej zatoce i za\u017cyj orze\u017awiaj\u0105cej k\u0105pieli w turkusowych wodach. Po powrocie na pok\u0142ad delektuj si\u0119 starannie przygotowan\u0105 kolacj\u0105 ze \u015bwie\u017cymi lokalnymi potrawami, owocami i napojami bezalkoholowymi - a wszystko to podziwiaj\u0105c kolory zachodz\u0105cego s\u0142o\u0144ca. Niezale\u017cnie od tego, czy \u015bwi\u0119tujesz specjalne wydarzenie, czy po prostu szukasz spokojnego odosobnienia, ten wieczorny rejs zapewnia idealn\u0105 sceneri\u0119.<\/p>\n<p>Gdy s\u0142o\u0144ce schowa si\u0119 za horyzontem, ciesz si\u0119 delikatn\u0105 bryz\u0105, wspania\u0142ym towarzystwem i spokojn\u0105 atmosfer\u0105. Wr\u00f3\u0107 do Ac\u0131su Marina przed 20:30, ko\u0144cz\u0105c dzie\u0144 z niezapomnianymi wspomnieniami z \u015br\u00f3dziemnomorskiej ucieczki.<\/p>\n<h3 dir=\"ltr\">\ud83d\uddfa\ufe0f Plan podr\u00f3\u017cy<\/h3>\n<p dir=\"ltr\">16:30 - Wyp\u0142yni\u0119cie z przystani Ac\u0131su, Belek<br \/>\nRejs wzd\u0142u\u017c wybrze\u017ca w kierunku pla\u017cy Lara<br \/>\nPrzystanek w zacisznej zatoce<br \/>\nKolacja na pok\u0142adzie o zachodzie s\u0142o\u0144ca<br \/>\nRejs powrotny z malowniczymi widokami na morze<br \/>\n20:30 - powr\u00f3t do przystani Ac\u0131su Marina<\/p>\n<h3 dir=\"ltr\">\u2139\ufe0f Przydatne informacje<\/h3>\n<p dir=\"ltr\">Czas trwania: oko\u0142o 4 godzin (16:30 - 20:30)<br \/>\nDzia\u0142a codziennie, w zale\u017cno\u015bci od dost\u0119pno\u015bci<br \/>\nPlan podr\u00f3\u017cy mo\u017ce ulec zmianie ze wzgl\u0119du na warunki panuj\u0105ce na morzu.<br \/>\nMaksymalnie 12 go\u015bci na prywatne do\u015bwiadczenie<\/p>\n<h2 dir=\"ltr\">Co zabra\u0107 ze sob\u0105<\/h2>\n<p>Str\u00f3j k\u0105pielowy i r\u0119cznik<br \/>\nOchrona przeciws\u0142oneczna i okulary przeciws\u0142oneczne<br \/>\nLekka kurtka na wieczorn\u0105 bryz\u0119<br \/>\nGot\u00f3wka na wydatki osobiste<br \/>\nWodoodporny aparat fotograficzny lub telefon<\/p>\n<h3 dir=\"ltr\">Nieodpowiednie dla<\/h3>\n<p dir=\"ltr\">Osoby o ograniczonej sprawno\u015bci ruchowej<br \/>\nOsoby podatne na chorob\u0119 morsk\u0105<\/p>\n<h2 dir=\"ltr\">\ud83d\udcb8\u00a0<strong>Cena i rezerwacja<\/strong><\/h2>\n<p dir=\"ltr\"><strong>Zarezerwuj teraz, zap\u0142a\u0107 w dniu wycieczki<\/strong><br \/>\nSkontaktuj si\u0119 z nami przez WhatsApp, Telegram, Viber lub wype\u0142nij poni\u017cszy formularz rezerwacji. \ud83d\udc47\ud83c\udffc<\/p>\n<p>Szukasz alternatyw? Przegl\u0105daj <a href=\"https:\/\/excursionsworld.com\/pl\/prywatny-czarter-jachtu-antalya-kemer\/\">wi\u0119cej wycieczek z wynajmem jacht\u00f3w w Belek<\/a>.<\/p>","protected":false},"excerpt":{"rendered":"<p><strong>Ciesz si\u0119 prywatn\u0105 wycieczk\u0105 jachtem o zachodzie s\u0142o\u0144ca z Belek z kolacj\u0105 na pok\u0142adzie. Pop\u0142ywaj w pobli\u017cu pla\u017cy Lara i zrelaksuj si\u0119 na luksusowym jachcie podczas wieczornego rejsu<\/strong><\/p>","protected":false},"featured_media":14086,"comment_status":"open","ping_status":"closed","template":"","meta":[],"product_brand":[],"product_cat":[129],"product_tag":[120],"class_list":{"0":"post-14094","1":"product","2":"type-product","3":"status-publish","4":"has-post-thumbnail","6":"tour_phys-yacht-rental","7":"product_cat-yacht-rental","8":"product_tag-belek","9":"pa_kategori-private-yacht-rental-kemer-antalya","11":"first","12":"instock","13":"sale","14":"shipping-taxable","15":"purchasable","16":"product-type-tour_phys"},"aioseo_notices":[],"_links":{"self":[{"href":"https:\/\/excursionsworld.com\/pl\/wp-json\/wp\/v2\/product\/14094","targetHints":{"allow":["GET"]}}],"collection":[{"href":"https:\/\/excursionsworld.com\/pl\/wp-json\/wp\/v2\/product"}],"about":[{"href":"https:\/\/excursionsworld.com\/pl\/wp-json\/wp\/v2\/types\/product"}],"replies":[{"embeddable":true,"href":"https:\/\/excursionsworld.com\/pl\/wp-json\/wp\/v2\/comments?post=14094"}],"wp:featuredmedia":[{"embeddable":true,"href":"https:\/\/excursionsworld.com\/pl\/wp-json\/wp\/v2\/media\/14086"}],"wp:attachment":[{"href":"https:\/\/excursionsworld.com\/pl\/wp-json\/wp\/v2\/media?parent=14094"}],"wp:term":[{"taxonomy":"product_brand","embeddable":true,"href":"https:\/\/excursionsworld.com\/pl\/wp-json\/wp\/v2\/product_brand?post=14094"},{"taxonomy":"product_cat","embeddable":true,"href":"https:\/\/excursionsworld.com\/pl\/wp-json\/wp\/v2\/product_cat?post=14094"},{"taxonomy":"product_tag","embeddable":true,"href":"https:\/\/excursionsworld.com\/pl\/wp-json\/wp\/v2\/product_tag?post=14094"}],"curies":[{"name":"wp","href":"https:\/\/api.w.org\/{rel}","templated":true}]}}