{"id":14097,"date":"2025-07-01T15:46:19","date_gmt":"2025-07-01T12:46:19","guid":{"rendered":"https:\/\/excursionsworld.com\/?post_type=product&#038;p=14097"},"modified":"2026-04-24T01:26:53","modified_gmt":"2026-04-23T22:26:53","slug":"wynajem-jachtu-kemer","status":"publish","type":"product","link":"https:\/\/excursionsworld.com\/tours\/kemer-private-yacht-tour\/","title":{"rendered":"Wynajem Prywatnego Jachtu z Kemera \u2013 2-Godzinna Wycieczka Morska"},"content":{"rendered":"<h2><span style=\"color: #000000;\"><strong>\ud83c\udfdd\ufe0f Przegl\u0105d<\/strong><\/span><\/h2>\n<p>Szukasz spokojnego rejsu \u0142odzi\u0105 bez t\u0142um\u00f3w? Do\u0142\u0105cz do naszego 2-godzinnego prywatnego rejsu jachtem motorowym z <a href=\"https:\/\/en.wikipedia.org\/wiki\/Kemer,_Antalya\" target=\"_blank\" rel=\"noopener\">Kemer<\/a> \u2014 idealna kr\u00f3tka wyprawa dla par, rodzin lub ma\u0142ych grup, kt\u00f3re chc\u0105 cieszy\u0107 si\u0119 morzem, nie sp\u0119dzaj\u0105c ca\u0142ego dnia na pok\u0142adzie.<\/p>\n<p>\u017begluj\u0105c mi\u0119dzy zatok\u0105 Kiri\u015f Aquarium Bay, jaskini\u0105 Pirate's Cave i zatok\u0105 Moonlight Bay, ta kameralna wycieczka jest idealna do p\u0142ywania, relaksu i do\u015bwiadczania naturalnego pi\u0119kna Riwiery Tureckiej. Z maksymalnie 12 go\u015b\u0107mi i dwoma przystankami na p\u0142ywanie, jest to idealny spos\u00f3b na cieszenie si\u0119 Morzem \u015ar\u00f3dziemnym w spokojnym i ekskluzywnym otoczeniu.<\/p>\n<h3><span style=\"color: #000000;\"><strong>\u00a0W zestawie:<\/strong><\/span><\/h3>\n<div><span style=\"color: #00ff00;\"><strong>\u2713<\/strong><\/span> Transfer do hotelu<\/div>\n<div><span style=\"color: #00ff00;\"><strong>\u2713 <\/strong><\/span>2-godzinny rejs prywatnym jachtem motorowym<br \/>\n<span style=\"color: #00ff00;\"><strong>\u2713 <\/strong><\/span>Profesjonalna za\u0142oga<br \/>\n<span style=\"color: #00ff00;\"><strong>\u2713 <\/strong><\/span>Nielimitowane napoje bezalkoholowe na pok\u0142adzie<br \/>\n<span style=\"color: #00ff00;\"><strong>\u2713 <\/strong><\/span>Pe\u0142ne ubezpieczenie<\/div>\n<h3><span style=\"color: #000000;\"><strong>Nie zawiera:<\/strong><\/span><\/h3>\n<p><span style=\"color: #ff0000;\"><strong>\u2717<\/strong><\/span> Posi\u0142ki<br \/>\n<span style=\"color: #ff0000;\"><strong>\u2717 <\/strong><\/span>Wydatki osobiste<br \/>\n<span style=\"color: #ff0000;\"><strong>\u2717<\/strong><\/span> Zdj\u0119cia lub filmy<\/p>\n<h2><span style=\"color: #000000;\"><strong>Najwa\u017cniejsze atrakcje wycieczki<\/strong><\/span><\/h2>\n<p>Relaksuj\u0105cy 2-godzinny rejs nowoczesnym jachtem motorowym z Kemer<br \/>\nDo\u015bwiadczenie w ma\u0142ej grupie - maksymalnie 12 os\u00f3b<br \/>\nP\u0142ywanie w krystalicznie czystych wodach zatok Kiri\u015f Aquarium Bay i Moonlight Bay<br \/>\n\ud83d\udd39 Odkryj tajemnicz\u0105 jaskini\u0119 pirat\u00f3w<br \/>\nUciec od t\u0142um\u00f3w i cieszy\u0107 si\u0119 spokojem na morzu<br \/>\nIdealny dla tych, kt\u00f3rzy preferuj\u0105 kr\u00f3tkie wycieczki<\/p>\n<h2><span style=\"color: #000000;\"><strong>Pe\u0142ny opis<\/strong><\/span><\/h2>\n<div>Twoja relaksuj\u0105ca podr\u00f3\u017c rozpocznie si\u0119 o godzinie 16:00 z przystani Kemer. Po ciep\u0142ym powitaniu przez za\u0142og\u0119, wyp\u0142y\u0144 w kierunku spokojnych zatoczek wzd\u0142u\u017c wybrze\u017ca.<\/div>\n<div>Pierwszym przystankiem jest zatoka Kiri\u015f Aquarium Bay - znana z osza\u0142amiaj\u0105co czystej wody i spokojnego otoczenia. Tutaj b\u0119dziesz m\u00f3g\u0142 cieszy\u0107 si\u0119 pierwsz\u0105 przerw\u0105 na p\u0142ywanie w naprawd\u0119 spokojnym otoczeniu. Nast\u0119pnie przep\u0142y\u0144 obok intryguj\u0105cej Jaskini Pirat\u00f3w, ukrytego nadmorskiego klejnotu idealnego do robienia zdj\u0119\u0107 i odkrywania.<\/div>\n<div>Drugi przystanek na p\u0142ywanie znajduje si\u0119 w pi\u0119knej zatoce Moonlight Bay, gdzie mo\u017cna cieszy\u0107 si\u0119 ostatni\u0105 orze\u017awiaj\u0105c\u0105 k\u0105piel\u0105 lub po prostu zrelaksowa\u0107 si\u0119 na pok\u0142adzie z drinkiem w r\u0119ku.<\/div>\n<div>Do godziny 18:00 wr\u00f3\u0107 do Kemer Marina, czuj\u0105c si\u0119 od\u015bwie\u017conym, zrelaksowanym i na\u0142adowanym - idealna kr\u00f3tka ucieczka nad morze.<\/div>\n<h3><span style=\"color: #000000;\"><strong>\ud83d\uddfa\ufe0f Plan podr\u00f3\u017cy<\/strong><\/span><\/h3>\n<p>16:00 - Wyp\u0142yni\u0119cie z przystani w Kemer<br \/>\nRejs do zatoki Kiri\u015f Aquarium Bay - post\u00f3j na k\u0105piel<br \/>\nPrzej\u015bcie obok Jaskini Pirat\u00f3w<br \/>\nPrzystanek w zatoce Moonlight Bay<br \/>\n18:00 - Powr\u00f3t do przystani w Kemer<\/p>\n<h3><span style=\"color: #000000;\"><strong>\u2139\ufe0f Przydatne informacje<\/strong><\/span><\/h3>\n<p>Czas trwania: 2 godziny (16:00-18:00)<br \/>\n\ud83d\udd39 Jest to kr\u00f3tki rejs bez posi\u0142k\u00f3w, idealny dla tych, kt\u00f3rzy preferuj\u0105 relaksuj\u0105ce, wolne od t\u0142um\u00f3w do\u015bwiadczenia.<br \/>\nMaksymalna wielko\u015b\u0107 grupy: 12 go\u015bci<br \/>\nDzia\u0142a codziennie, w zale\u017cno\u015bci od warunk\u00f3w pogodowych i morskich.<\/p>\n<h2><span style=\"color: #000000;\"><strong>Co zabra\u0107 ze sob\u0105<\/strong><\/span><\/h2>\n<p>Str\u00f3j k\u0105pielowy i r\u0119cznik<br \/>\nOchrona przeciws\u0142oneczna i okulary przeciws\u0142oneczne<br \/>\nButy przyjazne dla wody<br \/>\nWodoodporny telefon lub aparat fotograficzny<\/p>\n<h3><span style=\"color: #000000;\"><strong>Nieodpowiednie dla<\/strong><\/span><\/h3>\n<p>Go\u015bcie o ograniczonej sprawno\u015bci ruchowej<br \/>\nOsoby podatne na chorob\u0119 morsk\u0105<\/p>\n<h2><span style=\"color: #000000;\"><strong>Cena i rezerwacja<\/strong><\/span><\/h2>\n<p><strong><span style=\"color: #000000;\">Zarezerwuj teraz, zap\u0142a\u0107 w dniu wycieczki\u00a0<\/span><\/strong><br \/>\nSkontaktuj si\u0119 z nami przez WhatsApp, Telegram lub Viber, aby uzyska\u0107 informacje o dost\u0119pno\u015bci i rezerwacjach \ud83d\udc47\ud83c\udffc<\/p>\n<p>Szukasz alternatyw? Przegl\u0105daj <a href=\"https:\/\/excursionsworld.com\/pl\/kemer-wycieczki\/\">wi\u0119cej wycieczek po Kemer<\/a>.<\/p>","protected":false},"excerpt":{"rendered":"<p>Ucieknij od t\u0142um\u00f3w podczas 2-godzinnej prywatnej wycieczki jachtem z Kemer. P\u0142ywaj w krystalicznie czystych zatokach, zrelaksuj si\u0119 na pok\u0142adzie i delektuj si\u0119 napojami bezalkoholowymi. Maksymalnie 12 os\u00f3b.<\/p>","protected":false},"featured_media":13028,"comment_status":"open","ping_status":"closed","template":"","meta":[],"product_brand":[],"product_cat":[124],"product_tag":[105],"class_list":{"0":"post-14097","1":"product","2":"type-product","3":"status-publish","4":"has-post-thumbnail","6":"tour_phys-kemer-tours","7":"tour_phys-yacht-rental","8":"product_cat-kemer-tours","9":"product_tag-kemer","10":"pa_destination-kemer-tours","11":"pa_kategori-private-yacht-rental-kemer-antalya","13":"first","14":"instock","15":"sale","16":"shipping-taxable","17":"purchasable","18":"product-type-tour_phys"},"aioseo_notices":[],"_links":{"self":[{"href":"https:\/\/excursionsworld.com\/pl\/wp-json\/wp\/v2\/product\/14097","targetHints":{"allow":["GET"]}}],"collection":[{"href":"https:\/\/excursionsworld.com\/pl\/wp-json\/wp\/v2\/product"}],"about":[{"href":"https:\/\/excursionsworld.com\/pl\/wp-json\/wp\/v2\/types\/product"}],"replies":[{"embeddable":true,"href":"https:\/\/excursionsworld.com\/pl\/wp-json\/wp\/v2\/comments?post=14097"}],"wp:featuredmedia":[{"embeddable":true,"href":"https:\/\/excursionsworld.com\/pl\/wp-json\/wp\/v2\/media\/13028"}],"wp:attachment":[{"href":"https:\/\/excursionsworld.com\/pl\/wp-json\/wp\/v2\/media?parent=14097"}],"wp:term":[{"taxonomy":"product_brand","embeddable":true,"href":"https:\/\/excursionsworld.com\/pl\/wp-json\/wp\/v2\/product_brand?post=14097"},{"taxonomy":"product_cat","embeddable":true,"href":"https:\/\/excursionsworld.com\/pl\/wp-json\/wp\/v2\/product_cat?post=14097"},{"taxonomy":"product_tag","embeddable":true,"href":"https:\/\/excursionsworld.com\/pl\/wp-json\/wp\/v2\/product_tag?post=14097"}],"curies":[{"name":"wp","href":"https:\/\/api.w.org\/{rel}","templated":true}]}}