{"id":14120,"date":"2025-08-19T14:43:22","date_gmt":"2025-08-19T11:43:22","guid":{"rendered":"https:\/\/excursionsworld.com\/?post_type=product&#038;p=14120"},"modified":"2026-04-24T01:30:51","modified_gmt":"2026-04-23T22:30:51","slug":"transfer-z-lotniska-prywatne-wycieczki-antalya-kemer-belek","status":"publish","type":"product","link":"https:\/\/excursionsworld.com\/tours\/airport-transfer-private-tours-antalya-kemer-belek\/","title":{"rendered":"Prywatne wycieczki i transfer z lotniska - Antalya, Kemer i Belek"},"content":{"rendered":"<p>Do\u015bwiadcz najwy\u017cszej jako\u015bci komfortu dzi\u0119ki naszym <strong>Us\u0142uga transferu VIP<\/strong> w Antalyi, <a href=\"https:\/\/en.wikipedia.org\/wiki\/Kemer,_Antalya\" target=\"_blank\" rel=\"noopener\">Kemer<\/a>, Belek, Side i Alanya. Zapewniamy <strong>transfery lotniskowe, prywatne wycieczki i indywidualne rozwi\u0105zania turystyczne<\/strong> z profesjonalnymi kierowcami i nowoczesnymi pojazdami. Ciesz si\u0119 bezstresowym, bezpiecznym i stylowym transportem podczas wakacji lub podr\u00f3\u017cy s\u0142u\u017cbowej. <strong>Skontaktuj si\u0119 z nami, aby uzyska\u0107 specjaln\u0105 ofert\u0119 cenow\u0105 ju\u017c dzi\u015b!<\/strong><\/p>\n<p>Szukasz alternatyw? Przegl\u0105daj <a href=\"https:\/\/excursionsworld.com\/pl\/kemer-wycieczki\/\">Wi\u0119cej wycieczek po Kemer<\/a>.<\/p>","protected":false},"excerpt":{"rendered":"<p>Luksusowe transfery VIP i prywatne wycieczki oraz transfer na lotnisko w Antalyi, Kemer, Belek, Side i Alanyi. Niezawodna, wygodna i profesjonalna obs\u0142uga!<\/p>","protected":false},"featured_media":14121,"comment_status":"open","ping_status":"closed","template":"","meta":[],"product_brand":[],"product_cat":[],"product_tag":[105],"class_list":{"0":"post-14120","1":"product","2":"type-product","3":"status-publish","4":"has-post-thumbnail","6":"tour_phys-vip-transfer","7":"product_tag-kemer","8":"pa_kategori-vip-transfer","10":"first","11":"instock","12":"sale","13":"shipping-taxable","14":"purchasable","15":"product-type-tour_phys"},"aioseo_notices":[],"_links":{"self":[{"href":"https:\/\/excursionsworld.com\/pl\/wp-json\/wp\/v2\/product\/14120","targetHints":{"allow":["GET"]}}],"collection":[{"href":"https:\/\/excursionsworld.com\/pl\/wp-json\/wp\/v2\/product"}],"about":[{"href":"https:\/\/excursionsworld.com\/pl\/wp-json\/wp\/v2\/types\/product"}],"replies":[{"embeddable":true,"href":"https:\/\/excursionsworld.com\/pl\/wp-json\/wp\/v2\/comments?post=14120"}],"wp:featuredmedia":[{"embeddable":true,"href":"https:\/\/excursionsworld.com\/pl\/wp-json\/wp\/v2\/media\/14121"}],"wp:attachment":[{"href":"https:\/\/excursionsworld.com\/pl\/wp-json\/wp\/v2\/media?parent=14120"}],"wp:term":[{"taxonomy":"product_brand","embeddable":true,"href":"https:\/\/excursionsworld.com\/pl\/wp-json\/wp\/v2\/product_brand?post=14120"},{"taxonomy":"product_cat","embeddable":true,"href":"https:\/\/excursionsworld.com\/pl\/wp-json\/wp\/v2\/product_cat?post=14120"},{"taxonomy":"product_tag","embeddable":true,"href":"https:\/\/excursionsworld.com\/pl\/wp-json\/wp\/v2\/product_tag?post=14120"}],"curies":[{"name":"wp","href":"https:\/\/api.w.org\/{rel}","templated":true}]}}