{"id":15051,"date":"2025-10-17T21:16:50","date_gmt":"2025-10-17T18:16:50","guid":{"rendered":"https:\/\/excursionsworld.com\/?post_type=product&#038;p=15051"},"modified":"2025-11-22T19:49:06","modified_gmt":"2025-11-22T16:49:06","slug":"nocny-pokaz-land-of-legends-alanya","status":"publish","type":"product","link":"https:\/\/excursionsworld.com\/tours\/the-land-of-legends-night-show-alanya\/","title":{"rendered":"Nocny pokaz The Land of Legends z Alanyi"},"content":{"rendered":"<h3 dir=\"ltr\" data-pm-slice=\"1 1 []\"><span style=\"color: #000000;\"><strong>Przegl\u0105d<\/strong><\/span><\/h3>\n<p dir=\"ltr\">Prze\u017cyj magiczny wiecz\u00f3r w Krainie Legend z transferem z Alanyi! Ciesz si\u0119 spektakularnym pokazem fontann i laser\u00f3w, t\u0119tni\u0105c\u0105 \u017cyciem parad\u0105 \u0142odzi i spacerem wzd\u0142u\u017c bulwaru handlowego. Idealna dla wszystkich grup wiekowych, ta wycieczka trwa oko\u0142o 3-4 godzin!<\/p>\n<h3 dir=\"ltr\"><span style=\"color: #000000;\"><strong>W zestawie:<\/strong><\/span><\/h3>\n<p dir=\"ltr\"><span style=\"color: #00ff00;\"><strong>\u2713<\/strong><\/span> Odbi\u00f3r i dow\u00f3z do hotelu<br \/>\n<span style=\"color: #00ff00;\"><strong>\u2713 <\/strong><\/span>Dost\u0119p do wieczornych pokaz\u00f3w i parady \u0142odzi<br \/>\n<span style=\"color: #00ff00;\"><strong>\u2713 <\/strong><\/span>Czas wolny na bulwarze handlowym<br \/>\n<span style=\"color: #00ff00;\"><strong>\u2713 <\/strong><\/span>Ubezpieczenie podczas transfer\u00f3w<br \/>\n<span style=\"color: #00ff00;\"><strong>\u2713 <\/strong><\/span>Wygodny klimatyzowany autobus<\/p>\n<h3 dir=\"ltr\"><span style=\"color: #000000;\"><strong>Nie zawiera:<\/strong><\/span><\/h3>\n<p dir=\"ltr\"><span style=\"color: #ff0000;\"><strong>\u2717<\/strong><\/span> Jedzenie i napoje<br \/>\n<span style=\"color: #ff0000;\"><strong>\u2717 <\/strong><\/span>Wydatki osobiste (pami\u0105tki, zakupy)<br \/>\n<span style=\"color: #ff0000;\"><strong>\u2717 <\/strong><\/span>Atrakcje parku w ci\u0105gu dnia<br \/>\n<span style=\"color: #ff0000;\"><strong>\u2717 <\/strong><\/span>Us\u0142ugi prywatnego przewodnika<\/p>\n<h3 dir=\"ltr\"><span style=\"color: #000000;\"><strong>Najwa\u017cniejsze wydarzenia<\/strong><\/span><\/h3>\n<p dir=\"ltr\">\u015awiatowej klasy show z fontannami i laserami<br \/>\nParada \u0142odzi z przebranymi postaciami<br \/>\nBulwar handlowy z ponad 180 markami<br \/>\nWygodne przelewy z wielu region\u00f3w<br \/>\nUrzekaj\u0105ca atmosfera do zdj\u0119\u0107<\/p>\n<h3 dir=\"ltr\"><span style=\"color: #000000;\"><strong>Pe\u0142ny opis<\/strong><\/span><\/h3>\n<p dir=\"ltr\">Rozpocznij wiecz\u00f3r od transferu z Alanyi do Krainy Legend. Zanurz si\u0119 w hipnotyzuj\u0105cym pokazie z ol\u015bniewaj\u0105cymi fontannami, laserami i wyst\u0119pami na \u017cywo pod gwiazdami. Daj si\u0119 oczarowa\u0107 paradzie \u0142odzi, t\u0119tni\u0105cej \u017cyciem procesji wzd\u0142u\u017c kana\u0142u z przebranymi postaciami i magiczn\u0105 muzyk\u0105. Nast\u0119pnie zwied\u017a bulwar handlowy, na kt\u00f3rym znajduje si\u0119 ponad 180 butik\u00f3w i restauracji. Wr\u00f3\u0107 do hotelu z niezapomnianymi wspomnieniami z tego wyj\u0105tkowego wieczoru.<\/p>\n<h3 dir=\"ltr\"><span style=\"color: #000000;\"><strong>\ud83d\uddfa\ufe0f Plan podr\u00f3\u017cy<\/strong><\/span><\/h3>\n<p dir=\"ltr\">Odbi\u00f3r z Alanyi<br \/>\n\ud83d\udd39 Przybycie do Krainy Legend<br \/>\nDost\u0119p do pokaz\u00f3w i parady \u0142odzi<br \/>\nCzas wolny na bulwarze handlowym (~ 1-2 godziny)<br \/>\nPowr\u00f3t do hotelu<\/p>\n<h3 dir=\"ltr\"><span style=\"color: #000000;\"><strong>\u2139\ufe0f Przydatne informacje<\/strong><\/span><\/h3>\n<p dir=\"ltr\">Czas trwania: ~3-4 godziny (wycieczka wieczorna)<br \/>\nOdpowiedni dla os\u00f3b o podstawowej mobilno\u015bci<br \/>\nNiska aktywno\u015b\u0107 fizyczna<br \/>\nB\u0105d\u017a przy wej\u015bciu do hotelu 10 minut przed odbiorem.<br \/>\nKierowca czeka nie d\u0142u\u017cej ni\u017c 5 minut.<br \/>\nDzieci poni\u017cej 6. roku \u017cycia podr\u00f3\u017cuj\u0105ce bezp\u0142atnie nie maj\u0105 oddzielnego miejsca w autobusie. Je\u015bli autobus jest pe\u0142ny, siedz\u0105 na kolanach osoby doros\u0142ej lub mo\u017cna zarezerwowa\u0107 osobne miejsce.<\/p>\n<h3 dir=\"ltr\"><span style=\"color: #000000;\"><strong>Co zabra\u0107 ze sob\u0105<\/strong><\/span><\/h3>\n<p dir=\"ltr\">Got\u00f3wka na wydatki<br \/>\nWygodne buty do chodzenia<br \/>\nOdzie\u017c dostosowana do warunk\u00f3w pogodowych<br \/>\nTelefon lub aparat fotograficzny do zdj\u0119\u0107<\/p>\n<h3 dir=\"ltr\"><span style=\"color: #000000;\"><strong>Nieodpowiednie dla<\/strong><\/span><\/h3>\n<p dir=\"ltr\">Go\u015bcie w wieku powy\u017cej 95 lat<\/p>\n<h3 dir=\"ltr\">\ud83d\udcb8\u00a0<strong>Cena i rezerwacja<\/strong><\/h3>\n<p dir=\"ltr\"><strong>Zarezerwuj teraz, zap\u0142a\u0107 w dniu wycieczki<\/strong><br \/>\nSkontaktuj si\u0119 z nami przez WhatsApp, Telegram, Viber lub wype\u0142nij poni\u017cszy formularz rezerwacji. \ud83d\udc47\ud83c\udffc<\/p>","protected":false},"excerpt":{"rendered":"<p>Zarezerwuj <b>Nocny pokaz Krainy Legend<\/b> z <strong>Alanya<\/strong>! Ciesz si\u0119 niesamowitym <b>fontanny<\/b>, <b>lasery<\/b>, \u0142\u00f3d\u017a <b>parada<\/b>, i zakupy. Niezapomniany wiecz\u00f3r <b>wycieczka\/transfer<\/b> w zestawie.<\/p>","protected":false},"featured_media":12777,"comment_status":"open","ping_status":"closed","template":"","meta":[],"product_brand":[],"product_cat":[128],"product_tag":[111],"class_list":{"0":"post-15051","1":"product","2":"type-product","3":"status-publish","4":"has-post-thumbnail","6":"tour_phys-alanya-tours","7":"product_cat-alanya-tours","8":"product_tag-alanya","9":"pa_destination-alanya-tours","11":"first","12":"instock","13":"sale","14":"shipping-taxable","15":"purchasable","16":"product-type-tour_phys"},"aioseo_notices":[],"_links":{"self":[{"href":"https:\/\/excursionsworld.com\/pl\/wp-json\/wp\/v2\/product\/15051","targetHints":{"allow":["GET"]}}],"collection":[{"href":"https:\/\/excursionsworld.com\/pl\/wp-json\/wp\/v2\/product"}],"about":[{"href":"https:\/\/excursionsworld.com\/pl\/wp-json\/wp\/v2\/types\/product"}],"replies":[{"embeddable":true,"href":"https:\/\/excursionsworld.com\/pl\/wp-json\/wp\/v2\/comments?post=15051"}],"wp:featuredmedia":[{"embeddable":true,"href":"https:\/\/excursionsworld.com\/pl\/wp-json\/wp\/v2\/media\/12777"}],"wp:attachment":[{"href":"https:\/\/excursionsworld.com\/pl\/wp-json\/wp\/v2\/media?parent=15051"}],"wp:term":[{"taxonomy":"product_brand","embeddable":true,"href":"https:\/\/excursionsworld.com\/pl\/wp-json\/wp\/v2\/product_brand?post=15051"},{"taxonomy":"product_cat","embeddable":true,"href":"https:\/\/excursionsworld.com\/pl\/wp-json\/wp\/v2\/product_cat?post=15051"},{"taxonomy":"product_tag","embeddable":true,"href":"https:\/\/excursionsworld.com\/pl\/wp-json\/wp\/v2\/product_tag?post=15051"}],"curies":[{"name":"wp","href":"https:\/\/api.w.org\/{rel}","templated":true}]}}