{"id":15055,"date":"2025-10-17T21:40:48","date_gmt":"2025-10-17T18:40:48","guid":{"rendered":"https:\/\/excursionsworld.com\/?post_type=product&#038;p=15055"},"modified":"2025-11-22T19:47:24","modified_gmt":"2025-11-22T16:47:24","slug":"wycieczka-land-of-legends-alanya","status":"publish","type":"product","link":"https:\/\/excursionsworld.com\/tours\/the-land-of-legends-theme-park-alanya\/","title":{"rendered":"Wycieczka do The Land of Legends z Alanyi \u2013 Park rozrywki"},"content":{"rendered":"<h3 dir=\"ltr\" data-pm-slice=\"1 1 []\"><span style=\"color: #000000;\"><strong>Przegl\u0105d<\/strong><\/span><\/h3>\n<p dir=\"ltr\">Zanurz si\u0119 w dzie\u0144 pe\u0142en wra\u017ce\u0144 w The Land of Legends w Belek z transferami z Alanyi i okolic! Ciesz si\u0119 osza\u0142amiaj\u0105cymi zje\u017cd\u017calniami, zrelaksuj si\u0119 w parku wodnym i spotkaj postacie w Nickelodeon Land. Idealna dla rodzin i mi\u0142o\u015bnik\u00f3w adrenaliny, ta wycieczka trwa oko\u0142o 7-8 godzin.<\/p>\n<h3 dir=\"ltr\"><span style=\"color: #000000;\"><strong>W zestawie:<\/strong><\/span><\/h3>\n<p dir=\"ltr\"><span style=\"color: #00ff00;\"><strong>\u2713<\/strong> <\/span>Odbi\u00f3r i dow\u00f3z do hotelu<br \/>\n<span style=\"color: #00ff00;\"><strong>\u2713<\/strong> <\/span>Bilet wst\u0119pu do Krainy Legend<br \/>\n<span style=\"color: #00ff00;\"><strong>\u2713<\/strong> <\/span>Ubezpieczenie podczas transfer\u00f3w<br \/>\n<span style=\"color: #00ff00;\"><strong>\u2713<\/strong> <\/span>Wygodny klimatyzowany autobus<\/p>\n<h3 dir=\"ltr\"><span style=\"color: #000000;\"><strong>Nie zawiera:<\/strong><\/span><\/h3>\n<p dir=\"ltr\"><strong><span style=\"color: #ff0000;\">\u2717<\/span><\/strong> Jedzenie i napoje<br \/>\n<strong><span style=\"color: #ff0000;\">\u2717 <\/span><\/strong>Zdj\u0119cia i filmy<br \/>\n<strong><span style=\"color: #ff0000;\">\u2717 <\/span><\/strong>Atrakcje premium (np. p\u0142ywanie z delfinami)<br \/>\n<strong><span style=\"color: #ff0000;\">\u2717 <\/span><\/strong>Wydatki osobiste<\/p>\n<h3 dir=\"ltr\"><span style=\"color: #000000;\"><strong>Najwa\u017cniejsze wydarzenia<\/strong><\/span><\/h3>\n<p dir=\"ltr\">Ekscytuj\u0105ce zje\u017cd\u017calnie, w tym 62-metrowy Hyper Coaster<br \/>\n43-metrowy Typhoon Coaster i ponad 40 zje\u017cd\u017calni wodnych<br \/>\nKraina Nickelodeon ze SpongeBobem i Pawiem Patrolem<br \/>\nRozleg\u0142y park wodny z basenami<br \/>\nAnimacje i atrakcja w postaci rakiety kosmicznej<\/p>\n<h3 dir=\"ltr\"><span style=\"color: #000000;\"><strong>Pe\u0142ny opis<\/strong><\/span><\/h3>\n<p dir=\"ltr\">Rozpocznij dzie\u0144 od wygodnego transferu z Alanyi lub pobliskich obszar\u00f3w do Krainy Legend w Belek. Szybuj na 62-metrowej kolejce Hyper Coaster lub zanurz si\u0119 w basenie z 43-metrowej kolejki Typhoon Coaster. Odkryj ponad 40 zje\u017cd\u017calni wodnych lub zrelaksuj si\u0119 w basenach parku wodnego. Zar\u00f3wno dzieci, jak i doro\u015bli pokochaj\u0105 Nickelodeon Land z postaciami SpongeBoba i Paw Patrol. Od podnosz\u0105cych poziom adrenaliny przeja\u017cd\u017cek po zabawne animacje, ten park ma wszystko. Po dniu pe\u0142nym wra\u017ce\u0144 wr\u00f3\u0107 do hotelu z niezapomnianymi wspomnieniami.<\/p>\n<h3 dir=\"ltr\"><span style=\"color: #000000;\"><strong>\ud83d\uddfa\ufe0f Plan podr\u00f3\u017cy<\/strong><\/span><\/h3>\n<p dir=\"ltr\">Odbi\u00f3r z Alanyi i okolic<br \/>\n\ud83d\udd39 Przyjazd do Krainy Legend w Belek<br \/>\nCzas wolny na atrakcje, park wodny i Nickelodeon Land (~5-6 godzin)<br \/>\nPowr\u00f3t do hotelu<\/p>\n<h3 dir=\"ltr\"><span style=\"color: #000000;\"><strong>\u2139\ufe0f Przydatne informacje<\/strong><\/span><\/h3>\n<p dir=\"ltr\">Czas trwania: ~7-8 godzin (wycieczka ca\u0142odniowa)<br \/>\nOdpowiedni dla os\u00f3b o podstawowej mobilno\u015bci<br \/>\nUmiarkowana aktywno\u015b\u0107 fizyczna<br \/>\nVoucher nale\u017cy wymieni\u0107 w kasie biletowej.<br \/>\nGodziny pracy mog\u0105 si\u0119 r\u00f3\u017cni\u0107<br \/>\nDzieci poni\u017cej 6. roku \u017cycia podr\u00f3\u017cuj\u0105ce bezp\u0142atnie nie maj\u0105 oddzielnego miejsca w autobusie. Je\u015bli autobus jest pe\u0142ny, siedz\u0105 na kolanach osoby doros\u0142ej lub mo\u017cna zarezerwowa\u0107 osobne miejsce.<\/p>\n<h3 dir=\"ltr\"><span style=\"color: #000000;\"><strong>Nieodpowiednie dla<\/strong><\/span><\/h3>\n<p dir=\"ltr\">Kobiety w ci\u0105\u017cy<\/p>\n<h3 dir=\"ltr\"><span style=\"color: #000000;\"><strong>Co zabra\u0107 ze sob\u0105<\/strong><\/span><\/h3>\n<p dir=\"ltr\">Str\u00f3j k\u0105pielowy i r\u0119cznik<br \/>\nButy do wody<br \/>\nGot\u00f3wka na wydatki<\/p>\n<h3 dir=\"ltr\"><span style=\"color: #000000;\"><strong>Nieodpowiednie dla<\/strong><\/span><\/h3>\n<p dir=\"ltr\">Kobiety w ci\u0105\u017cy<\/p>\n<h3 dir=\"ltr\">\ud83d\udcb8\u00a0<strong>Cena i rezerwacja<\/strong><\/h3>\n<p dir=\"ltr\"><strong>Zarezerwuj teraz, zap\u0142a\u0107 w dniu wycieczki<\/strong><br \/>\nSkontaktuj si\u0119 z nami przez WhatsApp, Telegram, Viber lub wype\u0142nij poni\u017cszy formularz rezerwacji. \ud83d\udc47\ud83c\udffc<\/p>","protected":false},"excerpt":{"rendered":"<p>Wycieczka do parku rozrywki The Land of Legends z Alanyi! Najwi\u0119kszy park wodny w Turcji Ekscytuj\u0105ce zje\u017cd\u017calnie, Nickelodeon Land, baseny i rodzinna zabawa z transferem do hotelu w cenie.<\/p>","protected":false},"featured_media":12791,"comment_status":"open","ping_status":"closed","template":"","meta":[],"product_brand":[],"product_cat":[128],"product_tag":[111],"class_list":{"0":"post-15055","1":"product","2":"type-product","3":"status-publish","4":"has-post-thumbnail","6":"tour_phys-alanya-tours","7":"product_cat-alanya-tours","8":"product_tag-alanya","9":"pa_destination-alanya-tours","11":"first","12":"instock","13":"sale","14":"shipping-taxable","15":"purchasable","16":"product-type-tour_phys"},"aioseo_notices":[],"_links":{"self":[{"href":"https:\/\/excursionsworld.com\/pl\/wp-json\/wp\/v2\/product\/15055","targetHints":{"allow":["GET"]}}],"collection":[{"href":"https:\/\/excursionsworld.com\/pl\/wp-json\/wp\/v2\/product"}],"about":[{"href":"https:\/\/excursionsworld.com\/pl\/wp-json\/wp\/v2\/types\/product"}],"replies":[{"embeddable":true,"href":"https:\/\/excursionsworld.com\/pl\/wp-json\/wp\/v2\/comments?post=15055"}],"wp:featuredmedia":[{"embeddable":true,"href":"https:\/\/excursionsworld.com\/pl\/wp-json\/wp\/v2\/media\/12791"}],"wp:attachment":[{"href":"https:\/\/excursionsworld.com\/pl\/wp-json\/wp\/v2\/media?parent=15055"}],"wp:term":[{"taxonomy":"product_brand","embeddable":true,"href":"https:\/\/excursionsworld.com\/pl\/wp-json\/wp\/v2\/product_brand?post=15055"},{"taxonomy":"product_cat","embeddable":true,"href":"https:\/\/excursionsworld.com\/pl\/wp-json\/wp\/v2\/product_cat?post=15055"},{"taxonomy":"product_tag","embeddable":true,"href":"https:\/\/excursionsworld.com\/pl\/wp-json\/wp\/v2\/product_tag?post=15055"}],"curies":[{"name":"wp","href":"https:\/\/api.w.org\/{rel}","templated":true}]}}