{"id":15095,"date":"2025-10-19T00:42:26","date_gmt":"2025-10-18T21:42:26","guid":{"rendered":"https:\/\/excursionsworld.com\/?post_type=product&#038;p=15095"},"modified":"2026-04-24T01:26:55","modified_gmt":"2026-04-23T22:26:55","slug":"alanya-tureckie-laznie-hamam","status":"publish","type":"product","link":"https:\/\/excursionsworld.com\/tours\/alanya-turkish-bath-hamam\/","title":{"rendered":"Alanya: Tureckie \u0142a\u017anie \u2013 Autentyczne do\u015bwiadczenie hamamu"},"content":{"rendered":"<h2><span style=\"color: #000000;\"><strong>\ud83c\udfdd\ufe0f Przegl\u0105d<\/strong><\/span><\/h2>\n<p>Do\u015bwiadcz prawdziwego relaksu dzi\u0119ki <strong><a href=\"https:\/\/en.wikipedia.org\/wiki\/Alanya\" target=\"_blank\" rel=\"noopener\">Alanya<\/a> \u0141a\u017ania Turecka \u2013 Do\u015bwiadczenie Hamamu i Spa<\/strong> - wielowiekowy rytua\u0142 odnowy biologicznej maj\u0105cy na celu oczyszczenie sk\u00f3ry, od\u015bwie\u017cenie cia\u0142a i uspokojenie umys\u0142u. Ta tradycyjna sesja w \u0142a\u017ani tureckiej, idealna na pocz\u0105tek wakacji, pomaga przygotowa\u0107 sk\u00f3r\u0119 do trwa\u0142ej opalenizny i pozostawia j\u0105 g\u0142\u0119boko odm\u0142odzon\u0105.<\/p>\n<h3>\u00a0<span style=\"color: #000000;\"><strong>W zestawie:<\/strong><\/span><\/h3>\n<p><span style=\"color: #00ff00;\"><strong>\u2713<\/strong><\/span> Odbi\u00f3r i dow\u00f3z do hotelu w Alanyi<br \/>\n<span style=\"color: #00ff00;\"><strong>\u2713 <\/strong><\/span>Dost\u0119p do sauny, \u0142a\u017ani parowej i \u0142a\u017ani solnej<br \/>\n<span style=\"color: #00ff00;\"><strong>\u2713 <\/strong><\/span>30-minutowy peeling i masa\u017c pian\u0105<br \/>\n<span style=\"color: #00ff00;\"><strong>\u2713 <\/strong><\/span>20-minutowy relaksuj\u0105cy masa\u017c olejkiem<br \/>\n<span style=\"color: #00ff00;\"><strong>\u2713 <\/strong><\/span>Maseczka na twarz i masa\u017c twarzy<br \/>\n<span style=\"color: #00ff00;\"><strong>\u2713 <\/strong><\/span>R\u0119czniki, kapcie, myd\u0142o i pestemal (kamizelka)<br \/>\n<span style=\"color: #00ff00;\"><strong>\u2713 <\/strong><\/span>Serwis do herbaty lub herbaty jab\u0142kowej<br \/>\n<span style=\"color: #00ff00;\"><strong>\u2713 <\/strong><\/span>Pe\u0142ne ubezpieczenie<\/p>\n<h3>\u00a0<span style=\"color: #000000;\"><strong>Nie zawiera:<\/strong><\/span><\/h3>\n<p><span style=\"color: #ff0000;\"><strong>\u2717<\/strong><\/span> Wydatki osobiste (napoje, napiwki itp.)<br \/>\n<span style=\"color: #ff0000;\"><strong>\u2717 <\/strong><\/span>Dodatkowe zabiegi (opcjonalnie)<br \/>\n<span style=\"color: #ff0000;\"><strong>\u2717 <\/strong><\/span>Zdj\u0119cia lub filmy (dost\u0119pne do zakupu)<\/p>\n<h2><span style=\"color: #000000;\"><strong>Najwa\u017cniejsze atrakcje wycieczki<\/strong><\/span><\/h2>\n<p>Tradycyjna turecka \u0142a\u017ania turecka w Alanyi<br \/>\nDetoksykacja poprzez sesje w saunie, \u0142a\u017ani parowej i solnej.<br \/>\nPeeling ca\u0142ego cia\u0142a i masa\u017c pian\u0105 na podgrzewanym marmurowym kamieniu<br \/>\nRelaksuj\u0105cy masa\u017c olejkami i od\u015bwie\u017caj\u0105cy zabieg na twarz<br \/>\nBezp\u0142atna herbata turecka lub jab\u0142kowa<br \/>\nCzysty, higieniczny i profesjonalny obiekt spa<\/p>\n<h2><span style=\"color: #000000;\"><strong>Pe\u0142ny opis<\/strong><\/span><\/h2>\n<p>Do\u015bwiadczenie \u0142a\u017ani tureckiej rozpoczyna si\u0119 od wygodnego odbioru z hotelu w Alanyi i okolicach. Po przybyciu do wysokiej jako\u015bci centrum odnowy biologicznej zostaniesz powitany przez przyjazny personel i wyposa\u017cony w r\u0119czniki, kapcie, myd\u0142o i tradycyjny pestemal (kamizelk\u0119). Rozpocznij leczenie od sesji w <strong>sauna<\/strong>, <strong>\u0142a\u017ania parowa<\/strong>, oraz <strong>pomieszczenie solne<\/strong> - idealny do oczyszczania por\u00f3w i rozlu\u017aniania mi\u0119\u015bni. Nast\u0119pnie przejd\u017a do <strong>g\u0142\u00f3wny obszar hamamu<\/strong>, gdzie b\u0119dziesz cieszy\u0107 si\u0119 <strong>30-minutowy peeling i masa\u017c pian\u0105<\/strong> wykonywany na podgrzewanej marmurowej platformie, usuwa martwy nask\u00f3rek i pozostawia cia\u0142o jedwabi\u015bcie g\u0142adkie. Po kr\u00f3tkiej przerwie relaksacyjnej z <strong>herbata lub herbata jab\u0142kowa<\/strong>, kontynuowa\u0107 z <strong>20-minutowy masa\u017c olejkami aromatycznymi<\/strong> aby z\u0142agodzi\u0107 napi\u0119cie mi\u0119\u015bni i promowa\u0107 relaks ca\u0142ego cia\u0142a. Sesja ko\u0144czy si\u0119 <strong>maseczka na twarz i delikatny masa\u017c twarzy<\/strong>, pozostawiaj\u0105c sk\u00f3r\u0119 promienn\u0105 i od\u015bwie\u017con\u0105. Na koniec mo\u017cna zrelaksowa\u0107 si\u0119 w salonie, a nast\u0119pnie wygodnie wr\u00f3ci\u0107 do hotelu - czuj\u0105c si\u0119 odnowionym, zrelaksowanym i promiennym.<\/p>\n<h3><span style=\"color: #000000;\"><strong>\ud83d\uddfa\ufe0f Plan podr\u00f3\u017cy<\/strong><\/span><\/h3>\n<p>Odbi\u00f3r z hoteli w Alanyi i okolicach<br \/>\n\ud83d\udd39 Przyjazd i powitanie w centrum spa<br \/>\nSesje w saunie, \u0142a\u017ani parowej i \u0142a\u017ani solnej<br \/>\nPeeling i masa\u017c pian\u0105 na marmurowej platformie<br \/>\nPrzerwa na herbat\u0119 lub herbat\u0119 jab\u0142kow\u0105<br \/>\nRelaksuj\u0105cy masa\u017c olejkami i maseczka na twarz<br \/>\nOdwiezienie z powrotem do hotelu<\/p>\n<h3><span style=\"color: #000000;\"><strong>\u2139\ufe0f Przydatne informacje<\/strong><\/span><\/h3>\n<p>Czas trwania: Oko\u0142o 2-3 godzin (w tym transfery)<br \/>\nOdpowiedni dla wszystkich grup wiekowych (dzieciom nale\u017cy towarzyszy\u0107)<br \/>\nNie jest wymagane do\u015bwiadczenie<br \/>\nZapewnione r\u0119czniki, myd\u0142o i kapcie<br \/>\nPrywatne gabinety masa\u017cu dost\u0119pne na \u017cyczenie<\/p>\n<h2><span style=\"color: #000000;\"><strong>Co zabra\u0107 ze sob\u0105<\/strong><\/span><\/h2>\n<p>Str\u00f3j k\u0105pielowy lub bikini<br \/>\nSzampon do w\u0142os\u00f3w<br \/>\nZapasowe ubrania (opcjonalnie)<\/p>\n<h3><span style=\"color: #000000;\"><strong>Nieodpowiednie dla<\/strong><\/span><\/h3>\n<p>Kobiety w ci\u0105\u017cy<br \/>\nGo\u015bcie z astm\u0105 lub powa\u017cnymi problemami z oddychaniem<br \/>\nOsoby z otwartymi ranami lub infekcjami sk\u00f3ry<\/p>\n<h2 dir=\"ltr\">\ud83d\udcb8\u00a0<strong>Cena i rezerwacja<\/strong><\/h2>\n<p dir=\"ltr\"><strong>Zarezerwuj teraz, zap\u0142a\u0107 w dniu wycieczki<\/strong><br \/>\nSkontaktuj si\u0119 z nami przez WhatsApp, Telegram, Viber lub wype\u0142nij poni\u017cszy formularz rezerwacji. \ud83d\udc47\ud83c\udffc<\/p>\n<p>Szukasz alternatyw? Przegl\u0105daj <a href=\"https:\/\/excursionsworld.com\/pl\/alanya-wycieczki\/\">wi\u0119cej wycieczek po Alanii<\/a>.<\/p>","protected":false},"excerpt":{"rendered":"<p data-start=\"3442\" data-end=\"3600\">Do\u015bwiadczenie <b>\u0141a\u017ania turecka i spa w Alanyi<\/b>! Ciesz si\u0119 tradycyjnym <b>Hamam<\/b> rytua\u0142 z peelingiem, <b>masa\u017c piankowy<\/b>, sauna i olej <b>relaks<\/b>. <b>Transfer wliczony w cen\u0119<\/b>. Zacznij wakacje od nowa!<\/p>","protected":false},"featured_media":12688,"comment_status":"open","ping_status":"closed","template":"","meta":[],"product_brand":[],"product_cat":[128],"product_tag":[111],"class_list":{"0":"post-15095","1":"product","2":"type-product","3":"status-publish","4":"has-post-thumbnail","6":"tour_phys-alanya-tours","7":"product_cat-alanya-tours","8":"product_tag-alanya","9":"pa_destination-alanya-tours","11":"first","12":"instock","13":"sale","14":"shipping-taxable","15":"purchasable","16":"product-type-tour_phys"},"aioseo_notices":[],"_links":{"self":[{"href":"https:\/\/excursionsworld.com\/pl\/wp-json\/wp\/v2\/product\/15095","targetHints":{"allow":["GET"]}}],"collection":[{"href":"https:\/\/excursionsworld.com\/pl\/wp-json\/wp\/v2\/product"}],"about":[{"href":"https:\/\/excursionsworld.com\/pl\/wp-json\/wp\/v2\/types\/product"}],"replies":[{"embeddable":true,"href":"https:\/\/excursionsworld.com\/pl\/wp-json\/wp\/v2\/comments?post=15095"}],"wp:featuredmedia":[{"embeddable":true,"href":"https:\/\/excursionsworld.com\/pl\/wp-json\/wp\/v2\/media\/12688"}],"wp:attachment":[{"href":"https:\/\/excursionsworld.com\/pl\/wp-json\/wp\/v2\/media?parent=15095"}],"wp:term":[{"taxonomy":"product_brand","embeddable":true,"href":"https:\/\/excursionsworld.com\/pl\/wp-json\/wp\/v2\/product_brand?post=15095"},{"taxonomy":"product_cat","embeddable":true,"href":"https:\/\/excursionsworld.com\/pl\/wp-json\/wp\/v2\/product_cat?post=15095"},{"taxonomy":"product_tag","embeddable":true,"href":"https:\/\/excursionsworld.com\/pl\/wp-json\/wp\/v2\/product_tag?post=15095"}],"curies":[{"name":"wp","href":"https:\/\/api.w.org\/{rel}","templated":true}]}}