{"id":15105,"date":"2025-10-19T19:02:18","date_gmt":"2025-10-19T16:02:18","guid":{"rendered":"https:\/\/excursionsworld.com\/?post_type=product&#038;p=15105"},"modified":"2026-04-24T01:26:55","modified_gmt":"2026-04-23T22:26:55","slug":"alanya-paralotnia-tandem","status":"publish","type":"product","link":"https:\/\/excursionsworld.com\/tours\/alanya-paragliding-tandem-flight\/","title":{"rendered":"Alanya: Lot paralotniowy tandem \u2013 Nad pla\u017c\u0105 Kleopatry"},"content":{"rendered":"<h2><strong>\ud83c\udfdd\ufe0f Przegl\u0105d<\/strong><\/h2>\n<p>Poczuj dreszcz emocji podczas paralotniarstwa nad zachwycaj\u0105c\u0105 pla\u017c\u0105 Kleopatry w <a href=\"https:\/\/en.wikipedia.org\/wiki\/Alanya\" target=\"_blank\" rel=\"noopener\">Alanya<\/a>Wznie\u015b si\u0119 z Wzg\u00f3rza Yass\u0131 Tepe (700 m n.p.m.) i szybuj z zapieraj\u0105cymi dech w piersiach widokami na Zamek w Alanyi, g\u00f3ry Taurus i turkusowe Morze \u015ar\u00f3dziemne. Nie jest wymagane \u017cadne do\u015bwiadczenie \u2014 Tw\u00f3j licencjonowany pilot zajmie si\u0119 wszystkim, podczas gdy Ty b\u0119dziesz cieszy\u0107 si\u0119 wolno\u015bci\u0105 lotu!<\/p>\n<h3><strong>W zestawie:<\/strong><\/h3>\n<p><span style=\"color: #00ff00;\"><strong>\u2713<\/strong><\/span> Odbi\u00f3r i dow\u00f3z do hotelu<br \/>\n<span style=\"color: #00ff00;\"><strong>\u2713 <\/strong><\/span>Licencjonowany profesjonalny pilot i instruktor<br \/>\n<span style=\"color: #00ff00;\"><strong>\u2713 <\/strong><\/span>Pe\u0142na ochrona ubezpieczeniowa<br \/>\n<span style=\"color: #00ff00;\"><strong>\u2713 <\/strong><\/span>Ca\u0142y sprz\u0119t lotniczy i zabezpieczaj\u0105cy<br \/>\n<span style=\"color: #00ff00;\"><strong>\u2713 <\/strong><\/span>Transfer 4\u00d74 do punktu startu<br \/>\n<span style=\"color: #00ff00;\"><strong>\u2713 <\/strong><\/span>Op\u0142ata za wst\u0119p do strefy startowej<\/p>\n<h3><strong>Nie zawiera:<\/strong><\/h3>\n<p><strong><span style=\"color: #ff0000;\">\u2717<\/span><\/strong> Wydatki osobiste<br \/>\n<strong><span style=\"color: #ff0000;\">\u2717 <\/span><\/strong>Profesjonalne zdj\u0119cia i filmy<br \/>\n<strong><span style=\"color: #ff0000;\">\u2717 <\/span><\/strong>\u017b\u0105danie pilota p\u0142ci \u017ce\u0144skiej (+15 EUR dop\u0142aty)<\/p>\n<h2>\ud83c\udf1f <strong>Najwa\u017cniejsze informacje o wycieczce<\/strong><\/h2>\n<p>Paralotniarstwo w tandemie nad pla\u017c\u0105 Kleopatry<br \/>\nSpektakularne widoki na zamek i wybrze\u017ce Alanyi<br \/>\nP\u0142ynny start z 700-metrowego wzg\u00f3rza Yass\u0131 Tepe<br \/>\nBezpieczne l\u0105dowanie na pla\u017cy z profesjonalnym pilotem<br \/>\nOdpowiedni dla pocz\u0105tkuj\u0105cych - bez wcze\u015bniejszego do\u015bwiadczenia<\/p>\n<h2><strong>Pe\u0142ny opis<\/strong><\/h2>\n<p>Przygoda rozpoczyna si\u0119 od odbioru z hotelu w Alanyi i okolicach. Po kr\u00f3tkiej przeja\u017cd\u017cce 4\u00d74 na wzg\u00f3rze Yass\u0131 Tepe, instruktor przeprowadzi szybk\u0105 odpraw\u0119 bezpiecze\u0144stwa i przygotuje sprz\u0119t. Wystarczy kilka krok\u00f3w, aby wystartowa\u0107 i wznie\u015b\u0107 si\u0119 jak ptak nad osza\u0142amiaj\u0105cym wybrze\u017cem Alanyi. Ciesz si\u0119 15-20-minutowym lotem z panoramicznym widokiem na pla\u017c\u0119 Kleopatry i zamek w Alanyi. Po mi\u0119kkim wyl\u0105dowaniu na pla\u017cy mo\u017cesz sprawdzi\u0107 opcjonalne zdj\u0119cia lub filmy z lotu, a nast\u0119pnie wr\u00f3ci\u0107 do hotelu z niezapomnianymi wspomnieniami.<\/p>\n<h3><strong>\ud83d\uddfa\ufe0f Plan podr\u00f3\u017cy<\/strong><\/h3>\n<p>Odbi\u00f3r z hoteli w Alanyi<br \/>\n\ud83d\udd39 Przyjazd do stacji paralotniowej<br \/>\nTransfer jeepem na wzg\u00f3rze Yass\u0131 Tepe (700 m)<br \/>\nOdprawa bezpiecze\u0144stwa i przygotowanie do lotu<br \/>\nLot w tandemie (15-20 minut)<br \/>\nL\u0105dowanie na pla\u017cy Kleopatry<br \/>\nTransfer powrotny do hotelu<\/p>\n<h3><strong>\u2139\ufe0f Przydatne informacje<\/strong><\/h3>\n<p>Czas trwania: ok. 2-3 godziny (w tym transfery)<br \/>\nCzas lotu: 15-20 minut (w zale\u017cno\u015bci od pogody)<br \/>\nDost\u0119pne codziennie od 09:00 do 17:00<br \/>\nDzia\u0142a przez ca\u0142y rok (w zale\u017cno\u015bci od pogody)<br \/>\nZalecane: wygodna odzie\u017c i obuwie sportowe<br \/>\nPrzynie\u015b\u0107: okulary przeciws\u0142oneczne i wod\u0119<\/p>\n<h2>\ud83c\udf92 <strong>Co zabra\u0107 ze sob\u0105<\/strong><\/h2>\n<p>Wygodna odzie\u017c (szorty \/ spodnie)<br \/>\nButy sportowe<br \/>\nOkulary przeciws\u0142oneczne<br \/>\nGot\u00f3wka na zdj\u0119cia lub wydatki osobiste<\/p>\n<h3>\ud83d\udeab <strong>Nieodpowiednie dla<\/strong><\/h3>\n<p>Go\u015bcie pod wp\u0142ywem alkoholu lub narkotyk\u00f3w<br \/>\nOsoby z powa\u017cnymi chorobami serca lub kr\u0119gos\u0142upa<\/p>\n<h2 dir=\"ltr\">\ud83d\udcb8\u00a0<strong>Cena i rezerwacja<\/strong><\/h2>\n<p dir=\"ltr\"><strong>Zarezerwuj teraz, zap\u0142a\u0107 w dniu wycieczki<\/strong><br \/>\nSkontaktuj si\u0119 z nami przez WhatsApp, Telegram, Viber lub wype\u0142nij poni\u017cszy formularz rezerwacji. \ud83d\udc47\ud83c\udffc<\/p>\n<p>Szukasz alternatyw? Przegl\u0105daj <a href=\"https:\/\/excursionsworld.com\/pl\/alanya-wycieczki\/\">wi\u0119cej wycieczek po Alanii<\/a>.<\/p>","protected":false},"excerpt":{"rendered":"<p>Zarezerwuj <b>Lot paralotni\u0105 w tandemie w Alanyi<\/b>! Wznie\u015b si\u0119 ponad <b>Pla\u017ca Kleopatry<\/b> od 700 m. <b>Adrenalina<\/b> po\u015bpiech i wspania\u0142e widoki. <b>Transfer wliczony w cen\u0119<\/b>, do\u015bwiadczenie nie jest wymagane.<\/p>","protected":false},"featured_media":15128,"comment_status":"open","ping_status":"closed","template":"","meta":[],"product_brand":[],"product_cat":[128],"product_tag":[111],"class_list":{"0":"post-15105","1":"product","2":"type-product","3":"status-publish","4":"has-post-thumbnail","6":"tour_phys-alanya-tours","7":"product_cat-alanya-tours","8":"product_tag-alanya","9":"pa_destination-alanya-tours","11":"first","12":"instock","13":"sale","14":"shipping-taxable","15":"purchasable","16":"product-type-tour_phys"},"aioseo_notices":[],"_links":{"self":[{"href":"https:\/\/excursionsworld.com\/pl\/wp-json\/wp\/v2\/product\/15105","targetHints":{"allow":["GET"]}}],"collection":[{"href":"https:\/\/excursionsworld.com\/pl\/wp-json\/wp\/v2\/product"}],"about":[{"href":"https:\/\/excursionsworld.com\/pl\/wp-json\/wp\/v2\/types\/product"}],"replies":[{"embeddable":true,"href":"https:\/\/excursionsworld.com\/pl\/wp-json\/wp\/v2\/comments?post=15105"}],"wp:featuredmedia":[{"embeddable":true,"href":"https:\/\/excursionsworld.com\/pl\/wp-json\/wp\/v2\/media\/15128"}],"wp:attachment":[{"href":"https:\/\/excursionsworld.com\/pl\/wp-json\/wp\/v2\/media?parent=15105"}],"wp:term":[{"taxonomy":"product_brand","embeddable":true,"href":"https:\/\/excursionsworld.com\/pl\/wp-json\/wp\/v2\/product_brand?post=15105"},{"taxonomy":"product_cat","embeddable":true,"href":"https:\/\/excursionsworld.com\/pl\/wp-json\/wp\/v2\/product_cat?post=15105"},{"taxonomy":"product_tag","embeddable":true,"href":"https:\/\/excursionsworld.com\/pl\/wp-json\/wp\/v2\/product_tag?post=15105"}],"curies":[{"name":"wp","href":"https:\/\/api.w.org\/{rel}","templated":true}]}}