{"id":15116,"date":"2025-10-19T19:39:23","date_gmt":"2025-10-19T16:39:23","guid":{"rendered":"https:\/\/excursionsworld.com\/?post_type=product&#038;p=15116"},"modified":"2026-04-24T01:26:55","modified_gmt":"2026-04-23T22:26:55","slug":"pokaz-delfinow-plywanie-alanya","status":"publish","type":"product","link":"https:\/\/excursionsworld.com\/tours\/dolphin-show-swim-alanya\/","title":{"rendered":"Alanya: Pokaz delfin\u00f3w &amp; P\u0142ywanie z delfinami \u2013 Dla rodzin"},"content":{"rendered":"<h2><strong>\ud83c\udfdd\ufe0f<span style=\"color: #000000;\"> Przegl\u0105d<\/span><\/strong><\/h2>\n<p>Ciesz si\u0119 niezapomnianym dniem w <strong>Sealanya Dolphinpark<\/strong>, jeden z najwi\u0119kszych park\u00f3w morskich w Europie! Obejrzyj urzekaj\u0105ce <strong>Pokaz delfin\u00f3w i lw\u00f3w morskich<\/strong>, i je\u015bli chcesz, skorzystaj z okazji, aby <strong>p\u0142ywa\u0107 z delfinami<\/strong> dla prawdziwie magicznego do\u015bwiadczenia. Idealny dla rodzin, par i dzieci - ta wycieczka z <a href=\"https:\/\/en.wikipedia.org\/wiki\/Alanya\" target=\"_blank\" rel=\"noopener\">Alanya<\/a> gwarantuje zabaw\u0119, \u015bmiech i wspomnienia na ca\u0142e \u017cycie.<\/p>\n<h3><span style=\"color: #000000;\"><strong>W zestawie:<\/strong><\/span><\/h3>\n<p><strong><span style=\"color: #00ff00;\">\u2713<\/span><\/strong> Odbi\u00f3r i dow\u00f3z do hotelu<br \/>\n<strong><span style=\"color: #00ff00;\">\u2713 <\/span><\/strong>Bilet wst\u0119pu na pokaz delfin\u00f3w i lw\u00f3w morskich<br \/>\n<strong><span style=\"color: #00ff00;\">\u2713 <\/span><\/strong>Profesjonalny przewodnik i pomoc pracownik\u00f3w parku<br \/>\n<strong><span style=\"color: #00ff00;\">\u2713 <\/span><\/strong>Pe\u0142na ochrona ubezpieczeniowa<\/p>\n<h3><strong>\u00a0<span style=\"color: #000000;\">Nie zawiera:<\/span><\/strong><\/h3>\n<p><span style=\"color: #ff0000;\"><strong>\u2717<\/strong><\/span> P\u0142ywanie z delfinami (opcja dodatkowa)<br \/>\n<span style=\"color: #ff0000;\"><strong>\u2717 <\/strong><\/span>Wydatki osobiste<br \/>\n<span style=\"color: #ff0000;\"><strong>\u2717 <\/strong><\/span>Zdj\u0119cia i filmy<\/p>\n<h2><strong>\ud83c\udf1f<span style=\"color: #000000;\"> Najwa\u017cniejsze informacje o wycieczce<\/span><\/strong><\/h2>\n<p>\ud83d\udd39 Obejrzyj niesamowity pokaz delfin\u00f3w i lw\u00f3w morskich na \u017cywo<br \/>\nOpcjonalna 30-minutowa sesja p\u0142ywania z delfinami<br \/>\nKomfortowe transfery z hoteli w regionie Alanyi<br \/>\n\u015awietna aktywno\u015b\u0107 dla rodzin i dzieci<br \/>\nDowiedz si\u0119 wi\u0119cej o inteligencji i zachowaniu delfin\u00f3w.<\/p>\n<h2><strong>\ud83d\udcd6 <span style=\"color: #000000;\">Pe\u0142ny opis<\/span><\/strong><\/h2>\n<p>Przygoda rozpoczyna si\u0119 od wygodnego transferu do hotelu <strong>Sealanya Dolphinpark<\/strong>, po\u0142o\u017cony w pobli\u017cu Alanyi. Po przybyciu na miejsce spotkaj si\u0119 z przyjaznym personelem parku i zajmij miejsce na fascynuj\u0105cy <strong>Pokaz delfin\u00f3w i lw\u00f3w morskich<\/strong>, trwaj\u0105cy oko\u0142o godziny.<br \/>\nOgl\u0105daj z podziwem, jak te inteligentne zwierz\u0119ta morskie wykonuj\u0105 niesamowite sztuczki, skoki i ta\u0144ce, kt\u00f3re zrobi\u0105 wra\u017cenie zar\u00f3wno na doros\u0142ych, jak i na dzieciach.<br \/>\nPo pokazie go\u015bcie, kt\u00f3rzy dokonali wcze\u015bniejszej rezerwacji <strong>P\u0142ywanie z delfinami<\/strong> Sesja b\u0119dzie niezapomnianym 30-minutowym spotkaniem - p\u0142ywanie, dotykanie i zabawa z tymi przyjaznymi stworzeniami pod nadzorem instruktora.<br \/>\nNa koniec po\u015bwi\u0119\u0107 troch\u0119 czasu na zdj\u0119cia i przek\u0105ski, zanim wygodnie wr\u00f3cisz do hotelu.<\/p>\n<h3><strong>\ud83d\uddfa\ufe0f <span style=\"color: #000000;\">Plan podr\u00f3\u017cy<\/span><\/strong><\/h3>\n<p>Odbi\u00f3r z hoteli i apartament\u00f3w w Alanyi i okolicach<br \/>\n\ud83d\udd39 Przyjazd i zameldowanie w Sealanya Dolphinpark<br \/>\n1-godzinny pokaz delfin\u00f3w i lw\u00f3w morskich<br \/>\nOpcjonalnie: P\u0142ywanie z delfinami (ok. 30 minut)<br \/>\nCzas wolny na zdj\u0119cia i pocz\u0119stunek<br \/>\nTransfer powrotny do hotelu<\/p>\n<h3><strong>\u2139\ufe0f <span style=\"color: #000000;\">Przydatne informacje<\/span><\/strong><\/h3>\n<p>Pokazy odbywaj\u0105 si\u0119 dwa razy dziennie o 09:00 i 14:00.<br \/>\nCzas trwania: 3-4 godziny (w tym transfery)<br \/>\nSesje p\u0142ywania nale\u017cy rezerwowa\u0107 z wyprzedzeniem.<br \/>\nDzieci w wieku 4-6 lat musz\u0105 p\u0142ywa\u0107 z towarzysz\u0105c\u0105 osob\u0105 doros\u0142\u0105.<br \/>\nSezon operacyjny: Kwiecie\u0144-pa\u017adziernik<\/p>\n<h2><strong>\ud83c\udf92<span style=\"color: #000000;\"> Co zabra\u0107 ze sob\u0105<\/span><\/strong><\/h2>\n<p>Str\u00f3j k\u0105pielowy i r\u0119cznik (dla uczestnik\u00f3w p\u0142ywania)<br \/>\nOkulary przeciws\u0142oneczne i czapka<br \/>\nAparat fotograficzny lub telefon do zdj\u0119\u0107 osobistych<\/p>\n<h3><strong>\ud83d\udeab<span style=\"color: #000000;\"> Nieodpowiednie dla<\/span><\/strong><\/h3>\n<p>Dzieci poni\u017cej 3 roku \u017cycia (nie mog\u0105 bra\u0107 udzia\u0142u w p\u0142ywaniu)<br \/>\nGo\u015bcie z powa\u017cnymi alergiami lub l\u0119kiem przed g\u0142\u0119bok\u0105 wod\u0105<\/p>\n<h2 dir=\"ltr\">\ud83d\udcb8\u00a0<strong>Cena i rezerwacja<\/strong><\/h2>\n<p dir=\"ltr\"><strong>Zarezerwuj teraz, zap\u0142a\u0107 w dniu wycieczki<\/strong><br \/>\nSkontaktuj si\u0119 z nami przez WhatsApp, Telegram, Viber lub wype\u0142nij poni\u017cszy formularz rezerwacji. \ud83d\udc47\ud83c\udffc<\/p>\n<p>Szukasz alternatyw? Przegl\u0105daj <a href=\"https:\/\/excursionsworld.com\/pl\/alanya-wycieczki\/\">wi\u0119cej wycieczek po Alanii<\/a>.<\/p>","protected":false},"excerpt":{"rendered":"<p>Zarezerwuj Alanya Dolphin Show &amp; Swim Tour w Sealanya Dolphinpark! Ciesz si\u0119 pokazem delfin\u00f3w i lw\u00f3w morskich oraz p\u0142ywaj z delfinami. Rodzinna aktywno\u015b\u0107 w Alanyi z transferem do hotelu w cenie.<\/p>","protected":false},"featured_media":15132,"comment_status":"open","ping_status":"closed","template":"","meta":[],"product_brand":[],"product_cat":[128],"product_tag":[111],"class_list":{"0":"post-15116","1":"product","2":"type-product","3":"status-publish","4":"has-post-thumbnail","6":"tour_phys-alanya-tours","7":"product_cat-alanya-tours","8":"product_tag-alanya","9":"pa_destination-alanya-tours","11":"first","12":"instock","13":"sale","14":"shipping-taxable","15":"purchasable","16":"product-type-tour_phys"},"aioseo_notices":[],"_links":{"self":[{"href":"https:\/\/excursionsworld.com\/pl\/wp-json\/wp\/v2\/product\/15116","targetHints":{"allow":["GET"]}}],"collection":[{"href":"https:\/\/excursionsworld.com\/pl\/wp-json\/wp\/v2\/product"}],"about":[{"href":"https:\/\/excursionsworld.com\/pl\/wp-json\/wp\/v2\/types\/product"}],"replies":[{"embeddable":true,"href":"https:\/\/excursionsworld.com\/pl\/wp-json\/wp\/v2\/comments?post=15116"}],"wp:featuredmedia":[{"embeddable":true,"href":"https:\/\/excursionsworld.com\/pl\/wp-json\/wp\/v2\/media\/15132"}],"wp:attachment":[{"href":"https:\/\/excursionsworld.com\/pl\/wp-json\/wp\/v2\/media?parent=15116"}],"wp:term":[{"taxonomy":"product_brand","embeddable":true,"href":"https:\/\/excursionsworld.com\/pl\/wp-json\/wp\/v2\/product_brand?post=15116"},{"taxonomy":"product_cat","embeddable":true,"href":"https:\/\/excursionsworld.com\/pl\/wp-json\/wp\/v2\/product_cat?post=15116"},{"taxonomy":"product_tag","embeddable":true,"href":"https:\/\/excursionsworld.com\/pl\/wp-json\/wp\/v2\/product_tag?post=15116"}],"curies":[{"name":"wp","href":"https:\/\/api.w.org\/{rel}","templated":true}]}}