{"id":15129,"date":"2025-10-19T23:15:13","date_gmt":"2025-10-19T20:15:13","guid":{"rendered":"https:\/\/excursionsworld.com\/?post_type=product&#038;p=15129"},"modified":"2026-04-24T01:26:56","modified_gmt":"2026-04-23T22:26:56","slug":"wycieczka-konna-alanya","status":"publish","type":"product","link":"https:\/\/excursionsworld.com\/tours\/alanya-horseback-riding\/","title":{"rendered":"Wycieczka konna w Alanyi \u2013 Przeja\u017cd\u017cka w\u015br\u00f3d natury"},"content":{"rendered":"<h2><span style=\"color: #000000;\"><strong>Przegl\u0105d<\/strong><\/span><\/h2>\n<p>Wyrusz na spokojn\u0105 i pe\u0142n\u0105 przyg\u00f3d wypraw\u0119 <strong>wycieczka konna w <a href=\"https:\/\/en.wikipedia.org\/wiki\/Alanya\" target=\"_blank\" rel=\"noopener\">Alanya<\/a><\/strong>, Odkrywaj\u0105c osza\u0142amiaj\u0105c\u0105 przyrod\u0119 g\u00f3r Taurus i staro\u017cytne ruiny miasta Syedra. Ta 2,5-godzinna przeja\u017cd\u017cka jest idealna zar\u00f3wno dla pocz\u0105tkuj\u0105cych, jak i do\u015bwiadczonych rowerzyst\u00f3w, kt\u00f3rzy chc\u0105 po\u0142\u0105czy\u0107 si\u0119 z natur\u0105, podziwiaj\u0105c zapieraj\u0105ce dech w piersiach widoki na wybrze\u017ce Morza \u015ar\u00f3dziemnego.<\/p>\n<h3>\u00a0<span style=\"color: #000000;\"><strong>W zestawie:<\/strong><\/span><\/h3>\n<p><span style=\"color: #00ff00;\"><strong>\u2713<\/strong> <\/span>Odbi\u00f3r i dow\u00f3z do hotelu<br \/>\n<span style=\"color: #00ff00;\"><strong>\u2713<\/strong> <\/span>Profesjonalne us\u0142ugi przewodnika i trenera<br \/>\n<span style=\"color: #00ff00;\"><strong>\u2713<\/strong> <\/span>2,5 godziny jazdy konnej<br \/>\n<span style=\"color: #00ff00;\"><strong>\u2713<\/strong> <\/span>Ca\u0142y sprz\u0119t je\u017adziecki (kask itp.)<br \/>\n<span style=\"color: #00ff00;\"><strong>\u2713<\/strong> <\/span>Herbata po turecku i herbata jab\u0142kowa (bezp\u0142atnie)<br \/>\n<span style=\"color: #00ff00;\"><strong>\u2713<\/strong> <\/span>Pe\u0142ne ubezpieczenie<\/p>\n<h3>\u00a0<span style=\"color: #000000;\"><strong>Nie zawiera:<\/strong><\/span><\/h3>\n<p><span style=\"color: #ff0000;\"><strong>\u2717<\/strong> <\/span>Napoje i jedzenie<br \/>\n<span style=\"color: #ff0000;\"><strong>\u2717<\/strong> <\/span>Wydatki osobiste<\/p>\n<h2><span style=\"color: #000000;\"><strong>Najwa\u017cniejsze atrakcje wycieczki<\/strong><\/span><\/h2>\n<p>Jazda wzd\u0142u\u017c malowniczych le\u015bnych \u015bcie\u017cek i ogrod\u00f3w bananowych<br \/>\n\ud83d\udd39 Odkryj staro\u017cytne ruiny miasta i zamku Syedra<br \/>\n\ud83d\udd39 Panoramiczne widoki na Alany\u0119 i Morze \u015ar\u00f3dziemne<br \/>\nRelaks przy basenie z tureck\u0105 herbat\u0105 po przeja\u017cd\u017cce<br \/>\nBezpieczne, spokojne i dobrze wyszkolone konie<\/p>\n<h2><span style=\"color: #000000;\"><strong>Pe\u0142ny opis<\/strong><\/span><\/h2>\n<p>The <strong>Jazda konna w Alanyi<\/strong> Rozpoczyna si\u0119 wygodnym odbiorem z hotelu, kt\u00f3ry zabierze Ci\u0119 do spokojnej stadniny koni w wiosce Seki niedaleko Demirta\u015f - zaledwie 30 minut od centrum Alanyi. Po kr\u00f3tkiej odprawie od do\u015bwiadczonych instruktor\u00f3w, wsi\u0105d\u017a na swojego spokojnego i przyjaznego konia na <strong>2,5-godzinna przeja\u017cd\u017cka<\/strong> przez lasy sosnowe, plantacje banan\u00f3w i staro\u017cytne ruiny. Najwa\u017cniejszym punktem trasy jest <strong>Syedra Castle<\/strong>, oferuj\u0105c wspania\u0142e panoramiczne widoki na Alany\u0119 i morze. Po zako\u0144czeniu przeja\u017cd\u017cki mo\u017cna zrelaksowa\u0107 si\u0119 na farmie, popijaj\u0105c tureck\u0105 i jab\u0142kow\u0105 herbat\u0119 przy basenie i cieszy\u0107 si\u0119 spokojn\u0105 wiejsk\u0105 atmosfer\u0105 przed transferem powrotnym do hotelu.<\/p>\n<h3><strong><span style=\"color: #000000;\">\ud83d\uddfa\ufe0f Plan podr\u00f3\u017cy<\/span><\/strong><\/h3>\n<p>Odbi\u00f3r z hotelu z Alanyi i pobliskich obszar\u00f3w<br \/>\n\ud83d\udd39 Przybycie na farm\u0119 koni w wiosce Seki<br \/>\nOdprawa bezpiecze\u0144stwa i kontrola sprz\u0119tu<br \/>\n2,5-godzinna przeja\u017cd\u017cka konna z przewodnikiem (g\u00f3ry, las, ruiny)<br \/>\nPowr\u00f3t na farm\u0119, przerwa na herbat\u0119 i relaks<br \/>\nTransfer z powrotem do hotelu<\/p>\n<h3><span style=\"color: #000000;\"><strong>\u2139\ufe0f Przydatne informacje<\/strong><\/span><\/h3>\n<p>Czas trwania: Oko\u0142o 4 godzin (w tym transfer)<br \/>\nCzas jazdy: 2,5 godziny<br \/>\nMaksymalny limit wagi: 100 kg<br \/>\nWycieczka dzia\u0142a przez ca\u0142y rok<br \/>\nSpokojne i wyszkolone konie odpowiednie dla pocz\u0105tkuj\u0105cych<br \/>\nNiedozwolone dla kobiet w ci\u0105\u017cy<br \/>\nDzieci mog\u0105 do\u0142\u0105czy\u0107 w towarzystwie rodzic\u00f3w.<\/p>\n<h2><span style=\"color: #000000;\"><strong>Co zabra\u0107 ze sob\u0105<\/strong><\/span><\/h2>\n<p>Wygodne ubrania i zamkni\u0119te buty<br \/>\nOkulary przeciws\u0142oneczne i filtr przeciws\u0142oneczny<br \/>\nAparat fotograficzny lub smartfon do zdj\u0119\u0107<br \/>\nGot\u00f3wka na napoje lub wydatki osobiste<\/p>\n<h3><span style=\"color: #000000;\"><strong>Nieodpowiednie dla<\/strong><\/span><\/h3>\n<p>Kobiety w ci\u0105\u017cy<br \/>\nOsoby wa\u017c\u0105ce ponad 100 kg<br \/>\nOsoby niepe\u0142nosprawne ruchowo<\/p>\n<h2 dir=\"ltr\">\ud83d\udcb8\u00a0<strong>Cena i rezerwacja<\/strong><\/h2>\n<p dir=\"ltr\"><strong>Zarezerwuj teraz, zap\u0142a\u0107 w dniu wycieczki<\/strong><br \/>\nSkontaktuj si\u0119 z nami przez WhatsApp, Telegram, Viber lub wype\u0142nij poni\u017cszy formularz rezerwacji. \ud83d\udc47\ud83c\udffc<\/p>\n<p>Szukasz alternatyw? Przegl\u0105daj <a href=\"https:\/\/excursionsworld.com\/pl\/alanya-wycieczki\/\">wi\u0119cej wycieczek po Alanii<\/a>.<\/p>","protected":false},"excerpt":{"rendered":"<p>Zarezerwuj <b>Jazda konna w Alanyi<\/b>! Ciesz si\u0119 <b>2.5-hour Horse Safari trip<\/b> through the Taurus Mountains. Best <b>wycieczka<\/b> z <b>Syedra Castle<\/b> views. <b>Transfer wliczony w cen\u0119<\/b>!<\/p>","protected":false},"featured_media":15133,"comment_status":"open","ping_status":"closed","template":"","meta":[],"product_brand":[],"product_cat":[128],"product_tag":[111],"class_list":{"0":"post-15129","1":"product","2":"type-product","3":"status-publish","4":"has-post-thumbnail","6":"tour_phys-alanya-tours","7":"product_cat-alanya-tours","8":"product_tag-alanya","9":"pa_destination-alanya-tours","11":"first","12":"instock","13":"sale","14":"shipping-taxable","15":"purchasable","16":"product-type-tour_phys"},"aioseo_notices":[],"_links":{"self":[{"href":"https:\/\/excursionsworld.com\/pl\/wp-json\/wp\/v2\/product\/15129","targetHints":{"allow":["GET"]}}],"collection":[{"href":"https:\/\/excursionsworld.com\/pl\/wp-json\/wp\/v2\/product"}],"about":[{"href":"https:\/\/excursionsworld.com\/pl\/wp-json\/wp\/v2\/types\/product"}],"replies":[{"embeddable":true,"href":"https:\/\/excursionsworld.com\/pl\/wp-json\/wp\/v2\/comments?post=15129"}],"wp:featuredmedia":[{"embeddable":true,"href":"https:\/\/excursionsworld.com\/pl\/wp-json\/wp\/v2\/media\/15133"}],"wp:attachment":[{"href":"https:\/\/excursionsworld.com\/pl\/wp-json\/wp\/v2\/media?parent=15129"}],"wp:term":[{"taxonomy":"product_brand","embeddable":true,"href":"https:\/\/excursionsworld.com\/pl\/wp-json\/wp\/v2\/product_brand?post=15129"},{"taxonomy":"product_cat","embeddable":true,"href":"https:\/\/excursionsworld.com\/pl\/wp-json\/wp\/v2\/product_cat?post=15129"},{"taxonomy":"product_tag","embeddable":true,"href":"https:\/\/excursionsworld.com\/pl\/wp-json\/wp\/v2\/product_tag?post=15129"}],"curies":[{"name":"wp","href":"https:\/\/api.w.org\/{rel}","templated":true}]}}