{"id":15157,"date":"2025-10-20T19:17:25","date_gmt":"2025-10-20T16:17:25","guid":{"rendered":"https:\/\/excursionsworld.com\/?post_type=product&#038;p=15157"},"modified":"2025-11-22T19:27:32","modified_gmt":"2025-11-22T16:27:32","slug":"buggy-safari-alanya","status":"publish","type":"product","link":"https:\/\/excursionsworld.com\/tours\/alanya-buggy-safari\/","title":{"rendered":"Safari buggy w Alanyi \u2013 terenowa przygoda dla ka\u017cdego"},"content":{"rendered":"<h3 data-start=\"158\" data-end=\"175\">\ud83c\udfdd\ufe0f Przegl\u0105d<\/h3>\n<p data-start=\"177\" data-end=\"466\">Przygotuj si\u0119 na niezapomnian\u0105 przygod\u0119 terenow\u0105 z Alanya Buggy Safari Tour! Jed\u017a w\u0142asnym automatycznym buggy przez zakurzone g\u00f3rskie szlaki, lasy sosnowe i malownicze rzeki w pobli\u017cu Alanyi. Idealny dla rodzin, pocz\u0105tkuj\u0105cych i poszukiwaczy mocnych wra\u017ce\u0144 - nie jest wymagane prawo jazdy ani do\u015bwiadczenie!<\/p>\n<h3 data-start=\"468\" data-end=\"483\">\u00a0W zestawie:<\/h3>\n<p data-start=\"485\" data-end=\"676\"><span style=\"color: #00ff00;\"><strong>\u2713<\/strong> <\/span>Odbi\u00f3r i dow\u00f3z do hotelu\u00a0<br data-start=\"570\" data-end=\"573\" \/><span style=\"color: #00ff00;\"><strong>\u2713<\/strong> <\/span>Profesjonalny instruktor\u00a0<br data-start=\"616\" data-end=\"619\" \/><span style=\"color: #00ff00;\"><strong>\u2713<\/strong> <\/span>Pe\u0142na ochrona ubezpieczeniowa<br data-start=\"644\" data-end=\"647\" \/><span style=\"color: #00ff00;\"><strong>\u2713<\/strong> <\/span>Sprz\u0119t bezpiecze\u0144stwa (kask)<\/p>\n<h3 data-start=\"678\" data-end=\"697\">\u00a0Nie zawiera:<\/h3>\n<p data-start=\"699\" data-end=\"783\"><span style=\"color: #ff0000;\"><strong>\u2717<\/strong> <\/span>Napoje, przek\u0105ski, zdj\u0119cia, bandany<br data-start=\"753\" data-end=\"756\" \/><span style=\"color: #ff0000;\"><strong>\u2717<\/strong> <\/span>Opcjonalna przerwa na p\u0142ywanie<\/p>\n<h3 data-start=\"785\" data-end=\"808\">Najwa\u017cniejsze atrakcje wycieczki<\/h3>\n<p data-start=\"810\" data-end=\"1113\">Ekscytuj\u0105ce wra\u017cenia z jazdy terenowym buggy w pobli\u017cu Alanyi<br data-start=\"867\" data-end=\"870\" \/>Malownicze le\u015bne szlaki i naturalne przeprawy przez rzek\u0119<br data-start=\"921\" data-end=\"924\" \/>Bezpieczne i \u0142atwe w obs\u0142udze pojazdy automatyczne - idealne dla wszystkich poziom\u00f3w zaawansowania<br data-start=\"989\" data-end=\"992\" \/>Zabawny i pe\u0142en akcji dzie\u0144 dla par, rodzin i grup.<br data-start=\"1054\" data-end=\"1057\" \/>Poranne i popo\u0142udniowe sesje zwiedzania dost\u0119pne codziennie<\/p>\n<h3 data-start=\"1115\" data-end=\"1139\">Pe\u0142ny opis<\/h3>\n<p data-start=\"1141\" data-end=\"1832\">Twoja przygoda rozpoczyna si\u0119 od wygodnego transferu z hotelu w Alanyi lub okolicach do bazy buggy safari. Po przyje\u017adzie profesjonalni instruktorzy udziel\u0105 informacji na temat bezpiecze\u0144stwa, kask\u00f3w i szybkiej jazdy pr\u00f3bnej, aby pom\u00f3c Ci zapozna\u0107 si\u0119 z buggy.<br data-start=\"1414\" data-end=\"1417\" \/>Nast\u0119pnie nadszed\u0142 czas, aby rozpocz\u0105\u0107 przygod\u0119! Pod\u0105\u017caj za swoim przewodnikiem po zakurzonych le\u015bnych \u015bcie\u017ckach, pluskaj si\u0119 w ma\u0142ych strumieniach i wspinaj si\u0119 na \u0142agodne wzg\u00f3rza - a wszystko to w otoczeniu pi\u0119kna g\u00f3r Taurus.<br data-start=\"1614\" data-end=\"1617\" \/>Przed powrotem do stacji buggy b\u0119d\u0105 kr\u00f3tkie przerwy na odpoczynek, zdj\u0119cia, a nawet opcjonaln\u0105 k\u0105piel. Po zako\u0144czeniu przeja\u017cd\u017cki zrelaksuj si\u0119 przez kilka minut i ciesz si\u0119 wygodnym transferem z powrotem do hotelu.<\/p>\n<h3 data-start=\"1834\" data-end=\"1857\">\ud83d\uddfa\ufe0f Plan podr\u00f3\u017cy<\/h3>\n<p data-start=\"1859\" data-end=\"2129\">Odbi\u00f3r z hoteli w regionie Alanyi<br data-start=\"1897\" data-end=\"1900\" \/>\ud83d\udd39 Przyjazd do bazy buggy i odprawa bezpiecze\u0144stwa<br data-start=\"1944\" data-end=\"1947\" \/>Jazda testowa i konfiguracja sprz\u0119tu<br data-start=\"1980\" data-end=\"1983\" \/>Jazda terenowa przez g\u00f3rskie i le\u015bne \u015bcie\u017cki<br data-start=\"2033\" data-end=\"2036\" \/>Kr\u00f3tkie przerwy na odpoczynek, zdj\u0119cia i p\u0142ywanie<br data-start=\"2077\" data-end=\"2080\" \/>Powr\u00f3t do bazy buggy<br data-start=\"2103\" data-end=\"2106\" \/>Odbi\u00f3r w hotelach<\/p>\n<h3 data-start=\"2131\" data-end=\"2157\">\u2139\ufe0f Przydatne informacje<\/h3>\n<p data-start=\"2159\" data-end=\"2462\">Czas trwania: \u0142\u0105cznie oko\u0142o 3-4 godzin<br data-start=\"2223\" data-end=\"2226\" \/>Dwie sesje dziennie: 09:00 i 13:30<br data-start=\"2264\" data-end=\"2267\" \/>Prawo jazdy nie jest wymagane<br data-start=\"2297\" data-end=\"2300\" \/>Dzieci mog\u0105 do\u0142\u0105czy\u0107 jako pasa\u017cerowie z rodzicami.<br data-start=\"2347\" data-end=\"2350\" \/>Zalecane: nosi\u0107 wygodne, stare ubrania i zamkni\u0119te buty.<br data-start=\"2411\" data-end=\"2414\" \/>Zabierz ze sob\u0105: okulary przeciws\u0142oneczne, krem z filtrem i chustk\u0119.<\/p>\n<h3>Co zabra\u0107 ze sob\u0105<\/h3>\n<p data-start=\"2584\" data-end=\"2723\">Okulary przeciws\u0142oneczne i filtr przeciws\u0142oneczny<br data-start=\"2611\" data-end=\"2614\" \/>Bandana lub maska na twarz<br data-start=\"2637\" data-end=\"2640\" \/>Wygodna odzie\u017c i obuwie<br data-start=\"2673\" data-end=\"2676\" \/>Niewielka got\u00f3wka na wydatki osobiste lub zdj\u0119cia<\/p>\n<h3 data-start=\"2464\" data-end=\"2488\">Nieodpowiednie dla<\/h3>\n<p data-start=\"2490\" data-end=\"2559\">Kobiety w ci\u0105\u017cy<br data-start=\"2507\" data-end=\"2510\" \/>Go\u015bcie z powa\u017cnymi schorzeniami kr\u0119gos\u0142upa lub serca<\/p>\n<h3 dir=\"ltr\">\ud83d\udcb8\u00a0<strong>Cena i rezerwacja<\/strong><\/h3>\n<p dir=\"ltr\"><strong>Zarezerwuj teraz, zap\u0142a\u0107 w dniu wycieczki<\/strong><br \/>\nSkontaktuj si\u0119 z nami przez WhatsApp, Telegram, Viber lub wype\u0142nij poni\u017cszy formularz rezerwacji. \ud83d\udc47\ud83c\udffc<\/p>","protected":false},"excerpt":{"rendered":"<p data-start=\"2866\" data-end=\"3089\">Zarezerwuj <b>Alanya Buggy Safari<\/b> <b>trasa<\/b>! Ciesz si\u0119 <b>ATV<\/b> <b>przygoda<\/b> <b>wycieczka<\/b> na b\u0142otnistym <b>off-road<\/b> le\u015bne szlaki. Doskona\u0142y <b>podr\u00f3\u017c<\/b> dla <b>pocz\u0105tkuj\u0105cy<\/b>! <b>Transfer<\/b> w zestawie.<\/p>","protected":false},"featured_media":15158,"comment_status":"open","ping_status":"closed","template":"","meta":[],"product_brand":[],"product_cat":[128],"product_tag":[111],"class_list":{"0":"post-15157","1":"product","2":"type-product","3":"status-publish","4":"has-post-thumbnail","6":"tour_phys-alanya-tours","7":"product_cat-alanya-tours","8":"product_tag-alanya","9":"pa_destination-alanya-tours","11":"first","12":"instock","13":"sale","14":"shipping-taxable","15":"purchasable","16":"product-type-tour_phys"},"aioseo_notices":[],"_links":{"self":[{"href":"https:\/\/excursionsworld.com\/pl\/wp-json\/wp\/v2\/product\/15157","targetHints":{"allow":["GET"]}}],"collection":[{"href":"https:\/\/excursionsworld.com\/pl\/wp-json\/wp\/v2\/product"}],"about":[{"href":"https:\/\/excursionsworld.com\/pl\/wp-json\/wp\/v2\/types\/product"}],"replies":[{"embeddable":true,"href":"https:\/\/excursionsworld.com\/pl\/wp-json\/wp\/v2\/comments?post=15157"}],"wp:featuredmedia":[{"embeddable":true,"href":"https:\/\/excursionsworld.com\/pl\/wp-json\/wp\/v2\/media\/15158"}],"wp:attachment":[{"href":"https:\/\/excursionsworld.com\/pl\/wp-json\/wp\/v2\/media?parent=15157"}],"wp:term":[{"taxonomy":"product_brand","embeddable":true,"href":"https:\/\/excursionsworld.com\/pl\/wp-json\/wp\/v2\/product_brand?post=15157"},{"taxonomy":"product_cat","embeddable":true,"href":"https:\/\/excursionsworld.com\/pl\/wp-json\/wp\/v2\/product_cat?post=15157"},{"taxonomy":"product_tag","embeddable":true,"href":"https:\/\/excursionsworld.com\/pl\/wp-json\/wp\/v2\/product_tag?post=15157"}],"curies":[{"name":"wp","href":"https:\/\/api.w.org\/{rel}","templated":true}]}}