{"id":15160,"date":"2025-10-20T20:36:55","date_gmt":"2025-10-20T17:36:55","guid":{"rendered":"https:\/\/excursionsworld.com\/?post_type=product&#038;p=15160"},"modified":"2026-04-24T01:26:56","modified_gmt":"2026-04-23T22:26:56","slug":"quad-safari-alanya","status":"publish","type":"product","link":"https:\/\/excursionsworld.com\/tours\/alanya-quad-safari\/","title":{"rendered":"Wycieczka quad safari w Alanyi \u2013 off-road przygoda"},"content":{"rendered":"<h2><span style=\"color: #000000;\"><strong>\ud83c\udfdd\ufe0f Przegl\u0105d<\/strong><\/span><\/h2>\n<p>Rozpal swoje poczucie przygody dzi\u0119ki <strong><a href=\"https:\/\/en.wikipedia.org\/wiki\/Alanya\" target=\"_blank\" rel=\"noopener\">Alanya<\/a> Quad Safari<\/strong>! Odkryj poro\u015bni\u0119te sosnami podn\u00f3\u017ca g\u00f3r Taurus na ekscytuj\u0105cej 2-godzinnej, 20-kilometrowej trasie quad\u00f3w terenowych. Ta odpowiednia dla wszystkich poziom\u00f3w do\u015bwiadczenia wycieczka \u0142\u0105czy w sobie adrenalin\u0119, przyrod\u0119 i niezapomnian\u0105 zabaw\u0119.<\/p>\n<h3><span style=\"color: #000000;\"><strong>\u00a0W zestawie:<\/strong><\/span><\/h3>\n<p><strong><span style=\"color: #00ff00;\">\u2713<\/span><\/strong> Odbi\u00f3r i dow\u00f3z do hotelu w Alanyi<br \/>\n<strong><span style=\"color: #00ff00;\">\u2713 <\/span><\/strong>Profesjonalni przewodnicy i instruktorzy<br \/>\n<strong><span style=\"color: #00ff00;\">\u2713 <\/span><\/strong>Kask ochronny i wyposa\u017cenie<br \/>\n<strong><span style=\"color: #00ff00;\">\u2713 <\/span><\/strong>2-godzinna jazda quadem (trasa o d\u0142ugo\u015bci 20 km)<\/p>\n<h3>\u00a0<span style=\"color: #000000;\"><strong>Nie zawiera:<\/strong><\/span><\/h3>\n<p><span style=\"color: #ff0000;\"><strong>\u2717<\/strong><\/span> Wydatki osobiste<br \/>\n<span style=\"color: #ff0000;\"><strong>\u2717 <\/strong><\/span>Napoje<br \/>\n<span style=\"color: #ff0000;\"><strong>\u2717 <\/strong><\/span>Profesjonalne zdj\u0119cia i filmy<\/p>\n<h2><span style=\"color: #000000;\"><strong>Najwa\u017cniejsze atrakcje wycieczki<\/strong><\/span><\/h2>\n<p>Ekscytuj\u0105ca 20-kilometrowa trasa terenowa w g\u00f3rach Taurus<br \/>\nLe\u015bne szlaki, skaliste \u015bcie\u017cki i strumienie rzeczne<br \/>\nOsza\u0142amiaj\u0105ca naturalna sceneria i mo\u017cliwo\u015bci fotografowania<br \/>\nOdpowiedni dla pocz\u0105tkuj\u0105cych i wszystkich poziom\u00f3w umiej\u0119tno\u015bci<br \/>\nOd\u015bwie\u017caj\u0105ce przerwy podczas jazdy<\/p>\n<h2><span style=\"color: #000000;\"><strong>Pe\u0142ny opis<\/strong><\/span><\/h2>\n<p>Przygoda rozpoczyna si\u0119 od transferu z hotelu w Alanyi i okolicach do bazy quad\u00f3w, po\u0142o\u017conej w malowniczym, zalesionym terenie nad rzek\u0105. Po kompleksowym instrukta\u017cu bezpiecze\u0144stwa instruktorzy przeprowadz\u0105 kr\u00f3tk\u0105 jazd\u0119 pr\u00f3bn\u0105, aby zapozna\u0107 si\u0119 z w pe\u0142ni automatycznymi quadami. Nast\u0119pnie wyrusz na ekscytuj\u0105c\u0105 20-kilometrow\u0105 przeja\u017cd\u017ck\u0119 przez le\u015bne szlaki, b\u0142otniste \u015bcie\u017cki i wzg\u00f3rza g\u00f3r Taurus. R\u00f3b zaplanowane przerwy, aby si\u0119 zrelaksowa\u0107, podziwia\u0107 krajobrazy i robi\u0107 zdj\u0119cia. Instruktorzy je\u017cd\u017c\u0105 obok, aby pom\u00f3c w razie potrzeby. Po przeja\u017cd\u017cce wr\u00f3\u0107 do bazy i ciesz si\u0119 wygodnym transferem z powrotem do hotelu.<\/p>\n<h3><span style=\"color: #000000;\"><strong>\ud83d\uddfa\ufe0f Plan podr\u00f3\u017cy<\/strong><\/span><\/h3>\n<p>Odbi\u00f3r z hoteli\/apartament\u00f3w w Alanyi<br \/>\n\ud83d\udd39 Przyjazd na stacj\u0119 quad safari<br \/>\nOdprawa bezpiecze\u0144stwa i konfiguracja sprz\u0119tu<br \/>\nKr\u00f3tka jazda testowa w celu zapoznania si\u0119 z quadem<br \/>\n20-kilometrowa przeja\u017cd\u017cka z przewodnikiem po g\u00f3rach i le\u015bnych szlakach<br \/>\nPrzerwy na zdj\u0119cia, przek\u0105ski i relaks<br \/>\nPowr\u00f3t do bazy quad\u00f3w i odbi\u00f3r z hotelu<\/p>\n<h3><span style=\"color: #000000;\"><strong>\u2139\ufe0f Przydatne informacje<\/strong><\/span><\/h3>\n<p>Czas trwania: Oko\u0142o 3 godzin<br \/>\nCzas jazdy: 2 godziny (trasa o d\u0142ugo\u015bci 20 km)<br \/>\nNie jest wymagane wcze\u015bniejsze do\u015bwiadczenie ani prawo jazdy.<br \/>\nMinimalny wiek kierowcy: 17 lat<br \/>\nAutomatyczne quady, \u0142atwe w obs\u0142udze<br \/>\nUmiarkowany lub wysoki poziom aktywno\u015bci fizycznej<\/p>\n<h2><span style=\"color: #000000;\"><strong>Co zabra\u0107 ze sob\u0105<\/strong><\/span><\/h2>\n<p>Wygodne ubrania i buty (spodziewaj si\u0119 zakurzenia)<br \/>\nOkulary przeciws\u0142oneczne i chusta chroni\u0105ca przed kurzem.<br \/>\nFiltr przeciws\u0142oneczny<br \/>\ngot\u00f3wka na wydatki osobiste (napoje, zdj\u0119cia itp.)<\/p>\n<h3><span style=\"color: #000000;\"><strong>Nieodpowiednie dla<\/strong><\/span><\/h3>\n<p>Kobiety w ci\u0105\u017cy<br \/>\nGo\u015bcie pod wp\u0142ywem alkoholu<br \/>\nOsoby o ograniczonej sprawno\u015bci ruchowej<\/p>\n<h2 dir=\"ltr\">\ud83d\udcb8\u00a0<strong>Cena i rezerwacja<\/strong><\/h2>\n<p dir=\"ltr\"><strong>Zarezerwuj teraz, zap\u0142a\u0107 w dniu wycieczki<\/strong><br \/>\nSkontaktuj si\u0119 z nami przez WhatsApp, Telegram, Viber lub wype\u0142nij poni\u017cszy formularz rezerwacji. \ud83d\udc47\ud83c\udffc<\/p>\n<p>Szukasz alternatyw? Przegl\u0105daj <a href=\"https:\/\/excursionsworld.com\/pl\/alanya-wycieczki\/\">wi\u0119cej wycieczek po Alanii<\/a>.<\/p>","protected":false},"excerpt":{"rendered":"<p data-start=\"2866\" data-end=\"3089\">Zarezerwuj <b>Alanya Quad Safari Tour<\/b>! Ciesz si\u0119 <b>2-godzinna wycieczka ATV<\/b> w <b>G\u00f3ry Taurus<\/b>. <b>Off-Road<\/b> przygoda i <b>wycieczka z adrenalin\u0105<\/b>. <b>Transfer wliczony w cen\u0119<\/b>, licencja nie jest wymagana.<\/p>","protected":false},"featured_media":15085,"comment_status":"open","ping_status":"closed","template":"","meta":[],"product_brand":[],"product_cat":[128],"product_tag":[111],"class_list":{"0":"post-15160","1":"product","2":"type-product","3":"status-publish","4":"has-post-thumbnail","6":"tour_phys-alanya-tours","7":"product_cat-alanya-tours","8":"product_tag-alanya","9":"pa_destination-alanya-tours","11":"first","12":"instock","13":"sale","14":"shipping-taxable","15":"purchasable","16":"product-type-tour_phys"},"aioseo_notices":[],"_links":{"self":[{"href":"https:\/\/excursionsworld.com\/pl\/wp-json\/wp\/v2\/product\/15160","targetHints":{"allow":["GET"]}}],"collection":[{"href":"https:\/\/excursionsworld.com\/pl\/wp-json\/wp\/v2\/product"}],"about":[{"href":"https:\/\/excursionsworld.com\/pl\/wp-json\/wp\/v2\/types\/product"}],"replies":[{"embeddable":true,"href":"https:\/\/excursionsworld.com\/pl\/wp-json\/wp\/v2\/comments?post=15160"}],"wp:featuredmedia":[{"embeddable":true,"href":"https:\/\/excursionsworld.com\/pl\/wp-json\/wp\/v2\/media\/15085"}],"wp:attachment":[{"href":"https:\/\/excursionsworld.com\/pl\/wp-json\/wp\/v2\/media?parent=15160"}],"wp:term":[{"taxonomy":"product_brand","embeddable":true,"href":"https:\/\/excursionsworld.com\/pl\/wp-json\/wp\/v2\/product_brand?post=15160"},{"taxonomy":"product_cat","embeddable":true,"href":"https:\/\/excursionsworld.com\/pl\/wp-json\/wp\/v2\/product_cat?post=15160"},{"taxonomy":"product_tag","embeddable":true,"href":"https:\/\/excursionsworld.com\/pl\/wp-json\/wp\/v2\/product_tag?post=15160"}],"curies":[{"name":"wp","href":"https:\/\/api.w.org\/{rel}","templated":true}]}}