{"id":15167,"date":"2025-10-21T14:40:32","date_gmt":"2025-10-21T11:40:32","guid":{"rendered":"https:\/\/excursionsworld.com\/?post_type=product&#038;p=15167"},"modified":"2026-04-24T01:26:57","modified_gmt":"2026-04-23T22:26:57","slug":"alanya-wedkowanie-morskie","status":"publish","type":"product","link":"https:\/\/excursionsworld.com\/tours\/alanya-sea-fishing\/","title":{"rendered":"Alanya: Morskie w\u0119dkowanie z \u0142odzi \u2013 All Inclusive"},"content":{"rendered":"<h2><span style=\"color: #000000;\"><strong>\ud83c\udfdd\ufe0f Przegl\u0105d<\/strong><\/span><\/h2>\n<p>Do\u0142\u0105cz do <a href=\"https:\/\/en.wikipedia.org\/wiki\/Alanya\" target=\"_blank\" rel=\"noopener\">Alanya<\/a> W\u0119dkowanie i prze\u017cyj idealne po\u0142\u0105czenie w\u0119dkarstwa, relaksu i \u015br\u00f3dziemnomorskiego pi\u0119kna! Niezale\u017cnie od tego, czy jeste\u015b pocz\u0105tkuj\u0105cym, czy do\u015bwiadczonym w\u0119dkarzem, ta spokojna wycieczka \u0142odzi\u0105 oferuje szans\u0119 na z\u0142owienie ryb, p\u0142ywanie i relaks podczas rejsu wzd\u0142u\u017c wspania\u0142ego wybrze\u017ca Alanyi.<\/p>\n<h3><span style=\"color: #000000;\"><strong>\u00a0W zestawie:<\/strong><\/span><\/h3>\n<p><span style=\"color: #00ff00;\"><strong>\u2713<\/strong> <\/span>Odbi\u00f3r i dow\u00f3z do hotelu<br \/>\n<span style=\"color: #00ff00;\"><strong>\u2713<\/strong> <\/span>Profesjonalny kapitan i rybak<br \/>\n<span style=\"color: #00ff00;\"><strong>\u2713<\/strong> <\/span>Ca\u0142y sprz\u0119t w\u0119dkarski (w\u0119dka, przyn\u0119ta, \u017cy\u0142ka)<br \/>\n<span style=\"color: #00ff00;\"><strong>\u2713<\/strong> <\/span>Lunch serwowany na pok\u0142adzie<br \/>\n<span style=\"color: #00ff00;\"><strong>\u2713<\/strong> <\/span>Napoje bezalkoholowe<br \/>\n<span style=\"color: #00ff00;\"><strong>\u2713<\/strong> <\/span>Pe\u0142na ochrona ubezpieczeniowa<\/p>\n<h3>\u00a0<span style=\"color: #000000;\"><strong>Nie zawiera:<\/strong><\/span><\/h3>\n<p><span style=\"color: #ff0000;\"><strong>\u2717<\/strong> <\/span>Napoje alkoholowe<br \/>\n<span style=\"color: #ff0000;\"><strong>\u2717<\/strong> <\/span>Wydatki osobiste<\/p>\n<h2><span style=\"color: #000000;\"><strong>Najwa\u017cniejsze atrakcje wycieczki<\/strong><\/span><\/h2>\n<p>Wycieczka \u0142odzi\u0105 w ma\u0142ej grupie zapewniaj\u0105ca spokojne w\u0119dkowanie<br \/>\nPo\u0142\u00f3w ryb, takich jak oko\u0144 morski, dorada, tu\u0144czyk i koralowce.<br \/>\n\ud83d\udd39 Ciesz si\u0119 przerwami na p\u0142ywanie i opalanie w czystych wodach Morza \u015ar\u00f3dziemnego<br \/>\nPyszny lunch i napoje bezalkoholowe serwowane na pok\u0142adzie<br \/>\nProfesjonalny lokalny rybak do pomocy i przewodnictwa<br \/>\nIdealny dla par, rodzin i mi\u0142o\u015bnik\u00f3w przyrody<\/p>\n<h2><span style=\"color: #000000;\"><strong>Pe\u0142ny opis<\/strong><\/span><\/h2>\n<p>Podr\u00f3\u017c rozpocznie si\u0119 od wygodnego odbioru z hotelu w Alanyi i transferu do portu Turkler. Po wej\u015bciu na pok\u0142ad \u0142odzi rybackiej spotkasz kapitana i do\u015bwiadczonego rybaka, kt\u00f3ry zapozna Ci\u0119 ze sprz\u0119tem i wyja\u015bni podstawy.<br \/>\nWyp\u0142ywaj\u0105c na otwarte morze, zarzu\u0107 \u017cy\u0142k\u0119 na bogate wody Morza \u015ar\u00f3dziemnego, gdzie czekaj\u0105 r\u00f3\u017cnorodne ryby - w tym oko\u0144 morski, bonito i grouper. Je\u015bli co\u015b z\u0142owisz, mo\u017cesz nawet grillowa\u0107 i cieszy\u0107 si\u0119 ryb\u0105 bezpo\u015brednio na \u0142odzi! Pomi\u0119dzy sesjami w\u0119dkarskimi mo\u017cna robi\u0107 orze\u017awiaj\u0105ce przerwy na p\u0142ywanie lub po prostu zrelaksowa\u0107 si\u0119 pod s\u0142o\u0144cem. Dzi\u0119ki spokojnemu szumowi fal i delikatnej morskiej bryzie ta wycieczka jest idealn\u0105 ucieczk\u0105 od zgie\u0142ku miasta.<\/p>\n<h3><span style=\"color: #000000;\"><strong>\ud83d\uddfa\ufe0f Plan podr\u00f3\u017cy<\/strong><\/span><\/h3>\n<p>Odbi\u00f3r z hoteli i apartament\u00f3w w Alanyi<br \/>\n\ud83d\udd39 Przybycie do Turkler Harbor<br \/>\nWyp\u0142yni\u0119cie na otwarte morze i rozpocz\u0119cie po\u0142ow\u00f3w<br \/>\nW\u0119dkowanie, p\u0142ywanie i przerwy na relaks<br \/>\nLunch serwowany na pok\u0142adzie<br \/>\nPowr\u00f3t do portu w Alanyi<br \/>\nOdwiezienie z powrotem do hotelu<\/p>\n<h3><span style=\"color: #000000;\"><strong>\u2139\ufe0f Przydatne informacje<\/strong><\/span><\/h3>\n<p>Czas trwania: Oko\u0142o 5 godzin (w tym transfery)<br \/>\nCzas wyjazdu: Dost\u0119pne sesje poranne (09:00) i popo\u0142udniowe (14:00)<br \/>\nUdogodnienia na \u0142odzi: WC i prysznic dost\u0119pne na pok\u0142adzie<br \/>\nZalecane: zabierz ze sob\u0105 krem z filtrem przeciws\u0142onecznym, kapelusz, r\u0119cznik i str\u00f3j k\u0105pielowy.<br \/>\nWielko\u015b\u0107 grupy: ma\u0142e grupy zapewniaj\u0105ce komfort i spersonalizowane do\u015bwiadczenie<\/p>\n<h2><strong>Co zabra\u0107 ze sob\u0105<\/strong><\/h2>\n<p>Str\u00f3j k\u0105pielowy i r\u0119cznik<br \/>\nOchrona przeciws\u0142oneczna i kapelusz<br \/>\nOkulary przeciws\u0142oneczne<br \/>\nAparat fotograficzny lub telefon do zdj\u0119\u0107<\/p>\n<h3><span style=\"color: #000000;\"><strong>Nieodpowiednie dla<\/strong><\/span><\/h3>\n<p>Go\u015bcie z powa\u017cn\u0105 chorob\u0105 lokomocyjn\u0105<br \/>\nOsoby o ograniczonej sprawno\u015bci ruchowej<\/p>\n<h2 dir=\"ltr\">\ud83d\udcb8\u00a0<strong>Cena i rezerwacja<\/strong><\/h2>\n<p dir=\"ltr\"><strong>Zarezerwuj teraz, zap\u0142a\u0107 w dniu wycieczki<\/strong><br \/>\nSkontaktuj si\u0119 z nami przez WhatsApp, Telegram, Viber lub wype\u0142nij poni\u017cszy formularz rezerwacji. \ud83d\udc47\ud83c\udffc<\/p>\n<p>Szukasz alternatyw? Przegl\u0105daj <a href=\"https:\/\/excursionsworld.com\/pl\/alanya-wycieczki\/\">wi\u0119cej wycieczek po Alanii<\/a>.<\/p>","protected":false},"excerpt":{"rendered":"<p data-start=\"171\" data-end=\"381\">Zarezerwuj <b>Wycieczka w\u0119dkarska do Alanyi<\/b>! Ciesz si\u0119 relaksuj\u0105cym <b>Wyprawa w\u0119dkarska<\/b> i p\u0142ywanie na Morzu \u015ar\u00f3dziemnym <b>wycieczka<\/b>. Sprz\u0119t, lunch i <b>transfer wliczony w cen\u0119<\/b>. Amatorzy mile widziani!<\/p>","protected":false},"featured_media":15809,"comment_status":"open","ping_status":"closed","template":"","meta":[],"product_brand":[],"product_cat":[128],"product_tag":[111],"class_list":{"0":"post-15167","1":"product","2":"type-product","3":"status-publish","4":"has-post-thumbnail","6":"tour_phys-alanya-tours","7":"product_cat-alanya-tours","8":"product_tag-alanya","9":"pa_destination-alanya-tours","11":"first","12":"instock","13":"sale","14":"shipping-taxable","15":"purchasable","16":"product-type-tour_phys"},"aioseo_notices":[],"_links":{"self":[{"href":"https:\/\/excursionsworld.com\/pl\/wp-json\/wp\/v2\/product\/15167","targetHints":{"allow":["GET"]}}],"collection":[{"href":"https:\/\/excursionsworld.com\/pl\/wp-json\/wp\/v2\/product"}],"about":[{"href":"https:\/\/excursionsworld.com\/pl\/wp-json\/wp\/v2\/types\/product"}],"replies":[{"embeddable":true,"href":"https:\/\/excursionsworld.com\/pl\/wp-json\/wp\/v2\/comments?post=15167"}],"wp:featuredmedia":[{"embeddable":true,"href":"https:\/\/excursionsworld.com\/pl\/wp-json\/wp\/v2\/media\/15809"}],"wp:attachment":[{"href":"https:\/\/excursionsworld.com\/pl\/wp-json\/wp\/v2\/media?parent=15167"}],"wp:term":[{"taxonomy":"product_brand","embeddable":true,"href":"https:\/\/excursionsworld.com\/pl\/wp-json\/wp\/v2\/product_brand?post=15167"},{"taxonomy":"product_cat","embeddable":true,"href":"https:\/\/excursionsworld.com\/pl\/wp-json\/wp\/v2\/product_cat?post=15167"},{"taxonomy":"product_tag","embeddable":true,"href":"https:\/\/excursionsworld.com\/pl\/wp-json\/wp\/v2\/product_tag?post=15167"}],"curies":[{"name":"wp","href":"https:\/\/api.w.org\/{rel}","templated":true}]}}