{"id":15187,"date":"2025-10-21T19:01:50","date_gmt":"2025-10-21T16:01:50","guid":{"rendered":"https:\/\/excursionsworld.com\/?post_type=product&#038;p=15187"},"modified":"2026-04-24T01:26:58","modified_gmt":"2026-04-23T22:26:58","slug":"alanya-nurkowanie-snorkeling","status":"publish","type":"product","link":"https:\/\/excursionsworld.com\/tours\/alanya-scuba-diving-snorkeling\/","title":{"rendered":"Nurkowanie i snorkeling w Alanyi \u2013 scuba diving"},"content":{"rendered":"<h2 dir=\"ltr\" data-pm-slice=\"1 1 []\"><strong>Przegl\u0105d<\/strong><\/h2>\n<p>Zanurz si\u0119 w hipnotyzuj\u0105cym podwodnym \u015bwiecie Side i odkryj najwi\u0119ksze podwodne muzeum w Europie! Idealna zar\u00f3wno dla pocz\u0105tkuj\u0105cych, jak i certyfikowanych nurk\u00f3w, ta wycieczka oferuje dwa nurkowania z przewodnikiem, pyszny lunch na pok\u0142adzie i transfery do hotelu - wszystko w jeden niezapomniany dzie\u0144.<\/p>\n<h3><span style=\"color: #000000;\"><strong>\u00a0W zestawie:<\/strong><\/span><\/h3>\n<p><span style=\"color: #00ff00;\"><strong>\u2713<\/strong> <\/span>Odbi\u00f3r i dow\u00f3z do hotelu<br \/>\n<span style=\"color: #00ff00;\"><strong>\u2713<\/strong> <\/span>Pe\u0142ne ubezpieczenie<br \/>\n<span style=\"color: #00ff00;\"><strong>\u2713<\/strong> <\/span>Profesjonalni instruktorzy nurkowania<br \/>\n<span style=\"color: #00ff00;\"><strong>\u2713<\/strong> <\/span>Pe\u0142ny sprz\u0119t do nurkowania<br \/>\n<span style=\"color: #00ff00;\"><strong>\u2713<\/strong> <\/span>Dwa nurkowania (podwodne muzeum)<br \/>\n<span style=\"color: #00ff00;\"><strong>\u2713<\/strong> <\/span>Lunch na \u0142odzi<\/p>\n<h3>\u00a0<span style=\"color: #000000;\"><strong>Nie zawiera:<\/strong><\/span><\/h3>\n<p><strong><span style=\"color: #ff0000;\">\u2717<\/span> <\/strong>Wydatki osobiste<br \/>\n<strong><span style=\"color: #ff0000;\">\u2717<\/span> <\/strong>Napoje<\/p>\n<h2><span style=\"color: #000000;\"><strong>Najwa\u017cniejsze atrakcje wycieczki<\/strong><\/span><\/h2>\n<p>\ud83d\udd39 Odkryj najwi\u0119ksze podwodne muzeum w Europie<br \/>\n\ud83d\udd39 Dwa nurkowania pod okiem certyfikowanych instruktor\u00f3w<br \/>\nIdealny zar\u00f3wno dla pocz\u0105tkuj\u0105cych, jak i do\u015bwiadczonych nurk\u00f3w<br \/>\nRelaks i lunch na pok\u0142adzie mi\u0119dzy nurkowaniami<br \/>\nBezp\u0142atny transfer ze wszystkich hoteli w Side<\/p>\n<h2><span style=\"color: #000000;\"><strong>Pe\u0142ny opis<\/strong><\/span><\/h2>\n<p>Rozpocznij dzie\u0144 od odbioru z hotelu oko\u0142o godziny 09:00 i udaj si\u0119 do Side Harbour. Po wej\u015bciu na pok\u0142ad otrzymasz pe\u0142ne szkolenie i instrukcje bezpiecze\u0144stwa od profesjonalnych instruktor\u00f3w. Ciesz si\u0119 dwoma nurkowaniami w Muzeum Podwodnym - ka\u017cde nurkowanie trwa 20 minut dla pocz\u0105tkuj\u0105cych i do 40 minut dla certyfikowanych nurk\u00f3w. Pomi\u0119dzy nurkowaniami mo\u017cna zje\u015b\u0107 \u015bwie\u017co przygotowany lunch na pok\u0142adzie i zrelaksowa\u0107 si\u0119 pod s\u0142o\u0144cem. Po drugim nurkowaniu pop\u0142y\u0144 z powrotem do portu i wr\u00f3\u0107 do hotelu oko\u0142o godziny 16:00.<\/p>\n<h3><span style=\"color: #000000;\"><strong>\ud83d\uddfa\ufe0f Plan podr\u00f3\u017cy<\/strong><\/span><\/h3>\n<p>09:00 - Odbi\u00f3r z hotelu<br \/>\n\ud83d\udd39 Przybycie do Side Harbour i wej\u015bcie na pok\u0142ad<br \/>\n\u017begluga do miejsca nurkowania<br \/>\nSzkolenie i odprawa bezpiecze\u0144stwa<br \/>\nPierwsze nurkowanie (20-40 minut)<br \/>\nLunch na \u0142odzi<br \/>\nDrugie nurkowanie (20-40 minut)<br \/>\nPowr\u00f3t do portu i odbi\u00f3r z hotelu<\/p>\n<h3><span style=\"color: #000000;\"><strong>\u2139\ufe0f Przydatne informacje<\/strong><\/span><\/h3>\n<p>Dost\u0119pne codziennie<br \/>\nMinimalny wiek nurkowania: 14 lat<br \/>\nOsoby nienurkuj\u0105ce mog\u0105 do\u0142\u0105czy\u0107 za po\u0142ow\u0119 ceny.<br \/>\nNie zapomnij: str\u00f3j k\u0105pielowy, r\u0119cznik, krem do opalania<\/p>\n<h2><span style=\"color: #000000;\"><strong>Co zabra\u0107 ze sob\u0105<\/strong><\/span><\/h2>\n<p>Str\u00f3j k\u0105pielowy i r\u0119cznik<br \/>\nOchrona przeciws\u0142oneczna i kapelusz<br \/>\nWygodne ubrania<br \/>\nNiewielka got\u00f3wka na dodatki<\/p>\n<h3><span style=\"color: #000000;\"><strong>Nieodpowiednie dla<\/strong><\/span><\/h3>\n<p>Kobiety w ci\u0105\u017cy<br \/>\nGo\u015bcie z powa\u017cnymi schorzeniami kr\u0119gos\u0142upa lub serca<\/p>\n<h2 dir=\"ltr\">\ud83d\udcb8\u00a0<strong>Cena i rezerwacja<\/strong><\/h2>\n<p dir=\"ltr\"><strong>Zarezerwuj teraz, zap\u0142a\u0107 w dniu wycieczki<\/strong><br \/>\nSkontaktuj si\u0119 z nami przez WhatsApp, Telegram, Viber lub wype\u0142nij poni\u017cszy formularz rezerwacji. \ud83d\udc47\ud83c\udffc<\/p>\n<p>Szukasz alternatyw? Przegl\u0105daj <a href=\"https:\/\/excursionsworld.com\/pl\/alanya-wycieczki\/\">wi\u0119cej <\/a><a href=\"https:\/\/en.wikipedia.org\/wiki\/Alanya\" target=\"_blank\" rel=\"noopener\">Alanya<\/a><a href=\"https:\/\/excursionsworld.com\/pl\/alanya-wycieczki\/\"> wycieczki<\/a>.<\/p>","protected":false},"excerpt":{"rendered":"<p>Zarezerwuj <b>Alanya Scuba Diving Tour<\/b>! Discover the underwater world with <b>two dives<\/b> near <b>Zamek Alanya<\/b>. <b>Excursion<\/b> dla <b>pocz\u0105tkuj\u0105cy<\/b> and certified divers. <b>Transfer wliczony w cen\u0119<\/b>!<\/p>","protected":false},"featured_media":15811,"comment_status":"open","ping_status":"closed","template":"","meta":[],"product_brand":[],"product_cat":[128],"product_tag":[111],"class_list":{"0":"post-15187","1":"product","2":"type-product","3":"status-publish","4":"has-post-thumbnail","6":"tour_phys-alanya-tours","7":"product_cat-alanya-tours","8":"product_tag-alanya","9":"pa_destination-alanya-tours","11":"first","12":"instock","13":"sale","14":"shipping-taxable","15":"purchasable","16":"product-type-tour_phys"},"aioseo_notices":[],"_links":{"self":[{"href":"https:\/\/excursionsworld.com\/pl\/wp-json\/wp\/v2\/product\/15187","targetHints":{"allow":["GET"]}}],"collection":[{"href":"https:\/\/excursionsworld.com\/pl\/wp-json\/wp\/v2\/product"}],"about":[{"href":"https:\/\/excursionsworld.com\/pl\/wp-json\/wp\/v2\/types\/product"}],"replies":[{"embeddable":true,"href":"https:\/\/excursionsworld.com\/pl\/wp-json\/wp\/v2\/comments?post=15187"}],"wp:featuredmedia":[{"embeddable":true,"href":"https:\/\/excursionsworld.com\/pl\/wp-json\/wp\/v2\/media\/15811"}],"wp:attachment":[{"href":"https:\/\/excursionsworld.com\/pl\/wp-json\/wp\/v2\/media?parent=15187"}],"wp:term":[{"taxonomy":"product_brand","embeddable":true,"href":"https:\/\/excursionsworld.com\/pl\/wp-json\/wp\/v2\/product_brand?post=15187"},{"taxonomy":"product_cat","embeddable":true,"href":"https:\/\/excursionsworld.com\/pl\/wp-json\/wp\/v2\/product_cat?post=15187"},{"taxonomy":"product_tag","embeddable":true,"href":"https:\/\/excursionsworld.com\/pl\/wp-json\/wp\/v2\/product_tag?post=15187"}],"curies":[{"name":"wp","href":"https:\/\/api.w.org\/{rel}","templated":true}]}}