{"id":15189,"date":"2025-10-21T20:52:22","date_gmt":"2025-10-21T17:52:22","guid":{"rendered":"https:\/\/excursionsworld.com\/?post_type=product&#038;p=15189"},"modified":"2026-04-24T01:26:58","modified_gmt":"2026-04-23T22:26:58","slug":"kanion-sapadere-rzeka-dim-alanya","status":"publish","type":"product","link":"https:\/\/excursionsworld.com\/tours\/alanya-sapadere-canyon-dim-river-dim-cave\/","title":{"rendered":"Alanya: Kanion Sapadere, Rzeka Dim i Jaskinia Dim \u2013 Ca\u0142odniowa wycieczka"},"content":{"rendered":"<h2><span style=\"color: #000000;\"><strong>\ud83c\udfdd\ufe0f Przegl\u0105d<\/strong><\/span><\/h2>\n<p>Ucieknij od \u015br\u00f3dziemnomorskiego upa\u0142u i odkrywaj <a href=\"https:\/\/en.wikipedia.org\/wiki\/Alanya\" target=\"_blank\" rel=\"noopener\">Alanya<\/a>\u2019najbardziej zapieraj\u0105ce dech w piersiach cuda natury z <strong>Kanion Sapadere i wycieczka nad rzek\u0119 Dim<\/strong>. Ta ca\u0142odniowa przygoda \u0142\u0105czy w sobie orze\u017awiaj\u0105c\u0105 przyrod\u0119, g\u00f3rskie krajobrazy i relaks nad s\u0142ynn\u0105 rzek\u0105 Dim - to idealny spos\u00f3b na ucieczk\u0119 od wybrze\u017ca.<\/p>\n<h3>\u00a0<span style=\"color: #000000;\"><strong>W zestawie:<\/strong><\/span><\/h3>\n<p><strong><span style=\"color: #00ff00;\">\u2713<\/span> <\/strong>Odbi\u00f3r i dow\u00f3z do hotelu<br \/>\n<strong><span style=\"color: #00ff00;\">\u2713<\/span> <\/strong>Profesjonalne us\u0142ugi przewodnickie<br \/>\n<strong><span style=\"color: #00ff00;\">\u2713<\/span> <\/strong>Pe\u0142ne ubezpieczenie<br \/>\n<strong><span style=\"color: #00ff00;\">\u2713<\/span> <\/strong>Lunch w Dim River<br \/>\n<strong><span style=\"color: #00ff00;\">\u2713<\/span> <\/strong>Wej\u015bcie do kanionu Sapadere<\/p>\n<h3>\u00a0<span style=\"color: #000000;\"><strong>Nie zawiera:<\/strong><\/span><\/h3>\n<p><strong><span style=\"color: #ff0000;\">\u2717<\/span> <\/strong>Wej\u015bcie do jaskini Dim (opcjonalnie)<br \/>\n<strong><span style=\"color: #ff0000;\">\u2717<\/span> <\/strong>Napoje<br \/>\n<strong><span style=\"color: #ff0000;\">\u2717<\/span> <\/strong>Wydatki osobiste (zdj\u0119cia, pami\u0105tki itp.)<\/p>\n<h2><span style=\"color: #000000;\"><strong>Najwa\u017cniejsze atrakcje wycieczki<\/strong><\/span><\/h2>\n<p>Spacer 600-metrow\u0105 drewnian\u0105 \u015bcie\u017ck\u0105 przez <strong>Kanion Sapadere<\/strong>, otoczony wodospadami i krystalicznie czystymi basenami.<br \/>\nEksploruj <strong>Dim Cave<\/strong>, jedna z najbardziej imponuj\u0105cych naturalnych jaski\u0144 wapiennych w Alanyi.<br \/>\n\ud83d\udd39 Ciesz si\u0119 relaksem <strong>lunch w Dim River<\/strong>, z altanami zbudowanymi nad ch\u0142odn\u0105, czyst\u0105 wod\u0105.<br \/>\nIdealny dla mi\u0142o\u015bnik\u00f3w przyrody, fotograf\u00f3w i rodzin szukaj\u0105cych od\u015bwie\u017caj\u0105cego wypoczynku.<\/p>\n<h2><span style=\"color: #000000;\"><strong>Pe\u0142ny opis<\/strong><\/span><\/h2>\n<p>Podr\u00f3\u017c rozpoczyna si\u0119 od odbioru z hotelu w Alanyi i malowniczej przeja\u017cd\u017cki przez g\u00f3ry Taurus w pojazdach z otwartym dachem.<br \/>\nPierwszy przystanek to <strong>Kanion Sapadere<\/strong>, ukryty klejnot przyrody oferuj\u0105cy \u015bcie\u017cki spacerowe, wodospady i naturalne baseny, w kt\u00f3rych mo\u017cna nawet wzi\u0105\u0107 zimn\u0105 k\u0105piel. Nast\u0119pnie odkryj <strong>Dim Cave<\/strong>, podziemny \u015bwiat stalaktyt\u00f3w i stalagmit\u00f3w licz\u0105cy tysi\u0105ce lat.<br \/>\nNa koniec udaj si\u0119 do <strong>Dim River<\/strong>, Popularny piknik i k\u0105pielisko, gdzie mo\u017cna zje\u015b\u0107 pyszny lunch w zacienionych altanach nad rzek\u0105 przed powrotem do hotelu.<\/p>\n<h3><span style=\"color: #000000;\"><strong>\ud83d\uddfa\ufe0f Plan podr\u00f3\u017cy<\/strong><\/span><\/h3>\n<p>Odbi\u00f3r z hoteli w regionie Alanyi<br \/>\nMalownicza przeja\u017cd\u017cka i przerwa na zdj\u0119cia z widokiem na morze<br \/>\nWizyta w kanionie Sapadere<br \/>\nWizyta w Dim Cave (opcjonalnie)<br \/>\nLunch i przerwa na p\u0142ywanie w Dim River<br \/>\nTransfer powrotny do hoteli<\/p>\n<h3><span style=\"color: #000000;\"><strong>\u2139\ufe0f Przydatne informacje<\/strong><\/span><\/h3>\n<p>Czas trwania: Oko\u0142o 7-8 godzin<br \/>\nDost\u0119pne codziennie<br \/>\nZalecane: Wygodne buty i str\u00f3j k\u0105pielowy<br \/>\nPrzynie\u015b\u0107: Krem przeciws\u0142oneczny, r\u0119cznik i wod\u0119<br \/>\nPojazdy: Jeepy lub furgonetki z otwartym dachem dla lepszych widok\u00f3w<\/p>\n<h2><span style=\"color: #000000;\"><strong>Co zabra\u0107 ze sob\u0105<\/strong><\/span><\/h2>\n<p>Wygodne buty<br \/>\nStr\u00f3j k\u0105pielowy i r\u0119cznik<br \/>\nOkulary przeciws\u0142oneczne i filtr przeciws\u0142oneczny<br \/>\nNiewielka got\u00f3wka na wydatki osobiste<\/p>\n<h3><span style=\"color: #000000;\"><strong>Nieodpowiednie dla<\/strong><\/span><\/h3>\n<p>Rodziny z niemowl\u0119tami<br \/>\nGo\u015bcie z problemami z poruszaniem si\u0119 lub powa\u017cnymi schorzeniami<\/p>\n<h2 dir=\"ltr\">\ud83d\udcb8\u00a0<strong>Cena i rezerwacja<\/strong><\/h2>\n<p dir=\"ltr\"><strong>Zarezerwuj teraz, zap\u0142a\u0107 w dniu wycieczki<\/strong><br \/>\nSkontaktuj si\u0119 z nami przez WhatsApp, Telegram, Viber lub wype\u0142nij poni\u017cszy formularz rezerwacji. \ud83d\udc47\ud83c\udffc<\/p>\n<p>Szukasz alternatyw? Przegl\u0105daj <a href=\"https:\/\/excursionsworld.com\/pl\/alanya-wycieczki\/\">wi\u0119cej wycieczek po Alanii<\/a>.<\/p>","protected":false},"excerpt":{"rendered":"<p>Escape to nature with the <b>Alanya Sapadere Canyon Tour<\/b>! Explore the 600m canyon, <b>Dim Cave<\/b>, and relax by <b>Dim River<\/b>. Great nature <b>wycieczka<\/b> z <b>lunch<\/b> oraz <b>transfer wliczony w cen\u0119<\/b>.<\/p>","protected":false},"featured_media":15203,"comment_status":"open","ping_status":"closed","template":"","meta":[],"product_brand":[],"product_cat":[128],"product_tag":[111],"class_list":{"0":"post-15189","1":"product","2":"type-product","3":"status-publish","4":"has-post-thumbnail","6":"tour_phys-alanya-tours","7":"product_cat-alanya-tours","8":"product_tag-alanya","9":"pa_destination-alanya-tours","11":"first","12":"instock","13":"sale","14":"shipping-taxable","15":"purchasable","16":"product-type-tour_phys"},"aioseo_notices":[],"_links":{"self":[{"href":"https:\/\/excursionsworld.com\/pl\/wp-json\/wp\/v2\/product\/15189","targetHints":{"allow":["GET"]}}],"collection":[{"href":"https:\/\/excursionsworld.com\/pl\/wp-json\/wp\/v2\/product"}],"about":[{"href":"https:\/\/excursionsworld.com\/pl\/wp-json\/wp\/v2\/types\/product"}],"replies":[{"embeddable":true,"href":"https:\/\/excursionsworld.com\/pl\/wp-json\/wp\/v2\/comments?post=15189"}],"wp:featuredmedia":[{"embeddable":true,"href":"https:\/\/excursionsworld.com\/pl\/wp-json\/wp\/v2\/media\/15203"}],"wp:attachment":[{"href":"https:\/\/excursionsworld.com\/pl\/wp-json\/wp\/v2\/media?parent=15189"}],"wp:term":[{"taxonomy":"product_brand","embeddable":true,"href":"https:\/\/excursionsworld.com\/pl\/wp-json\/wp\/v2\/product_brand?post=15189"},{"taxonomy":"product_cat","embeddable":true,"href":"https:\/\/excursionsworld.com\/pl\/wp-json\/wp\/v2\/product_cat?post=15189"},{"taxonomy":"product_tag","embeddable":true,"href":"https:\/\/excursionsworld.com\/pl\/wp-json\/wp\/v2\/product_tag?post=15189"}],"curies":[{"name":"wp","href":"https:\/\/api.w.org\/{rel}","templated":true}]}}