{"id":15251,"date":"2025-10-23T13:20:24","date_gmt":"2025-10-23T10:20:24","guid":{"rendered":"https:\/\/excursionsworld.com\/?post_type=product&#038;p=15251"},"modified":"2026-03-14T21:26:54","modified_gmt":"2026-03-14T18:26:54","slug":"green-kanion-jeep-safari-alanya","status":"publish","type":"product","link":"https:\/\/excursionsworld.com\/tours\/green-canyon-jeep-safari-alanya\/","title":{"rendered":"Green Canyon Jeep Safari z Alanyi \u2013 Zielony Kanion"},"content":{"rendered":"<h3 data-start=\"0\" data-end=\"19\"><span style=\"color: #000000;\"><strong>\ud83c\udfde\ufe0f Przegl\u0105d<\/strong><\/span><\/h3>\n<p data-start=\"21\" data-end=\"375\">Do\u0142\u0105cz do <strong data-start=\"30\" data-end=\"63\">Green Canyon Jeep Safari Tour<\/strong> na dzie\u0144 pe\u0142en <strong data-start=\"82\" data-end=\"112\">Przygoda, natura i zabawa<\/strong>! Odkryj osza\u0142amiaj\u0105ce <strong data-start=\"135\" data-end=\"167\">Zapora Oymap\u0131nar (Zielony Kanion)<\/strong> i <strong data-start=\"176\" data-end=\"196\">G\u00f3ry Taurus<\/strong> na otwartych jeepach Land Rover i autobusach cabrio. Ta terenowa podr\u00f3\u017c jest idealna dla poszukiwaczy mocnych wra\u017ce\u0144 i mi\u0142o\u015bnik\u00f3w przyrody, kt\u00f3rzy chc\u0105 odkry\u0107 dzikie pi\u0119kno Turcji poza pla\u017c\u0105.<\/p>\n<h3 data-start=\"377\" data-end=\"392\"><span style=\"color: #000000;\"><strong>W zestawie:<\/strong><\/span><\/h3>\n<p data-start=\"393\" data-end=\"575\"><strong><span style=\"color: #00ff00;\">\u2713<\/span><\/strong> Odbi\u00f3r i dow\u00f3z do hotelu<br data-start=\"439\" data-end=\"442\" \/><strong><span style=\"color: #00ff00;\">\u2713 <\/span><\/strong>Profesjonalny przewodnik<br data-start=\"462\" data-end=\"465\" \/><strong><span style=\"color: #00ff00;\">\u2713 <\/span><\/strong>Safari jeepem terenowym<br data-start=\"487\" data-end=\"490\" \/><strong><span style=\"color: #00ff00;\">\u2713 <\/span><\/strong>Godzinna wycieczka \u0142odzi\u0105 po jeziorze Green Lake<br data-start=\"524\" data-end=\"527\" \/><strong><span style=\"color: #00ff00;\">\u2713 <\/span><\/strong>Lunch w restauracji nad jeziorem<br data-start=\"559\" data-end=\"562\" \/><strong><span style=\"color: #00ff00;\">\u2713 <\/span><\/strong>Ubezpieczenie<\/p>\n<h3 data-start=\"577\" data-end=\"596\"><span style=\"color: #000000;\"><strong>Nie zawiera:<\/strong><\/span><\/h3>\n<p data-start=\"597\" data-end=\"651\"><strong><span style=\"color: #ff0000;\">\u2717<\/span><\/strong> Napoje<br data-start=\"605\" data-end=\"608\" \/><strong><span style=\"color: #ff0000;\">\u2717<\/span><\/strong> Wydatki osobiste<br data-start=\"627\" data-end=\"630\" \/><strong><span style=\"color: #ff0000;\">\u2717<\/span><\/strong> Zdj\u0119cia i filmy<\/p>\n<h3 data-start=\"653\" data-end=\"678\"><span style=\"color: #000000;\"><strong>Najwa\u017cniejsze atrakcje wycieczki<\/strong><\/span><\/h3>\n<p data-start=\"679\" data-end=\"989\">Ekscytuj\u0105ca przygoda terenowa wok\u00f3\u0142 Green Canyon<br data-start=\"729\" data-end=\"732\" \/>Relaksuj\u0105ca godzinna wycieczka \u0142odzi\u0105 po Zielonym Jeziorze<br data-start=\"780\" data-end=\"783\" \/>Wizyta w tureckiej wiosce nomad\u00f3w i ogrodach owocowych<br data-start=\"833\" data-end=\"836\" \/>Sceniczne przystanki fotograficzne z widokiem na kanion i morze<br data-start=\"888\" data-end=\"891\" \/>P\u0142ywanie, kajakarstwo lub w\u0119dkowanie w jeziorze<br data-start=\"936\" data-end=\"939\" \/>Wycieczka rodzinna z profesjonalnymi przewodnikami<\/p>\n<h3 data-start=\"991\" data-end=\"1017\"><span style=\"color: #000000;\"><strong>Pe\u0142ny opis<\/strong><\/span><\/h3>\n<div data-start=\"1019\" data-end=\"1301\">Prze\u017cyj dreszczyk emocji <strong data-start=\"1046\" data-end=\"1061\">jeep safari<\/strong> przez zapieraj\u0105ce dech w piersiach krajobrazy <strong data-start=\"1105\" data-end=\"1126\">Obszar Green Canyon<\/strong>, po\u0142o\u017cony oko\u0142o 80 km od Alanyi. Wycieczka rozpoczyna si\u0119 od odbioru z hotelu i malowniczej przeja\u017cd\u017cki do <strong data-start=\"1225\" data-end=\"1245\">G\u00f3ry Taurus<\/strong>, gdzie otaczaj\u0105 Ci\u0119 sosnowe lasy i panoramiczne widoki. Twoja przygoda obejmuje <strong data-start=\"1327\" data-end=\"1352\">dwa odcinki terenowe<\/strong>, przystanki fotograficzne w staro\u017cytnym <strong data-start=\"1377\" data-end=\"1396\">Rzymskie akwedukty<\/strong>, i wizyty w <strong data-start=\"1414\" data-end=\"1437\">lokalna wioska nomad\u00f3w<\/strong>, <strong data-start=\"1439\" data-end=\"1456\">ogrody owocowe<\/strong>, oraz <strong data-start=\"1464\" data-end=\"1477\">ma\u0142e zoo<\/strong> - daj\u0105c wgl\u0105d w autentyczne \u017cycie na wsi. W po\u0142udnie, cieszy\u0107 si\u0119 <strong data-start=\"1548\" data-end=\"1567\">pyszny lunch<\/strong> w restauracji nad jeziorem z widokiem na <strong data-start=\"1609\" data-end=\"1631\">szmaragdowo-zielone jezioro<\/strong>. Po obiedzie mo\u017cna zrelaksowa\u0107 si\u0119 <strong data-start=\"1659\" data-end=\"1672\">wycieczka \u0142odzi\u0105<\/strong> na spokojnych wodach Green Lake, a nast\u0119pnie czas wolny na <strong data-start=\"1733\" data-end=\"1767\">p\u0142ywanie, kajakarstwo lub w\u0119dkarstwo<\/strong>. Dzie\u0144 zako\u0144czy si\u0119 drug\u0105 cz\u0119\u015bci\u0105 <strong data-start=\"1813\" data-end=\"1831\">szlak terenowy<\/strong>, Przejazd malowniczymi g\u00f3rskimi drogami przed powrotem do hotelu w Alanyi.<\/div>\n<h3 data-start=\"1924\" data-end=\"1949\"><span style=\"color: #000000;\"><strong>\ud83d\uddfa\ufe0f Plan podr\u00f3\u017cy<\/strong><\/span><\/h3>\n<p data-start=\"1950\" data-end=\"2378\">Odbi\u00f3r z hoteli w regionie Alanyi<br data-start=\"1988\" data-end=\"1991\" \/>Przejazd do Green Canyon jeepami z otwartym dachem<br data-start=\"2033\" data-end=\"2036\" \/>Pierwszy odcinek terenowy i przystanek fotograficzny przy rzymskich akweduktach<br data-start=\"2095\" data-end=\"2098\" \/>Wizyta w wiosce nomad\u00f3w, ogrodach owocowych i mini zoo<br data-start=\"2149\" data-end=\"2152\" \/>Malowniczy punkt widokowy z widokiem na Morze \u015ar\u00f3dziemne<br data-start=\"2201\" data-end=\"2204\" \/>Lunch w restauracji nad jeziorem<br data-start=\"2235\" data-end=\"2238\" \/>Godzinna wycieczka \u0142odzi\u0105 po jeziorze Green Lake<br data-start=\"2273\" data-end=\"2276\" \/>Czas wolny na p\u0142ywanie i relaks<br data-start=\"2316\" data-end=\"2319\" \/>\ud83d\udd39 Drugi odcinek terenowy<br data-start=\"2345\" data-end=\"2348\" \/>Transfer powrotny do hoteli<\/p>\n<h3 data-start=\"2380\" data-end=\"2408\"><span style=\"color: #000000;\"><strong>\u2139\ufe0f Przydatne informacje<\/strong><\/span><\/h3>\n<p data-start=\"2409\" data-end=\"2631\">Czas trwania: oko\u0142o 7-8 godzin<br data-start=\"2445\" data-end=\"2448\" \/>Odpowiedni dla rodzin i mi\u0142o\u015bnik\u00f3w przyg\u00f3d<br data-start=\"2493\" data-end=\"2496\" \/>Je\u015bli chcesz pop\u0142ywa\u0107 w jeziorze, we\u017a ze sob\u0105 str\u00f3j k\u0105pielowy.<br data-start=\"2545\" data-end=\"2548\" \/>angloj\u0119zyczni przewodnicy<br data-start=\"2574\" data-end=\"2577\" \/>Dzieci poni\u017cej 5. roku \u017cycia podr\u00f3\u017cuj\u0105 bezp\u0142atnie, ale dziel\u0105 miejsce w autobusie.<\/p>\n<h3 data-start=\"2633\" data-end=\"2656\"><span style=\"color: #000000;\"><strong>Co zabra\u0107 ze sob\u0105<\/strong><\/span><\/h3>\n<p data-start=\"2657\" data-end=\"2787\">Str\u00f3j k\u0105pielowy i r\u0119cznik<br data-start=\"2678\" data-end=\"2681\" \/>Ochrona przeciws\u0142oneczna i okulary przeciws\u0142oneczne<br data-start=\"2708\" data-end=\"2711\" \/>Kapelusz lub czapka<br data-start=\"2724\" data-end=\"2727\" \/>Aparat fotograficzny lub telefon<br data-start=\"2745\" data-end=\"2748\" \/>Drobna got\u00f3wka na napoje lub pami\u0105tki<\/p>\n<h3 data-start=\"2789\" data-end=\"2815\"><span style=\"color: #000000;\"><strong>Nieodpowiednie dla<\/strong><\/span><\/h3>\n<p data-start=\"2816\" data-end=\"2874\">Go\u015bcie z problemami z kr\u0119gos\u0142upem lub szyj\u0105<br data-start=\"2852\" data-end=\"2855\" \/>Kobiety w ci\u0105\u017cy<\/p>\n<h3 dir=\"ltr\">\ud83d\udcb8\u00a0<strong>Cena i rezerwacja<\/strong><\/h3>\n<p dir=\"ltr\"><strong>Zarezerwuj teraz, zap\u0142a\u0107 w dniu wycieczki<\/strong><br \/>\nSkontaktuj si\u0119 z nami przez WhatsApp, Telegram, Viber lub wype\u0142nij poni\u017cszy formularz rezerwacji. \ud83d\udc47\ud83c\udffc<\/p>","protected":false},"excerpt":{"rendered":"<p>Zarezerwuj <b>Alanya Green Canyon Jeep Safari<\/b>! Ekscytuj\u0105cy off-road <b>wycieczka<\/b> w g\u00f3rach Taurus. Zawiera <b>wycieczka \u0142odzi\u0105<\/b>, <b>lunch<\/b>, p\u0142ywanie i zabawa. Przygoda <b>trasa<\/b>!<\/p>","protected":false},"featured_media":15297,"comment_status":"open","ping_status":"closed","template":"","meta":[],"product_brand":[],"product_cat":[128],"product_tag":[111],"class_list":{"0":"post-15251","1":"product","2":"type-product","3":"status-publish","4":"has-post-thumbnail","6":"tour_phys-alanya-tours","7":"product_cat-alanya-tours","8":"product_tag-alanya","9":"pa_destination-alanya-tours","11":"first","12":"instock","13":"sale","14":"shipping-taxable","15":"purchasable","16":"product-type-tour_phys"},"aioseo_notices":[],"_links":{"self":[{"href":"https:\/\/excursionsworld.com\/pl\/wp-json\/wp\/v2\/product\/15251","targetHints":{"allow":["GET"]}}],"collection":[{"href":"https:\/\/excursionsworld.com\/pl\/wp-json\/wp\/v2\/product"}],"about":[{"href":"https:\/\/excursionsworld.com\/pl\/wp-json\/wp\/v2\/types\/product"}],"replies":[{"embeddable":true,"href":"https:\/\/excursionsworld.com\/pl\/wp-json\/wp\/v2\/comments?post=15251"}],"wp:featuredmedia":[{"embeddable":true,"href":"https:\/\/excursionsworld.com\/pl\/wp-json\/wp\/v2\/media\/15297"}],"wp:attachment":[{"href":"https:\/\/excursionsworld.com\/pl\/wp-json\/wp\/v2\/media?parent=15251"}],"wp:term":[{"taxonomy":"product_brand","embeddable":true,"href":"https:\/\/excursionsworld.com\/pl\/wp-json\/wp\/v2\/product_brand?post=15251"},{"taxonomy":"product_cat","embeddable":true,"href":"https:\/\/excursionsworld.com\/pl\/wp-json\/wp\/v2\/product_cat?post=15251"},{"taxonomy":"product_tag","embeddable":true,"href":"https:\/\/excursionsworld.com\/pl\/wp-json\/wp\/v2\/product_tag?post=15251"}],"curies":[{"name":"wp","href":"https:\/\/api.w.org\/{rel}","templated":true}]}}