{"id":15296,"date":"2025-10-24T20:27:13","date_gmt":"2025-10-24T17:27:13","guid":{"rendered":"https:\/\/excursionsworld.com\/?post_type=product&#038;p=15296"},"modified":"2026-03-13T23:17:08","modified_gmt":"2026-03-13T20:17:08","slug":"kapadocja-2-dni-alanya","status":"publish","type":"product","link":"https:\/\/excursionsworld.com\/tours\/cappadocia-2-day-alanya\/","title":{"rendered":"2-dniowa wycieczka do Kapadocji z Alanyi \u2013 Balon &amp; zwiedzanie"},"content":{"rendered":"<h3 data-start=\"232\" data-end=\"250\"><span style=\"color: #000000;\"><strong>Przegl\u0105d<\/strong><\/span><\/h3>\n<p data-start=\"251\" data-end=\"545\">Do\u0142\u0105cz do 2-dniowej wycieczki z przewodnikiem z Alanyi i pobliskich obszar\u00f3w (Konakl\u0131, Avsallar, T\u00fcrkler, Mahmutlar, Oba), aby odkry\u0107 magiczne krajobrazy Kapadocji. Odkryj bajkowe kominy, podziemne miasta i ko\u015bcio\u0142y jaskiniowe z profesjonalnym przewodnikiem - niezapomniane po\u0142\u0105czenie historii, przyrody i kultury.<\/p>\n<h3><span style=\"color: #000000;\"><strong>W zestawie:<\/strong><\/span><\/h3>\n<div data-start=\"436\" data-end=\"696\"><span style=\"color: #00ff00;\"><strong>\u2713<\/strong> <\/span>Odbi\u00f3r i dow\u00f3z do hotelu<\/div>\n<div data-start=\"436\" data-end=\"696\"><span style=\"color: #00ff00;\"><strong>\u2713<\/strong> <\/span>1 noc w hotelu (pok\u00f3j standardowy)<br data-start=\"603\" data-end=\"606\" \/><span style=\"color: #00ff00;\"><strong>\u2713<\/strong> <\/span>Kolacja pierwszego wieczoru<\/div>\n<div data-start=\"436\" data-end=\"696\"><span style=\"color: #00ff00;\"><strong>\u2713 <\/strong><\/span>\u015aniadanie (dzie\u0144 2 - w hotelu)<br data-start=\"635\" data-end=\"638\" \/><span style=\"color: #00ff00;\"><strong>\u2713<\/strong> <\/span>Op\u0142aty za wst\u0119p do g\u0142\u00f3wnych obiekt\u00f3w<br data-start=\"498\" data-end=\"501\" \/><span style=\"color: #00ff00;\"><strong>\u2713<\/strong> <\/span>Profesjonalny przewodnik<br data-start=\"521\" data-end=\"524\" \/><span style=\"color: #00ff00;\"><strong>\u2713<\/strong> <\/span>Ubezpieczenie wycieczki<br data-start=\"540\" data-end=\"543\" \/><span style=\"color: #00ff00;\"><strong>\u2713<\/strong> <\/span>Klimatyzowany autobus<\/div>\n<h3 data-start=\"698\" data-end=\"926\"><strong data-start=\"698\" data-end=\"714\">Wy\u0142\u0105czone:<\/strong><\/h3>\n<div data-start=\"698\" data-end=\"926\"><strong><span style=\"color: #ff0000;\">\u2717<\/span><\/strong> Napoje podczas posi\u0142k\u00f3w<br data-start=\"738\" data-end=\"741\" \/><strong><span style=\"color: #ff0000;\">\u2717 <\/span><\/strong>Dodatek za pok\u00f3j jednoosobowy<br data-start=\"787\" data-end=\"790\" \/><strong><span style=\"color: #ff0000;\">\u2717 <\/span><\/strong>Lunche w oba dni<br data-start=\"812\" data-end=\"815\" \/><strong><span style=\"color: #ff0000;\">\u2717<\/span><\/strong> <strong>Zaj\u0119cia fakultatywne:<\/strong><\/div>\n<div data-start=\"698\" data-end=\"926\"><strong>\u2022<\/strong> Noc turecka 30 \u20ac<br data-start=\"885\" data-end=\"888\" \/><strong>\u2022<\/strong> Wycieczka Panorama \u2013 Autobusem \u2013 30\u20ac<br \/>\n<strong>\u2022<\/strong> Wycieczka Panorama \u2013 Jeepem \u2013 50\u20ac<\/div>\n<h3 data-start=\"1075\" data-end=\"1100\"><span style=\"color: #000000;\"><strong>Najwa\u017cniejsze atrakcje wycieczki<\/strong><\/span><\/h3>\n<p data-start=\"1101\" data-end=\"1451\">Dolina Mi\u0142o\u015bci i jej bajkowe kominy<br data-start=\"1138\" data-end=\"1141\" \/>Staro\u017cytne podziemne miasto - architektoniczny cud<br data-start=\"1194\" data-end=\"1197\" \/>Dolina Pa\u015faba\u011f ze ska\u0142ami w kszta\u0142cie grzyb\u00f3w<br data-start=\"1241\" data-end=\"1244\" \/>Zamek Uchisar z panoramicznym widokiem na okolic\u0119<br data-start=\"1282\" data-end=\"1285\" \/>Skansen Zelve - wioska jaskiniowa<br data-start=\"1324\" data-end=\"1327\" \/>Dolina Devrent ze ska\u0142ami w kszta\u0142cie zwierz\u0105t<br data-start=\"1369\" data-end=\"1372\" \/>Pokaz garncarstwa w Avanos<br data-start=\"1406\" data-end=\"1409\" \/>Opcjonalny lot balonem o wschodzie s\u0142o\u0144ca<\/p>\n<h3 data-start=\"1453\" data-end=\"1479\"><span style=\"color: #000000;\"><strong>Pe\u0142ny opis<\/strong><\/span><\/h3>\n<p data-start=\"1480\" data-end=\"2125\">Twoja przygoda w Kapadocji rozpoczyna si\u0119 od wczesnego porannego odbioru z hotelu w Alanyi lub okolicach. Podr\u00f3\u017cuj przez malownicze g\u00f3ry Taurus w kierunku Kapadocji, jednego z najbardziej fascynuj\u0105cych region\u00f3w Turcji.<br data-start=\"1692\" data-end=\"1695\" \/>Poznaj podziemne miasto, odwied\u017a s\u0142ynn\u0105 Dolin\u0119 Mi\u0142o\u015bci i Pa\u015faba\u011f ze ska\u0142ami w kszta\u0142cie grzyb\u00f3w i podziwiaj panoramiczne widoki z zamku Uchisar. Zobacz pokazy garncarstwa w Avanos i odkryj staro\u017cytne jaskinie Zelve. Nocleg w komfortowym hotelu z kolacj\u0105 wliczon\u0105 w cen\u0119. Drugiego dnia odwied\u017a zabytkowe ko\u015bcio\u0142y, karawanseraj i lokalne centra rzemie\u015blnicze przed podr\u00f3\u017c\u0105 powrotn\u0105 do Alanyi.<\/p>\n<h3 data-start=\"2127\" data-end=\"2152\"><span style=\"color: #000000;\"><strong>\ud83d\uddfa\ufe0f Plan podr\u00f3\u017cy<\/strong><\/span><\/h3>\n<p data-start=\"2153\" data-end=\"2444\"><strong data-start=\"2153\" data-end=\"2162\">Dzie\u0144 1<\/strong><br data-start=\"2162\" data-end=\"2165\" \/>Odbi\u00f3r z hoteli w Alanyi wcze\u015bnie rano<br data-start=\"2207\" data-end=\"2210\" \/>Przystanek \u015bniadaniowy po drodze<br data-start=\"2238\" data-end=\"2241\" \/>Zwiedzanie podziemnego miasta<br data-start=\"2266\" data-end=\"2269\" \/>Lunch w Uchisar<br data-start=\"2288\" data-end=\"2291\" \/>Zwiedzanie zamku Uchisar i doliny G\u00f6reme<br data-start=\"2332\" data-end=\"2335\" \/>Zwiedzanie Pa\u015faba\u011f i centrum ceramiki Avanos<br data-start=\"2379\" data-end=\"2382\" \/>Zameldowanie w hotelu, kolacja, czas wolny, opcjonalna noc turecka<\/p>\n<p data-start=\"2446\" data-end=\"2612\"><strong data-start=\"2446\" data-end=\"2455\">Dzie\u0144 2<\/strong><br data-start=\"2455\" data-end=\"2458\" \/>\u015aniadanie w hotelu<br data-start=\"2483\" data-end=\"2486\" \/>Odwied\u017a Dolin\u0119 Mi\u0142o\u015bci i ko\u015bcio\u0142y jaskiniowe<br data-start=\"2524\" data-end=\"2527\" \/>\ud83d\udd39 Centrum tkania dywan\u00f3w i karawanseraj<br data-start=\"2568\" data-end=\"2571\" \/>Lunch w Konyi<br data-start=\"2588\" data-end=\"2591\" \/>Powr\u00f3t do Alanyi<\/p>\n<h3 data-start=\"2614\" data-end=\"2642\"><span style=\"color: #000000;\"><strong>\u2139\ufe0f Przydatne informacje<\/strong><\/span><\/h3>\n<p data-start=\"2643\" data-end=\"2904\">Czas trwania: oko\u0142o 2 dni<br data-start=\"2676\" data-end=\"2679\" \/>Umiarkowana aktywno\u015b\u0107 fizyczna<br data-start=\"2708\" data-end=\"2711\" \/>Lot balonem na ogrzane powietrze opcjonalny i zale\u017cny od pogody<br data-start=\"2765\" data-end=\"2768\" \/>Zakwaterowanie standardowe (obowi\u0105zuje dop\u0142ata za pok\u00f3j jednoosobowy)<br data-start=\"2826\" data-end=\"2829\" \/>Dzieci poni\u017cej 6. roku \u017cycia podr\u00f3\u017cuj\u0105 bezp\u0142atnie, ale dziel\u0105 miejsce, chyba \u017ce zostan\u0105 zarezerwowane oddzielnie.<\/p>\n<h3 data-start=\"2906\" data-end=\"2929\"><span style=\"color: #000000;\"><strong>Co zabra\u0107 ze sob\u0105<\/strong><\/span><\/h3>\n<p data-start=\"2930\" data-end=\"3105\">\ud83d\udd39 Paszport lub dow\u00f3d osobisty<br data-start=\"2947\" data-end=\"2950\" \/>Wygodne buty do chodzenia<br data-start=\"2978\" data-end=\"2981\" \/>Okulary przeciws\u0142oneczne, kapelusz i filtr przeciws\u0142oneczny<br data-start=\"3014\" data-end=\"3017\" \/>Kurtka na ch\u0142odniejsze dni<br data-start=\"3045\" data-end=\"3048\" \/>Aparat fotograficzny lub smartfon<br data-start=\"3071\" data-end=\"3074\" \/>Got\u00f3wka na opcjonalne wydatki<\/p>\n<h3 data-start=\"3176\" data-end=\"3202\"><span style=\"color: #000000;\"><strong>Nieodpowiednie dla<\/strong><\/span><\/h3>\n<p data-start=\"3203\" data-end=\"3261\">Go\u015bcie o ograniczonej sprawno\u015bci ruchowej<br data-start=\"3234\" data-end=\"3237\" \/>Bardzo ma\u0142e dzieci<\/p>\n<h3 dir=\"ltr\">\ud83d\udcb8\u00a0<strong>Cena i rezerwacja<\/strong><\/h3>\n<p dir=\"ltr\"><strong>Zarezerwuj teraz, zap\u0142a\u0107 w dniu wycieczki<\/strong><br \/>\nSkontaktuj si\u0119 z nami przez WhatsApp, Telegram, Viber lub wype\u0142nij poni\u017cszy formularz rezerwacji. \ud83d\udc47\ud83c\udffc<\/p>","protected":false},"excerpt":{"rendered":"<p><b>2-dniowa wycieczka z Alanyi do Kapadocji<\/b>! Odwied\u017a <b>wr\u00f3\u017ckowe kominy<\/b>, <b>podziemne miasta<\/b>, <b>Zamek Uchisar<\/b>. <b>Wycieczka all inclusive<\/b> z <b>hotel<\/b> &amp; <b>profesjonalny przewodnik<\/b>.<\/p>","protected":false},"featured_media":12798,"comment_status":"open","ping_status":"closed","template":"","meta":[],"product_brand":[],"product_cat":[128],"product_tag":[111],"class_list":{"0":"post-15296","1":"product","2":"type-product","3":"status-publish","4":"has-post-thumbnail","6":"tour_phys-alanya-tours","7":"product_cat-alanya-tours","8":"product_tag-alanya","9":"pa_destination-alanya-tours","11":"first","12":"instock","13":"sale","14":"shipping-taxable","15":"purchasable","16":"product-type-tour_phys"},"aioseo_notices":[],"_links":{"self":[{"href":"https:\/\/excursionsworld.com\/pl\/wp-json\/wp\/v2\/product\/15296","targetHints":{"allow":["GET"]}}],"collection":[{"href":"https:\/\/excursionsworld.com\/pl\/wp-json\/wp\/v2\/product"}],"about":[{"href":"https:\/\/excursionsworld.com\/pl\/wp-json\/wp\/v2\/types\/product"}],"replies":[{"embeddable":true,"href":"https:\/\/excursionsworld.com\/pl\/wp-json\/wp\/v2\/comments?post=15296"}],"wp:featuredmedia":[{"embeddable":true,"href":"https:\/\/excursionsworld.com\/pl\/wp-json\/wp\/v2\/media\/12798"}],"wp:attachment":[{"href":"https:\/\/excursionsworld.com\/pl\/wp-json\/wp\/v2\/media?parent=15296"}],"wp:term":[{"taxonomy":"product_brand","embeddable":true,"href":"https:\/\/excursionsworld.com\/pl\/wp-json\/wp\/v2\/product_brand?post=15296"},{"taxonomy":"product_cat","embeddable":true,"href":"https:\/\/excursionsworld.com\/pl\/wp-json\/wp\/v2\/product_cat?post=15296"},{"taxonomy":"product_tag","embeddable":true,"href":"https:\/\/excursionsworld.com\/pl\/wp-json\/wp\/v2\/product_tag?post=15296"}],"curies":[{"name":"wp","href":"https:\/\/api.w.org\/{rel}","templated":true}]}}