{"id":15304,"date":"2025-10-24T23:50:09","date_gmt":"2025-10-24T20:50:09","guid":{"rendered":"https:\/\/excursionsworld.com\/?post_type=product&#038;p=15304"},"modified":"2025-12-09T21:42:48","modified_gmt":"2025-12-09T18:42:48","slug":"lot-balonem-pamukkale-alanya","status":"publish","type":"product","link":"https:\/\/excursionsworld.com\/tours\/pamukkale-hot-air-balloon-alanya\/","title":{"rendered":"Wycieczka Balonem nad Pamukkale z Alanyi \u2013 Ca\u0142odniowa"},"content":{"rendered":"<h3 data-start=\"121\" data-end=\"140\"><span style=\"color: #000000;\"><strong>\ud83c\udfdd\ufe0f Przegl\u0105d<\/strong><\/span><\/h3>\n<p data-start=\"141\" data-end=\"446\">Do\u015bwiadcz magii Pamukkale podczas lotu balonem o wschodzie s\u0142o\u0144ca z Alanyi. Wygodne transfery hotelowe s\u0105 dost\u0119pne z Alanyi, Mahmutlar, Oba, Keykubat i okolic. Po locie warto wybra\u0107 si\u0119 na wycieczk\u0119 z przewodnikiem po Pamukkale i staro\u017cytnym mie\u015bcie Hierapolis, a nast\u0119pnie zje\u015b\u0107 pyszny lunch.<\/p>\n<h3 data-start=\"448\" data-end=\"465\"><span style=\"color: #000000;\"><strong>\u00a0W zestawie:<\/strong><\/span><\/h3>\n<p data-start=\"466\" data-end=\"735\"><span style=\"color: #00ff00;\"><strong>\u2713<\/strong> <\/span>Odbi\u00f3r i dow\u00f3z do hotelu\u00a0<br data-start=\"509\" data-end=\"512\" \/><span style=\"color: #00ff00;\"><strong>\u2713<\/strong> <\/span>Transfer klimatyzowanym autobusem<br data-start=\"542\" data-end=\"545\" \/><span style=\"color: #00ff00;\"><strong>\u2713<\/strong> <\/span>Lot balonem o wschodzie s\u0142o\u0144ca<br data-start=\"575\" data-end=\"578\" \/><span style=\"color: #00ff00;\"><strong>\u2713<\/strong> <\/span>Op\u0142aty za wst\u0119p do Pamukkale i Hierapolis<br data-start=\"621\" data-end=\"624\" \/><span style=\"color: #00ff00;\"><strong>\u2713<\/strong> <\/span>Przewodnik historyczny m\u00f3wi\u0105cy po angielsku<br data-start=\"658\" data-end=\"661\" \/><span style=\"color: #00ff00;\"><strong>\u2713<\/strong> <\/span>Lunch<br data-start=\"668\" data-end=\"671\" \/><span style=\"color: #00ff00;\"><strong>\u2713<\/strong> <\/span>Profesjonalny pilot<br data-start=\"691\" data-end=\"694\" \/><span style=\"color: #00ff00;\"><strong>\u2713<\/strong> <\/span>Certyfikat lotu<br data-start=\"714\" data-end=\"717\" \/><span style=\"color: #00ff00;\"><strong>\u2713<\/strong> <\/span>Pe\u0142ne ubezpieczenie<\/p>\n<h3 data-start=\"737\" data-end=\"758\">\u00a0<span style=\"color: #000000;\"><strong>Nie zawiera:<\/strong><\/span><\/h3>\n<p data-start=\"759\" data-end=\"824\"><span style=\"color: #ff0000;\"><strong>\u2717<\/strong> <\/span>Wej\u015bcie do basenu Kleopatry<br data-start=\"789\" data-end=\"792\" \/><span style=\"color: #ff0000;\"><strong>\u2717<\/strong> <\/span>Wydatki osobiste<br data-start=\"811\" data-end=\"814\" \/><span style=\"color: #ff0000;\"><strong>\u2717<\/strong> <\/span>Napoje<\/p>\n<h3 data-start=\"826\" data-end=\"851\"><span style=\"color: #000000;\"><strong>Najwa\u017cniejsze atrakcje wycieczki<\/strong><\/span><\/h3>\n<p data-start=\"852\" data-end=\"1146\">Lot balonem o wschodzie s\u0142o\u0144ca nad bia\u0142ymi tarasami Pamukkale<br data-start=\"915\" data-end=\"918\" \/>Osza\u0142amiaj\u0105ce panoramiczne widoki i wyj\u0105tkowe mo\u017cliwo\u015bci fotografowania<br data-start=\"976\" data-end=\"979\" \/>Szampan i certyfikat lotu po wyl\u0105dowaniu<br data-start=\"1027\" data-end=\"1030\" \/>Wycieczka z przewodnikiem po Hierapolis, w tym rzymski teatr i grobowce<br data-start=\"1093\" data-end=\"1096\" \/>Opcjonalna k\u0105piel w basenie Kleopatry (dodatkowa op\u0142ata)<\/p>\n<h3 data-start=\"1148\" data-end=\"1174\"><span style=\"color: #000000;\"><strong>Pe\u0142ny opis<\/strong><\/span><\/h3>\n<p data-start=\"1175\" data-end=\"1813\">Dzie\u0144 rozpocznie si\u0119 od wczesnego odbioru z hotelu w Alanyi, a nast\u0119pnie wygodnej 3,5-godzinnej jazdy do Pamukkale. Wyrusz na zapieraj\u0105c\u0105 dech w piersiach przeja\u017cd\u017ck\u0119 balonem o wschodzie s\u0142o\u0144ca nad kultowymi bia\u0142ymi tarasami i staro\u017cytnymi ruinami Pamukkale. Zr\u00f3b niezapomniane zdj\u0119cia i ciesz si\u0119 kieliszkiem szampana po wyl\u0105dowaniu wraz z certyfikatem lotu. Nast\u0119pnie zwiedzaj staro\u017cytne miasto Hierapolis z profesjonalnym przewodnikiem, odwiedzaj\u0105c rzymski teatr, \u0142a\u017anie termalne i inne zabytki. Go\u015bcie, kt\u00f3rzy chc\u0105, mog\u0105 pop\u0142ywa\u0107 w basenie Kleopatry za dodatkow\u0105 op\u0142at\u0105. Wycieczka ko\u0144czy si\u0119 pysznym lunchem przed powrotem do hotelu w Alanyi.<\/p>\n<h3 data-start=\"1815\" data-end=\"1840\"><span style=\"color: #000000;\"><strong>\ud83d\uddfa\ufe0f Plan podr\u00f3\u017cy<\/strong><\/span><\/h3>\n<p data-start=\"1841\" data-end=\"2098\">Wczesny odbi\u00f3r z hotelu w Alanyi<br data-start=\"1872\" data-end=\"1875\" \/>Transfer do Pamukkale<br data-start=\"1899\" data-end=\"1902\" \/>Lot balonem o wschodzie s\u0142o\u0144ca<br data-start=\"1933\" data-end=\"1936\" \/>Szampan i certyfikat lotu<br data-start=\"1971\" data-end=\"1974\" \/>Wycieczka z przewodnikiem po Pamukkale i Hierapolis<br data-start=\"2016\" data-end=\"2019\" \/>Opcjonalna k\u0105piel w basenie Kleopatry<br data-start=\"2055\" data-end=\"2058\" \/>Lunch<br data-start=\"2066\" data-end=\"2069\" \/>Transfer powrotny do hotelu<\/p>\n<h3 data-start=\"2100\" data-end=\"2128\"><span style=\"color: #000000;\"><strong>\u2139\ufe0f Przydatne informacje<\/strong><\/span><\/h3>\n<p data-start=\"2129\" data-end=\"2435\">Czas trwania: oko\u0142o 12 godzin<br data-start=\"2164\" data-end=\"2167\" \/>Loty balonem mog\u0105 zosta\u0107 odwo\u0142ane z powodu pogody (pe\u0142ny zwrot koszt\u00f3w za cz\u0119\u015b\u0107 lotu).<br data-start=\"2249\" data-end=\"2252\" \/>Kr\u00f3tkie przystanki po drodze<br data-start=\"2286\" data-end=\"2289\" \/>Dzieci poni\u017cej 5. roku \u017cycia podr\u00f3\u017cuj\u0105 bezp\u0142atnie, ale nie maj\u0105 oddzielnego miejsca; je\u015bli autobus jest pe\u0142ny, siedz\u0105 na kolanach osoby doros\u0142ej lub mo\u017cna zarezerwowa\u0107 oddzielne miejsce.<\/p>\n<h3 data-start=\"2437\" data-end=\"2460\"><span style=\"color: #000000;\"><strong>Co zabra\u0107 ze sob\u0105<\/strong><\/span><\/h3>\n<p data-start=\"2461\" data-end=\"2587\">Okulary przeciws\u0142oneczne<br data-start=\"2474\" data-end=\"2477\" \/>Kapelusz lub czapka<br data-start=\"2490\" data-end=\"2493\" \/>Str\u00f3j k\u0105pielowy i r\u0119cznik<br data-start=\"2514\" data-end=\"2517\" \/>Wygodna odzie\u017c i trampki<br data-start=\"2553\" data-end=\"2556\" \/>Got\u00f3wka na wydatki osobiste<\/p>\n<h3 data-start=\"2589\" data-end=\"2615\"><span style=\"color: #000000;\"><strong>Nieodpowiednie dla<\/strong><\/span><\/h3>\n<p data-start=\"2616\" data-end=\"2663\">Dzieci poni\u017cej 7 lat<br data-start=\"2641\" data-end=\"2644\" \/>Kobiety w ci\u0105\u017cy<\/p>\n<h3 dir=\"ltr\">\ud83d\udcb8\u00a0<strong>Cena i rezerwacja<\/strong><\/h3>\n<p dir=\"ltr\"><strong>Zarezerwuj teraz, zap\u0142a\u0107 w dniu wycieczki<\/strong><br \/>\nSkontaktuj si\u0119 z nami przez WhatsApp, Telegram, Viber lub wype\u0142nij poni\u017cszy formularz rezerwacji. \ud83d\udc47\ud83c\udffc<\/p>","protected":false},"excerpt":{"rendered":"<p><b>Alanya to Pamukkale tour<\/b>! Do\u015bwiadczenie <b>lot balonem na ogrzane powietrze<\/b> &amp; <b>Wycieczka do Hierapolis<\/b>. <b>Wycieczka all inclusive<\/b> z <b>przewodnik<\/b>, lunch, &amp; <b>transfer<\/b> w zestawie.<\/p>","protected":false},"featured_media":12607,"comment_status":"open","ping_status":"closed","template":"","meta":[],"product_brand":[],"product_cat":[128],"product_tag":[111],"class_list":{"0":"post-15304","1":"product","2":"type-product","3":"status-publish","4":"has-post-thumbnail","6":"tour_phys-alanya-tours","7":"product_cat-alanya-tours","8":"product_tag-alanya","9":"pa_destination-alanya-tours","11":"first","12":"instock","13":"sale","14":"shipping-taxable","15":"purchasable","16":"product-type-tour_phys"},"aioseo_notices":[],"_links":{"self":[{"href":"https:\/\/excursionsworld.com\/pl\/wp-json\/wp\/v2\/product\/15304","targetHints":{"allow":["GET"]}}],"collection":[{"href":"https:\/\/excursionsworld.com\/pl\/wp-json\/wp\/v2\/product"}],"about":[{"href":"https:\/\/excursionsworld.com\/pl\/wp-json\/wp\/v2\/types\/product"}],"replies":[{"embeddable":true,"href":"https:\/\/excursionsworld.com\/pl\/wp-json\/wp\/v2\/comments?post=15304"}],"wp:featuredmedia":[{"embeddable":true,"href":"https:\/\/excursionsworld.com\/pl\/wp-json\/wp\/v2\/media\/12607"}],"wp:attachment":[{"href":"https:\/\/excursionsworld.com\/pl\/wp-json\/wp\/v2\/media?parent=15304"}],"wp:term":[{"taxonomy":"product_brand","embeddable":true,"href":"https:\/\/excursionsworld.com\/pl\/wp-json\/wp\/v2\/product_brand?post=15304"},{"taxonomy":"product_cat","embeddable":true,"href":"https:\/\/excursionsworld.com\/pl\/wp-json\/wp\/v2\/product_cat?post=15304"},{"taxonomy":"product_tag","embeddable":true,"href":"https:\/\/excursionsworld.com\/pl\/wp-json\/wp\/v2\/product_tag?post=15304"}],"curies":[{"name":"wp","href":"https:\/\/api.w.org\/{rel}","templated":true}]}}