{"id":15308,"date":"2025-10-25T11:53:22","date_gmt":"2025-10-25T08:53:22","guid":{"rendered":"https:\/\/excursionsworld.com\/?post_type=product&#038;p=15308"},"modified":"2025-11-22T17:15:24","modified_gmt":"2025-11-22T14:15:24","slug":"demre-myra-kekova-alanya","status":"publish","type":"product","link":"https:\/\/excursionsworld.com\/tours\/demre-myra-kekova-tour-from-alanya\/","title":{"rendered":"Wycieczka Demre, Myra i Kekova z Alanyi \u2013 Ko\u015bci\u00f3\u0142 \u015bw. Miko\u0142aja"},"content":{"rendered":"<h3 data-start=\"121\" data-end=\"138\"><span style=\"color: #000000;\"><strong>\ud83c\udfdd\ufe0f Przegl\u0105d<\/strong><\/span><\/h3>\n<p data-start=\"140\" data-end=\"514\">Wyrusz na niezapomnian\u0105 ca\u0142odniow\u0105 wycieczk\u0119 z Alanyi do staro\u017cytnego regionu Lycia! Przep\u0142y\u0144 nad zatopionym miastem Kekova na jachcie ze szklanym dnem, odkryj skalne grobowce w Myrze i odwied\u017a ko\u015bci\u00f3\u0142 \u015bw. Miko\u0142aja w Demre - legendarnym domu \u015awi\u0119tego Miko\u0142aja. Ta wycieczka doskonale \u0142\u0105czy histori\u0119, kultur\u0119 i \u015br\u00f3dziemnomorskie pi\u0119kno, dzi\u0119ki czemu jest idealna zar\u00f3wno dla rodzin, jak i odkrywc\u00f3w.<\/p>\n<h3 data-start=\"516\" data-end=\"530\"><span style=\"color: #000000;\"><strong>W zestawie:<\/strong><\/span><\/h3>\n<p data-start=\"532\" data-end=\"743\"><span style=\"color: #00ff00;\"><strong>\u2713<\/strong> <\/span>Odbi\u00f3r i dow\u00f3z do hotelu\u00a0<br data-start=\"575\" data-end=\"578\" \/><span style=\"color: #00ff00;\"><strong>\u2713<\/strong> <\/span>Wygodny klimatyzowany autobus<br data-start=\"611\" data-end=\"614\" \/><span style=\"color: #00ff00;\"><strong>\u2713<\/strong> <\/span>Rejs jachtem ze szklanym dnem<br data-start=\"641\" data-end=\"644\" \/><span style=\"color: #00ff00;\"><strong>\u2713<\/strong> <\/span>Op\u0142aty za wst\u0119p do Myry<br data-start=\"667\" data-end=\"670\" \/><span style=\"color: #00ff00;\"><strong>\u2713<\/strong> <\/span>Profesjonalny przewodnik<br data-start=\"690\" data-end=\"693\" \/><span style=\"color: #00ff00;\"><strong>\u2713<\/strong> <\/span>Pe\u0142ne ubezpieczenie<br data-start=\"709\" data-end=\"712\" \/><span style=\"color: #00ff00;\"><strong>\u2713<\/strong> <\/span>Lunch w lokalnej restauracji<\/p>\n<h3 data-start=\"745\" data-end=\"763\"><span style=\"color: #000000;\"><strong>Nie zawiera:<\/strong><\/span><\/h3>\n<p data-start=\"765\" data-end=\"866\"><span style=\"color: #ff0000;\"><strong>\u2717<\/strong> <\/span>Wej\u015bcie do ko\u015bcio\u0142a \u015bw. Miko\u0142aja (opcjonalnie)<br data-start=\"809\" data-end=\"812\" \/><span style=\"color: #ff0000;\"><strong>\u2717<\/strong> <\/span>Wydatki osobiste<br data-start=\"831\" data-end=\"834\" \/><span style=\"color: #ff0000;\"><strong>\u2717<\/strong> <\/span>Zdj\u0119cia i filmy<br data-start=\"853\" data-end=\"856\" \/><span style=\"color: #ff0000;\"><strong>\u2717<\/strong> <\/span>Napoje<\/p>\n<h3 data-start=\"868\" data-end=\"891\"><span style=\"color: #000000;\"><strong>Najwa\u017cniejsze atrakcje wycieczki<\/strong><\/span><\/h3>\n<p data-start=\"893\" data-end=\"1261\">Malownicza przeja\u017cd\u017cka z Alanyi wzd\u0142u\u017c wybrze\u017ca Morza \u015ar\u00f3dziemnego<br data-start=\"954\" data-end=\"957\" \/>Rejs nad zatopionym miastem Kekova jachtem ze szklanym dnem<br data-start=\"1021\" data-end=\"1024\" \/>Odkryj staro\u017cytne skalne grobowce i rzymski teatr w Myrze<br data-start=\"1079\" data-end=\"1082\" \/>Miko\u0142aja w Demre - miejscu narodzin legendy o \u015awi\u0119tym Miko\u0142aju<br data-start=\"1158\" data-end=\"1161\" \/>P\u0142ywanie w turkusowych wodach Morza \u015ar\u00f3dziemnego<br data-start=\"1202\" data-end=\"1205\" \/>\ud83d\udd39 Podziwiaj widoki na zamek Simena z jachtu<\/p>\n<h3 data-start=\"1263\" data-end=\"1287\"><span style=\"color: #000000;\"><strong>Pe\u0142ny opis<\/strong><\/span><\/h3>\n<p data-start=\"1289\" data-end=\"1490\">Twoja przygoda w Licji rozpocznie si\u0119 od porannego odbioru z hotelu w Alanyi. Ciesz si\u0119 relaksuj\u0105c\u0105 jazd\u0105 wzd\u0142u\u017c pi\u0119knego wybrze\u017ca w kierunku Demre i Myry, dw\u00f3ch najbardziej fascynuj\u0105cych miejsc historycznych w Turcji. Podr\u00f3\u017c rozpoczyna si\u0119 w Myrze, gdzie zobaczysz imponuj\u0105ce licyjskie wykute w skale grobowce i wyj\u0105tkowo dobrze zachowany teatr rzymski. Miko\u0142aja, zbudowany na cze\u015b\u0107 ukochanego biskupa, kt\u00f3ry zainspirowa\u0142 legend\u0119 o \u015awi\u0119tym Miko\u0142aju. Nast\u0119pnie zjedz tradycyjny turecki lunch w lokalnej restauracji. Nast\u0119pnie udaj si\u0119 do portu \u00c7aya\u011fz\u0131 i wejd\u017a na pok\u0142ad jachtu ze szklanym dnem na 2,5-godzinny rejs na wysp\u0119 Kekova. Zobacz tajemnicze ruiny zatopionego miasta pod czystym, b\u0142\u0119kitnym morzem, pop\u0142ywaj w spokojnej zatoce i podziwiaj zamek Simena wznosz\u0105cy si\u0119 nad lini\u0105 brzegow\u0105. Po niesamowitym dniu pe\u0142nym historii, kultury i przyrody zostaniesz komfortowo przetransportowany z powrotem do hotelu w Alanyi.<\/p>\n<h3 data-start=\"2167\" data-end=\"2190\"><span style=\"color: #000000;\"><strong>\ud83d\uddfa\ufe0f Plan podr\u00f3\u017cy<\/strong><\/span><\/h3>\n<p data-start=\"2192\" data-end=\"2473\">Odbi\u00f3r z hoteli w Alanyi<br data-start=\"2223\" data-end=\"2226\" \/>Wizyta w skalnych grobowcach Myry i rzymskim teatrze<br data-start=\"2271\" data-end=\"2274\" \/>Zwiedzanie ko\u015bcio\u0142a \u015bw. Miko\u0142aja (wst\u0119p opcjonalny)<br data-start=\"2324\" data-end=\"2327\" \/>Lunch w lokalnej restauracji<br data-start=\"2357\" data-end=\"2360\" \/>Rejs jachtem ze szklanym dnem do Kekova<br data-start=\"2398\" data-end=\"2401\" \/>Przystanek p\u0142ywacki i zwiedzanie<br data-start=\"2433\" data-end=\"2436\" \/>Transfer powrotny do hoteli w Alanyi<\/p>\n<h3 data-start=\"2475\" data-end=\"2501\"><span style=\"color: #000000;\"><strong>\u2139\ufe0f Przydatne informacje<\/strong><\/span><\/h3>\n<p data-start=\"2503\" data-end=\"2669\">Czas trwania: oko\u0142o 9-10 godzin<br data-start=\"2540\" data-end=\"2543\" \/>Plan podr\u00f3\u017cy mo\u017ce ulec zmianie ze wzgl\u0119du na warunki pogodowe lub morskie.<br data-start=\"2597\" data-end=\"2600\" \/>Dzieci poni\u017cej 6. roku \u017cycia podr\u00f3\u017cuj\u0105 bezp\u0142atnie, ale dziel\u0105 miejsce, je\u015bli autobus jest pe\u0142ny.<\/p>\n<h3 data-start=\"2671\" data-end=\"2692\"><span style=\"color: #000000;\"><strong>Co zabra\u0107 ze sob\u0105<\/strong><\/span><\/h3>\n<p data-start=\"2694\" data-end=\"2810\">Wygodne buty do chodzenia<br data-start=\"2722\" data-end=\"2725\" \/>Okulary przeciws\u0142oneczne i filtr przeciws\u0142oneczny<br data-start=\"2752\" data-end=\"2755\" \/>Str\u00f3j k\u0105pielowy i r\u0119cznik<br data-start=\"2776\" data-end=\"2779\" \/>Got\u00f3wka na wydatki osobiste<\/p>\n<h3 data-start=\"2812\" data-end=\"2836\"><span style=\"color: #000000;\"><strong>Nieodpowiednie dla<\/strong><\/span><\/h3>\n<p data-start=\"2838\" data-end=\"2918\">Osoby o ograniczonej sprawno\u015bci ruchowej<br data-start=\"2869\" data-end=\"2872\" \/>\ud83d\udd39 Podr\u00f3\u017cni z powa\u017cnymi schorzeniami<\/p>\n<h3 dir=\"ltr\">\ud83d\udcb8\u00a0<strong>Cena i rezerwacja<\/strong><\/h3>\n<p dir=\"ltr\"><strong>Zarezerwuj teraz, zap\u0142a\u0107 w dniu wycieczki<\/strong><br \/>\nSkontaktuj si\u0119 z nami przez WhatsApp, Telegram, Viber lub wype\u0142nij poni\u017cszy formularz rezerwacji. \ud83d\udc47\ud83c\udffc<\/p>","protected":false},"excerpt":{"rendered":"<p>Zarezerwuj histori\u0119 <b>wycieczka<\/b> z <b>Alanya<\/b>! Niezapomniany <b>wycieczka jednodniowa<\/b> do grobowc\u00f3w Myry, ko\u015bcio\u0142a \u015bw. Miko\u0142aja i zatopionego miasta Kekova <b>wycieczka \u0142odzi\u0105<\/b>. Historia czeka!<\/p>","protected":false},"featured_media":12563,"comment_status":"open","ping_status":"closed","template":"","meta":[],"product_brand":[],"product_cat":[128],"product_tag":[111],"class_list":{"0":"post-15308","1":"product","2":"type-product","3":"status-publish","4":"has-post-thumbnail","6":"tour_phys-alanya-tours","7":"product_cat-alanya-tours","8":"product_tag-alanya","9":"pa_destination-alanya-tours","11":"first","12":"instock","13":"sale","14":"shipping-taxable","15":"purchasable","16":"product-type-tour_phys"},"aioseo_notices":[],"_links":{"self":[{"href":"https:\/\/excursionsworld.com\/pl\/wp-json\/wp\/v2\/product\/15308","targetHints":{"allow":["GET"]}}],"collection":[{"href":"https:\/\/excursionsworld.com\/pl\/wp-json\/wp\/v2\/product"}],"about":[{"href":"https:\/\/excursionsworld.com\/pl\/wp-json\/wp\/v2\/types\/product"}],"replies":[{"embeddable":true,"href":"https:\/\/excursionsworld.com\/pl\/wp-json\/wp\/v2\/comments?post=15308"}],"wp:featuredmedia":[{"embeddable":true,"href":"https:\/\/excursionsworld.com\/pl\/wp-json\/wp\/v2\/media\/12563"}],"wp:attachment":[{"href":"https:\/\/excursionsworld.com\/pl\/wp-json\/wp\/v2\/media?parent=15308"}],"wp:term":[{"taxonomy":"product_brand","embeddable":true,"href":"https:\/\/excursionsworld.com\/pl\/wp-json\/wp\/v2\/product_brand?post=15308"},{"taxonomy":"product_cat","embeddable":true,"href":"https:\/\/excursionsworld.com\/pl\/wp-json\/wp\/v2\/product_cat?post=15308"},{"taxonomy":"product_tag","embeddable":true,"href":"https:\/\/excursionsworld.com\/pl\/wp-json\/wp\/v2\/product_tag?post=15308"}],"curies":[{"name":"wp","href":"https:\/\/api.w.org\/{rel}","templated":true}]}}