{"id":15309,"date":"2025-10-25T13:55:51","date_gmt":"2025-10-25T10:55:51","guid":{"rendered":"https:\/\/excursionsworld.com\/?post_type=product&#038;p=15309"},"modified":"2026-04-24T01:26:59","modified_gmt":"2026-04-23T22:26:59","slug":"pamukkale-salda-jezioro-alanya","status":"publish","type":"product","link":"https:\/\/excursionsworld.com\/tours\/pamukkale-salda-lake-alanya\/","title":{"rendered":"Pamukkale i wycieczka nad jezioro Salda z Alanyi - ca\u0142odniowa wycieczka"},"content":{"rendered":"<h2><span style=\"color: #000000;\"><strong>\ud83c\udfdd\ufe0f Przegl\u0105d<\/strong><\/span><\/h2>\n<p>Odkryj zapieraj\u0105ce dech w piersiach tarasy <a href=\"https:\/\/en.wikipedia.org\/wiki\/Pamukkale\" target=\"_blank\" rel=\"noopener\">Pamukkale<\/a>, staro\u017cytne miasto Hierapolis i osza\u0142amiaj\u0105ce turkusowe wody Jeziora Salda podczas jednodniowej wycieczki z Alanyi! Ciesz si\u0119 wygodnymi transferami z hoteli w regionie Alanyi, co zapewni Ci bezproblemow\u0105 podr\u00f3\u017c. K\u0105p si\u0119 w gor\u0105cych \u017ar\u00f3d\u0142ach, zwiedzaj historyczne ruiny, podziwiaj \u201cMalediwy Turcji\u201d nad Jeziorem Salda i delektuj si\u0119 pysznym \u015bniadaniem, lunchem i kolacj\u0105 podczas tej niezapomnianej przygody.<\/p>\n<h3><span style=\"color: #000000;\"><strong>W zestawie:<\/strong><\/span><\/h3>\n<p><strong><span style=\"color: #00ff00;\">\u2713<\/span> <\/strong>Odbi\u00f3r i dow\u00f3z do hotelu<br \/>\n<strong><span style=\"color: #00ff00;\">\u2713<\/span> <\/strong>Klimatyzowany autobus<br \/>\n<strong><span style=\"color: #00ff00;\">\u2713<\/span> <\/strong>Op\u0142aty za wst\u0119p do Pamukkale i Hierapolis<br \/>\n<strong><span style=\"color: #00ff00;\">\u2713<\/span> <\/strong>Pe\u0142ne ubezpieczenie<br \/>\n<strong><span style=\"color: #00ff00;\">\u2713<\/span> <\/strong>Przewodnik historyczny m\u00f3wi\u0105cy po angielsku<br \/>\n<strong><span style=\"color: #00ff00;\">\u2713<\/span> <\/strong>\u015aniadanie<br \/>\n<strong><span style=\"color: #00ff00;\">\u2713<\/span> <\/strong>Lunch (w formie bufetu)<br \/>\n<strong><span style=\"color: #00ff00;\">\u2713<\/span> <\/strong>Kolacja<\/p>\n<h3><span style=\"color: #000000;\"><strong>Nie zawiera:<\/strong><\/span><\/h3>\n<p><span style=\"color: #ff0000;\"><strong>\u2717<\/strong> <\/span>Wej\u015bcie do basenu Kleopatry<br \/>\n<span style=\"color: #ff0000;\"><strong>\u2717<\/strong> <\/span>Wydatki osobiste<br \/>\n<span style=\"color: #ff0000;\"><strong>\u2717<\/strong> <\/span>Napoje<\/p>\n<h2><span style=\"color: #000000;\"><strong>Najwa\u017cniejsze atrakcje wycieczki<\/strong><\/span><\/h2>\n<p>\ud83d\udd39 Podziwiaj \u015bnie\u017cnobia\u0142e trawertyny w Pamukkale<br \/>\nZwiedzanie rzymskiego teatru i ruin Hierapolis<br \/>\nRelaks w naturalnych basenach termalnych<br \/>\nOdwied\u017a turkusowe brzegi jeziora Salda, tureckie \u201cMalediwy\u201d.\u201d<br \/>\nOpcjonalna k\u0105piel w basenie Kleopatry (dodatkowa op\u0142ata)<br \/>\nTradycyjne tureckie \u015bniadanie, lunch i kolacja<br \/>\n\ud83d\udd39 Wizyta na li\u015bcie \u015bwiatowego dziedzictwa UNESCO<\/p>\n<h2><span style=\"color: #000000;\"><strong>Pe\u0142ny opis<\/strong><\/span><\/h2>\n<div>Dzie\u0144 rozpocznie si\u0119 od wygodnego transferu z hotelu w Alanyi. Po obfitym \u015bniadaniu w drodze b\u0119dziesz podr\u00f3\u017cowa\u0107 przez malownicze krajobrazy do Pamukkale, znanego jako \u201cBawe\u0142niany Zamek\u201d ze wzgl\u0119du na ol\u015bniewaj\u0105ce bia\u0142e tarasy. Po przybyciu na miejsce zjesz lunch w formie bufetu, a nast\u0119pnie odkryjesz bogate w minera\u0142y trawertyny Pamukkale. Nast\u0119pnie udaj si\u0119 na wycieczk\u0119 z przewodnikiem po staro\u017cytnym mie\u015bcie Hierapolis, odwiedzaj\u0105c rzymski teatr, \u015bwi\u0105tyni\u0119 Apolla i inne zabytki. Zrelaksuj si\u0119 w basenach termalnych lub zdecyduj si\u0119 na k\u0105piel w basenie Kleopatry (dodatkowa op\u0142ata). Wycieczka jest kontynuowana wizyt\u0105 nad jeziorem Salda, cz\u0119sto nazywanym tureckimi \u201cMalediwami\u201d ze wzgl\u0119du na krystalicznie czyste turkusowe wody i bia\u0142e piaszczyste brzegi. Po\u015bwi\u0119\u0107 troch\u0119 czasu na spacer wzd\u0142u\u017c jeziora, robienie zdj\u0119\u0107 lub po prostu rozkoszowanie si\u0119 jego spokojnym pi\u0119knem. Dzie\u0144 zako\u0144czy si\u0119 pyszn\u0105 kolacj\u0105 i podr\u00f3\u017c\u0105 powrotn\u0105 do hotelu w Alanyi, pe\u0142n\u0105 \u017cywych wspomnie\u0144.<\/div>\n<h3><span style=\"color: #000000;\"><strong>\ud83d\uddfa\ufe0f Plan podr\u00f3\u017cy<\/strong><\/span><\/h3>\n<p>Odbi\u00f3r z hoteli w Alanyi<br \/>\n\u015aniadanie na trasie<br \/>\nPodr\u00f3\u017c do Pamukkale<br \/>\nLunch w formie bufetu<br \/>\nWycieczka po trawertynach Pamukkale<br \/>\nWizyta w ruinach Hierapolis<br \/>\nCzas wolny na basen Kleopatry (opcjonalnie)<br \/>\nWizyta nad jeziorem Salda w celu zwiedzania i robienia zdj\u0119\u0107<br \/>\nKolacja<br \/>\nPodr\u00f3\u017c powrotna<br \/>\nTransfer z powrotem do hotelu<\/p>\n<h3><span style=\"color: #000000;\"><strong>\u2139\ufe0f Przydatne informacje<\/strong><\/span><\/h3>\n<p>Czas trwania: oko\u0142o 12 godzin<br \/>\nPlan podr\u00f3\u017cy mo\u017ce ulec zmianie ze wzgl\u0119du na warunki pogodowe.<br \/>\nUmiarkowana aktywno\u015b\u0107 fizyczna (spacery, opcjonalnie p\u0142ywanie)<br \/>\nDzieci poni\u017cej 5. roku \u017cycia podr\u00f3\u017cuj\u0105ce bezp\u0142atnie nie maj\u0105 oddzielnego miejsca w autobusie. Je\u015bli autobus jest pe\u0142ny, siedz\u0105 na kolanach osoby doros\u0142ej lub mo\u017cna zarezerwowa\u0107 osobne miejsce.<\/p>\n<h2><span style=\"color: #000000;\"><strong>Co zabra\u0107 ze sob\u0105<\/strong><\/span><\/h2>\n<p>\ud83d\udd39 Paszport lub dow\u00f3d osobisty<br \/>\nWygodne buty<br \/>\nOkulary przeciws\u0142oneczne i nakrycia g\u0142owy<br \/>\nStr\u00f3j k\u0105pielowy i r\u0119cznik<br \/>\nFiltr przeciws\u0142oneczny<br \/>\nGot\u00f3wka na wydatki osobiste<\/p>\n<h3><span style=\"color: #000000;\"><strong>Nieodpowiednie dla<\/strong><\/span><\/h3>\n<p>Osoby o ograniczonej sprawno\u015bci ruchowej<br \/>\nOsoby z powa\u017cnymi schorzeniami medycznymi<\/p>\n<h2 dir=\"ltr\">\ud83d\udcb8\u00a0<strong>Cena i rezerwacja<\/strong><\/h2>\n<p dir=\"ltr\"><strong>Zarezerwuj teraz, zap\u0142a\u0107 w dniu wycieczki<\/strong><br \/>\nSkontaktuj si\u0119 z nami przez WhatsApp, Telegram, Viber lub wype\u0142nij poni\u017cszy formularz rezerwacji. \ud83d\udc47\ud83c\udffc<\/p>\n<p>Szukasz alternatyw? Przegl\u0105daj <a href=\"https:\/\/excursionsworld.com\/pl\/alanya-wycieczki\/\">wi\u0119cej wycieczek z Alanyi do Pamukkale<\/a>.<\/p>","protected":false},"excerpt":{"rendered":"<p>Zarezerwuj <b>Alanya Pamukkale Tour<\/b>! Odwied\u017a ruiny Hierapolis i jezioro Salda (tureckie Malediwy). Ca\u0142y dzie\u0144 <b>wycieczka<\/b> ze \u017ar\u00f3d\u0142ami termalnymi, posi\u0142kami i komfortowymi <b>wycieczka jednodniowa<\/b>.<\/p>","protected":false},"featured_media":14072,"comment_status":"open","ping_status":"closed","template":"","meta":[],"product_brand":[],"product_cat":[128],"product_tag":[111],"class_list":{"0":"post-15309","1":"product","2":"type-product","3":"status-publish","4":"has-post-thumbnail","6":"tour_phys-alanya-tours","7":"product_cat-alanya-tours","8":"product_tag-alanya","9":"pa_destination-alanya-tours","11":"first","12":"instock","13":"sale","14":"shipping-taxable","15":"purchasable","16":"product-type-tour_phys"},"aioseo_notices":[],"_links":{"self":[{"href":"https:\/\/excursionsworld.com\/pl\/wp-json\/wp\/v2\/product\/15309","targetHints":{"allow":["GET"]}}],"collection":[{"href":"https:\/\/excursionsworld.com\/pl\/wp-json\/wp\/v2\/product"}],"about":[{"href":"https:\/\/excursionsworld.com\/pl\/wp-json\/wp\/v2\/types\/product"}],"replies":[{"embeddable":true,"href":"https:\/\/excursionsworld.com\/pl\/wp-json\/wp\/v2\/comments?post=15309"}],"wp:featuredmedia":[{"embeddable":true,"href":"https:\/\/excursionsworld.com\/pl\/wp-json\/wp\/v2\/media\/14072"}],"wp:attachment":[{"href":"https:\/\/excursionsworld.com\/pl\/wp-json\/wp\/v2\/media?parent=15309"}],"wp:term":[{"taxonomy":"product_brand","embeddable":true,"href":"https:\/\/excursionsworld.com\/pl\/wp-json\/wp\/v2\/product_brand?post=15309"},{"taxonomy":"product_cat","embeddable":true,"href":"https:\/\/excursionsworld.com\/pl\/wp-json\/wp\/v2\/product_cat?post=15309"},{"taxonomy":"product_tag","embeddable":true,"href":"https:\/\/excursionsworld.com\/pl\/wp-json\/wp\/v2\/product_tag?post=15309"}],"curies":[{"name":"wp","href":"https:\/\/api.w.org\/{rel}","templated":true}]}}