{"id":15314,"date":"2025-10-25T19:47:55","date_gmt":"2025-10-25T16:47:55","guid":{"rendered":"https:\/\/excursionsworld.com\/?post_type=product&#038;p=15314"},"modified":"2026-04-24T01:27:00","modified_gmt":"2026-04-23T22:27:00","slug":"lot-balonem-pamukkale-kemer","status":"publish","type":"product","link":"https:\/\/excursionsworld.com\/tours\/pamukkale-hot-air-balloon-kemer\/","title":{"rendered":"Pamukkale: Lot balonem z Kemera \u2013 o wschodzie s\u0142o\u0144ca"},"content":{"rendered":"<h2 dir=\"ltr\" data-pm-slice=\"1 1 []\"><strong>\ud83c\udfdd\ufe0f Przegl\u0105d<\/strong><\/h2>\n<p dir=\"ltr\">Do\u015bwiadcz magii <a href=\"https:\/\/en.wikipedia.org\/wiki\/Pamukkale\" target=\"_blank\" rel=\"noopener\">Pamukkale<\/a> z lotu ptaka podczas niezapomnianego wschodu s\u0142o\u0144ca w locie balonem. Wylot z Kemer i pobliskich region\u00f3w, z wygodnymi transferami z Beldibi, G\u00f6yn\u00fck, Kiri\u015f, \u00c7amyuva i Tekirova. Po locie zapraszamy na wycieczk\u0119 do Pamukkale i staro\u017cytnego miasta Hierapolis, wraz z pysznym lunchem.<\/p>\n<h3 dir=\"ltr\"><span style=\"color: #000000;\"><strong>W zestawie:<\/strong><\/span><\/h3>\n<p dir=\"ltr\"><strong><span style=\"color: #00ff00;\">\u2713<\/span><\/strong> Odbi\u00f3r i dow\u00f3z do hotelu<br \/>\n<strong><span style=\"color: #00ff00;\">\u2713 <\/span><\/strong>Klimatyzowany autobus<br \/>\n<strong><span style=\"color: #00ff00;\">\u2713 <\/span><\/strong>Lot balonem na ogrzane powietrze<br \/>\n<strong><span style=\"color: #00ff00;\">\u2713 <\/span><\/strong><span style=\"color: #00ff00;\"><span style=\"color: #000000;\">Angielski<\/span><\/span>-m\u00f3wi\u0105cy przewodnik historyczny<br \/>\n<strong><span style=\"color: #00ff00;\">\u2713 <\/span><\/strong>Lunch<br \/>\n<strong><span style=\"color: #00ff00;\">\u2713 <\/span><\/strong>Profesjonalny pilot<br \/>\n<strong><span style=\"color: #00ff00;\">\u2713 <\/span><\/strong>Certyfikat lotu<br \/>\n<strong><span style=\"color: #00ff00;\">\u2713 <\/span><\/strong>Pe\u0142ne ubezpieczenie<\/p>\n<h3 dir=\"ltr\"><span style=\"color: #000000;\"><strong>Wy\u0142\u0105czone:<\/strong><\/span><\/h3>\n<div dir=\"ltr\"><span style=\"color: #ff0000;\"><strong>\u2717 <\/strong><\/span>Op\u0142aty za wst\u0119p do Pamukkale i Hierapolis (40 \u20ac)<\/div>\n<div dir=\"ltr\"><span style=\"color: #ff0000;\"><strong>\u2717<\/strong><\/span> Wej\u015bcie do basenu Kleopatry<br \/>\n<span style=\"color: #ff0000;\"><strong>\u2717<\/strong><\/span> Napoje<\/div>\n<h2 dir=\"ltr\"><span style=\"color: #000000;\"><strong>Najwa\u017cniejsze atrakcje wycieczki<\/strong><\/span><\/h2>\n<p dir=\"ltr\">Lot balonem o wschodzie s\u0142o\u0144ca nad bia\u0142ymi tarasami Pamukkale<br \/>\nZapieraj\u0105ce dech w piersiach panoramiczne widoki i wyj\u0105tkowe mo\u017cliwo\u015bci fotografowania<br \/>\nSzampan i certyfikat po wyl\u0105dowaniu<br \/>\nZwiedzanie Hierapolis, w tym staro\u017cytnego teatru i grobowc\u00f3w.<br \/>\nOpcjonalna k\u0105piel w basenie Kleopatry (dodatkowa op\u0142ata)<\/p>\n<h2 dir=\"ltr\"><span style=\"color: #000000;\"><strong>Pe\u0142ny opis<\/strong><\/span><\/h2>\n<div dir=\"ltr\">Dzie\u0144 rozpocznie si\u0119 od wczesnego transferu z hotelu. 3,5-godzinna podr\u00f3\u017c do Pamukkale odbywa si\u0119 na pok\u0142adzie wygodnego, klimatyzowanego autobusu.<\/div>\n<div dir=\"ltr\">Po przybyciu na miejsce wyrusz na niezapomnian\u0105 przygod\u0119 - lot balonem o wschodzie s\u0142o\u0144ca. Wznie\u015b si\u0119 ponad ol\u015bniewaj\u0105ce bia\u0142e tarasy Pamukkale i staro\u017cytne ruiny, podziwiaj\u0105c wspania\u0142e widoki. Po wyl\u0105dowaniu \u015bwi\u0119tuj lampk\u0105 szampana i otrzymaj certyfikat lotu.<\/div>\n<div dir=\"ltr\">Nast\u0119pnie zwiedzaj Pamukkale i staro\u017cytne miasto Hierapolis, odwiedzaj\u0105c rzymski teatr, \u0142a\u017anie termalne i inne zabytki z profesjonalnym przewodnikiem. Zainteresowani mog\u0105 odwiedzi\u0107 basen Kleopatry (dodatkowa op\u0142ata). Dzie\u0144 zako\u0144czy si\u0119 pysznym lunchem i transferem powrotnym do hotelu w regionie Kemer.<\/div>\n<h3 dir=\"ltr\"><span style=\"color: #000000;\"><strong>\ud83d\uddfa\ufe0f Plan podr\u00f3\u017cy<\/strong><\/span><\/h3>\n<p dir=\"ltr\">Wczesny odbi\u00f3r z hotelu<br \/>\n\ud83d\udd39 Przyjazd do Pamukkale<br \/>\nLot balonem na ogrzane powietrze<br \/>\nSzampan i certyfikat lotu<br \/>\nWycieczka do Pamukkale i Hierapolis<br \/>\nOpcjonalna k\u0105piel w basenie Kleopatry<br \/>\nLunch<br \/>\nPowr\u00f3t do hotelu<\/p>\n<h3 dir=\"ltr\"><span style=\"color: #000000;\"><strong>\u2139\ufe0f Przydatne informacje<\/strong><\/span><\/h3>\n<p dir=\"ltr\">Czas trwania: oko\u0142o 12 godzin<br \/>\nLot balonem mo\u017ce zosta\u0107 odwo\u0142any z powodu warunk\u00f3w pogodowych (pe\u0142ny zwrot koszt\u00f3w za cz\u0119\u015b\u0107 lotu).<br \/>\nKr\u00f3tkie postoje na trasie<br \/>\nDzieci poni\u017cej 5. roku \u017cycia podr\u00f3\u017cuj\u0105ce bezp\u0142atnie nie maj\u0105 oddzielnego miejsca w autobusie. Je\u015bli autobus jest pe\u0142ny, siedz\u0105 na kolanach osoby doros\u0142ej lub mo\u017cna zarezerwowa\u0107 osobne miejsce.<\/p>\n<h2 dir=\"ltr\"><span style=\"color: #000000;\"><strong>Co zabra\u0107 ze sob\u0105<\/strong><\/span><\/h2>\n<p dir=\"ltr\">Okulary przeciws\u0142oneczne<br \/>\nKapelusz lub czapka<br \/>\nStr\u00f3j k\u0105pielowy i r\u0119cznik<br \/>\nWygodna odzie\u017c sportowa i trampki<br \/>\nGot\u00f3wka na wydatki osobiste<\/p>\n<h3 dir=\"ltr\"><span style=\"color: #000000;\"><strong>Nieodpowiednie dla<\/strong><\/span><\/h3>\n<p dir=\"ltr\">Dzieci poni\u017cej 7 lat<br \/>\nKobiety w ci\u0105\u017cy<\/p>\n<h2 dir=\"ltr\"><span style=\"color: #000000;\"><strong>Cena i rezerwacja<\/strong><\/span><\/h2>\n<p dir=\"ltr\"><strong>Zarezerwuj teraz, zap\u0142a\u0107 w dniu wycieczki<\/strong><br \/>\nSkontaktuj si\u0119 z nami przez WhatsApp, Telegram, Viber lub wype\u0142nij poni\u017cszy formularz rezerwacji. \ud83d\udc47\ud83c\udffc<\/p>\n<p>Szukasz alternatyw? Przegl\u0105daj <a href=\"https:\/\/excursionsworld.com\/pl\/kemer-wycieczki\/\">wi\u0119cej wycieczek z Kemer do Pamukkale<\/a>.<\/p>","protected":false},"excerpt":{"rendered":"<p><b>Wycieczka z Kemer do Pamukkale<\/b>! Do\u015bwiadczenie <b>lot balonem na ogrzane powietrze<\/b> &amp; <b>Wycieczka do Hierapolis<\/b>. <b>Wycieczka all inclusive<\/b> z <b>przewodnik<\/b>, lunch, &amp; <b>transfer<\/b> w zestawie.<\/p>","protected":false},"featured_media":12607,"comment_status":"open","ping_status":"closed","template":"","meta":[],"product_brand":[],"product_cat":[124],"product_tag":[105],"class_list":{"0":"post-15314","1":"product","2":"type-product","3":"status-publish","4":"has-post-thumbnail","6":"tour_phys-kemer-tours","7":"product_cat-kemer-tours","8":"product_tag-kemer","9":"pa_destination-kemer-tours","11":"first","12":"instock","13":"sale","14":"shipping-taxable","15":"purchasable","16":"product-type-tour_phys"},"aioseo_notices":[],"_links":{"self":[{"href":"https:\/\/excursionsworld.com\/pl\/wp-json\/wp\/v2\/product\/15314","targetHints":{"allow":["GET"]}}],"collection":[{"href":"https:\/\/excursionsworld.com\/pl\/wp-json\/wp\/v2\/product"}],"about":[{"href":"https:\/\/excursionsworld.com\/pl\/wp-json\/wp\/v2\/types\/product"}],"replies":[{"embeddable":true,"href":"https:\/\/excursionsworld.com\/pl\/wp-json\/wp\/v2\/comments?post=15314"}],"wp:featuredmedia":[{"embeddable":true,"href":"https:\/\/excursionsworld.com\/pl\/wp-json\/wp\/v2\/media\/12607"}],"wp:attachment":[{"href":"https:\/\/excursionsworld.com\/pl\/wp-json\/wp\/v2\/media?parent=15314"}],"wp:term":[{"taxonomy":"product_brand","embeddable":true,"href":"https:\/\/excursionsworld.com\/pl\/wp-json\/wp\/v2\/product_brand?post=15314"},{"taxonomy":"product_cat","embeddable":true,"href":"https:\/\/excursionsworld.com\/pl\/wp-json\/wp\/v2\/product_cat?post=15314"},{"taxonomy":"product_tag","embeddable":true,"href":"https:\/\/excursionsworld.com\/pl\/wp-json\/wp\/v2\/product_tag?post=15314"}],"curies":[{"name":"wp","href":"https:\/\/api.w.org\/{rel}","templated":true}]}}