{"id":15332,"date":"2025-10-26T10:24:02","date_gmt":"2025-10-26T07:24:02","guid":{"rendered":"https:\/\/excursionsworld.com\/?post_type=product&#038;p=15332"},"modified":"2026-04-24T01:27:01","modified_gmt":"2026-04-23T22:27:01","slug":"wycieczka-akwarium-antalya-side","status":"publish","type":"product","link":"https:\/\/excursionsworld.com\/tours\/antalya-tunnel-aquarium-from-side\/","title":{"rendered":"Wycieczka do Akwarium w Antalyi z Side \u2013 P\u00f3\u0142dniowa Morska Przygoda"},"content":{"rendered":"<h2>\ud83c\udfdd\ufe0f Przegl\u0105d<\/h2>\n<p>Wyruszy\u0107 z <strong><a href=\"https:\/\/en.wikipedia.org\/wiki\/Side,_Turkey\" target=\"_blank\" rel=\"noopener\">Side<\/a><\/strong> na ekscytuj\u0105c\u0105 p\u00f3\u0142dniow\u0105 wizyt\u0119 w <strong>Akwarium w Antalyi<\/strong>, w kt\u00f3rym znajduje si\u0119 jedno z najd\u0142u\u017cszych na \u015bwiecie akwari\u00f3w tunelowych. Idealna dla rodzin i entuzjast\u00f3w przyrody, ta wycieczka \u0142\u0105czy w sobie zabaw\u0119, komfort i edukacj\u0119 w jednej niezapomnianej podr\u00f3\u017cy.<\/p>\n<h3>\u00a0W zestawie:<\/h3>\n<p><strong><span style=\"color: #00ff00;\">\u2713<\/span> <\/strong>Odbi\u00f3r i dow\u00f3z do hotelu<br \/>\n<strong><span style=\"color: #00ff00;\">\u2713<\/span> <\/strong>Ubezpieczenie<br \/>\n<strong><span style=\"color: #00ff00;\">\u2713<\/span> <\/strong>Klimatyzowany autobus<br \/>\n<strong><span style=\"color: #00ff00;\">\u2713<\/span> <\/strong>Bilet wst\u0119pu do akwarium w Antalyi<\/p>\n<h3>\u00a0Nie zawiera:<\/h3>\n<p><span style=\"color: #ff0000;\"><strong>\u2717<\/strong> <\/span>Napoje<br \/>\n<span style=\"color: #ff0000;\"><strong>\u2717<\/strong> <\/span>Wydatki osobiste<br \/>\n<span style=\"color: #ff0000;\"><strong>\u2717<\/strong> <\/span>Zdj\u0119cia i filmy<\/p>\n<h2>\ud83c\udf0a G\u0142\u00f3wne atrakcje wycieczki do Akwarium Tunelowego w Antalyi<\/h2>\n<p>131-metrowy tunel z rekinami i \u017cyciem morskim<br \/>\nTematyczne globalne strefy oceaniczne<br \/>\n\ud83d\udd39 Do\u015bwiadczenie Snow World<br \/>\n\u015awietny dla rodzin i dzieci<br \/>\nWygodny transfer z Side<\/p>\n<h2>\ud83d\udcd6 Pe\u0142ny opis: Twoja wycieczka do Akwarium w Tunelu w Antalyi<\/h2>\n<p>Rozpocznij podr\u00f3\u017c od wygodnego przejazdu z hotelu Side do <strong>Akwarium w Antalyi<\/strong>. Odkryj hipnotyzuj\u0105ce podwodne tunele wype\u0142nione kolorowymi stworzeniami morskimi i gigantycznymi rekinami. Nast\u0119pnie wejd\u017a do <strong>Snow World<\/strong>, gdzie mo\u017cna poczu\u0107 prawdziw\u0105 zimow\u0105 atmosfer\u0119 - budowa\u0107 ba\u0142wany i cieszy\u0107 si\u0119 lodow\u0105 zabaw\u0105!<br \/>\nPo 1,5-2 godzinach czasu wolnego kierowca zabierze Ci\u0119 bezpiecznie i wygodnie z powrotem do hotelu.<\/p>\n<h3>\ud83d\uddfa\ufe0f Plan podr\u00f3\u017cy<\/h3>\n<p>Odbi\u00f3r z Side i obszaru Manavgat<br \/>\n\ud83d\udd39 Przyjazd do Antalya Aquarium<br \/>\nZwiedzanie akwarium tunelowego i \u015anie\u017cnego \u015awiata (1,5-2 godziny)<br \/>\nTransfer powrotny do hotelu<\/p>\n<h3>\u2139\ufe0f Przydatne informacje<\/h3>\n<p>Czas trwania: ~4 godz.<br \/>\n\u0141atwy i przyjemny dla wszystkich grup wiekowych<br \/>\nNie s\u0105 wymagane \u017cadne specjalne warunki fizyczne<br \/>\nFotografowanie z lamp\u0105 b\u0142yskow\u0105 niedozwolone<br \/>\nWolno podr\u00f3\u017cuj\u0105ce dzieci dziel\u0105 si\u0119 miejscami, je\u015bli autobus jest pe\u0142ny.<\/p>\n<h2>Co zabra\u0107 ze sob\u0105<\/h2>\n<p>Wygodne buty<br \/>\nGot\u00f3wka na przek\u0105ski lub pami\u0105tki<br \/>\nAparat fotograficzny (bez lampy b\u0142yskowej)<\/p>\n<h3>Nieodpowiednie dla<\/h3>\n<p>Osoby maj\u0105ce problemy z poruszaniem si\u0119<br \/>\nNiemowl\u0119ta poni\u017cej 2 roku \u017cycia<\/p>\n<h2>Cena i rezerwacja<\/h2>\n<p><strong>Zarezerwuj teraz, zap\u0142a\u0107 w dniu wycieczki<\/strong><br \/>\nSkontaktuj si\u0119 z nami przez WhatsApp, Telegram lub Viber w celu rezerwacji \ud83d\udc47\ud83c\udffc<\/p>\n<p>Szukasz alternatyw? Przegl\u0105daj <a href=\"https:\/\/excursionsworld.com\/pl\/side-wycieczki\/\">Wi\u0119cej wycieczek fakultatywnych<\/a>.<\/p>","protected":false},"excerpt":{"rendered":"<p>Zarezerwuj <b>Boczna wycieczka do akwarium w Antalyi<\/b>! P\u00f3\u0142 dnia <b>wycieczka<\/b> do 131m<strong> tunel<\/strong> akwarium i Snow World. \u015awietna rodzina <b>podr\u00f3\u017c<\/b>. <b>Transfer wliczony w cen\u0119<\/b>.<\/p>","protected":false},"featured_media":12743,"comment_status":"open","ping_status":"closed","template":"","meta":[],"product_brand":[],"product_cat":[127],"product_tag":[105],"class_list":{"0":"post-15332","1":"product","2":"type-product","3":"status-publish","4":"has-post-thumbnail","6":"tour_phys-side-tours","7":"product_cat-side-tours","8":"product_tag-kemer","9":"pa_destination-side-tours","11":"first","12":"instock","13":"sale","14":"shipping-taxable","15":"purchasable","16":"product-type-tour_phys"},"aioseo_notices":[],"_links":{"self":[{"href":"https:\/\/excursionsworld.com\/pl\/wp-json\/wp\/v2\/product\/15332","targetHints":{"allow":["GET"]}}],"collection":[{"href":"https:\/\/excursionsworld.com\/pl\/wp-json\/wp\/v2\/product"}],"about":[{"href":"https:\/\/excursionsworld.com\/pl\/wp-json\/wp\/v2\/types\/product"}],"replies":[{"embeddable":true,"href":"https:\/\/excursionsworld.com\/pl\/wp-json\/wp\/v2\/comments?post=15332"}],"wp:featuredmedia":[{"embeddable":true,"href":"https:\/\/excursionsworld.com\/pl\/wp-json\/wp\/v2\/media\/12743"}],"wp:attachment":[{"href":"https:\/\/excursionsworld.com\/pl\/wp-json\/wp\/v2\/media?parent=15332"}],"wp:term":[{"taxonomy":"product_brand","embeddable":true,"href":"https:\/\/excursionsworld.com\/pl\/wp-json\/wp\/v2\/product_brand?post=15332"},{"taxonomy":"product_cat","embeddable":true,"href":"https:\/\/excursionsworld.com\/pl\/wp-json\/wp\/v2\/product_cat?post=15332"},{"taxonomy":"product_tag","embeddable":true,"href":"https:\/\/excursionsworld.com\/pl\/wp-json\/wp\/v2\/product_tag?post=15332"}],"curies":[{"name":"wp","href":"https:\/\/api.w.org\/{rel}","templated":true}]}}