{"id":15336,"date":"2025-10-26T10:59:33","date_gmt":"2025-10-26T07:59:33","guid":{"rendered":"https:\/\/excursionsworld.com\/?post_type=product&#038;p=15336"},"modified":"2026-04-24T01:27:01","modified_gmt":"2026-04-23T22:27:01","slug":"wycieczka-akwarium-antalya","status":"publish","type":"product","link":"https:\/\/excursionsworld.com\/tours\/antalya-tunnel-aquarium-tour\/","title":{"rendered":"Wycieczka do Akwarium w Antalyi \u2013 P\u00f3\u0142dniowa Morska Przygoda"},"content":{"rendered":"<h2>\ud83c\udfdd\ufe0f Przegl\u0105d<\/h2>\n<p>Odkryj fascynuj\u0105cy podwodny \u015bwiat z <strong>p\u00f3\u0142 dnia <a href=\"https:\/\/en.wikipedia.org\/wiki\/Antalya\" target=\"_blank\" rel=\"noopener\">Antalya<\/a> Wycieczka po akwarium<\/strong>! Odwied\u017a jedno z najwi\u0119kszych na \u015bwiecie akwari\u00f3w tunelowych, odkryj Snow World i ciesz si\u0119 wype\u0142nionym zabaw\u0105 dniem odpowiednim dla rodzin i os\u00f3b w ka\u017cdym wieku. Ta 4-godzinna wycieczka \u0142\u0105czy w sobie komfort, edukacj\u0119 i rozrywk\u0119 w jednym niezapomnianym do\u015bwiadczeniu.<\/p>\n<h3>\u00a0W zestawie:<\/h3>\n<p><span style=\"color: #00ff00;\"><strong>\u2713<\/strong> <\/span>Odbi\u00f3r i dow\u00f3z do hotelu<br \/>\n<span style=\"color: #00ff00;\"><strong>\u2713<\/strong> <\/span>Ubezpieczenie<br \/>\n<span style=\"color: #00ff00;\"><strong>\u2713<\/strong> <\/span>Wygodny klimatyzowany autobus<br \/>\n<span style=\"color: #00ff00;\"><strong>\u2713<\/strong> <\/span>Bilet wst\u0119pu do akwarium w Antalyi<\/p>\n<h3>\u00a0Nie zawiera:<\/h3>\n<p><span style=\"color: #ff0000;\"><strong>\u2717<\/strong> <\/span>Napoje<br \/>\n<span style=\"color: #ff0000;\"><strong>\u2717<\/strong> <\/span>Wydatki osobiste<br \/>\n<span style=\"color: #ff0000;\"><strong>\u2717<\/strong> <\/span>Zdj\u0119cia i filmy<\/p>\n<h2>\ud83c\udf0a G\u0142\u00f3wne atrakcje wycieczki do Akwarium Tunelowego w Antalyi<\/h2>\n<p>131-metrowe akwarium tunelowe z rekinami<br \/>\nTysi\u0105ce egzotycznych ryb i kolorowe \u017cycie morskie<br \/>\n\ud83d\udd39 Akwaria tematyczne z ca\u0142ego \u015bwiata<br \/>\nZimowa kraina czar\u00f3w w Snow World<br \/>\nWygodne transfery z Antalyi<\/p>\n<h2>\ud83d\udcd6 Pe\u0142ny opis: Twoja wycieczka do Akwarium w Tunelu w Antalyi<\/h2>\n<p>Do\u0142\u0105cz do niezapomnianej p\u00f3\u0142dniowej wycieczki do <strong>Akwarium w Antalyi<\/strong>, gdzie przygoda \u0142\u0105czy si\u0119 z relaksem. Po odebraniu z hotelu wygodnie udaj si\u0119 do kompleksu akwari\u00f3w. Przejd\u017a przez 131-metrowy tunel wype\u0142niony rekinami, p\u0142aszczkami i setkami gatunk\u00f3w ryb. Nast\u0119pnie wejd\u017a do <strong>Snow World<\/strong> na zimow\u0105 ucieczk\u0119 - pobaw si\u0119 na \u015bniegu, poznaj lodowe rze\u017aby i zr\u00f3b zabawne zdj\u0119cia.<br \/>\nPo 1,5-2 godzinach zwiedzania zrelaksuj si\u0119 podczas transferu powrotnego do hotelu.<\/p>\n<h3>\ud83d\uddfa\ufe0f Plan podr\u00f3\u017cy<\/h3>\n<p>Odbi\u00f3r z hoteli w Antalyi i pobliskich obszar\u00f3w<br \/>\n\ud83d\udd39 Przyjazd do Antalya Aquarium<br \/>\nCzas wolny na zwiedzanie akwarium tunelowego i Snow World (1,5-2 godziny)<br \/>\nTransfer powrotny do hotelu<\/p>\n<h3>\u2139\ufe0f Przydatne informacje<\/h3>\n<p>Czas trwania: ~4 godziny (p\u00f3\u0142 dnia)<br \/>\nOdpowiedni dla wszystkich grup wiekowych<br \/>\nMinimalne chodzenie, niski wysi\u0142ek fizyczny<br \/>\nFotografowanie z lamp\u0105 b\u0142yskow\u0105 nie jest dozwolone w \u015brodku.<br \/>\nSwobodnie podr\u00f3\u017cuj\u0105ce dzieci nie maj\u0105 oddzielnych miejsc w autobusie (mo\u017cna je zarezerwowa\u0107 na \u017cyczenie).<\/p>\n<h2>Co zabra\u0107 ze sob\u0105<\/h2>\n<p>Wygodne buty<br \/>\nGot\u00f3wka na wydatki osobiste<br \/>\nAparat fotograficzny (bez lampy b\u0142yskowej)<\/p>\n<h3>Nieodpowiednie dla<\/h3>\n<p>Osoby o ograniczonej sprawno\u015bci ruchowej<br \/>\nNiemowl\u0119ta poni\u017cej 2 roku \u017cycia<\/p>\n<h2>Cena i rezerwacja<\/h2>\n<p><strong>Zarezerwuj teraz, zap\u0142a\u0107 w dniu wycieczki<\/strong><br \/>\nSkontaktuj si\u0119 z nami przez WhatsApp, Telegram lub Viber, aby uzyska\u0107 rezerwacje i pytania \ud83d\udc47\ud83c\udffc<\/p>\n<p>Szukasz alternatyw? Przegl\u0105daj <a href=\"https:\/\/excursionsworld.com\/pl\/antalya-wycieczki\/\">wi\u0119cej wycieczek po Antalyi<\/a>.<\/p>","protected":false},"excerpt":{"rendered":"<p>Zarezerwuj <b>Wycieczka do akwarium w Antalyi<\/b>! P\u00f3\u0142 dnia <b>podr\u00f3\u017c<\/b> do 131m <strong>akwarium tunelowe<\/strong> i Snow World. Idealna rodzina <b>wycieczka<\/b>. <b>Transfer wliczony w cen\u0119<\/b>.<\/p>","protected":false},"featured_media":12743,"comment_status":"open","ping_status":"closed","template":"","meta":[],"product_brand":[],"product_cat":[125],"product_tag":[107],"class_list":{"0":"post-15336","1":"product","2":"type-product","3":"status-publish","4":"has-post-thumbnail","6":"tour_phys-antalya-tours","7":"product_cat-antalya-tours","8":"product_tag-antalya","9":"pa_destination-antalya-tours","11":"first","12":"instock","13":"sale","14":"shipping-taxable","15":"purchasable","16":"product-type-tour_phys"},"aioseo_notices":[],"_links":{"self":[{"href":"https:\/\/excursionsworld.com\/pl\/wp-json\/wp\/v2\/product\/15336","targetHints":{"allow":["GET"]}}],"collection":[{"href":"https:\/\/excursionsworld.com\/pl\/wp-json\/wp\/v2\/product"}],"about":[{"href":"https:\/\/excursionsworld.com\/pl\/wp-json\/wp\/v2\/types\/product"}],"replies":[{"embeddable":true,"href":"https:\/\/excursionsworld.com\/pl\/wp-json\/wp\/v2\/comments?post=15336"}],"wp:featuredmedia":[{"embeddable":true,"href":"https:\/\/excursionsworld.com\/pl\/wp-json\/wp\/v2\/media\/12743"}],"wp:attachment":[{"href":"https:\/\/excursionsworld.com\/pl\/wp-json\/wp\/v2\/media?parent=15336"}],"wp:term":[{"taxonomy":"product_brand","embeddable":true,"href":"https:\/\/excursionsworld.com\/pl\/wp-json\/wp\/v2\/product_brand?post=15336"},{"taxonomy":"product_cat","embeddable":true,"href":"https:\/\/excursionsworld.com\/pl\/wp-json\/wp\/v2\/product_cat?post=15336"},{"taxonomy":"product_tag","embeddable":true,"href":"https:\/\/excursionsworld.com\/pl\/wp-json\/wp\/v2\/product_tag?post=15336"}],"curies":[{"name":"wp","href":"https:\/\/api.w.org\/{rel}","templated":true}]}}